{"id":3977,"date":"2026-01-27T14:00:36","date_gmt":"2026-01-27T14:00:36","guid":{"rendered":"https:\/\/nordic-drift.com\/product\/cubiertos-para-exteriores-nordic-drift-trail-4-en-1-negro\/"},"modified":"2026-03-19T09:34:38","modified_gmt":"2026-03-19T09:34:38","slug":"cubiertos-para-exteriores-nordic-drift-trail-4-en-1-negro","status":"publish","type":"product","link":"https:\/\/nordic-drift.com\/es\/product\/cubiertos-para-exteriores-nordic-drift-trail-4-en-1-negro\/","title":{"rendered":"Cubiertos para exteriores Nordic Drift Trail 4 en 1, negro"},"content":{"rendered":"<p>Hechos para durar, para explorar. Los cubiertos para exteriores Nordic Drift Trail 4 en 1 son una herramienta premium para comer, dise\u00f1ada para aventuras al aire libre. Combinan tenedor, cuchillo y cuchara en una sola herramienta compacta, fabricada en acero inoxidable de alta calidad con un revestimiento de titanio extra resistente y apto para alimentos para un uso prolongado. F\u00e1ciles de limpiar y dise\u00f1ados para resistir el uso frecuente en el sendero o en el campamento, incluyen una correa de silicona para mantener los cubiertos bien sujetos y f\u00e1ciles de transportar. Todos los productos Nordic Drift se someten a rigurosas pruebas de calidad. Creemos firmemente en el rendimiento y la durabilidad de nuestros productos, por lo que cada art\u00edculo cuenta con una garant\u00eda de 5 a\u00f1os contra defectos de fabricaci\u00f3n. Para m\u00e1s informaci\u00f3n, visita www.nordic-drift.com<\/p>\n","protected":false},"excerpt":{"rendered":"<p>Hechos para durar, para explorar. Los cubiertos para exteriores Nordic Drift Trail 4 en 1 son una herramienta premium para comer, dise\u00f1ada para aventuras al aire libre. Combinan tenedor, cuchillo y cuchara en una sola herramienta compacta, fabricada en acero inoxidable de alta calidad con un revestimiento de titanio extra resistente y apto para alimentos [&hellip;]<\/p>\n","protected":false},"featured_media":3978,"comment_status":"closed","ping_status":"closed","template":"","meta":{"_acf_changed":false},"product_cat":[108],"product_tag":[],"class_list":["post-3977","product","type-product","status-publish","has-post-thumbnail","hentry","product_cat-comida-y-bebida","pa_color-black"],"acf":[],"yoast_head":"<!-- This site is optimized with the Yoast SEO plugin v27.0 - https:\/\/yoast.com\/product\/yoast-seo-wordpress\/ -->\n<title>Cubiertos para exteriores Nordic Drift Trail 4 en 1, negro - Nordic Drift<\/title>\n<meta name=\"robots\" content=\"index, follow, max-snippet:-1, max-image-preview:large, max-video-preview:-1\" \/>\n<link rel=\"canonical\" href=\"https:\/\/nordic-drift.com\/es\/product\/cubiertos-para-exteriores-nordic-drift-trail-4-en-1-negro\/\" \/>\n<meta property=\"og:locale\" content=\"es_ES\" \/>\n<meta property=\"og:type\" content=\"article\" \/>\n<meta property=\"og:title\" content=\"Cubiertos para exteriores Nordic Drift Trail 4 en 1, negro - Nordic Drift\" \/>\n<meta property=\"og:description\" content=\"Hechos para durar, para explorar. Los cubiertos para exteriores Nordic Drift Trail 4 en 1 son una herramienta premium para comer, dise\u00f1ada para aventuras al aire libre. Combinan tenedor, cuchillo y cuchara en una sola herramienta compacta, fabricada en acero inoxidable de alta calidad con un revestimiento de titanio extra resistente y apto para alimentos [&hellip;]\" \/>\n<meta property=\"og:url\" content=\"https:\/\/nordic-drift.com\/es\/product\/cubiertos-para-exteriores-nordic-drift-trail-4-en-1-negro\/\" \/>\n<meta property=\"og:site_name\" content=\"Nordic Drift\" \/>\n<meta property=\"article:modified_time\" content=\"2026-03-19T09:34:38+00:00\" \/>\n<meta property=\"og:image\" content=\"https:\/\/nordic-drift.com\/wp-content\/uploads\/sites\/14\/2026\/02\/ND500.0001__S_0__e817df91b924416480ab4cc8e13da8a0.jpg\" \/>\n\t<meta property=\"og:image:width\" content=\"1024\" \/>\n\t<meta property=\"og:image:height\" content=\"1024\" \/>\n\t<meta property=\"og:image:type\" content=\"image\/jpeg\" \/>\n<meta name=\"twitter:card\" content=\"summary_large_image\" \/>\n<meta name=\"twitter:label1\" content=\"Tiempo de lectura\" \/>\n\t<meta name=\"twitter:data1\" content=\"1 minuto\" \/>\n<script type=\"application\/ld+json\" class=\"yoast-schema-graph\">{\"@context\":\"https:\/\/schema.org\",\"@graph\":[{\"@type\":\"WebPage\",\"@id\":\"https:\/\/nordic-drift.com\/es\/product\/cubiertos-para-exteriores-nordic-drift-trail-4-en-1-negro\/\",\"url\":\"https:\/\/nordic-drift.com\/es\/product\/cubiertos-para-exteriores-nordic-drift-trail-4-en-1-negro\/\",\"name\":\"Cubiertos para exteriores Nordic Drift Trail 4 en 1, negro - Nordic Drift\",\"isPartOf\":{\"@id\":\"https:\/\/nordic-drift.com\/es\/#website\"},\"primaryImageOfPage\":{\"@id\":\"https:\/\/nordic-drift.com\/es\/product\/cubiertos-para-exteriores-nordic-drift-trail-4-en-1-negro\/#primaryimage\"},\"image\":{\"@id\":\"https:\/\/nordic-drift.com\/es\/product\/cubiertos-para-exteriores-nordic-drift-trail-4-en-1-negro\/#primaryimage\"},\"thumbnailUrl\":\"https:\/\/nordic-drift.com\/wp-content\/uploads\/sites\/14\/2026\/02\/ND500.0001__S_0__e817df91b924416480ab4cc8e13da8a0.jpg\",\"datePublished\":\"2026-01-27T14:00:36+00:00\",\"dateModified\":\"2026-03-19T09:34:38+00:00\",\"breadcrumb\":{\"@id\":\"https:\/\/nordic-drift.com\/es\/product\/cubiertos-para-exteriores-nordic-drift-trail-4-en-1-negro\/#breadcrumb\"},\"inLanguage\":\"es\",\"potentialAction\":[{\"@type\":\"ReadAction\",\"target\":[\"https:\/\/nordic-drift.com\/es\/product\/cubiertos-para-exteriores-nordic-drift-trail-4-en-1-negro\/\"]}]},{\"@type\":\"ImageObject\",\"inLanguage\":\"es\",\"@id\":\"https:\/\/nordic-drift.com\/es\/product\/cubiertos-para-exteriores-nordic-drift-trail-4-en-1-negro\/#primaryimage\",\"url\":\"https:\/\/nordic-drift.com\/wp-content\/uploads\/sites\/14\/2026\/02\/ND500.0001__S_0__e817df91b924416480ab4cc8e13da8a0.jpg\",\"contentUrl\":\"https:\/\/nordic-drift.com\/wp-content\/uploads\/sites\/14\/2026\/02\/ND500.0001__S_0__e817df91b924416480ab4cc8e13da8a0.jpg\",\"width\":1024,\"height\":1024},{\"@type\":\"BreadcrumbList\",\"@id\":\"https:\/\/nordic-drift.com\/es\/product\/cubiertos-para-exteriores-nordic-drift-trail-4-en-1-negro\/#breadcrumb\",\"itemListElement\":[{\"@type\":\"ListItem\",\"position\":1,\"name\":\"Home\",\"item\":\"https:\/\/nordic-drift.com\/es\/\"},{\"@type\":\"ListItem\",\"position\":2,\"name\":\"Colecci\u00f3n\",\"item\":\"https:\/\/nordic-drift.com\/es\/coleccion\/\"},{\"@type\":\"ListItem\",\"position\":3,\"name\":\"Cubiertos para exteriores Nordic Drift Trail 4 en 1, negro\"}]},{\"@type\":\"WebSite\",\"@id\":\"https:\/\/nordic-drift.com\/es\/#website\",\"url\":\"https:\/\/nordic-drift.com\/es\/\",\"name\":\"Nordic Drift\",\"description\":\"Built to Last, Made to Explore.\",\"potentialAction\":[{\"@type\":\"SearchAction\",\"target\":{\"@type\":\"EntryPoint\",\"urlTemplate\":\"https:\/\/nordic-drift.com\/es\/?s={search_term_string}\"},\"query-input\":{\"@type\":\"PropertyValueSpecification\",\"valueRequired\":true,\"valueName\":\"search_term_string\"}}],\"inLanguage\":\"es\"}]}<\/script>\n<!-- \/ Yoast SEO plugin. -->","yoast_head_json":{"title":"Cubiertos para exteriores Nordic Drift Trail 4 en 1, negro - Nordic Drift","robots":{"index":"index","follow":"follow","max-snippet":"max-snippet:-1","max-image-preview":"max-image-preview:large","max-video-preview":"max-video-preview:-1"},"canonical":"https:\/\/nordic-drift.com\/es\/product\/cubiertos-para-exteriores-nordic-drift-trail-4-en-1-negro\/","og_locale":"es_ES","og_type":"article","og_title":"Cubiertos para exteriores Nordic Drift Trail 4 en 1, negro - Nordic Drift","og_description":"Hechos para durar, para explorar. Los cubiertos para exteriores Nordic Drift Trail 4 en 1 son una herramienta premium para comer, dise\u00f1ada para aventuras al aire libre. Combinan tenedor, cuchillo y cuchara en una sola herramienta compacta, fabricada en acero inoxidable de alta calidad con un revestimiento de titanio extra resistente y apto para alimentos [&hellip;]","og_url":"https:\/\/nordic-drift.com\/es\/product\/cubiertos-para-exteriores-nordic-drift-trail-4-en-1-negro\/","og_site_name":"Nordic Drift","article_modified_time":"2026-03-19T09:34:38+00:00","og_image":[{"width":1024,"height":1024,"url":"https:\/\/nordic-drift.com\/wp-content\/uploads\/sites\/14\/2026\/02\/ND500.0001__S_0__e817df91b924416480ab4cc8e13da8a0.jpg","type":"image\/jpeg"}],"twitter_card":"summary_large_image","twitter_misc":{"Tiempo de lectura":"1 minuto"},"schema":{"@context":"https:\/\/schema.org","@graph":[{"@type":"WebPage","@id":"https:\/\/nordic-drift.com\/es\/product\/cubiertos-para-exteriores-nordic-drift-trail-4-en-1-negro\/","url":"https:\/\/nordic-drift.com\/es\/product\/cubiertos-para-exteriores-nordic-drift-trail-4-en-1-negro\/","name":"Cubiertos para exteriores Nordic Drift Trail 4 en 1, negro - Nordic Drift","isPartOf":{"@id":"https:\/\/nordic-drift.com\/es\/#website"},"primaryImageOfPage":{"@id":"https:\/\/nordic-drift.com\/es\/product\/cubiertos-para-exteriores-nordic-drift-trail-4-en-1-negro\/#primaryimage"},"image":{"@id":"https:\/\/nordic-drift.com\/es\/product\/cubiertos-para-exteriores-nordic-drift-trail-4-en-1-negro\/#primaryimage"},"thumbnailUrl":"https:\/\/nordic-drift.com\/wp-content\/uploads\/sites\/14\/2026\/02\/ND500.0001__S_0__e817df91b924416480ab4cc8e13da8a0.jpg","datePublished":"2026-01-27T14:00:36+00:00","dateModified":"2026-03-19T09:34:38+00:00","breadcrumb":{"@id":"https:\/\/nordic-drift.com\/es\/product\/cubiertos-para-exteriores-nordic-drift-trail-4-en-1-negro\/#breadcrumb"},"inLanguage":"es","potentialAction":[{"@type":"ReadAction","target":["https:\/\/nordic-drift.com\/es\/product\/cubiertos-para-exteriores-nordic-drift-trail-4-en-1-negro\/"]}]},{"@type":"ImageObject","inLanguage":"es","@id":"https:\/\/nordic-drift.com\/es\/product\/cubiertos-para-exteriores-nordic-drift-trail-4-en-1-negro\/#primaryimage","url":"https:\/\/nordic-drift.com\/wp-content\/uploads\/sites\/14\/2026\/02\/ND500.0001__S_0__e817df91b924416480ab4cc8e13da8a0.jpg","contentUrl":"https:\/\/nordic-drift.com\/wp-content\/uploads\/sites\/14\/2026\/02\/ND500.0001__S_0__e817df91b924416480ab4cc8e13da8a0.jpg","width":1024,"height":1024},{"@type":"BreadcrumbList","@id":"https:\/\/nordic-drift.com\/es\/product\/cubiertos-para-exteriores-nordic-drift-trail-4-en-1-negro\/#breadcrumb","itemListElement":[{"@type":"ListItem","position":1,"name":"Home","item":"https:\/\/nordic-drift.com\/es\/"},{"@type":"ListItem","position":2,"name":"Colecci\u00f3n","item":"https:\/\/nordic-drift.com\/es\/coleccion\/"},{"@type":"ListItem","position":3,"name":"Cubiertos para exteriores Nordic Drift Trail 4 en 1, negro"}]},{"@type":"WebSite","@id":"https:\/\/nordic-drift.com\/es\/#website","url":"https:\/\/nordic-drift.com\/es\/","name":"Nordic Drift","description":"Built to Last, Made to Explore.","potentialAction":[{"@type":"SearchAction","target":{"@type":"EntryPoint","urlTemplate":"https:\/\/nordic-drift.com\/es\/?s={search_term_string}"},"query-input":{"@type":"PropertyValueSpecification","valueRequired":true,"valueName":"search_term_string"}}],"inLanguage":"es"}]}},"_links":{"self":[{"href":"https:\/\/nordic-drift.com\/es\/wp-json\/wp\/v2\/product\/3977","targetHints":{"allow":["GET"]}}],"collection":[{"href":"https:\/\/nordic-drift.com\/es\/wp-json\/wp\/v2\/product"}],"about":[{"href":"https:\/\/nordic-drift.com\/es\/wp-json\/wp\/v2\/types\/product"}],"replies":[{"embeddable":true,"href":"https:\/\/nordic-drift.com\/es\/wp-json\/wp\/v2\/comments?post=3977"}],"wp:featuredmedia":[{"embeddable":true,"href":"https:\/\/nordic-drift.com\/es\/wp-json\/wp\/v2\/media\/3978"}],"wp:attachment":[{"href":"https:\/\/nordic-drift.com\/es\/wp-json\/wp\/v2\/media?parent=3977"}],"wp:term":[{"taxonomy":"product_cat","embeddable":true,"href":"https:\/\/nordic-drift.com\/es\/wp-json\/wp\/v2\/product_cat?post=3977"},{"taxonomy":"product_tag","embeddable":true,"href":"https:\/\/nordic-drift.com\/es\/wp-json\/wp\/v2\/product_tag?post=3977"}],"curies":[{"name":"wp","href":"https:\/\/api.w.org\/{rel}","templated":true}]}}