{"id":3965,"date":"2026-01-27T14:00:36","date_gmt":"2026-01-27T14:00:36","guid":{"rendered":"https:\/\/nordic-drift.com\/product\/altavoz-nordic-5w-drift-titan-ip67-resistente-al-agua-negro\/"},"modified":"2026-03-19T09:34:37","modified_gmt":"2026-03-19T09:34:37","slug":"altavoz-nordic-5w-drift-titan-ip67-resistente-al-agua-negro","status":"publish","type":"product","link":"https:\/\/nordic-drift.com\/es\/product\/altavoz-nordic-5w-drift-titan-ip67-resistente-al-agua-negro\/","title":{"rendered":"Altavoz Nordic 5W Drift Titan IP67 resistente al agua, negro"},"content":{"rendered":"<p>El altavoz inal\u00e1mbrico Nordic Drift Titan ofrece un potente sonido de 5W en un dise\u00f1o compacto y robusto, ideal para cualquier entorno. Resistente a golpes y con certificaci\u00f3n IP67 de resistencia al agua y al polvo, est\u00e1 dise\u00f1ado para soportar la lluvia, la suciedad, la arena y los impactos diarios sin comprometer su rendimiento. Fabricado con ABS y TPE reciclados con certificaci\u00f3n RCS y est\u00e1 completamente libre de PVC. Ofrece un sonido n\u00edtido y de primera calidad con hasta 10 horas de reproducci\u00f3n con una sola carga. Su dise\u00f1o port\u00e1til facilita su transporte y almacenamiento, mientras que el puerto de carga USB-C garantiza una recarga r\u00e1pida y c\u00f3moda cuando sea necesario. Todos los productos Nordic Drift se someten a rigurosas pruebas de calidad. Porque creemos firmemente en el rendimiento y la durabilidad de nuestros equipos, cada art\u00edculo cuenta con una garant\u00eda de 5 a\u00f1os contra defectos de fabricaci\u00f3n. Para m\u00e1s informaci\u00f3n, visita www.nordic-drift.com<\/p>\n","protected":false},"excerpt":{"rendered":"<p>El altavoz inal\u00e1mbrico Nordic Drift Titan ofrece un potente sonido de 5W en un dise\u00f1o compacto y robusto, ideal para cualquier entorno. Resistente a golpes y con certificaci\u00f3n IP67 de resistencia al agua y al polvo, est\u00e1 dise\u00f1ado para soportar la lluvia, la suciedad, la arena y los impactos diarios sin comprometer su rendimiento. Fabricado [&hellip;]<\/p>\n","protected":false},"featured_media":3966,"comment_status":"closed","ping_status":"closed","template":"","meta":{"_acf_changed":false},"product_cat":[113],"product_tag":[],"class_list":["post-3965","product","type-product","status-publish","has-post-thumbnail","hentry","product_cat-tecnologia","pa_color-black"],"acf":[],"yoast_head":"<!-- This site is optimized with the Yoast SEO plugin v27.0 - https:\/\/yoast.com\/product\/yoast-seo-wordpress\/ -->\n<title>Altavoz Nordic 5W Drift Titan IP67 resistente al agua, negro - Nordic Drift<\/title>\n<meta name=\"robots\" content=\"index, follow, max-snippet:-1, max-image-preview:large, max-video-preview:-1\" \/>\n<link rel=\"canonical\" href=\"https:\/\/nordic-drift.com\/es\/product\/altavoz-nordic-5w-drift-titan-ip67-resistente-al-agua-negro\/\" \/>\n<meta property=\"og:locale\" content=\"es_ES\" \/>\n<meta property=\"og:type\" content=\"article\" \/>\n<meta property=\"og:title\" content=\"Altavoz Nordic 5W Drift Titan IP67 resistente al agua, negro - Nordic Drift\" \/>\n<meta property=\"og:description\" content=\"El altavoz inal\u00e1mbrico Nordic Drift Titan ofrece un potente sonido de 5W en un dise\u00f1o compacto y robusto, ideal para cualquier entorno. Resistente a golpes y con certificaci\u00f3n IP67 de resistencia al agua y al polvo, est\u00e1 dise\u00f1ado para soportar la lluvia, la suciedad, la arena y los impactos diarios sin comprometer su rendimiento. Fabricado [&hellip;]\" \/>\n<meta property=\"og:url\" content=\"https:\/\/nordic-drift.com\/es\/product\/altavoz-nordic-5w-drift-titan-ip67-resistente-al-agua-negro\/\" \/>\n<meta property=\"og:site_name\" content=\"Nordic Drift\" \/>\n<meta property=\"article:modified_time\" content=\"2026-03-19T09:34:37+00:00\" \/>\n<meta property=\"og:image\" content=\"https:\/\/nordic-drift.com\/wp-content\/uploads\/sites\/14\/2026\/02\/ND440.0001__S_0__1bc6530e11f34e5b901d6b095f8b2b84.jpg\" \/>\n\t<meta property=\"og:image:width\" content=\"1024\" \/>\n\t<meta property=\"og:image:height\" content=\"1024\" \/>\n\t<meta property=\"og:image:type\" content=\"image\/jpeg\" \/>\n<meta name=\"twitter:card\" content=\"summary_large_image\" \/>\n<meta name=\"twitter:label1\" content=\"Tiempo de lectura\" \/>\n\t<meta name=\"twitter:data1\" content=\"1 minuto\" \/>\n<script type=\"application\/ld+json\" class=\"yoast-schema-graph\">{\"@context\":\"https:\/\/schema.org\",\"@graph\":[{\"@type\":\"WebPage\",\"@id\":\"https:\/\/nordic-drift.com\/es\/product\/altavoz-nordic-5w-drift-titan-ip67-resistente-al-agua-negro\/\",\"url\":\"https:\/\/nordic-drift.com\/es\/product\/altavoz-nordic-5w-drift-titan-ip67-resistente-al-agua-negro\/\",\"name\":\"Altavoz Nordic 5W Drift Titan IP67 resistente al agua, negro - Nordic Drift\",\"isPartOf\":{\"@id\":\"https:\/\/nordic-drift.com\/es\/#website\"},\"primaryImageOfPage\":{\"@id\":\"https:\/\/nordic-drift.com\/es\/product\/altavoz-nordic-5w-drift-titan-ip67-resistente-al-agua-negro\/#primaryimage\"},\"image\":{\"@id\":\"https:\/\/nordic-drift.com\/es\/product\/altavoz-nordic-5w-drift-titan-ip67-resistente-al-agua-negro\/#primaryimage\"},\"thumbnailUrl\":\"https:\/\/nordic-drift.com\/wp-content\/uploads\/sites\/14\/2026\/02\/ND440.0001__S_0__1bc6530e11f34e5b901d6b095f8b2b84.jpg\",\"datePublished\":\"2026-01-27T14:00:36+00:00\",\"dateModified\":\"2026-03-19T09:34:37+00:00\",\"breadcrumb\":{\"@id\":\"https:\/\/nordic-drift.com\/es\/product\/altavoz-nordic-5w-drift-titan-ip67-resistente-al-agua-negro\/#breadcrumb\"},\"inLanguage\":\"es\",\"potentialAction\":[{\"@type\":\"ReadAction\",\"target\":[\"https:\/\/nordic-drift.com\/es\/product\/altavoz-nordic-5w-drift-titan-ip67-resistente-al-agua-negro\/\"]}]},{\"@type\":\"ImageObject\",\"inLanguage\":\"es\",\"@id\":\"https:\/\/nordic-drift.com\/es\/product\/altavoz-nordic-5w-drift-titan-ip67-resistente-al-agua-negro\/#primaryimage\",\"url\":\"https:\/\/nordic-drift.com\/wp-content\/uploads\/sites\/14\/2026\/02\/ND440.0001__S_0__1bc6530e11f34e5b901d6b095f8b2b84.jpg\",\"contentUrl\":\"https:\/\/nordic-drift.com\/wp-content\/uploads\/sites\/14\/2026\/02\/ND440.0001__S_0__1bc6530e11f34e5b901d6b095f8b2b84.jpg\",\"width\":1024,\"height\":1024},{\"@type\":\"BreadcrumbList\",\"@id\":\"https:\/\/nordic-drift.com\/es\/product\/altavoz-nordic-5w-drift-titan-ip67-resistente-al-agua-negro\/#breadcrumb\",\"itemListElement\":[{\"@type\":\"ListItem\",\"position\":1,\"name\":\"Home\",\"item\":\"https:\/\/nordic-drift.com\/es\/\"},{\"@type\":\"ListItem\",\"position\":2,\"name\":\"Colecci\u00f3n\",\"item\":\"https:\/\/nordic-drift.com\/es\/coleccion\/\"},{\"@type\":\"ListItem\",\"position\":3,\"name\":\"Altavoz Nordic 5W Drift Titan IP67 resistente al agua, negro\"}]},{\"@type\":\"WebSite\",\"@id\":\"https:\/\/nordic-drift.com\/es\/#website\",\"url\":\"https:\/\/nordic-drift.com\/es\/\",\"name\":\"Nordic Drift\",\"description\":\"Built to Last, Made to Explore.\",\"potentialAction\":[{\"@type\":\"SearchAction\",\"target\":{\"@type\":\"EntryPoint\",\"urlTemplate\":\"https:\/\/nordic-drift.com\/es\/?s={search_term_string}\"},\"query-input\":{\"@type\":\"PropertyValueSpecification\",\"valueRequired\":true,\"valueName\":\"search_term_string\"}}],\"inLanguage\":\"es\"}]}<\/script>\n<!-- \/ Yoast SEO plugin. -->","yoast_head_json":{"title":"Altavoz Nordic 5W Drift Titan IP67 resistente al agua, negro - Nordic Drift","robots":{"index":"index","follow":"follow","max-snippet":"max-snippet:-1","max-image-preview":"max-image-preview:large","max-video-preview":"max-video-preview:-1"},"canonical":"https:\/\/nordic-drift.com\/es\/product\/altavoz-nordic-5w-drift-titan-ip67-resistente-al-agua-negro\/","og_locale":"es_ES","og_type":"article","og_title":"Altavoz Nordic 5W Drift Titan IP67 resistente al agua, negro - Nordic Drift","og_description":"El altavoz inal\u00e1mbrico Nordic Drift Titan ofrece un potente sonido de 5W en un dise\u00f1o compacto y robusto, ideal para cualquier entorno. Resistente a golpes y con certificaci\u00f3n IP67 de resistencia al agua y al polvo, est\u00e1 dise\u00f1ado para soportar la lluvia, la suciedad, la arena y los impactos diarios sin comprometer su rendimiento. Fabricado [&hellip;]","og_url":"https:\/\/nordic-drift.com\/es\/product\/altavoz-nordic-5w-drift-titan-ip67-resistente-al-agua-negro\/","og_site_name":"Nordic Drift","article_modified_time":"2026-03-19T09:34:37+00:00","og_image":[{"width":1024,"height":1024,"url":"https:\/\/nordic-drift.com\/wp-content\/uploads\/sites\/14\/2026\/02\/ND440.0001__S_0__1bc6530e11f34e5b901d6b095f8b2b84.jpg","type":"image\/jpeg"}],"twitter_card":"summary_large_image","twitter_misc":{"Tiempo de lectura":"1 minuto"},"schema":{"@context":"https:\/\/schema.org","@graph":[{"@type":"WebPage","@id":"https:\/\/nordic-drift.com\/es\/product\/altavoz-nordic-5w-drift-titan-ip67-resistente-al-agua-negro\/","url":"https:\/\/nordic-drift.com\/es\/product\/altavoz-nordic-5w-drift-titan-ip67-resistente-al-agua-negro\/","name":"Altavoz Nordic 5W Drift Titan IP67 resistente al agua, negro - Nordic Drift","isPartOf":{"@id":"https:\/\/nordic-drift.com\/es\/#website"},"primaryImageOfPage":{"@id":"https:\/\/nordic-drift.com\/es\/product\/altavoz-nordic-5w-drift-titan-ip67-resistente-al-agua-negro\/#primaryimage"},"image":{"@id":"https:\/\/nordic-drift.com\/es\/product\/altavoz-nordic-5w-drift-titan-ip67-resistente-al-agua-negro\/#primaryimage"},"thumbnailUrl":"https:\/\/nordic-drift.com\/wp-content\/uploads\/sites\/14\/2026\/02\/ND440.0001__S_0__1bc6530e11f34e5b901d6b095f8b2b84.jpg","datePublished":"2026-01-27T14:00:36+00:00","dateModified":"2026-03-19T09:34:37+00:00","breadcrumb":{"@id":"https:\/\/nordic-drift.com\/es\/product\/altavoz-nordic-5w-drift-titan-ip67-resistente-al-agua-negro\/#breadcrumb"},"inLanguage":"es","potentialAction":[{"@type":"ReadAction","target":["https:\/\/nordic-drift.com\/es\/product\/altavoz-nordic-5w-drift-titan-ip67-resistente-al-agua-negro\/"]}]},{"@type":"ImageObject","inLanguage":"es","@id":"https:\/\/nordic-drift.com\/es\/product\/altavoz-nordic-5w-drift-titan-ip67-resistente-al-agua-negro\/#primaryimage","url":"https:\/\/nordic-drift.com\/wp-content\/uploads\/sites\/14\/2026\/02\/ND440.0001__S_0__1bc6530e11f34e5b901d6b095f8b2b84.jpg","contentUrl":"https:\/\/nordic-drift.com\/wp-content\/uploads\/sites\/14\/2026\/02\/ND440.0001__S_0__1bc6530e11f34e5b901d6b095f8b2b84.jpg","width":1024,"height":1024},{"@type":"BreadcrumbList","@id":"https:\/\/nordic-drift.com\/es\/product\/altavoz-nordic-5w-drift-titan-ip67-resistente-al-agua-negro\/#breadcrumb","itemListElement":[{"@type":"ListItem","position":1,"name":"Home","item":"https:\/\/nordic-drift.com\/es\/"},{"@type":"ListItem","position":2,"name":"Colecci\u00f3n","item":"https:\/\/nordic-drift.com\/es\/coleccion\/"},{"@type":"ListItem","position":3,"name":"Altavoz Nordic 5W Drift Titan IP67 resistente al agua, negro"}]},{"@type":"WebSite","@id":"https:\/\/nordic-drift.com\/es\/#website","url":"https:\/\/nordic-drift.com\/es\/","name":"Nordic Drift","description":"Built to Last, Made to Explore.","potentialAction":[{"@type":"SearchAction","target":{"@type":"EntryPoint","urlTemplate":"https:\/\/nordic-drift.com\/es\/?s={search_term_string}"},"query-input":{"@type":"PropertyValueSpecification","valueRequired":true,"valueName":"search_term_string"}}],"inLanguage":"es"}]}},"_links":{"self":[{"href":"https:\/\/nordic-drift.com\/es\/wp-json\/wp\/v2\/product\/3965","targetHints":{"allow":["GET"]}}],"collection":[{"href":"https:\/\/nordic-drift.com\/es\/wp-json\/wp\/v2\/product"}],"about":[{"href":"https:\/\/nordic-drift.com\/es\/wp-json\/wp\/v2\/types\/product"}],"replies":[{"embeddable":true,"href":"https:\/\/nordic-drift.com\/es\/wp-json\/wp\/v2\/comments?post=3965"}],"wp:featuredmedia":[{"embeddable":true,"href":"https:\/\/nordic-drift.com\/es\/wp-json\/wp\/v2\/media\/3966"}],"wp:attachment":[{"href":"https:\/\/nordic-drift.com\/es\/wp-json\/wp\/v2\/media?parent=3965"}],"wp:term":[{"taxonomy":"product_cat","embeddable":true,"href":"https:\/\/nordic-drift.com\/es\/wp-json\/wp\/v2\/product_cat?post=3965"},{"taxonomy":"product_tag","embeddable":true,"href":"https:\/\/nordic-drift.com\/es\/wp-json\/wp\/v2\/product_tag?post=3965"}],"curies":[{"name":"wp","href":"https:\/\/api.w.org\/{rel}","templated":true}]}}