{"id":3933,"date":"2026-01-27T14:00:36","date_gmt":"2026-01-27T14:00:36","guid":{"rendered":"https:\/\/nordic-drift.com\/product\/bomba-de-aire-camping-y-luz-portatil-nordic-drift-titan-negro\/"},"modified":"2026-03-19T09:34:30","modified_gmt":"2026-03-19T09:34:30","slug":"bomba-de-aire-camping-y-luz-portatil-nordic-drift-titan-negro","status":"publish","type":"product","link":"https:\/\/nordic-drift.com\/es\/product\/bomba-de-aire-camping-y-luz-portatil-nordic-drift-titan-negro\/","title":{"rendered":"Bomba de aire camping y luz port\u00e1til Nordic Drift Titan, negro"},"content":{"rendered":"<p>La bomba de aire y luz de camping 2 en 1 Nordic Drift es una herramienta compacta y port\u00e1til para exteriores. Cuenta con un pr\u00e1ctico dise\u00f1o de percha para usarla dentro de una tienda de campa\u00f1a o guardarla f\u00e1cilmente en un bolsillo o mochila. Alimentado por una bater\u00eda recargable de 2000 mAh, se recarga mediante el cable de carga USB-C incluido. La bomba de aire sin PVC incluye cuatro boquillas y un motor de 2 velocidades para un inflado y desinflado r\u00e1pidos, con una presi\u00f3n de aire m\u00e1xima de 4 kPa y una clasificaci\u00f3n de impermeabilidad IPX4. La luz de camping integrada de 200 l\u00famenes ofrece cinco modos de iluminaci\u00f3n ajustables para una iluminaci\u00f3n flexible. Todos los productos Nordic Drift se someten a rigurosas pruebas de calidad. Creemos firmemente en el rendimiento y la durabilidad de nuestros equipos, por lo que cada art\u00edculo cuenta con una garant\u00eda de 5 a\u00f1os contra defectos de fabricaci\u00f3n. Para m\u00e1s informaci\u00f3n, visita www.nordic-drift<\/p>\n","protected":false},"excerpt":{"rendered":"<p>La bomba de aire y luz de camping 2 en 1 Nordic Drift es una herramienta compacta y port\u00e1til para exteriores. Cuenta con un pr\u00e1ctico dise\u00f1o de percha para usarla dentro de una tienda de campa\u00f1a o guardarla f\u00e1cilmente en un bolsillo o mochila. Alimentado por una bater\u00eda recargable de 2000 mAh, se recarga mediante [&hellip;]<\/p>\n","protected":false},"featured_media":3934,"comment_status":"closed","ping_status":"closed","template":"","meta":{"_acf_changed":false},"product_cat":[113],"product_tag":[],"class_list":["post-3933","product","type-product","status-publish","has-post-thumbnail","hentry","product_cat-tecnologia","pa_color-black"],"acf":[],"yoast_head":"<!-- This site is optimized with the Yoast SEO plugin v27.0 - https:\/\/yoast.com\/product\/yoast-seo-wordpress\/ -->\n<title>Bomba de aire camping y luz port\u00e1til Nordic Drift Titan, negro - Nordic Drift<\/title>\n<meta name=\"robots\" content=\"index, follow, max-snippet:-1, max-image-preview:large, max-video-preview:-1\" \/>\n<link rel=\"canonical\" href=\"https:\/\/nordic-drift.com\/es\/product\/bomba-de-aire-camping-y-luz-portatil-nordic-drift-titan-negro\/\" \/>\n<meta property=\"og:locale\" content=\"es_ES\" \/>\n<meta property=\"og:type\" content=\"article\" \/>\n<meta property=\"og:title\" content=\"Bomba de aire camping y luz port\u00e1til Nordic Drift Titan, negro - Nordic Drift\" \/>\n<meta property=\"og:description\" content=\"La bomba de aire y luz de camping 2 en 1 Nordic Drift es una herramienta compacta y port\u00e1til para exteriores. Cuenta con un pr\u00e1ctico dise\u00f1o de percha para usarla dentro de una tienda de campa\u00f1a o guardarla f\u00e1cilmente en un bolsillo o mochila. Alimentado por una bater\u00eda recargable de 2000 mAh, se recarga mediante [&hellip;]\" \/>\n<meta property=\"og:url\" content=\"https:\/\/nordic-drift.com\/es\/product\/bomba-de-aire-camping-y-luz-portatil-nordic-drift-titan-negro\/\" \/>\n<meta property=\"og:site_name\" content=\"Nordic Drift\" \/>\n<meta property=\"article:modified_time\" content=\"2026-03-19T09:34:30+00:00\" \/>\n<meta property=\"og:image\" content=\"https:\/\/nordic-drift.com\/wp-content\/uploads\/sites\/14\/2026\/02\/ND430.0101__S_0__af7252b484da42f88260acd7e207577b.jpg\" \/>\n\t<meta property=\"og:image:width\" content=\"1024\" \/>\n\t<meta property=\"og:image:height\" content=\"1024\" \/>\n\t<meta property=\"og:image:type\" content=\"image\/jpeg\" \/>\n<meta name=\"twitter:card\" content=\"summary_large_image\" \/>\n<meta name=\"twitter:label1\" content=\"Tiempo de lectura\" \/>\n\t<meta name=\"twitter:data1\" content=\"1 minuto\" \/>\n<script type=\"application\/ld+json\" class=\"yoast-schema-graph\">{\"@context\":\"https:\/\/schema.org\",\"@graph\":[{\"@type\":\"WebPage\",\"@id\":\"https:\/\/nordic-drift.com\/es\/product\/bomba-de-aire-camping-y-luz-portatil-nordic-drift-titan-negro\/\",\"url\":\"https:\/\/nordic-drift.com\/es\/product\/bomba-de-aire-camping-y-luz-portatil-nordic-drift-titan-negro\/\",\"name\":\"Bomba de aire camping y luz port\u00e1til Nordic Drift Titan, negro - Nordic Drift\",\"isPartOf\":{\"@id\":\"https:\/\/nordic-drift.com\/es\/#website\"},\"primaryImageOfPage\":{\"@id\":\"https:\/\/nordic-drift.com\/es\/product\/bomba-de-aire-camping-y-luz-portatil-nordic-drift-titan-negro\/#primaryimage\"},\"image\":{\"@id\":\"https:\/\/nordic-drift.com\/es\/product\/bomba-de-aire-camping-y-luz-portatil-nordic-drift-titan-negro\/#primaryimage\"},\"thumbnailUrl\":\"https:\/\/nordic-drift.com\/wp-content\/uploads\/sites\/14\/2026\/02\/ND430.0101__S_0__af7252b484da42f88260acd7e207577b.jpg\",\"datePublished\":\"2026-01-27T14:00:36+00:00\",\"dateModified\":\"2026-03-19T09:34:30+00:00\",\"breadcrumb\":{\"@id\":\"https:\/\/nordic-drift.com\/es\/product\/bomba-de-aire-camping-y-luz-portatil-nordic-drift-titan-negro\/#breadcrumb\"},\"inLanguage\":\"es\",\"potentialAction\":[{\"@type\":\"ReadAction\",\"target\":[\"https:\/\/nordic-drift.com\/es\/product\/bomba-de-aire-camping-y-luz-portatil-nordic-drift-titan-negro\/\"]}]},{\"@type\":\"ImageObject\",\"inLanguage\":\"es\",\"@id\":\"https:\/\/nordic-drift.com\/es\/product\/bomba-de-aire-camping-y-luz-portatil-nordic-drift-titan-negro\/#primaryimage\",\"url\":\"https:\/\/nordic-drift.com\/wp-content\/uploads\/sites\/14\/2026\/02\/ND430.0101__S_0__af7252b484da42f88260acd7e207577b.jpg\",\"contentUrl\":\"https:\/\/nordic-drift.com\/wp-content\/uploads\/sites\/14\/2026\/02\/ND430.0101__S_0__af7252b484da42f88260acd7e207577b.jpg\",\"width\":1024,\"height\":1024},{\"@type\":\"BreadcrumbList\",\"@id\":\"https:\/\/nordic-drift.com\/es\/product\/bomba-de-aire-camping-y-luz-portatil-nordic-drift-titan-negro\/#breadcrumb\",\"itemListElement\":[{\"@type\":\"ListItem\",\"position\":1,\"name\":\"Home\",\"item\":\"https:\/\/nordic-drift.com\/es\/\"},{\"@type\":\"ListItem\",\"position\":2,\"name\":\"Colecci\u00f3n\",\"item\":\"https:\/\/nordic-drift.com\/es\/coleccion\/\"},{\"@type\":\"ListItem\",\"position\":3,\"name\":\"Bomba de aire camping y luz port\u00e1til Nordic Drift Titan, negro\"}]},{\"@type\":\"WebSite\",\"@id\":\"https:\/\/nordic-drift.com\/es\/#website\",\"url\":\"https:\/\/nordic-drift.com\/es\/\",\"name\":\"Nordic Drift\",\"description\":\"Built to Last, Made to Explore.\",\"potentialAction\":[{\"@type\":\"SearchAction\",\"target\":{\"@type\":\"EntryPoint\",\"urlTemplate\":\"https:\/\/nordic-drift.com\/es\/?s={search_term_string}\"},\"query-input\":{\"@type\":\"PropertyValueSpecification\",\"valueRequired\":true,\"valueName\":\"search_term_string\"}}],\"inLanguage\":\"es\"}]}<\/script>\n<!-- \/ Yoast SEO plugin. -->","yoast_head_json":{"title":"Bomba de aire camping y luz port\u00e1til Nordic Drift Titan, negro - Nordic Drift","robots":{"index":"index","follow":"follow","max-snippet":"max-snippet:-1","max-image-preview":"max-image-preview:large","max-video-preview":"max-video-preview:-1"},"canonical":"https:\/\/nordic-drift.com\/es\/product\/bomba-de-aire-camping-y-luz-portatil-nordic-drift-titan-negro\/","og_locale":"es_ES","og_type":"article","og_title":"Bomba de aire camping y luz port\u00e1til Nordic Drift Titan, negro - Nordic Drift","og_description":"La bomba de aire y luz de camping 2 en 1 Nordic Drift es una herramienta compacta y port\u00e1til para exteriores. Cuenta con un pr\u00e1ctico dise\u00f1o de percha para usarla dentro de una tienda de campa\u00f1a o guardarla f\u00e1cilmente en un bolsillo o mochila. Alimentado por una bater\u00eda recargable de 2000 mAh, se recarga mediante [&hellip;]","og_url":"https:\/\/nordic-drift.com\/es\/product\/bomba-de-aire-camping-y-luz-portatil-nordic-drift-titan-negro\/","og_site_name":"Nordic Drift","article_modified_time":"2026-03-19T09:34:30+00:00","og_image":[{"width":1024,"height":1024,"url":"https:\/\/nordic-drift.com\/wp-content\/uploads\/sites\/14\/2026\/02\/ND430.0101__S_0__af7252b484da42f88260acd7e207577b.jpg","type":"image\/jpeg"}],"twitter_card":"summary_large_image","twitter_misc":{"Tiempo de lectura":"1 minuto"},"schema":{"@context":"https:\/\/schema.org","@graph":[{"@type":"WebPage","@id":"https:\/\/nordic-drift.com\/es\/product\/bomba-de-aire-camping-y-luz-portatil-nordic-drift-titan-negro\/","url":"https:\/\/nordic-drift.com\/es\/product\/bomba-de-aire-camping-y-luz-portatil-nordic-drift-titan-negro\/","name":"Bomba de aire camping y luz port\u00e1til Nordic Drift Titan, negro - Nordic Drift","isPartOf":{"@id":"https:\/\/nordic-drift.com\/es\/#website"},"primaryImageOfPage":{"@id":"https:\/\/nordic-drift.com\/es\/product\/bomba-de-aire-camping-y-luz-portatil-nordic-drift-titan-negro\/#primaryimage"},"image":{"@id":"https:\/\/nordic-drift.com\/es\/product\/bomba-de-aire-camping-y-luz-portatil-nordic-drift-titan-negro\/#primaryimage"},"thumbnailUrl":"https:\/\/nordic-drift.com\/wp-content\/uploads\/sites\/14\/2026\/02\/ND430.0101__S_0__af7252b484da42f88260acd7e207577b.jpg","datePublished":"2026-01-27T14:00:36+00:00","dateModified":"2026-03-19T09:34:30+00:00","breadcrumb":{"@id":"https:\/\/nordic-drift.com\/es\/product\/bomba-de-aire-camping-y-luz-portatil-nordic-drift-titan-negro\/#breadcrumb"},"inLanguage":"es","potentialAction":[{"@type":"ReadAction","target":["https:\/\/nordic-drift.com\/es\/product\/bomba-de-aire-camping-y-luz-portatil-nordic-drift-titan-negro\/"]}]},{"@type":"ImageObject","inLanguage":"es","@id":"https:\/\/nordic-drift.com\/es\/product\/bomba-de-aire-camping-y-luz-portatil-nordic-drift-titan-negro\/#primaryimage","url":"https:\/\/nordic-drift.com\/wp-content\/uploads\/sites\/14\/2026\/02\/ND430.0101__S_0__af7252b484da42f88260acd7e207577b.jpg","contentUrl":"https:\/\/nordic-drift.com\/wp-content\/uploads\/sites\/14\/2026\/02\/ND430.0101__S_0__af7252b484da42f88260acd7e207577b.jpg","width":1024,"height":1024},{"@type":"BreadcrumbList","@id":"https:\/\/nordic-drift.com\/es\/product\/bomba-de-aire-camping-y-luz-portatil-nordic-drift-titan-negro\/#breadcrumb","itemListElement":[{"@type":"ListItem","position":1,"name":"Home","item":"https:\/\/nordic-drift.com\/es\/"},{"@type":"ListItem","position":2,"name":"Colecci\u00f3n","item":"https:\/\/nordic-drift.com\/es\/coleccion\/"},{"@type":"ListItem","position":3,"name":"Bomba de aire camping y luz port\u00e1til Nordic Drift Titan, negro"}]},{"@type":"WebSite","@id":"https:\/\/nordic-drift.com\/es\/#website","url":"https:\/\/nordic-drift.com\/es\/","name":"Nordic Drift","description":"Built to Last, Made to Explore.","potentialAction":[{"@type":"SearchAction","target":{"@type":"EntryPoint","urlTemplate":"https:\/\/nordic-drift.com\/es\/?s={search_term_string}"},"query-input":{"@type":"PropertyValueSpecification","valueRequired":true,"valueName":"search_term_string"}}],"inLanguage":"es"}]}},"_links":{"self":[{"href":"https:\/\/nordic-drift.com\/es\/wp-json\/wp\/v2\/product\/3933","targetHints":{"allow":["GET"]}}],"collection":[{"href":"https:\/\/nordic-drift.com\/es\/wp-json\/wp\/v2\/product"}],"about":[{"href":"https:\/\/nordic-drift.com\/es\/wp-json\/wp\/v2\/types\/product"}],"replies":[{"embeddable":true,"href":"https:\/\/nordic-drift.com\/es\/wp-json\/wp\/v2\/comments?post=3933"}],"wp:featuredmedia":[{"embeddable":true,"href":"https:\/\/nordic-drift.com\/es\/wp-json\/wp\/v2\/media\/3934"}],"wp:attachment":[{"href":"https:\/\/nordic-drift.com\/es\/wp-json\/wp\/v2\/media?parent=3933"}],"wp:term":[{"taxonomy":"product_cat","embeddable":true,"href":"https:\/\/nordic-drift.com\/es\/wp-json\/wp\/v2\/product_cat?post=3933"},{"taxonomy":"product_tag","embeddable":true,"href":"https:\/\/nordic-drift.com\/es\/wp-json\/wp\/v2\/product_tag?post=3933"}],"curies":[{"name":"wp","href":"https:\/\/api.w.org\/{rel}","templated":true}]}}