{"id":3923,"date":"2026-01-27T14:00:36","date_gmt":"2026-01-27T14:00:36","guid":{"rendered":"https:\/\/nordic-drift.com\/product\/reloj-de-alto-rendimiento-nordic-drift-titan-negro\/"},"modified":"2026-03-19T09:34:29","modified_gmt":"2026-03-19T09:34:29","slug":"reloj-de-alto-rendimiento-nordic-drift-titan-negro","status":"publish","type":"product","link":"https:\/\/nordic-drift.com\/es\/product\/reloj-de-alto-rendimiento-nordic-drift-titan-negro\/","title":{"rendered":"Reloj de alto rendimiento Nordic Drift Titan., negro"},"content":{"rendered":"<p>El reloj Nordic Drift Performance Outdoor est\u00e1 dise\u00f1ado para el deporte, la aventura y el uso diario. Cuerpo ligero y duradero de aleaci\u00f3n de zinc, c\u00f3moda correa de silicona y una pantalla AMOLED premium con una visi\u00f3n m\u00e1s brillante y n\u00edtida, adem\u00e1s de una excelente legibilidad en exteriores. El reloj no contiene PVC y tiene certificaci\u00f3n IP68 de resistencia al agua y al polvo para condiciones exigentes. La bater\u00eda dura hasta 7 d\u00edas con una sola carga y hasta 28 d\u00edas en espera. Se conecta mediante una aplicaci\u00f3n para Android e iOS y ofrece funciones esenciales como monitorizaci\u00f3n de frecuencia card\u00edaca, seguimiento de calor\u00edas, modos deportivos y notificaciones de llamadas y mensajes. Todos los productos Nordic Drift se someten a rigurosas pruebas de calidad. Creemos firmemente en el rendimiento y la durabilidad de nuestros productos, por lo que cada art\u00edculo cuenta con una garant\u00eda de 5 a\u00f1os contra defectos de fabricaci\u00f3n. Visita www.nordic-drift.com.<\/p>\n","protected":false},"excerpt":{"rendered":"<p>El reloj Nordic Drift Performance Outdoor est\u00e1 dise\u00f1ado para el deporte, la aventura y el uso diario. Cuerpo ligero y duradero de aleaci\u00f3n de zinc, c\u00f3moda correa de silicona y una pantalla AMOLED premium con una visi\u00f3n m\u00e1s brillante y n\u00edtida, adem\u00e1s de una excelente legibilidad en exteriores. El reloj no contiene PVC y tiene [&hellip;]<\/p>\n","protected":false},"featured_media":3924,"comment_status":"closed","ping_status":"closed","template":"","meta":{"_acf_changed":false},"product_cat":[113],"product_tag":[],"class_list":["post-3923","product","type-product","status-publish","has-post-thumbnail","hentry","product_cat-tecnologia","pa_color-black"],"acf":[],"yoast_head":"<!-- This site is optimized with the Yoast SEO plugin v27.0 - https:\/\/yoast.com\/product\/yoast-seo-wordpress\/ -->\n<title>Reloj de alto rendimiento Nordic Drift Titan., negro - Nordic Drift<\/title>\n<meta name=\"robots\" content=\"index, follow, max-snippet:-1, max-image-preview:large, max-video-preview:-1\" \/>\n<link rel=\"canonical\" href=\"https:\/\/nordic-drift.com\/es\/product\/reloj-de-alto-rendimiento-nordic-drift-titan-negro\/\" \/>\n<meta property=\"og:locale\" content=\"es_ES\" \/>\n<meta property=\"og:type\" content=\"article\" \/>\n<meta property=\"og:title\" content=\"Reloj de alto rendimiento Nordic Drift Titan., negro - Nordic Drift\" \/>\n<meta property=\"og:description\" content=\"El reloj Nordic Drift Performance Outdoor est\u00e1 dise\u00f1ado para el deporte, la aventura y el uso diario. Cuerpo ligero y duradero de aleaci\u00f3n de zinc, c\u00f3moda correa de silicona y una pantalla AMOLED premium con una visi\u00f3n m\u00e1s brillante y n\u00edtida, adem\u00e1s de una excelente legibilidad en exteriores. El reloj no contiene PVC y tiene [&hellip;]\" \/>\n<meta property=\"og:url\" content=\"https:\/\/nordic-drift.com\/es\/product\/reloj-de-alto-rendimiento-nordic-drift-titan-negro\/\" \/>\n<meta property=\"og:site_name\" content=\"Nordic Drift\" \/>\n<meta property=\"article:modified_time\" content=\"2026-03-19T09:34:29+00:00\" \/>\n<meta property=\"og:image\" content=\"https:\/\/nordic-drift.com\/wp-content\/uploads\/sites\/14\/2026\/02\/ND430.0001__S_0__25da8d8709ea4be6ba1a66b8e08939a7.jpg\" \/>\n\t<meta property=\"og:image:width\" content=\"1024\" \/>\n\t<meta property=\"og:image:height\" content=\"1024\" \/>\n\t<meta property=\"og:image:type\" content=\"image\/jpeg\" \/>\n<meta name=\"twitter:card\" content=\"summary_large_image\" \/>\n<meta name=\"twitter:label1\" content=\"Tiempo de lectura\" \/>\n\t<meta name=\"twitter:data1\" content=\"1 minuto\" \/>\n<script type=\"application\/ld+json\" class=\"yoast-schema-graph\">{\"@context\":\"https:\/\/schema.org\",\"@graph\":[{\"@type\":\"WebPage\",\"@id\":\"https:\/\/nordic-drift.com\/es\/product\/reloj-de-alto-rendimiento-nordic-drift-titan-negro\/\",\"url\":\"https:\/\/nordic-drift.com\/es\/product\/reloj-de-alto-rendimiento-nordic-drift-titan-negro\/\",\"name\":\"Reloj de alto rendimiento Nordic Drift Titan., negro - Nordic Drift\",\"isPartOf\":{\"@id\":\"https:\/\/nordic-drift.com\/es\/#website\"},\"primaryImageOfPage\":{\"@id\":\"https:\/\/nordic-drift.com\/es\/product\/reloj-de-alto-rendimiento-nordic-drift-titan-negro\/#primaryimage\"},\"image\":{\"@id\":\"https:\/\/nordic-drift.com\/es\/product\/reloj-de-alto-rendimiento-nordic-drift-titan-negro\/#primaryimage\"},\"thumbnailUrl\":\"https:\/\/nordic-drift.com\/wp-content\/uploads\/sites\/14\/2026\/02\/ND430.0001__S_0__25da8d8709ea4be6ba1a66b8e08939a7.jpg\",\"datePublished\":\"2026-01-27T14:00:36+00:00\",\"dateModified\":\"2026-03-19T09:34:29+00:00\",\"breadcrumb\":{\"@id\":\"https:\/\/nordic-drift.com\/es\/product\/reloj-de-alto-rendimiento-nordic-drift-titan-negro\/#breadcrumb\"},\"inLanguage\":\"es\",\"potentialAction\":[{\"@type\":\"ReadAction\",\"target\":[\"https:\/\/nordic-drift.com\/es\/product\/reloj-de-alto-rendimiento-nordic-drift-titan-negro\/\"]}]},{\"@type\":\"ImageObject\",\"inLanguage\":\"es\",\"@id\":\"https:\/\/nordic-drift.com\/es\/product\/reloj-de-alto-rendimiento-nordic-drift-titan-negro\/#primaryimage\",\"url\":\"https:\/\/nordic-drift.com\/wp-content\/uploads\/sites\/14\/2026\/02\/ND430.0001__S_0__25da8d8709ea4be6ba1a66b8e08939a7.jpg\",\"contentUrl\":\"https:\/\/nordic-drift.com\/wp-content\/uploads\/sites\/14\/2026\/02\/ND430.0001__S_0__25da8d8709ea4be6ba1a66b8e08939a7.jpg\",\"width\":1024,\"height\":1024},{\"@type\":\"BreadcrumbList\",\"@id\":\"https:\/\/nordic-drift.com\/es\/product\/reloj-de-alto-rendimiento-nordic-drift-titan-negro\/#breadcrumb\",\"itemListElement\":[{\"@type\":\"ListItem\",\"position\":1,\"name\":\"Home\",\"item\":\"https:\/\/nordic-drift.com\/es\/\"},{\"@type\":\"ListItem\",\"position\":2,\"name\":\"Colecci\u00f3n\",\"item\":\"https:\/\/nordic-drift.com\/es\/coleccion\/\"},{\"@type\":\"ListItem\",\"position\":3,\"name\":\"Reloj de alto rendimiento Nordic Drift Titan., negro\"}]},{\"@type\":\"WebSite\",\"@id\":\"https:\/\/nordic-drift.com\/es\/#website\",\"url\":\"https:\/\/nordic-drift.com\/es\/\",\"name\":\"Nordic Drift\",\"description\":\"Built to Last, Made to Explore.\",\"potentialAction\":[{\"@type\":\"SearchAction\",\"target\":{\"@type\":\"EntryPoint\",\"urlTemplate\":\"https:\/\/nordic-drift.com\/es\/?s={search_term_string}\"},\"query-input\":{\"@type\":\"PropertyValueSpecification\",\"valueRequired\":true,\"valueName\":\"search_term_string\"}}],\"inLanguage\":\"es\"}]}<\/script>\n<!-- \/ Yoast SEO plugin. -->","yoast_head_json":{"title":"Reloj de alto rendimiento Nordic Drift Titan., negro - Nordic Drift","robots":{"index":"index","follow":"follow","max-snippet":"max-snippet:-1","max-image-preview":"max-image-preview:large","max-video-preview":"max-video-preview:-1"},"canonical":"https:\/\/nordic-drift.com\/es\/product\/reloj-de-alto-rendimiento-nordic-drift-titan-negro\/","og_locale":"es_ES","og_type":"article","og_title":"Reloj de alto rendimiento Nordic Drift Titan., negro - Nordic Drift","og_description":"El reloj Nordic Drift Performance Outdoor est\u00e1 dise\u00f1ado para el deporte, la aventura y el uso diario. Cuerpo ligero y duradero de aleaci\u00f3n de zinc, c\u00f3moda correa de silicona y una pantalla AMOLED premium con una visi\u00f3n m\u00e1s brillante y n\u00edtida, adem\u00e1s de una excelente legibilidad en exteriores. El reloj no contiene PVC y tiene [&hellip;]","og_url":"https:\/\/nordic-drift.com\/es\/product\/reloj-de-alto-rendimiento-nordic-drift-titan-negro\/","og_site_name":"Nordic Drift","article_modified_time":"2026-03-19T09:34:29+00:00","og_image":[{"width":1024,"height":1024,"url":"https:\/\/nordic-drift.com\/wp-content\/uploads\/sites\/14\/2026\/02\/ND430.0001__S_0__25da8d8709ea4be6ba1a66b8e08939a7.jpg","type":"image\/jpeg"}],"twitter_card":"summary_large_image","twitter_misc":{"Tiempo de lectura":"1 minuto"},"schema":{"@context":"https:\/\/schema.org","@graph":[{"@type":"WebPage","@id":"https:\/\/nordic-drift.com\/es\/product\/reloj-de-alto-rendimiento-nordic-drift-titan-negro\/","url":"https:\/\/nordic-drift.com\/es\/product\/reloj-de-alto-rendimiento-nordic-drift-titan-negro\/","name":"Reloj de alto rendimiento Nordic Drift Titan., negro - Nordic Drift","isPartOf":{"@id":"https:\/\/nordic-drift.com\/es\/#website"},"primaryImageOfPage":{"@id":"https:\/\/nordic-drift.com\/es\/product\/reloj-de-alto-rendimiento-nordic-drift-titan-negro\/#primaryimage"},"image":{"@id":"https:\/\/nordic-drift.com\/es\/product\/reloj-de-alto-rendimiento-nordic-drift-titan-negro\/#primaryimage"},"thumbnailUrl":"https:\/\/nordic-drift.com\/wp-content\/uploads\/sites\/14\/2026\/02\/ND430.0001__S_0__25da8d8709ea4be6ba1a66b8e08939a7.jpg","datePublished":"2026-01-27T14:00:36+00:00","dateModified":"2026-03-19T09:34:29+00:00","breadcrumb":{"@id":"https:\/\/nordic-drift.com\/es\/product\/reloj-de-alto-rendimiento-nordic-drift-titan-negro\/#breadcrumb"},"inLanguage":"es","potentialAction":[{"@type":"ReadAction","target":["https:\/\/nordic-drift.com\/es\/product\/reloj-de-alto-rendimiento-nordic-drift-titan-negro\/"]}]},{"@type":"ImageObject","inLanguage":"es","@id":"https:\/\/nordic-drift.com\/es\/product\/reloj-de-alto-rendimiento-nordic-drift-titan-negro\/#primaryimage","url":"https:\/\/nordic-drift.com\/wp-content\/uploads\/sites\/14\/2026\/02\/ND430.0001__S_0__25da8d8709ea4be6ba1a66b8e08939a7.jpg","contentUrl":"https:\/\/nordic-drift.com\/wp-content\/uploads\/sites\/14\/2026\/02\/ND430.0001__S_0__25da8d8709ea4be6ba1a66b8e08939a7.jpg","width":1024,"height":1024},{"@type":"BreadcrumbList","@id":"https:\/\/nordic-drift.com\/es\/product\/reloj-de-alto-rendimiento-nordic-drift-titan-negro\/#breadcrumb","itemListElement":[{"@type":"ListItem","position":1,"name":"Home","item":"https:\/\/nordic-drift.com\/es\/"},{"@type":"ListItem","position":2,"name":"Colecci\u00f3n","item":"https:\/\/nordic-drift.com\/es\/coleccion\/"},{"@type":"ListItem","position":3,"name":"Reloj de alto rendimiento Nordic Drift Titan., negro"}]},{"@type":"WebSite","@id":"https:\/\/nordic-drift.com\/es\/#website","url":"https:\/\/nordic-drift.com\/es\/","name":"Nordic Drift","description":"Built to Last, Made to Explore.","potentialAction":[{"@type":"SearchAction","target":{"@type":"EntryPoint","urlTemplate":"https:\/\/nordic-drift.com\/es\/?s={search_term_string}"},"query-input":{"@type":"PropertyValueSpecification","valueRequired":true,"valueName":"search_term_string"}}],"inLanguage":"es"}]}},"_links":{"self":[{"href":"https:\/\/nordic-drift.com\/es\/wp-json\/wp\/v2\/product\/3923","targetHints":{"allow":["GET"]}}],"collection":[{"href":"https:\/\/nordic-drift.com\/es\/wp-json\/wp\/v2\/product"}],"about":[{"href":"https:\/\/nordic-drift.com\/es\/wp-json\/wp\/v2\/types\/product"}],"replies":[{"embeddable":true,"href":"https:\/\/nordic-drift.com\/es\/wp-json\/wp\/v2\/comments?post=3923"}],"wp:featuredmedia":[{"embeddable":true,"href":"https:\/\/nordic-drift.com\/es\/wp-json\/wp\/v2\/media\/3924"}],"wp:attachment":[{"href":"https:\/\/nordic-drift.com\/es\/wp-json\/wp\/v2\/media?parent=3923"}],"wp:term":[{"taxonomy":"product_cat","embeddable":true,"href":"https:\/\/nordic-drift.com\/es\/wp-json\/wp\/v2\/product_cat?post=3923"},{"taxonomy":"product_tag","embeddable":true,"href":"https:\/\/nordic-drift.com\/es\/wp-json\/wp\/v2\/product_tag?post=3923"}],"curies":[{"name":"wp","href":"https:\/\/api.w.org\/{rel}","templated":true}]}}