{"id":3900,"date":"2026-01-27T14:00:32","date_gmt":"2026-01-27T14:00:32","guid":{"rendered":"https:\/\/nordic-drift.com\/product\/fiambrera-de-aventura-rcs-nordic-drift-trail-de-1200-ml-negro\/"},"modified":"2026-03-19T09:34:26","modified_gmt":"2026-03-19T09:34:26","slug":"fiambrera-de-aventura-rcs-nordic-drift-trail-de-1200-ml-negro","status":"publish","type":"product","link":"https:\/\/nordic-drift.com\/es\/product\/fiambrera-de-aventura-rcs-nordic-drift-trail-de-1200-ml-negro\/","title":{"rendered":"Fiambrera de aventura RCS Nordic Drift Trail de 1200 ml, negro"},"content":{"rendered":"<p>Dise\u00f1ada para durar, para explorar.<br \/>\nMant\u00e9n tus comidas frescas y ecol\u00f3gicas con el tupper de acero reciclado de pared simple Nordic Drift (1200 ml). Fabricado con un 80% de acero inoxidable reciclado con certificaci\u00f3n RCS, es ligero, tiene un acabado duradero con recubrimiento en polvo y dise\u00f1ado para el uso diario. Su tapa segura y herm\u00e9tica garantiza que tus alimentos se mantengan seguros dondequiera que vayas, ya sea en el trabajo, la escuela o en tus aventuras al aire libre. Incluye una caja de regalo FSC.<br \/>\n Pr\u00e1ctica, sostenible y duradera, es el compa\u00f1ero perfecto para cualquier comida. Todos los productos Nordic Drift se someten a pruebas de calidad. Confiamos en el rendimiento y la durabilidad de nuestros productos, por lo que cada art\u00edculo cuenta con una garant\u00eda de 5 a\u00f1os contra defectos de fabricaci\u00f3n. Para m\u00e1s informaci\u00f3n, visita www.nordic-drift.com.<\/p>\n","protected":false},"excerpt":{"rendered":"<p>Dise\u00f1ada para durar, para explorar. Mant\u00e9n tus comidas frescas y ecol\u00f3gicas con el tupper de acero reciclado de pared simple Nordic Drift (1200 ml). Fabricado con un 80% de acero inoxidable reciclado con certificaci\u00f3n RCS, es ligero, tiene un acabado duradero con recubrimiento en polvo y dise\u00f1ado para el uso diario. Su tapa segura y [&hellip;]<\/p>\n","protected":false},"featured_media":3901,"comment_status":"closed","ping_status":"closed","template":"","meta":{"_acf_changed":false},"product_cat":[108],"product_tag":[],"class_list":["post-3900","product","type-product","status-publish","has-post-thumbnail","hentry","product_cat-comida-y-bebida","pa_color-black"],"acf":[],"yoast_head":"<!-- This site is optimized with the Yoast SEO plugin v27.0 - https:\/\/yoast.com\/product\/yoast-seo-wordpress\/ -->\n<title>Fiambrera de aventura RCS Nordic Drift Trail de 1200 ml, negro - Nordic Drift<\/title>\n<meta name=\"robots\" content=\"index, follow, max-snippet:-1, max-image-preview:large, max-video-preview:-1\" \/>\n<link rel=\"canonical\" href=\"https:\/\/nordic-drift.com\/es\/product\/fiambrera-de-aventura-rcs-nordic-drift-trail-de-1200-ml-negro\/\" \/>\n<meta property=\"og:locale\" content=\"es_ES\" \/>\n<meta property=\"og:type\" content=\"article\" \/>\n<meta property=\"og:title\" content=\"Fiambrera de aventura RCS Nordic Drift Trail de 1200 ml, negro - Nordic Drift\" \/>\n<meta property=\"og:description\" content=\"Dise\u00f1ada para durar, para explorar. Mant\u00e9n tus comidas frescas y ecol\u00f3gicas con el tupper de acero reciclado de pared simple Nordic Drift (1200 ml). Fabricado con un 80% de acero inoxidable reciclado con certificaci\u00f3n RCS, es ligero, tiene un acabado duradero con recubrimiento en polvo y dise\u00f1ado para el uso diario. Su tapa segura y [&hellip;]\" \/>\n<meta property=\"og:url\" content=\"https:\/\/nordic-drift.com\/es\/product\/fiambrera-de-aventura-rcs-nordic-drift-trail-de-1200-ml-negro\/\" \/>\n<meta property=\"og:site_name\" content=\"Nordic Drift\" \/>\n<meta property=\"article:modified_time\" content=\"2026-03-19T09:34:26+00:00\" \/>\n<meta property=\"og:image\" content=\"https:\/\/nordic-drift.com\/wp-content\/uploads\/sites\/14\/2026\/01\/ND350.0001__S_0__a458ceb10ff34c809cd109909dc27c87.jpg\" \/>\n\t<meta property=\"og:image:width\" content=\"1024\" \/>\n\t<meta property=\"og:image:height\" content=\"1024\" \/>\n\t<meta property=\"og:image:type\" content=\"image\/jpeg\" \/>\n<meta name=\"twitter:card\" content=\"summary_large_image\" \/>\n<meta name=\"twitter:label1\" content=\"Tiempo de lectura\" \/>\n\t<meta name=\"twitter:data1\" content=\"1 minuto\" \/>\n<script type=\"application\/ld+json\" class=\"yoast-schema-graph\">{\"@context\":\"https:\/\/schema.org\",\"@graph\":[{\"@type\":\"WebPage\",\"@id\":\"https:\/\/nordic-drift.com\/es\/product\/fiambrera-de-aventura-rcs-nordic-drift-trail-de-1200-ml-negro\/\",\"url\":\"https:\/\/nordic-drift.com\/es\/product\/fiambrera-de-aventura-rcs-nordic-drift-trail-de-1200-ml-negro\/\",\"name\":\"Fiambrera de aventura RCS Nordic Drift Trail de 1200 ml, negro - Nordic Drift\",\"isPartOf\":{\"@id\":\"https:\/\/nordic-drift.com\/es\/#website\"},\"primaryImageOfPage\":{\"@id\":\"https:\/\/nordic-drift.com\/es\/product\/fiambrera-de-aventura-rcs-nordic-drift-trail-de-1200-ml-negro\/#primaryimage\"},\"image\":{\"@id\":\"https:\/\/nordic-drift.com\/es\/product\/fiambrera-de-aventura-rcs-nordic-drift-trail-de-1200-ml-negro\/#primaryimage\"},\"thumbnailUrl\":\"https:\/\/nordic-drift.com\/wp-content\/uploads\/sites\/14\/2026\/01\/ND350.0001__S_0__a458ceb10ff34c809cd109909dc27c87.jpg\",\"datePublished\":\"2026-01-27T14:00:32+00:00\",\"dateModified\":\"2026-03-19T09:34:26+00:00\",\"breadcrumb\":{\"@id\":\"https:\/\/nordic-drift.com\/es\/product\/fiambrera-de-aventura-rcs-nordic-drift-trail-de-1200-ml-negro\/#breadcrumb\"},\"inLanguage\":\"es\",\"potentialAction\":[{\"@type\":\"ReadAction\",\"target\":[\"https:\/\/nordic-drift.com\/es\/product\/fiambrera-de-aventura-rcs-nordic-drift-trail-de-1200-ml-negro\/\"]}]},{\"@type\":\"ImageObject\",\"inLanguage\":\"es\",\"@id\":\"https:\/\/nordic-drift.com\/es\/product\/fiambrera-de-aventura-rcs-nordic-drift-trail-de-1200-ml-negro\/#primaryimage\",\"url\":\"https:\/\/nordic-drift.com\/wp-content\/uploads\/sites\/14\/2026\/01\/ND350.0001__S_0__a458ceb10ff34c809cd109909dc27c87.jpg\",\"contentUrl\":\"https:\/\/nordic-drift.com\/wp-content\/uploads\/sites\/14\/2026\/01\/ND350.0001__S_0__a458ceb10ff34c809cd109909dc27c87.jpg\",\"width\":1024,\"height\":1024},{\"@type\":\"BreadcrumbList\",\"@id\":\"https:\/\/nordic-drift.com\/es\/product\/fiambrera-de-aventura-rcs-nordic-drift-trail-de-1200-ml-negro\/#breadcrumb\",\"itemListElement\":[{\"@type\":\"ListItem\",\"position\":1,\"name\":\"Home\",\"item\":\"https:\/\/nordic-drift.com\/es\/\"},{\"@type\":\"ListItem\",\"position\":2,\"name\":\"Colecci\u00f3n\",\"item\":\"https:\/\/nordic-drift.com\/es\/coleccion\/\"},{\"@type\":\"ListItem\",\"position\":3,\"name\":\"Fiambrera de aventura RCS Nordic Drift Trail de 1200 ml, negro\"}]},{\"@type\":\"WebSite\",\"@id\":\"https:\/\/nordic-drift.com\/es\/#website\",\"url\":\"https:\/\/nordic-drift.com\/es\/\",\"name\":\"Nordic Drift\",\"description\":\"Built to Last, Made to Explore.\",\"potentialAction\":[{\"@type\":\"SearchAction\",\"target\":{\"@type\":\"EntryPoint\",\"urlTemplate\":\"https:\/\/nordic-drift.com\/es\/?s={search_term_string}\"},\"query-input\":{\"@type\":\"PropertyValueSpecification\",\"valueRequired\":true,\"valueName\":\"search_term_string\"}}],\"inLanguage\":\"es\"}]}<\/script>\n<!-- \/ Yoast SEO plugin. -->","yoast_head_json":{"title":"Fiambrera de aventura RCS Nordic Drift Trail de 1200 ml, negro - Nordic Drift","robots":{"index":"index","follow":"follow","max-snippet":"max-snippet:-1","max-image-preview":"max-image-preview:large","max-video-preview":"max-video-preview:-1"},"canonical":"https:\/\/nordic-drift.com\/es\/product\/fiambrera-de-aventura-rcs-nordic-drift-trail-de-1200-ml-negro\/","og_locale":"es_ES","og_type":"article","og_title":"Fiambrera de aventura RCS Nordic Drift Trail de 1200 ml, negro - Nordic Drift","og_description":"Dise\u00f1ada para durar, para explorar. Mant\u00e9n tus comidas frescas y ecol\u00f3gicas con el tupper de acero reciclado de pared simple Nordic Drift (1200 ml). Fabricado con un 80% de acero inoxidable reciclado con certificaci\u00f3n RCS, es ligero, tiene un acabado duradero con recubrimiento en polvo y dise\u00f1ado para el uso diario. Su tapa segura y [&hellip;]","og_url":"https:\/\/nordic-drift.com\/es\/product\/fiambrera-de-aventura-rcs-nordic-drift-trail-de-1200-ml-negro\/","og_site_name":"Nordic Drift","article_modified_time":"2026-03-19T09:34:26+00:00","og_image":[{"width":1024,"height":1024,"url":"https:\/\/nordic-drift.com\/wp-content\/uploads\/sites\/14\/2026\/01\/ND350.0001__S_0__a458ceb10ff34c809cd109909dc27c87.jpg","type":"image\/jpeg"}],"twitter_card":"summary_large_image","twitter_misc":{"Tiempo de lectura":"1 minuto"},"schema":{"@context":"https:\/\/schema.org","@graph":[{"@type":"WebPage","@id":"https:\/\/nordic-drift.com\/es\/product\/fiambrera-de-aventura-rcs-nordic-drift-trail-de-1200-ml-negro\/","url":"https:\/\/nordic-drift.com\/es\/product\/fiambrera-de-aventura-rcs-nordic-drift-trail-de-1200-ml-negro\/","name":"Fiambrera de aventura RCS Nordic Drift Trail de 1200 ml, negro - Nordic Drift","isPartOf":{"@id":"https:\/\/nordic-drift.com\/es\/#website"},"primaryImageOfPage":{"@id":"https:\/\/nordic-drift.com\/es\/product\/fiambrera-de-aventura-rcs-nordic-drift-trail-de-1200-ml-negro\/#primaryimage"},"image":{"@id":"https:\/\/nordic-drift.com\/es\/product\/fiambrera-de-aventura-rcs-nordic-drift-trail-de-1200-ml-negro\/#primaryimage"},"thumbnailUrl":"https:\/\/nordic-drift.com\/wp-content\/uploads\/sites\/14\/2026\/01\/ND350.0001__S_0__a458ceb10ff34c809cd109909dc27c87.jpg","datePublished":"2026-01-27T14:00:32+00:00","dateModified":"2026-03-19T09:34:26+00:00","breadcrumb":{"@id":"https:\/\/nordic-drift.com\/es\/product\/fiambrera-de-aventura-rcs-nordic-drift-trail-de-1200-ml-negro\/#breadcrumb"},"inLanguage":"es","potentialAction":[{"@type":"ReadAction","target":["https:\/\/nordic-drift.com\/es\/product\/fiambrera-de-aventura-rcs-nordic-drift-trail-de-1200-ml-negro\/"]}]},{"@type":"ImageObject","inLanguage":"es","@id":"https:\/\/nordic-drift.com\/es\/product\/fiambrera-de-aventura-rcs-nordic-drift-trail-de-1200-ml-negro\/#primaryimage","url":"https:\/\/nordic-drift.com\/wp-content\/uploads\/sites\/14\/2026\/01\/ND350.0001__S_0__a458ceb10ff34c809cd109909dc27c87.jpg","contentUrl":"https:\/\/nordic-drift.com\/wp-content\/uploads\/sites\/14\/2026\/01\/ND350.0001__S_0__a458ceb10ff34c809cd109909dc27c87.jpg","width":1024,"height":1024},{"@type":"BreadcrumbList","@id":"https:\/\/nordic-drift.com\/es\/product\/fiambrera-de-aventura-rcs-nordic-drift-trail-de-1200-ml-negro\/#breadcrumb","itemListElement":[{"@type":"ListItem","position":1,"name":"Home","item":"https:\/\/nordic-drift.com\/es\/"},{"@type":"ListItem","position":2,"name":"Colecci\u00f3n","item":"https:\/\/nordic-drift.com\/es\/coleccion\/"},{"@type":"ListItem","position":3,"name":"Fiambrera de aventura RCS Nordic Drift Trail de 1200 ml, negro"}]},{"@type":"WebSite","@id":"https:\/\/nordic-drift.com\/es\/#website","url":"https:\/\/nordic-drift.com\/es\/","name":"Nordic Drift","description":"Built to Last, Made to Explore.","potentialAction":[{"@type":"SearchAction","target":{"@type":"EntryPoint","urlTemplate":"https:\/\/nordic-drift.com\/es\/?s={search_term_string}"},"query-input":{"@type":"PropertyValueSpecification","valueRequired":true,"valueName":"search_term_string"}}],"inLanguage":"es"}]}},"_links":{"self":[{"href":"https:\/\/nordic-drift.com\/es\/wp-json\/wp\/v2\/product\/3900","targetHints":{"allow":["GET"]}}],"collection":[{"href":"https:\/\/nordic-drift.com\/es\/wp-json\/wp\/v2\/product"}],"about":[{"href":"https:\/\/nordic-drift.com\/es\/wp-json\/wp\/v2\/types\/product"}],"replies":[{"embeddable":true,"href":"https:\/\/nordic-drift.com\/es\/wp-json\/wp\/v2\/comments?post=3900"}],"wp:featuredmedia":[{"embeddable":true,"href":"https:\/\/nordic-drift.com\/es\/wp-json\/wp\/v2\/media\/3901"}],"wp:attachment":[{"href":"https:\/\/nordic-drift.com\/es\/wp-json\/wp\/v2\/media?parent=3900"}],"wp:term":[{"taxonomy":"product_cat","embeddable":true,"href":"https:\/\/nordic-drift.com\/es\/wp-json\/wp\/v2\/product_cat?post=3900"},{"taxonomy":"product_tag","embeddable":true,"href":"https:\/\/nordic-drift.com\/es\/wp-json\/wp\/v2\/product_tag?post=3900"}],"curies":[{"name":"wp","href":"https:\/\/api.w.org\/{rel}","templated":true}]}}