{"id":3886,"date":"2026-01-27T14:00:32","date_gmt":"2026-01-27T14:00:32","guid":{"rendered":"https:\/\/nordic-drift.com\/product\/vaso-nordic-drift-trail-ultra-light-de-titanio-de-450-ml-plata\/"},"modified":"2026-03-19T09:34:25","modified_gmt":"2026-03-19T09:34:25","slug":"vaso-nordic-drift-trail-ultra-light-de-titanio-de-450-ml-plata","status":"publish","type":"product","link":"https:\/\/nordic-drift.com\/es\/product\/vaso-nordic-drift-trail-ultra-light-de-titanio-de-450-ml-plata\/","title":{"rendered":"Vaso Nordic Drift Trail Ultra Light de titanio de 450 ml, plata"},"content":{"rendered":"<p>Dise\u00f1ada para durar, para explorar.<br \/>\nEsta taza de titanio de 450 ml es ligera, incre\u00edblemente resistente y resistente al \u00f3xido y a los olores. Perfecta para bebidas calientes, ya sea que est\u00e9s en la naturaleza o disfrutando de una tranquila ma\u00f1ana al aire libre. El titanio aislante mantiene tu bebida caliente por m\u00e1s tiempo, mientras que su c\u00f3moda asa garantiza un uso seguro y f\u00e1cil.<br \/>\nTodos los productos Nordic Drift se someten a rigurosas pruebas de calidad. Confiamos plenamente en el rendimiento y la durabilidad de nuestros productos, por lo que cada art\u00edculo incluye una garant\u00eda de 5 a\u00f1os contra defectos de fabricaci\u00f3n. Se presenta en una caja de regalo FSC. Para m\u00e1s informaci\u00f3n, visita www.nordic-drift.com.<\/p>\n","protected":false},"excerpt":{"rendered":"<p>Dise\u00f1ada para durar, para explorar. Esta taza de titanio de 450 ml es ligera, incre\u00edblemente resistente y resistente al \u00f3xido y a los olores. Perfecta para bebidas calientes, ya sea que est\u00e9s en la naturaleza o disfrutando de una tranquila ma\u00f1ana al aire libre. El titanio aislante mantiene tu bebida caliente por m\u00e1s tiempo, mientras [&hellip;]<\/p>\n","protected":false},"featured_media":3887,"comment_status":"closed","ping_status":"closed","template":"","meta":{"_acf_changed":false},"product_cat":[108],"product_tag":[],"class_list":["post-3886","product","type-product","status-publish","has-post-thumbnail","hentry","product_cat-comida-y-bebida","pa_color-silver"],"acf":[],"yoast_head":"<!-- This site is optimized with the Yoast SEO plugin v27.0 - https:\/\/yoast.com\/product\/yoast-seo-wordpress\/ -->\n<title>Vaso Nordic Drift Trail Ultra Light de titanio de 450 ml, plata - Nordic Drift<\/title>\n<meta name=\"robots\" content=\"index, follow, max-snippet:-1, max-image-preview:large, max-video-preview:-1\" \/>\n<link rel=\"canonical\" href=\"https:\/\/nordic-drift.com\/es\/product\/vaso-nordic-drift-trail-ultra-light-de-titanio-de-450-ml-plata\/\" \/>\n<meta property=\"og:locale\" content=\"es_ES\" \/>\n<meta property=\"og:type\" content=\"article\" \/>\n<meta property=\"og:title\" content=\"Vaso Nordic Drift Trail Ultra Light de titanio de 450 ml, plata - Nordic Drift\" \/>\n<meta property=\"og:description\" content=\"Dise\u00f1ada para durar, para explorar. Esta taza de titanio de 450 ml es ligera, incre\u00edblemente resistente y resistente al \u00f3xido y a los olores. Perfecta para bebidas calientes, ya sea que est\u00e9s en la naturaleza o disfrutando de una tranquila ma\u00f1ana al aire libre. El titanio aislante mantiene tu bebida caliente por m\u00e1s tiempo, mientras [&hellip;]\" \/>\n<meta property=\"og:url\" content=\"https:\/\/nordic-drift.com\/es\/product\/vaso-nordic-drift-trail-ultra-light-de-titanio-de-450-ml-plata\/\" \/>\n<meta property=\"og:site_name\" content=\"Nordic Drift\" \/>\n<meta property=\"article:modified_time\" content=\"2026-03-19T09:34:25+00:00\" \/>\n<meta property=\"og:image\" content=\"https:\/\/nordic-drift.com\/wp-content\/uploads\/sites\/14\/2026\/01\/ND340.0102__S_0__0598d972d7004dc8a9743f8087082392.jpg\" \/>\n\t<meta property=\"og:image:width\" content=\"1024\" \/>\n\t<meta property=\"og:image:height\" content=\"1024\" \/>\n\t<meta property=\"og:image:type\" content=\"image\/jpeg\" \/>\n<meta name=\"twitter:card\" content=\"summary_large_image\" \/>\n<meta name=\"twitter:label1\" content=\"Tiempo de lectura\" \/>\n\t<meta name=\"twitter:data1\" content=\"1 minuto\" \/>\n<script type=\"application\/ld+json\" class=\"yoast-schema-graph\">{\"@context\":\"https:\/\/schema.org\",\"@graph\":[{\"@type\":\"WebPage\",\"@id\":\"https:\/\/nordic-drift.com\/es\/product\/vaso-nordic-drift-trail-ultra-light-de-titanio-de-450-ml-plata\/\",\"url\":\"https:\/\/nordic-drift.com\/es\/product\/vaso-nordic-drift-trail-ultra-light-de-titanio-de-450-ml-plata\/\",\"name\":\"Vaso Nordic Drift Trail Ultra Light de titanio de 450 ml, plata - Nordic Drift\",\"isPartOf\":{\"@id\":\"https:\/\/nordic-drift.com\/es\/#website\"},\"primaryImageOfPage\":{\"@id\":\"https:\/\/nordic-drift.com\/es\/product\/vaso-nordic-drift-trail-ultra-light-de-titanio-de-450-ml-plata\/#primaryimage\"},\"image\":{\"@id\":\"https:\/\/nordic-drift.com\/es\/product\/vaso-nordic-drift-trail-ultra-light-de-titanio-de-450-ml-plata\/#primaryimage\"},\"thumbnailUrl\":\"https:\/\/nordic-drift.com\/wp-content\/uploads\/sites\/14\/2026\/01\/ND340.0102__S_0__0598d972d7004dc8a9743f8087082392.jpg\",\"datePublished\":\"2026-01-27T14:00:32+00:00\",\"dateModified\":\"2026-03-19T09:34:25+00:00\",\"breadcrumb\":{\"@id\":\"https:\/\/nordic-drift.com\/es\/product\/vaso-nordic-drift-trail-ultra-light-de-titanio-de-450-ml-plata\/#breadcrumb\"},\"inLanguage\":\"es\",\"potentialAction\":[{\"@type\":\"ReadAction\",\"target\":[\"https:\/\/nordic-drift.com\/es\/product\/vaso-nordic-drift-trail-ultra-light-de-titanio-de-450-ml-plata\/\"]}]},{\"@type\":\"ImageObject\",\"inLanguage\":\"es\",\"@id\":\"https:\/\/nordic-drift.com\/es\/product\/vaso-nordic-drift-trail-ultra-light-de-titanio-de-450-ml-plata\/#primaryimage\",\"url\":\"https:\/\/nordic-drift.com\/wp-content\/uploads\/sites\/14\/2026\/01\/ND340.0102__S_0__0598d972d7004dc8a9743f8087082392.jpg\",\"contentUrl\":\"https:\/\/nordic-drift.com\/wp-content\/uploads\/sites\/14\/2026\/01\/ND340.0102__S_0__0598d972d7004dc8a9743f8087082392.jpg\",\"width\":1024,\"height\":1024},{\"@type\":\"BreadcrumbList\",\"@id\":\"https:\/\/nordic-drift.com\/es\/product\/vaso-nordic-drift-trail-ultra-light-de-titanio-de-450-ml-plata\/#breadcrumb\",\"itemListElement\":[{\"@type\":\"ListItem\",\"position\":1,\"name\":\"Home\",\"item\":\"https:\/\/nordic-drift.com\/es\/\"},{\"@type\":\"ListItem\",\"position\":2,\"name\":\"Colecci\u00f3n\",\"item\":\"https:\/\/nordic-drift.com\/es\/coleccion\/\"},{\"@type\":\"ListItem\",\"position\":3,\"name\":\"Vaso Nordic Drift Trail Ultra Light de titanio de 450 ml, plata\"}]},{\"@type\":\"WebSite\",\"@id\":\"https:\/\/nordic-drift.com\/es\/#website\",\"url\":\"https:\/\/nordic-drift.com\/es\/\",\"name\":\"Nordic Drift\",\"description\":\"Built to Last, Made to Explore.\",\"potentialAction\":[{\"@type\":\"SearchAction\",\"target\":{\"@type\":\"EntryPoint\",\"urlTemplate\":\"https:\/\/nordic-drift.com\/es\/?s={search_term_string}\"},\"query-input\":{\"@type\":\"PropertyValueSpecification\",\"valueRequired\":true,\"valueName\":\"search_term_string\"}}],\"inLanguage\":\"es\"}]}<\/script>\n<!-- \/ Yoast SEO plugin. -->","yoast_head_json":{"title":"Vaso Nordic Drift Trail Ultra Light de titanio de 450 ml, plata - Nordic Drift","robots":{"index":"index","follow":"follow","max-snippet":"max-snippet:-1","max-image-preview":"max-image-preview:large","max-video-preview":"max-video-preview:-1"},"canonical":"https:\/\/nordic-drift.com\/es\/product\/vaso-nordic-drift-trail-ultra-light-de-titanio-de-450-ml-plata\/","og_locale":"es_ES","og_type":"article","og_title":"Vaso Nordic Drift Trail Ultra Light de titanio de 450 ml, plata - Nordic Drift","og_description":"Dise\u00f1ada para durar, para explorar. Esta taza de titanio de 450 ml es ligera, incre\u00edblemente resistente y resistente al \u00f3xido y a los olores. Perfecta para bebidas calientes, ya sea que est\u00e9s en la naturaleza o disfrutando de una tranquila ma\u00f1ana al aire libre. El titanio aislante mantiene tu bebida caliente por m\u00e1s tiempo, mientras [&hellip;]","og_url":"https:\/\/nordic-drift.com\/es\/product\/vaso-nordic-drift-trail-ultra-light-de-titanio-de-450-ml-plata\/","og_site_name":"Nordic Drift","article_modified_time":"2026-03-19T09:34:25+00:00","og_image":[{"width":1024,"height":1024,"url":"https:\/\/nordic-drift.com\/wp-content\/uploads\/sites\/14\/2026\/01\/ND340.0102__S_0__0598d972d7004dc8a9743f8087082392.jpg","type":"image\/jpeg"}],"twitter_card":"summary_large_image","twitter_misc":{"Tiempo de lectura":"1 minuto"},"schema":{"@context":"https:\/\/schema.org","@graph":[{"@type":"WebPage","@id":"https:\/\/nordic-drift.com\/es\/product\/vaso-nordic-drift-trail-ultra-light-de-titanio-de-450-ml-plata\/","url":"https:\/\/nordic-drift.com\/es\/product\/vaso-nordic-drift-trail-ultra-light-de-titanio-de-450-ml-plata\/","name":"Vaso Nordic Drift Trail Ultra Light de titanio de 450 ml, plata - Nordic Drift","isPartOf":{"@id":"https:\/\/nordic-drift.com\/es\/#website"},"primaryImageOfPage":{"@id":"https:\/\/nordic-drift.com\/es\/product\/vaso-nordic-drift-trail-ultra-light-de-titanio-de-450-ml-plata\/#primaryimage"},"image":{"@id":"https:\/\/nordic-drift.com\/es\/product\/vaso-nordic-drift-trail-ultra-light-de-titanio-de-450-ml-plata\/#primaryimage"},"thumbnailUrl":"https:\/\/nordic-drift.com\/wp-content\/uploads\/sites\/14\/2026\/01\/ND340.0102__S_0__0598d972d7004dc8a9743f8087082392.jpg","datePublished":"2026-01-27T14:00:32+00:00","dateModified":"2026-03-19T09:34:25+00:00","breadcrumb":{"@id":"https:\/\/nordic-drift.com\/es\/product\/vaso-nordic-drift-trail-ultra-light-de-titanio-de-450-ml-plata\/#breadcrumb"},"inLanguage":"es","potentialAction":[{"@type":"ReadAction","target":["https:\/\/nordic-drift.com\/es\/product\/vaso-nordic-drift-trail-ultra-light-de-titanio-de-450-ml-plata\/"]}]},{"@type":"ImageObject","inLanguage":"es","@id":"https:\/\/nordic-drift.com\/es\/product\/vaso-nordic-drift-trail-ultra-light-de-titanio-de-450-ml-plata\/#primaryimage","url":"https:\/\/nordic-drift.com\/wp-content\/uploads\/sites\/14\/2026\/01\/ND340.0102__S_0__0598d972d7004dc8a9743f8087082392.jpg","contentUrl":"https:\/\/nordic-drift.com\/wp-content\/uploads\/sites\/14\/2026\/01\/ND340.0102__S_0__0598d972d7004dc8a9743f8087082392.jpg","width":1024,"height":1024},{"@type":"BreadcrumbList","@id":"https:\/\/nordic-drift.com\/es\/product\/vaso-nordic-drift-trail-ultra-light-de-titanio-de-450-ml-plata\/#breadcrumb","itemListElement":[{"@type":"ListItem","position":1,"name":"Home","item":"https:\/\/nordic-drift.com\/es\/"},{"@type":"ListItem","position":2,"name":"Colecci\u00f3n","item":"https:\/\/nordic-drift.com\/es\/coleccion\/"},{"@type":"ListItem","position":3,"name":"Vaso Nordic Drift Trail Ultra Light de titanio de 450 ml, plata"}]},{"@type":"WebSite","@id":"https:\/\/nordic-drift.com\/es\/#website","url":"https:\/\/nordic-drift.com\/es\/","name":"Nordic Drift","description":"Built to Last, Made to Explore.","potentialAction":[{"@type":"SearchAction","target":{"@type":"EntryPoint","urlTemplate":"https:\/\/nordic-drift.com\/es\/?s={search_term_string}"},"query-input":{"@type":"PropertyValueSpecification","valueRequired":true,"valueName":"search_term_string"}}],"inLanguage":"es"}]}},"_links":{"self":[{"href":"https:\/\/nordic-drift.com\/es\/wp-json\/wp\/v2\/product\/3886","targetHints":{"allow":["GET"]}}],"collection":[{"href":"https:\/\/nordic-drift.com\/es\/wp-json\/wp\/v2\/product"}],"about":[{"href":"https:\/\/nordic-drift.com\/es\/wp-json\/wp\/v2\/types\/product"}],"replies":[{"embeddable":true,"href":"https:\/\/nordic-drift.com\/es\/wp-json\/wp\/v2\/comments?post=3886"}],"wp:featuredmedia":[{"embeddable":true,"href":"https:\/\/nordic-drift.com\/es\/wp-json\/wp\/v2\/media\/3887"}],"wp:attachment":[{"href":"https:\/\/nordic-drift.com\/es\/wp-json\/wp\/v2\/media?parent=3886"}],"wp:term":[{"taxonomy":"product_cat","embeddable":true,"href":"https:\/\/nordic-drift.com\/es\/wp-json\/wp\/v2\/product_cat?post=3886"},{"taxonomy":"product_tag","embeddable":true,"href":"https:\/\/nordic-drift.com\/es\/wp-json\/wp\/v2\/product_tag?post=3886"}],"curies":[{"name":"wp","href":"https:\/\/api.w.org\/{rel}","templated":true}]}}