{"id":3870,"date":"2026-01-27T14:00:32","date_gmt":"2026-01-27T14:00:32","guid":{"rendered":"https:\/\/nordic-drift.com\/product\/botella-agua-nordic-drift-trail-ultra-light-titanio-600-ml-plata\/"},"modified":"2026-03-19T09:34:24","modified_gmt":"2026-03-19T09:34:24","slug":"botella-agua-nordic-drift-trail-ultra-light-titanio-600-ml-plata","status":"publish","type":"product","link":"https:\/\/nordic-drift.com\/es\/product\/botella-agua-nordic-drift-trail-ultra-light-titanio-600-ml-plata\/","title":{"rendered":"Botella agua Nordic Drift Trail Ultra Light titanio 600 ml, plata"},"content":{"rendered":"<p>Dise\u00f1ado para durar, hecho para explorar.<br \/>\n Dise\u00f1ado con titanio de primera calidad, este termo de 600 ml es ultraligero, excepcionalmente duradero y completamente resistente a la oxidaci\u00f3n y los olores. Mantiene tu bebida pura y fresca, sin afectar su sabor original. Dise\u00f1ado con una robusta tapa de rosca y un asa de transporte para cualquier aventura, desde caminatas dif\u00edciles hasta desplazamientos diarios. Presentado en una caja de regalo FSC.<br \/>\n Todos los productos Nordic Drift se someten a pruebas de calidad. Creemos firmemente en el rendimiento y la durabilidad de nuestros productos, por lo que cada art\u00edculo cuenta con una garant\u00eda de 5 a\u00f1os contra defectos de fabricaci\u00f3n. Para m\u00e1s informaci\u00f3n, visita www.nordic-drift.com<\/p>\n","protected":false},"excerpt":{"rendered":"<p>Dise\u00f1ado para durar, hecho para explorar. Dise\u00f1ado con titanio de primera calidad, este termo de 600 ml es ultraligero, excepcionalmente duradero y completamente resistente a la oxidaci\u00f3n y los olores. Mantiene tu bebida pura y fresca, sin afectar su sabor original. Dise\u00f1ado con una robusta tapa de rosca y un asa de transporte para cualquier [&hellip;]<\/p>\n","protected":false},"featured_media":3871,"comment_status":"closed","ping_status":"closed","template":"","meta":{"_acf_changed":false},"product_cat":[108],"product_tag":[],"class_list":["post-3870","product","type-product","status-publish","has-post-thumbnail","hentry","product_cat-comida-y-bebida","pa_color-silver"],"acf":[],"yoast_head":"<!-- This site is optimized with the Yoast SEO plugin v27.0 - https:\/\/yoast.com\/product\/yoast-seo-wordpress\/ -->\n<title>Botella agua Nordic Drift Trail Ultra Light titanio 600 ml, plata - Nordic Drift<\/title>\n<meta name=\"robots\" content=\"index, follow, max-snippet:-1, max-image-preview:large, max-video-preview:-1\" \/>\n<link rel=\"canonical\" href=\"https:\/\/nordic-drift.com\/es\/product\/botella-agua-nordic-drift-trail-ultra-light-titanio-600-ml-plata\/\" \/>\n<meta property=\"og:locale\" content=\"es_ES\" \/>\n<meta property=\"og:type\" content=\"article\" \/>\n<meta property=\"og:title\" content=\"Botella agua Nordic Drift Trail Ultra Light titanio 600 ml, plata - Nordic Drift\" \/>\n<meta property=\"og:description\" content=\"Dise\u00f1ado para durar, hecho para explorar. Dise\u00f1ado con titanio de primera calidad, este termo de 600 ml es ultraligero, excepcionalmente duradero y completamente resistente a la oxidaci\u00f3n y los olores. Mantiene tu bebida pura y fresca, sin afectar su sabor original. Dise\u00f1ado con una robusta tapa de rosca y un asa de transporte para cualquier [&hellip;]\" \/>\n<meta property=\"og:url\" content=\"https:\/\/nordic-drift.com\/es\/product\/botella-agua-nordic-drift-trail-ultra-light-titanio-600-ml-plata\/\" \/>\n<meta property=\"og:site_name\" content=\"Nordic Drift\" \/>\n<meta property=\"article:modified_time\" content=\"2026-03-19T09:34:24+00:00\" \/>\n<meta property=\"og:image\" content=\"https:\/\/nordic-drift.com\/wp-content\/uploads\/sites\/14\/2026\/02\/ND340.0002__S_0__4ca571b1ba474be0a2a1ee58cd73536c.jpg\" \/>\n\t<meta property=\"og:image:width\" content=\"1024\" \/>\n\t<meta property=\"og:image:height\" content=\"1024\" \/>\n\t<meta property=\"og:image:type\" content=\"image\/jpeg\" \/>\n<meta name=\"twitter:card\" content=\"summary_large_image\" \/>\n<meta name=\"twitter:label1\" content=\"Tiempo de lectura\" \/>\n\t<meta name=\"twitter:data1\" content=\"1 minuto\" \/>\n<script type=\"application\/ld+json\" class=\"yoast-schema-graph\">{\"@context\":\"https:\/\/schema.org\",\"@graph\":[{\"@type\":\"WebPage\",\"@id\":\"https:\/\/nordic-drift.com\/es\/product\/botella-agua-nordic-drift-trail-ultra-light-titanio-600-ml-plata\/\",\"url\":\"https:\/\/nordic-drift.com\/es\/product\/botella-agua-nordic-drift-trail-ultra-light-titanio-600-ml-plata\/\",\"name\":\"Botella agua Nordic Drift Trail Ultra Light titanio 600 ml, plata - Nordic Drift\",\"isPartOf\":{\"@id\":\"https:\/\/nordic-drift.com\/es\/#website\"},\"primaryImageOfPage\":{\"@id\":\"https:\/\/nordic-drift.com\/es\/product\/botella-agua-nordic-drift-trail-ultra-light-titanio-600-ml-plata\/#primaryimage\"},\"image\":{\"@id\":\"https:\/\/nordic-drift.com\/es\/product\/botella-agua-nordic-drift-trail-ultra-light-titanio-600-ml-plata\/#primaryimage\"},\"thumbnailUrl\":\"https:\/\/nordic-drift.com\/wp-content\/uploads\/sites\/14\/2026\/02\/ND340.0002__S_0__4ca571b1ba474be0a2a1ee58cd73536c.jpg\",\"datePublished\":\"2026-01-27T14:00:32+00:00\",\"dateModified\":\"2026-03-19T09:34:24+00:00\",\"breadcrumb\":{\"@id\":\"https:\/\/nordic-drift.com\/es\/product\/botella-agua-nordic-drift-trail-ultra-light-titanio-600-ml-plata\/#breadcrumb\"},\"inLanguage\":\"es\",\"potentialAction\":[{\"@type\":\"ReadAction\",\"target\":[\"https:\/\/nordic-drift.com\/es\/product\/botella-agua-nordic-drift-trail-ultra-light-titanio-600-ml-plata\/\"]}]},{\"@type\":\"ImageObject\",\"inLanguage\":\"es\",\"@id\":\"https:\/\/nordic-drift.com\/es\/product\/botella-agua-nordic-drift-trail-ultra-light-titanio-600-ml-plata\/#primaryimage\",\"url\":\"https:\/\/nordic-drift.com\/wp-content\/uploads\/sites\/14\/2026\/02\/ND340.0002__S_0__4ca571b1ba474be0a2a1ee58cd73536c.jpg\",\"contentUrl\":\"https:\/\/nordic-drift.com\/wp-content\/uploads\/sites\/14\/2026\/02\/ND340.0002__S_0__4ca571b1ba474be0a2a1ee58cd73536c.jpg\",\"width\":1024,\"height\":1024},{\"@type\":\"BreadcrumbList\",\"@id\":\"https:\/\/nordic-drift.com\/es\/product\/botella-agua-nordic-drift-trail-ultra-light-titanio-600-ml-plata\/#breadcrumb\",\"itemListElement\":[{\"@type\":\"ListItem\",\"position\":1,\"name\":\"Home\",\"item\":\"https:\/\/nordic-drift.com\/es\/\"},{\"@type\":\"ListItem\",\"position\":2,\"name\":\"Colecci\u00f3n\",\"item\":\"https:\/\/nordic-drift.com\/es\/coleccion\/\"},{\"@type\":\"ListItem\",\"position\":3,\"name\":\"Botella agua Nordic Drift Trail Ultra Light titanio 600 ml, plata\"}]},{\"@type\":\"WebSite\",\"@id\":\"https:\/\/nordic-drift.com\/es\/#website\",\"url\":\"https:\/\/nordic-drift.com\/es\/\",\"name\":\"Nordic Drift\",\"description\":\"Built to Last, Made to Explore.\",\"potentialAction\":[{\"@type\":\"SearchAction\",\"target\":{\"@type\":\"EntryPoint\",\"urlTemplate\":\"https:\/\/nordic-drift.com\/es\/?s={search_term_string}\"},\"query-input\":{\"@type\":\"PropertyValueSpecification\",\"valueRequired\":true,\"valueName\":\"search_term_string\"}}],\"inLanguage\":\"es\"}]}<\/script>\n<!-- \/ Yoast SEO plugin. -->","yoast_head_json":{"title":"Botella agua Nordic Drift Trail Ultra Light titanio 600 ml, plata - Nordic Drift","robots":{"index":"index","follow":"follow","max-snippet":"max-snippet:-1","max-image-preview":"max-image-preview:large","max-video-preview":"max-video-preview:-1"},"canonical":"https:\/\/nordic-drift.com\/es\/product\/botella-agua-nordic-drift-trail-ultra-light-titanio-600-ml-plata\/","og_locale":"es_ES","og_type":"article","og_title":"Botella agua Nordic Drift Trail Ultra Light titanio 600 ml, plata - Nordic Drift","og_description":"Dise\u00f1ado para durar, hecho para explorar. Dise\u00f1ado con titanio de primera calidad, este termo de 600 ml es ultraligero, excepcionalmente duradero y completamente resistente a la oxidaci\u00f3n y los olores. Mantiene tu bebida pura y fresca, sin afectar su sabor original. Dise\u00f1ado con una robusta tapa de rosca y un asa de transporte para cualquier [&hellip;]","og_url":"https:\/\/nordic-drift.com\/es\/product\/botella-agua-nordic-drift-trail-ultra-light-titanio-600-ml-plata\/","og_site_name":"Nordic Drift","article_modified_time":"2026-03-19T09:34:24+00:00","og_image":[{"width":1024,"height":1024,"url":"https:\/\/nordic-drift.com\/wp-content\/uploads\/sites\/14\/2026\/02\/ND340.0002__S_0__4ca571b1ba474be0a2a1ee58cd73536c.jpg","type":"image\/jpeg"}],"twitter_card":"summary_large_image","twitter_misc":{"Tiempo de lectura":"1 minuto"},"schema":{"@context":"https:\/\/schema.org","@graph":[{"@type":"WebPage","@id":"https:\/\/nordic-drift.com\/es\/product\/botella-agua-nordic-drift-trail-ultra-light-titanio-600-ml-plata\/","url":"https:\/\/nordic-drift.com\/es\/product\/botella-agua-nordic-drift-trail-ultra-light-titanio-600-ml-plata\/","name":"Botella agua Nordic Drift Trail Ultra Light titanio 600 ml, plata - Nordic Drift","isPartOf":{"@id":"https:\/\/nordic-drift.com\/es\/#website"},"primaryImageOfPage":{"@id":"https:\/\/nordic-drift.com\/es\/product\/botella-agua-nordic-drift-trail-ultra-light-titanio-600-ml-plata\/#primaryimage"},"image":{"@id":"https:\/\/nordic-drift.com\/es\/product\/botella-agua-nordic-drift-trail-ultra-light-titanio-600-ml-plata\/#primaryimage"},"thumbnailUrl":"https:\/\/nordic-drift.com\/wp-content\/uploads\/sites\/14\/2026\/02\/ND340.0002__S_0__4ca571b1ba474be0a2a1ee58cd73536c.jpg","datePublished":"2026-01-27T14:00:32+00:00","dateModified":"2026-03-19T09:34:24+00:00","breadcrumb":{"@id":"https:\/\/nordic-drift.com\/es\/product\/botella-agua-nordic-drift-trail-ultra-light-titanio-600-ml-plata\/#breadcrumb"},"inLanguage":"es","potentialAction":[{"@type":"ReadAction","target":["https:\/\/nordic-drift.com\/es\/product\/botella-agua-nordic-drift-trail-ultra-light-titanio-600-ml-plata\/"]}]},{"@type":"ImageObject","inLanguage":"es","@id":"https:\/\/nordic-drift.com\/es\/product\/botella-agua-nordic-drift-trail-ultra-light-titanio-600-ml-plata\/#primaryimage","url":"https:\/\/nordic-drift.com\/wp-content\/uploads\/sites\/14\/2026\/02\/ND340.0002__S_0__4ca571b1ba474be0a2a1ee58cd73536c.jpg","contentUrl":"https:\/\/nordic-drift.com\/wp-content\/uploads\/sites\/14\/2026\/02\/ND340.0002__S_0__4ca571b1ba474be0a2a1ee58cd73536c.jpg","width":1024,"height":1024},{"@type":"BreadcrumbList","@id":"https:\/\/nordic-drift.com\/es\/product\/botella-agua-nordic-drift-trail-ultra-light-titanio-600-ml-plata\/#breadcrumb","itemListElement":[{"@type":"ListItem","position":1,"name":"Home","item":"https:\/\/nordic-drift.com\/es\/"},{"@type":"ListItem","position":2,"name":"Colecci\u00f3n","item":"https:\/\/nordic-drift.com\/es\/coleccion\/"},{"@type":"ListItem","position":3,"name":"Botella agua Nordic Drift Trail Ultra Light titanio 600 ml, plata"}]},{"@type":"WebSite","@id":"https:\/\/nordic-drift.com\/es\/#website","url":"https:\/\/nordic-drift.com\/es\/","name":"Nordic Drift","description":"Built to Last, Made to Explore.","potentialAction":[{"@type":"SearchAction","target":{"@type":"EntryPoint","urlTemplate":"https:\/\/nordic-drift.com\/es\/?s={search_term_string}"},"query-input":{"@type":"PropertyValueSpecification","valueRequired":true,"valueName":"search_term_string"}}],"inLanguage":"es"}]}},"_links":{"self":[{"href":"https:\/\/nordic-drift.com\/es\/wp-json\/wp\/v2\/product\/3870","targetHints":{"allow":["GET"]}}],"collection":[{"href":"https:\/\/nordic-drift.com\/es\/wp-json\/wp\/v2\/product"}],"about":[{"href":"https:\/\/nordic-drift.com\/es\/wp-json\/wp\/v2\/types\/product"}],"replies":[{"embeddable":true,"href":"https:\/\/nordic-drift.com\/es\/wp-json\/wp\/v2\/comments?post=3870"}],"wp:featuredmedia":[{"embeddable":true,"href":"https:\/\/nordic-drift.com\/es\/wp-json\/wp\/v2\/media\/3871"}],"wp:attachment":[{"href":"https:\/\/nordic-drift.com\/es\/wp-json\/wp\/v2\/media?parent=3870"}],"wp:term":[{"taxonomy":"product_cat","embeddable":true,"href":"https:\/\/nordic-drift.com\/es\/wp-json\/wp\/v2\/product_cat?post=3870"},{"taxonomy":"product_tag","embeddable":true,"href":"https:\/\/nordic-drift.com\/es\/wp-json\/wp\/v2\/product_tag?post=3870"}],"curies":[{"name":"wp","href":"https:\/\/api.w.org\/{rel}","templated":true}]}}