{"id":3796,"date":"2026-01-27T14:00:32","date_gmt":"2026-01-27T14:00:32","guid":{"rendered":"https:\/\/nordic-drift.com\/product\/bolsa-termica-nordic-drift-storm-rcs-repelente-al-agua-negro\/"},"modified":"2026-03-19T09:34:19","modified_gmt":"2026-03-19T09:34:19","slug":"bolsa-termica-nordic-drift-storm-rcs-repelente-al-agua-negro","status":"publish","type":"product","link":"https:\/\/nordic-drift.com\/es\/product\/bolsa-termica-nordic-drift-storm-rcs-repelente-al-agua-negro\/","title":{"rendered":"Bolsa t\u00e9rmica Nordic Drift Storm RCS repelente al agua, negro"},"content":{"rendered":"<p>Una pr\u00e1ctica bolsa t\u00e9rmica para el almuerzo para tus necesidades diarias. Fabricada con un 32% de poli\u00e9ster reciclado certificado (RCS) y un revestimiento de PU repelente al agua, ofrece protecci\u00f3n contra la intemperie y es f\u00e1cil de limpiar. El aislamiento de PEVA mantiene el contenido a la temperatura ideal durante m\u00e1s tiempo, asegurando que tus alimentos y bebidas se mantengan frescos por m\u00e1s tiempo. Un bolsillo exterior m\u00e1s grande, una pr\u00e1ctica asa de transporte y un interior espacioso con espacio para guardar tanto el tupper como art\u00edculos esenciales m\u00e1s peque\u00f1os la convierten en la bolsa perfecta para llevar. Todos los productos Nordic Drift se someten a pruebas de calidad. Porque creemos firmemente en el rendimiento y la durabilidad de nuestros productos, cada art\u00edculo cuenta con una garant\u00eda de 5 a\u00f1os contra defectos de fabricaci\u00f3n. Para m\u00e1s informaci\u00f3n, visita www.nordic-drift.com.<\/p>\n","protected":false},"excerpt":{"rendered":"<p>Una pr\u00e1ctica bolsa t\u00e9rmica para el almuerzo para tus necesidades diarias. Fabricada con un 32% de poli\u00e9ster reciclado certificado (RCS) y un revestimiento de PU repelente al agua, ofrece protecci\u00f3n contra la intemperie y es f\u00e1cil de limpiar. El aislamiento de PEVA mantiene el contenido a la temperatura ideal durante m\u00e1s tiempo, asegurando que tus [&hellip;]<\/p>\n","protected":false},"featured_media":3797,"comment_status":"closed","ping_status":"closed","template":"","meta":{"_acf_changed":false},"product_cat":[99,103],"product_tag":[],"class_list":["post-3796","product","type-product","status-publish","has-post-thumbnail","hentry","product_cat-aware","product_cat-bolsos","pa_color-black"],"acf":[],"yoast_head":"<!-- This site is optimized with the Yoast SEO plugin v27.0 - https:\/\/yoast.com\/product\/yoast-seo-wordpress\/ -->\n<title>Bolsa t\u00e9rmica Nordic Drift Storm RCS repelente al agua, negro - Nordic Drift<\/title>\n<meta name=\"robots\" content=\"index, follow, max-snippet:-1, max-image-preview:large, max-video-preview:-1\" \/>\n<link rel=\"canonical\" href=\"https:\/\/nordic-drift.com\/es\/product\/bolsa-termica-nordic-drift-storm-rcs-repelente-al-agua-negro\/\" \/>\n<meta property=\"og:locale\" content=\"es_ES\" \/>\n<meta property=\"og:type\" content=\"article\" \/>\n<meta property=\"og:title\" content=\"Bolsa t\u00e9rmica Nordic Drift Storm RCS repelente al agua, negro - Nordic Drift\" \/>\n<meta property=\"og:description\" content=\"Una pr\u00e1ctica bolsa t\u00e9rmica para el almuerzo para tus necesidades diarias. Fabricada con un 32% de poli\u00e9ster reciclado certificado (RCS) y un revestimiento de PU repelente al agua, ofrece protecci\u00f3n contra la intemperie y es f\u00e1cil de limpiar. El aislamiento de PEVA mantiene el contenido a la temperatura ideal durante m\u00e1s tiempo, asegurando que tus [&hellip;]\" \/>\n<meta property=\"og:url\" content=\"https:\/\/nordic-drift.com\/es\/product\/bolsa-termica-nordic-drift-storm-rcs-repelente-al-agua-negro\/\" \/>\n<meta property=\"og:site_name\" content=\"Nordic Drift\" \/>\n<meta property=\"article:modified_time\" content=\"2026-03-19T09:34:19+00:00\" \/>\n<meta property=\"og:image\" content=\"https:\/\/nordic-drift.com\/wp-content\/uploads\/sites\/14\/2026\/01\/ND210.0501__S_0__fc084ae64e664326974e282ad3b0191e.jpg\" \/>\n\t<meta property=\"og:image:width\" content=\"1024\" \/>\n\t<meta property=\"og:image:height\" content=\"1024\" \/>\n\t<meta property=\"og:image:type\" content=\"image\/jpeg\" \/>\n<meta name=\"twitter:card\" content=\"summary_large_image\" \/>\n<meta name=\"twitter:label1\" content=\"Tiempo de lectura\" \/>\n\t<meta name=\"twitter:data1\" content=\"1 minuto\" \/>\n<script type=\"application\/ld+json\" class=\"yoast-schema-graph\">{\"@context\":\"https:\/\/schema.org\",\"@graph\":[{\"@type\":\"WebPage\",\"@id\":\"https:\/\/nordic-drift.com\/es\/product\/bolsa-termica-nordic-drift-storm-rcs-repelente-al-agua-negro\/\",\"url\":\"https:\/\/nordic-drift.com\/es\/product\/bolsa-termica-nordic-drift-storm-rcs-repelente-al-agua-negro\/\",\"name\":\"Bolsa t\u00e9rmica Nordic Drift Storm RCS repelente al agua, negro - Nordic Drift\",\"isPartOf\":{\"@id\":\"https:\/\/nordic-drift.com\/es\/#website\"},\"primaryImageOfPage\":{\"@id\":\"https:\/\/nordic-drift.com\/es\/product\/bolsa-termica-nordic-drift-storm-rcs-repelente-al-agua-negro\/#primaryimage\"},\"image\":{\"@id\":\"https:\/\/nordic-drift.com\/es\/product\/bolsa-termica-nordic-drift-storm-rcs-repelente-al-agua-negro\/#primaryimage\"},\"thumbnailUrl\":\"https:\/\/nordic-drift.com\/wp-content\/uploads\/sites\/14\/2026\/01\/ND210.0501__S_0__fc084ae64e664326974e282ad3b0191e.jpg\",\"datePublished\":\"2026-01-27T14:00:32+00:00\",\"dateModified\":\"2026-03-19T09:34:19+00:00\",\"breadcrumb\":{\"@id\":\"https:\/\/nordic-drift.com\/es\/product\/bolsa-termica-nordic-drift-storm-rcs-repelente-al-agua-negro\/#breadcrumb\"},\"inLanguage\":\"es\",\"potentialAction\":[{\"@type\":\"ReadAction\",\"target\":[\"https:\/\/nordic-drift.com\/es\/product\/bolsa-termica-nordic-drift-storm-rcs-repelente-al-agua-negro\/\"]}]},{\"@type\":\"ImageObject\",\"inLanguage\":\"es\",\"@id\":\"https:\/\/nordic-drift.com\/es\/product\/bolsa-termica-nordic-drift-storm-rcs-repelente-al-agua-negro\/#primaryimage\",\"url\":\"https:\/\/nordic-drift.com\/wp-content\/uploads\/sites\/14\/2026\/01\/ND210.0501__S_0__fc084ae64e664326974e282ad3b0191e.jpg\",\"contentUrl\":\"https:\/\/nordic-drift.com\/wp-content\/uploads\/sites\/14\/2026\/01\/ND210.0501__S_0__fc084ae64e664326974e282ad3b0191e.jpg\",\"width\":1024,\"height\":1024},{\"@type\":\"BreadcrumbList\",\"@id\":\"https:\/\/nordic-drift.com\/es\/product\/bolsa-termica-nordic-drift-storm-rcs-repelente-al-agua-negro\/#breadcrumb\",\"itemListElement\":[{\"@type\":\"ListItem\",\"position\":1,\"name\":\"Home\",\"item\":\"https:\/\/nordic-drift.com\/es\/\"},{\"@type\":\"ListItem\",\"position\":2,\"name\":\"Colecci\u00f3n\",\"item\":\"https:\/\/nordic-drift.com\/es\/coleccion\/\"},{\"@type\":\"ListItem\",\"position\":3,\"name\":\"Bolsa t\u00e9rmica Nordic Drift Storm RCS repelente al agua, negro\"}]},{\"@type\":\"WebSite\",\"@id\":\"https:\/\/nordic-drift.com\/es\/#website\",\"url\":\"https:\/\/nordic-drift.com\/es\/\",\"name\":\"Nordic Drift\",\"description\":\"Built to Last, Made to Explore.\",\"potentialAction\":[{\"@type\":\"SearchAction\",\"target\":{\"@type\":\"EntryPoint\",\"urlTemplate\":\"https:\/\/nordic-drift.com\/es\/?s={search_term_string}\"},\"query-input\":{\"@type\":\"PropertyValueSpecification\",\"valueRequired\":true,\"valueName\":\"search_term_string\"}}],\"inLanguage\":\"es\"}]}<\/script>\n<!-- \/ Yoast SEO plugin. -->","yoast_head_json":{"title":"Bolsa t\u00e9rmica Nordic Drift Storm RCS repelente al agua, negro - Nordic Drift","robots":{"index":"index","follow":"follow","max-snippet":"max-snippet:-1","max-image-preview":"max-image-preview:large","max-video-preview":"max-video-preview:-1"},"canonical":"https:\/\/nordic-drift.com\/es\/product\/bolsa-termica-nordic-drift-storm-rcs-repelente-al-agua-negro\/","og_locale":"es_ES","og_type":"article","og_title":"Bolsa t\u00e9rmica Nordic Drift Storm RCS repelente al agua, negro - Nordic Drift","og_description":"Una pr\u00e1ctica bolsa t\u00e9rmica para el almuerzo para tus necesidades diarias. Fabricada con un 32% de poli\u00e9ster reciclado certificado (RCS) y un revestimiento de PU repelente al agua, ofrece protecci\u00f3n contra la intemperie y es f\u00e1cil de limpiar. El aislamiento de PEVA mantiene el contenido a la temperatura ideal durante m\u00e1s tiempo, asegurando que tus [&hellip;]","og_url":"https:\/\/nordic-drift.com\/es\/product\/bolsa-termica-nordic-drift-storm-rcs-repelente-al-agua-negro\/","og_site_name":"Nordic Drift","article_modified_time":"2026-03-19T09:34:19+00:00","og_image":[{"width":1024,"height":1024,"url":"https:\/\/nordic-drift.com\/wp-content\/uploads\/sites\/14\/2026\/01\/ND210.0501__S_0__fc084ae64e664326974e282ad3b0191e.jpg","type":"image\/jpeg"}],"twitter_card":"summary_large_image","twitter_misc":{"Tiempo de lectura":"1 minuto"},"schema":{"@context":"https:\/\/schema.org","@graph":[{"@type":"WebPage","@id":"https:\/\/nordic-drift.com\/es\/product\/bolsa-termica-nordic-drift-storm-rcs-repelente-al-agua-negro\/","url":"https:\/\/nordic-drift.com\/es\/product\/bolsa-termica-nordic-drift-storm-rcs-repelente-al-agua-negro\/","name":"Bolsa t\u00e9rmica Nordic Drift Storm RCS repelente al agua, negro - Nordic Drift","isPartOf":{"@id":"https:\/\/nordic-drift.com\/es\/#website"},"primaryImageOfPage":{"@id":"https:\/\/nordic-drift.com\/es\/product\/bolsa-termica-nordic-drift-storm-rcs-repelente-al-agua-negro\/#primaryimage"},"image":{"@id":"https:\/\/nordic-drift.com\/es\/product\/bolsa-termica-nordic-drift-storm-rcs-repelente-al-agua-negro\/#primaryimage"},"thumbnailUrl":"https:\/\/nordic-drift.com\/wp-content\/uploads\/sites\/14\/2026\/01\/ND210.0501__S_0__fc084ae64e664326974e282ad3b0191e.jpg","datePublished":"2026-01-27T14:00:32+00:00","dateModified":"2026-03-19T09:34:19+00:00","breadcrumb":{"@id":"https:\/\/nordic-drift.com\/es\/product\/bolsa-termica-nordic-drift-storm-rcs-repelente-al-agua-negro\/#breadcrumb"},"inLanguage":"es","potentialAction":[{"@type":"ReadAction","target":["https:\/\/nordic-drift.com\/es\/product\/bolsa-termica-nordic-drift-storm-rcs-repelente-al-agua-negro\/"]}]},{"@type":"ImageObject","inLanguage":"es","@id":"https:\/\/nordic-drift.com\/es\/product\/bolsa-termica-nordic-drift-storm-rcs-repelente-al-agua-negro\/#primaryimage","url":"https:\/\/nordic-drift.com\/wp-content\/uploads\/sites\/14\/2026\/01\/ND210.0501__S_0__fc084ae64e664326974e282ad3b0191e.jpg","contentUrl":"https:\/\/nordic-drift.com\/wp-content\/uploads\/sites\/14\/2026\/01\/ND210.0501__S_0__fc084ae64e664326974e282ad3b0191e.jpg","width":1024,"height":1024},{"@type":"BreadcrumbList","@id":"https:\/\/nordic-drift.com\/es\/product\/bolsa-termica-nordic-drift-storm-rcs-repelente-al-agua-negro\/#breadcrumb","itemListElement":[{"@type":"ListItem","position":1,"name":"Home","item":"https:\/\/nordic-drift.com\/es\/"},{"@type":"ListItem","position":2,"name":"Colecci\u00f3n","item":"https:\/\/nordic-drift.com\/es\/coleccion\/"},{"@type":"ListItem","position":3,"name":"Bolsa t\u00e9rmica Nordic Drift Storm RCS repelente al agua, negro"}]},{"@type":"WebSite","@id":"https:\/\/nordic-drift.com\/es\/#website","url":"https:\/\/nordic-drift.com\/es\/","name":"Nordic Drift","description":"Built to Last, Made to Explore.","potentialAction":[{"@type":"SearchAction","target":{"@type":"EntryPoint","urlTemplate":"https:\/\/nordic-drift.com\/es\/?s={search_term_string}"},"query-input":{"@type":"PropertyValueSpecification","valueRequired":true,"valueName":"search_term_string"}}],"inLanguage":"es"}]}},"_links":{"self":[{"href":"https:\/\/nordic-drift.com\/es\/wp-json\/wp\/v2\/product\/3796","targetHints":{"allow":["GET"]}}],"collection":[{"href":"https:\/\/nordic-drift.com\/es\/wp-json\/wp\/v2\/product"}],"about":[{"href":"https:\/\/nordic-drift.com\/es\/wp-json\/wp\/v2\/types\/product"}],"replies":[{"embeddable":true,"href":"https:\/\/nordic-drift.com\/es\/wp-json\/wp\/v2\/comments?post=3796"}],"wp:featuredmedia":[{"embeddable":true,"href":"https:\/\/nordic-drift.com\/es\/wp-json\/wp\/v2\/media\/3797"}],"wp:attachment":[{"href":"https:\/\/nordic-drift.com\/es\/wp-json\/wp\/v2\/media?parent=3796"}],"wp:term":[{"taxonomy":"product_cat","embeddable":true,"href":"https:\/\/nordic-drift.com\/es\/wp-json\/wp\/v2\/product_cat?post=3796"},{"taxonomy":"product_tag","embeddable":true,"href":"https:\/\/nordic-drift.com\/es\/wp-json\/wp\/v2\/product_tag?post=3796"}],"curies":[{"name":"wp","href":"https:\/\/api.w.org\/{rel}","templated":true}]}}