{"id":3766,"date":"2026-01-27T14:00:28","date_gmt":"2026-01-27T14:00:28","guid":{"rendered":"https:\/\/nordic-drift.com\/product\/nevera-portatil-impermeable-nordic-drift-rcs-22l-negro\/"},"modified":"2026-03-19T09:34:15","modified_gmt":"2026-03-19T09:34:15","slug":"nevera-portatil-impermeable-nordic-drift-rcs-22l-negro","status":"publish","type":"product","link":"https:\/\/nordic-drift.com\/es\/product\/nevera-portatil-impermeable-nordic-drift-rcs-22l-negro\/","title":{"rendered":"Nevera port\u00e1til impermeable Nordic Drift RCS 22L, negro"},"content":{"rendered":"<p>Una espaciosa nevera port\u00e1til con cierre enrollable flexible, que ofrece de 15 a 22 litros de almacenamiento ajustable. Fabricada con un 34% de poli\u00e9ster reciclado certificado (RCS) y un revestimiento de PU repelente al agua para una limpieza f\u00e1cil. Su aislamiento extra grueso de PEVA mantiene el contenido a la temperatura ideal durante m\u00e1s tiempo, garantizando que tus alimentos y bebidas se mantengan frescos durante m\u00e1s tiempo. El sistema de transporte 2 en 1 ofrece c\u00f3modas asas y una correa de hombro ajustable y extra\u00edble. Presillas con mosquet\u00f3n para sujetar f\u00e1cilmente tus objetos esenciales, bolsillo exterior abierto y abridor de botellas integrado. Todos los productos Nordic Drift se someten a pruebas de calidad. Creemos firmemente en el rendimiento y la durabilidad de nuestros productos, por lo que cada art\u00edculo cuenta con una garant\u00eda de 5 a\u00f1os contra defectos de fabricaci\u00f3n. Para m\u00e1s informaci\u00f3n visita www.nordic-drift.com. Certificado por Control Union, CU1162221.<\/p>\n","protected":false},"excerpt":{"rendered":"<p>Una espaciosa nevera port\u00e1til con cierre enrollable flexible, que ofrece de 15 a 22 litros de almacenamiento ajustable. Fabricada con un 34% de poli\u00e9ster reciclado certificado (RCS) y un revestimiento de PU repelente al agua para una limpieza f\u00e1cil. Su aislamiento extra grueso de PEVA mantiene el contenido a la temperatura ideal durante m\u00e1s tiempo, [&hellip;]<\/p>\n","protected":false},"featured_media":3767,"comment_status":"closed","ping_status":"closed","template":"","meta":{"_acf_changed":false},"product_cat":[103],"product_tag":[],"class_list":["post-3766","product","type-product","status-publish","has-post-thumbnail","hentry","product_cat-bolsos","pa_color-black"],"acf":[],"yoast_head":"<!-- This site is optimized with the Yoast SEO plugin v27.0 - https:\/\/yoast.com\/product\/yoast-seo-wordpress\/ -->\n<title>Nevera port\u00e1til impermeable Nordic Drift RCS 22L, negro - Nordic Drift<\/title>\n<meta name=\"robots\" content=\"index, follow, max-snippet:-1, max-image-preview:large, max-video-preview:-1\" \/>\n<link rel=\"canonical\" href=\"https:\/\/nordic-drift.com\/es\/product\/nevera-portatil-impermeable-nordic-drift-rcs-22l-negro\/\" \/>\n<meta property=\"og:locale\" content=\"es_ES\" \/>\n<meta property=\"og:type\" content=\"article\" \/>\n<meta property=\"og:title\" content=\"Nevera port\u00e1til impermeable Nordic Drift RCS 22L, negro - Nordic Drift\" \/>\n<meta property=\"og:description\" content=\"Una espaciosa nevera port\u00e1til con cierre enrollable flexible, que ofrece de 15 a 22 litros de almacenamiento ajustable. Fabricada con un 34% de poli\u00e9ster reciclado certificado (RCS) y un revestimiento de PU repelente al agua para una limpieza f\u00e1cil. Su aislamiento extra grueso de PEVA mantiene el contenido a la temperatura ideal durante m\u00e1s tiempo, [&hellip;]\" \/>\n<meta property=\"og:url\" content=\"https:\/\/nordic-drift.com\/es\/product\/nevera-portatil-impermeable-nordic-drift-rcs-22l-negro\/\" \/>\n<meta property=\"og:site_name\" content=\"Nordic Drift\" \/>\n<meta property=\"article:modified_time\" content=\"2026-03-19T09:34:15+00:00\" \/>\n<meta property=\"og:image\" content=\"https:\/\/nordic-drift.com\/wp-content\/uploads\/sites\/14\/2026\/01\/ND210.0201__S_0__4c3bd3fe36694f51bbb8ccaa54834fd5.jpg\" \/>\n\t<meta property=\"og:image:width\" content=\"1024\" \/>\n\t<meta property=\"og:image:height\" content=\"1024\" \/>\n\t<meta property=\"og:image:type\" content=\"image\/jpeg\" \/>\n<meta name=\"twitter:card\" content=\"summary_large_image\" \/>\n<meta name=\"twitter:label1\" content=\"Tiempo de lectura\" \/>\n\t<meta name=\"twitter:data1\" content=\"1 minuto\" \/>\n<script type=\"application\/ld+json\" class=\"yoast-schema-graph\">{\"@context\":\"https:\/\/schema.org\",\"@graph\":[{\"@type\":\"WebPage\",\"@id\":\"https:\/\/nordic-drift.com\/es\/product\/nevera-portatil-impermeable-nordic-drift-rcs-22l-negro\/\",\"url\":\"https:\/\/nordic-drift.com\/es\/product\/nevera-portatil-impermeable-nordic-drift-rcs-22l-negro\/\",\"name\":\"Nevera port\u00e1til impermeable Nordic Drift RCS 22L, negro - Nordic Drift\",\"isPartOf\":{\"@id\":\"https:\/\/nordic-drift.com\/es\/#website\"},\"primaryImageOfPage\":{\"@id\":\"https:\/\/nordic-drift.com\/es\/product\/nevera-portatil-impermeable-nordic-drift-rcs-22l-negro\/#primaryimage\"},\"image\":{\"@id\":\"https:\/\/nordic-drift.com\/es\/product\/nevera-portatil-impermeable-nordic-drift-rcs-22l-negro\/#primaryimage\"},\"thumbnailUrl\":\"https:\/\/nordic-drift.com\/wp-content\/uploads\/sites\/14\/2026\/01\/ND210.0201__S_0__4c3bd3fe36694f51bbb8ccaa54834fd5.jpg\",\"datePublished\":\"2026-01-27T14:00:28+00:00\",\"dateModified\":\"2026-03-19T09:34:15+00:00\",\"breadcrumb\":{\"@id\":\"https:\/\/nordic-drift.com\/es\/product\/nevera-portatil-impermeable-nordic-drift-rcs-22l-negro\/#breadcrumb\"},\"inLanguage\":\"es\",\"potentialAction\":[{\"@type\":\"ReadAction\",\"target\":[\"https:\/\/nordic-drift.com\/es\/product\/nevera-portatil-impermeable-nordic-drift-rcs-22l-negro\/\"]}]},{\"@type\":\"ImageObject\",\"inLanguage\":\"es\",\"@id\":\"https:\/\/nordic-drift.com\/es\/product\/nevera-portatil-impermeable-nordic-drift-rcs-22l-negro\/#primaryimage\",\"url\":\"https:\/\/nordic-drift.com\/wp-content\/uploads\/sites\/14\/2026\/01\/ND210.0201__S_0__4c3bd3fe36694f51bbb8ccaa54834fd5.jpg\",\"contentUrl\":\"https:\/\/nordic-drift.com\/wp-content\/uploads\/sites\/14\/2026\/01\/ND210.0201__S_0__4c3bd3fe36694f51bbb8ccaa54834fd5.jpg\",\"width\":1024,\"height\":1024},{\"@type\":\"BreadcrumbList\",\"@id\":\"https:\/\/nordic-drift.com\/es\/product\/nevera-portatil-impermeable-nordic-drift-rcs-22l-negro\/#breadcrumb\",\"itemListElement\":[{\"@type\":\"ListItem\",\"position\":1,\"name\":\"Home\",\"item\":\"https:\/\/nordic-drift.com\/es\/\"},{\"@type\":\"ListItem\",\"position\":2,\"name\":\"Colecci\u00f3n\",\"item\":\"https:\/\/nordic-drift.com\/es\/coleccion\/\"},{\"@type\":\"ListItem\",\"position\":3,\"name\":\"Nevera port\u00e1til impermeable Nordic Drift RCS 22L, negro\"}]},{\"@type\":\"WebSite\",\"@id\":\"https:\/\/nordic-drift.com\/es\/#website\",\"url\":\"https:\/\/nordic-drift.com\/es\/\",\"name\":\"Nordic Drift\",\"description\":\"Built to Last, Made to Explore.\",\"potentialAction\":[{\"@type\":\"SearchAction\",\"target\":{\"@type\":\"EntryPoint\",\"urlTemplate\":\"https:\/\/nordic-drift.com\/es\/?s={search_term_string}\"},\"query-input\":{\"@type\":\"PropertyValueSpecification\",\"valueRequired\":true,\"valueName\":\"search_term_string\"}}],\"inLanguage\":\"es\"}]}<\/script>\n<!-- \/ Yoast SEO plugin. -->","yoast_head_json":{"title":"Nevera port\u00e1til impermeable Nordic Drift RCS 22L, negro - Nordic Drift","robots":{"index":"index","follow":"follow","max-snippet":"max-snippet:-1","max-image-preview":"max-image-preview:large","max-video-preview":"max-video-preview:-1"},"canonical":"https:\/\/nordic-drift.com\/es\/product\/nevera-portatil-impermeable-nordic-drift-rcs-22l-negro\/","og_locale":"es_ES","og_type":"article","og_title":"Nevera port\u00e1til impermeable Nordic Drift RCS 22L, negro - Nordic Drift","og_description":"Una espaciosa nevera port\u00e1til con cierre enrollable flexible, que ofrece de 15 a 22 litros de almacenamiento ajustable. Fabricada con un 34% de poli\u00e9ster reciclado certificado (RCS) y un revestimiento de PU repelente al agua para una limpieza f\u00e1cil. Su aislamiento extra grueso de PEVA mantiene el contenido a la temperatura ideal durante m\u00e1s tiempo, [&hellip;]","og_url":"https:\/\/nordic-drift.com\/es\/product\/nevera-portatil-impermeable-nordic-drift-rcs-22l-negro\/","og_site_name":"Nordic Drift","article_modified_time":"2026-03-19T09:34:15+00:00","og_image":[{"width":1024,"height":1024,"url":"https:\/\/nordic-drift.com\/wp-content\/uploads\/sites\/14\/2026\/01\/ND210.0201__S_0__4c3bd3fe36694f51bbb8ccaa54834fd5.jpg","type":"image\/jpeg"}],"twitter_card":"summary_large_image","twitter_misc":{"Tiempo de lectura":"1 minuto"},"schema":{"@context":"https:\/\/schema.org","@graph":[{"@type":"WebPage","@id":"https:\/\/nordic-drift.com\/es\/product\/nevera-portatil-impermeable-nordic-drift-rcs-22l-negro\/","url":"https:\/\/nordic-drift.com\/es\/product\/nevera-portatil-impermeable-nordic-drift-rcs-22l-negro\/","name":"Nevera port\u00e1til impermeable Nordic Drift RCS 22L, negro - Nordic Drift","isPartOf":{"@id":"https:\/\/nordic-drift.com\/es\/#website"},"primaryImageOfPage":{"@id":"https:\/\/nordic-drift.com\/es\/product\/nevera-portatil-impermeable-nordic-drift-rcs-22l-negro\/#primaryimage"},"image":{"@id":"https:\/\/nordic-drift.com\/es\/product\/nevera-portatil-impermeable-nordic-drift-rcs-22l-negro\/#primaryimage"},"thumbnailUrl":"https:\/\/nordic-drift.com\/wp-content\/uploads\/sites\/14\/2026\/01\/ND210.0201__S_0__4c3bd3fe36694f51bbb8ccaa54834fd5.jpg","datePublished":"2026-01-27T14:00:28+00:00","dateModified":"2026-03-19T09:34:15+00:00","breadcrumb":{"@id":"https:\/\/nordic-drift.com\/es\/product\/nevera-portatil-impermeable-nordic-drift-rcs-22l-negro\/#breadcrumb"},"inLanguage":"es","potentialAction":[{"@type":"ReadAction","target":["https:\/\/nordic-drift.com\/es\/product\/nevera-portatil-impermeable-nordic-drift-rcs-22l-negro\/"]}]},{"@type":"ImageObject","inLanguage":"es","@id":"https:\/\/nordic-drift.com\/es\/product\/nevera-portatil-impermeable-nordic-drift-rcs-22l-negro\/#primaryimage","url":"https:\/\/nordic-drift.com\/wp-content\/uploads\/sites\/14\/2026\/01\/ND210.0201__S_0__4c3bd3fe36694f51bbb8ccaa54834fd5.jpg","contentUrl":"https:\/\/nordic-drift.com\/wp-content\/uploads\/sites\/14\/2026\/01\/ND210.0201__S_0__4c3bd3fe36694f51bbb8ccaa54834fd5.jpg","width":1024,"height":1024},{"@type":"BreadcrumbList","@id":"https:\/\/nordic-drift.com\/es\/product\/nevera-portatil-impermeable-nordic-drift-rcs-22l-negro\/#breadcrumb","itemListElement":[{"@type":"ListItem","position":1,"name":"Home","item":"https:\/\/nordic-drift.com\/es\/"},{"@type":"ListItem","position":2,"name":"Colecci\u00f3n","item":"https:\/\/nordic-drift.com\/es\/coleccion\/"},{"@type":"ListItem","position":3,"name":"Nevera port\u00e1til impermeable Nordic Drift RCS 22L, negro"}]},{"@type":"WebSite","@id":"https:\/\/nordic-drift.com\/es\/#website","url":"https:\/\/nordic-drift.com\/es\/","name":"Nordic Drift","description":"Built to Last, Made to Explore.","potentialAction":[{"@type":"SearchAction","target":{"@type":"EntryPoint","urlTemplate":"https:\/\/nordic-drift.com\/es\/?s={search_term_string}"},"query-input":{"@type":"PropertyValueSpecification","valueRequired":true,"valueName":"search_term_string"}}],"inLanguage":"es"}]}},"_links":{"self":[{"href":"https:\/\/nordic-drift.com\/es\/wp-json\/wp\/v2\/product\/3766","targetHints":{"allow":["GET"]}}],"collection":[{"href":"https:\/\/nordic-drift.com\/es\/wp-json\/wp\/v2\/product"}],"about":[{"href":"https:\/\/nordic-drift.com\/es\/wp-json\/wp\/v2\/types\/product"}],"replies":[{"embeddable":true,"href":"https:\/\/nordic-drift.com\/es\/wp-json\/wp\/v2\/comments?post=3766"}],"wp:featuredmedia":[{"embeddable":true,"href":"https:\/\/nordic-drift.com\/es\/wp-json\/wp\/v2\/media\/3767"}],"wp:attachment":[{"href":"https:\/\/nordic-drift.com\/es\/wp-json\/wp\/v2\/media?parent=3766"}],"wp:term":[{"taxonomy":"product_cat","embeddable":true,"href":"https:\/\/nordic-drift.com\/es\/wp-json\/wp\/v2\/product_cat?post=3766"},{"taxonomy":"product_tag","embeddable":true,"href":"https:\/\/nordic-drift.com\/es\/wp-json\/wp\/v2\/product_tag?post=3766"}],"curies":[{"name":"wp","href":"https:\/\/api.w.org\/{rel}","templated":true}]}}