{"id":3666,"date":"2026-01-27T14:00:28","date_gmt":"2026-01-27T14:00:28","guid":{"rendered":"https:\/\/nordic-drift.com\/product\/negro\/"},"modified":"2026-03-19T09:34:09","modified_gmt":"2026-03-19T09:34:09","slug":"negro","status":"publish","type":"product","link":"https:\/\/nordic-drift.com\/es\/product\/negro\/","title":{"rendered":", negro"},"content":{"rendered":"<p>La mochila Nordic Drift Trail RCS 33L ofrece m\u00e1xima durabilidad, comodidad y funcionalidad. Fabricado con poli\u00e9ster reciclado certificado RCS, incluido PVC, con acabados negros y acentos naranjas. Peso 1175g, medidas (45\u00d716\u00d760cm) y ergon\u00f3mica. Muy vers\u00e1til y partes reflectantes. Espacio para cascos, gran espacio interior, protector para el agua y con ventilaci\u00f3n. Perfecto para senderismo, viajes y uso diario, totalmente rastreable mediante c\u00f3digo QR. Incluye una etiqueta colgante premium con certificaci\u00f3n FSC\u00ae con informaci\u00f3n detallada, lo que la convierte en una opci\u00f3n responsable, tanto para ti como para el planeta. Todos los productos Nordic Drift se someten a pruebas de calidad. Creemos firmemente en el rendimiento y la durabilidad de nuestro equipo, por lo que cada art\u00edculo cuenta con una garant\u00eda de 5 a\u00f1os contra defectos de fabricaci\u00f3n. Para m\u00e1s informaci\u00f3n, visita www.nordic-drift.com<\/p>\n","protected":false},"excerpt":{"rendered":"<p>La mochila Nordic Drift Trail RCS 33L ofrece m\u00e1xima durabilidad, comodidad y funcionalidad. Fabricado con poli\u00e9ster reciclado certificado RCS, incluido PVC, con acabados negros y acentos naranjas. Peso 1175g, medidas (45\u00d716\u00d760cm) y ergon\u00f3mica. Muy vers\u00e1til y partes reflectantes. Espacio para cascos, gran espacio interior, protector para el agua y con ventilaci\u00f3n. Perfecto para senderismo, viajes [&hellip;]<\/p>\n","protected":false},"featured_media":3667,"comment_status":"closed","ping_status":"closed","template":"","meta":{"_acf_changed":false},"product_cat":[99,103],"product_tag":[],"class_list":["post-3666","product","type-product","status-publish","has-post-thumbnail","hentry","product_cat-aware","product_cat-bolsos","pa_color-black","pa_color-orange"],"acf":[],"yoast_head":"<!-- This site is optimized with the Yoast SEO plugin v27.0 - https:\/\/yoast.com\/product\/yoast-seo-wordpress\/ -->\n<title>, negro - Nordic Drift<\/title>\n<meta name=\"robots\" content=\"index, follow, max-snippet:-1, max-image-preview:large, max-video-preview:-1\" \/>\n<link rel=\"canonical\" href=\"https:\/\/nordic-drift.com\/es\/product\/negro\/\" \/>\n<meta property=\"og:locale\" content=\"es_ES\" \/>\n<meta property=\"og:type\" content=\"article\" \/>\n<meta property=\"og:title\" content=\", negro - Nordic Drift\" \/>\n<meta property=\"og:description\" content=\"La mochila Nordic Drift Trail RCS 33L ofrece m\u00e1xima durabilidad, comodidad y funcionalidad. Fabricado con poli\u00e9ster reciclado certificado RCS, incluido PVC, con acabados negros y acentos naranjas. Peso 1175g, medidas (45\u00d716\u00d760cm) y ergon\u00f3mica. Muy vers\u00e1til y partes reflectantes. Espacio para cascos, gran espacio interior, protector para el agua y con ventilaci\u00f3n. Perfecto para senderismo, viajes [&hellip;]\" \/>\n<meta property=\"og:url\" content=\"https:\/\/nordic-drift.com\/es\/product\/negro\/\" \/>\n<meta property=\"og:site_name\" content=\"Nordic Drift\" \/>\n<meta property=\"article:modified_time\" content=\"2026-03-19T09:34:09+00:00\" \/>\n<meta property=\"og:image\" content=\"https:\/\/nordic-drift.com\/wp-content\/uploads\/sites\/14\/2026\/01\/ND200.0001__S_0__7d6f86fe3e804f19bd49fc2577c848f9.jpg\" \/>\n\t<meta property=\"og:image:width\" content=\"1024\" \/>\n\t<meta property=\"og:image:height\" content=\"1024\" \/>\n\t<meta property=\"og:image:type\" content=\"image\/jpeg\" \/>\n<meta name=\"twitter:card\" content=\"summary_large_image\" \/>\n<meta name=\"twitter:label1\" content=\"Tiempo de lectura\" \/>\n\t<meta name=\"twitter:data1\" content=\"1 minuto\" \/>\n<script type=\"application\/ld+json\" class=\"yoast-schema-graph\">{\"@context\":\"https:\/\/schema.org\",\"@graph\":[{\"@type\":\"WebPage\",\"@id\":\"https:\/\/nordic-drift.com\/es\/product\/negro\/\",\"url\":\"https:\/\/nordic-drift.com\/es\/product\/negro\/\",\"name\":\", negro - Nordic Drift\",\"isPartOf\":{\"@id\":\"https:\/\/nordic-drift.com\/es\/#website\"},\"primaryImageOfPage\":{\"@id\":\"https:\/\/nordic-drift.com\/es\/product\/negro\/#primaryimage\"},\"image\":{\"@id\":\"https:\/\/nordic-drift.com\/es\/product\/negro\/#primaryimage\"},\"thumbnailUrl\":\"https:\/\/nordic-drift.com\/wp-content\/uploads\/sites\/14\/2026\/01\/ND200.0001__S_0__7d6f86fe3e804f19bd49fc2577c848f9.jpg\",\"datePublished\":\"2026-01-27T14:00:28+00:00\",\"dateModified\":\"2026-03-19T09:34:09+00:00\",\"breadcrumb\":{\"@id\":\"https:\/\/nordic-drift.com\/es\/product\/negro\/#breadcrumb\"},\"inLanguage\":\"es\",\"potentialAction\":[{\"@type\":\"ReadAction\",\"target\":[\"https:\/\/nordic-drift.com\/es\/product\/negro\/\"]}]},{\"@type\":\"ImageObject\",\"inLanguage\":\"es\",\"@id\":\"https:\/\/nordic-drift.com\/es\/product\/negro\/#primaryimage\",\"url\":\"https:\/\/nordic-drift.com\/wp-content\/uploads\/sites\/14\/2026\/01\/ND200.0001__S_0__7d6f86fe3e804f19bd49fc2577c848f9.jpg\",\"contentUrl\":\"https:\/\/nordic-drift.com\/wp-content\/uploads\/sites\/14\/2026\/01\/ND200.0001__S_0__7d6f86fe3e804f19bd49fc2577c848f9.jpg\",\"width\":1024,\"height\":1024},{\"@type\":\"BreadcrumbList\",\"@id\":\"https:\/\/nordic-drift.com\/es\/product\/negro\/#breadcrumb\",\"itemListElement\":[{\"@type\":\"ListItem\",\"position\":1,\"name\":\"Home\",\"item\":\"https:\/\/nordic-drift.com\/es\/\"},{\"@type\":\"ListItem\",\"position\":2,\"name\":\"Colecci\u00f3n\",\"item\":\"https:\/\/nordic-drift.com\/es\/coleccion\/\"},{\"@type\":\"ListItem\",\"position\":3,\"name\":\", negro\"}]},{\"@type\":\"WebSite\",\"@id\":\"https:\/\/nordic-drift.com\/es\/#website\",\"url\":\"https:\/\/nordic-drift.com\/es\/\",\"name\":\"Nordic Drift\",\"description\":\"Built to Last, Made to Explore.\",\"potentialAction\":[{\"@type\":\"SearchAction\",\"target\":{\"@type\":\"EntryPoint\",\"urlTemplate\":\"https:\/\/nordic-drift.com\/es\/?s={search_term_string}\"},\"query-input\":{\"@type\":\"PropertyValueSpecification\",\"valueRequired\":true,\"valueName\":\"search_term_string\"}}],\"inLanguage\":\"es\"}]}<\/script>\n<!-- \/ Yoast SEO plugin. -->","yoast_head_json":{"title":", negro - Nordic Drift","robots":{"index":"index","follow":"follow","max-snippet":"max-snippet:-1","max-image-preview":"max-image-preview:large","max-video-preview":"max-video-preview:-1"},"canonical":"https:\/\/nordic-drift.com\/es\/product\/negro\/","og_locale":"es_ES","og_type":"article","og_title":", negro - Nordic Drift","og_description":"La mochila Nordic Drift Trail RCS 33L ofrece m\u00e1xima durabilidad, comodidad y funcionalidad. Fabricado con poli\u00e9ster reciclado certificado RCS, incluido PVC, con acabados negros y acentos naranjas. Peso 1175g, medidas (45\u00d716\u00d760cm) y ergon\u00f3mica. Muy vers\u00e1til y partes reflectantes. Espacio para cascos, gran espacio interior, protector para el agua y con ventilaci\u00f3n. Perfecto para senderismo, viajes [&hellip;]","og_url":"https:\/\/nordic-drift.com\/es\/product\/negro\/","og_site_name":"Nordic Drift","article_modified_time":"2026-03-19T09:34:09+00:00","og_image":[{"width":1024,"height":1024,"url":"https:\/\/nordic-drift.com\/wp-content\/uploads\/sites\/14\/2026\/01\/ND200.0001__S_0__7d6f86fe3e804f19bd49fc2577c848f9.jpg","type":"image\/jpeg"}],"twitter_card":"summary_large_image","twitter_misc":{"Tiempo de lectura":"1 minuto"},"schema":{"@context":"https:\/\/schema.org","@graph":[{"@type":"WebPage","@id":"https:\/\/nordic-drift.com\/es\/product\/negro\/","url":"https:\/\/nordic-drift.com\/es\/product\/negro\/","name":", negro - Nordic Drift","isPartOf":{"@id":"https:\/\/nordic-drift.com\/es\/#website"},"primaryImageOfPage":{"@id":"https:\/\/nordic-drift.com\/es\/product\/negro\/#primaryimage"},"image":{"@id":"https:\/\/nordic-drift.com\/es\/product\/negro\/#primaryimage"},"thumbnailUrl":"https:\/\/nordic-drift.com\/wp-content\/uploads\/sites\/14\/2026\/01\/ND200.0001__S_0__7d6f86fe3e804f19bd49fc2577c848f9.jpg","datePublished":"2026-01-27T14:00:28+00:00","dateModified":"2026-03-19T09:34:09+00:00","breadcrumb":{"@id":"https:\/\/nordic-drift.com\/es\/product\/negro\/#breadcrumb"},"inLanguage":"es","potentialAction":[{"@type":"ReadAction","target":["https:\/\/nordic-drift.com\/es\/product\/negro\/"]}]},{"@type":"ImageObject","inLanguage":"es","@id":"https:\/\/nordic-drift.com\/es\/product\/negro\/#primaryimage","url":"https:\/\/nordic-drift.com\/wp-content\/uploads\/sites\/14\/2026\/01\/ND200.0001__S_0__7d6f86fe3e804f19bd49fc2577c848f9.jpg","contentUrl":"https:\/\/nordic-drift.com\/wp-content\/uploads\/sites\/14\/2026\/01\/ND200.0001__S_0__7d6f86fe3e804f19bd49fc2577c848f9.jpg","width":1024,"height":1024},{"@type":"BreadcrumbList","@id":"https:\/\/nordic-drift.com\/es\/product\/negro\/#breadcrumb","itemListElement":[{"@type":"ListItem","position":1,"name":"Home","item":"https:\/\/nordic-drift.com\/es\/"},{"@type":"ListItem","position":2,"name":"Colecci\u00f3n","item":"https:\/\/nordic-drift.com\/es\/coleccion\/"},{"@type":"ListItem","position":3,"name":", negro"}]},{"@type":"WebSite","@id":"https:\/\/nordic-drift.com\/es\/#website","url":"https:\/\/nordic-drift.com\/es\/","name":"Nordic Drift","description":"Built to Last, Made to Explore.","potentialAction":[{"@type":"SearchAction","target":{"@type":"EntryPoint","urlTemplate":"https:\/\/nordic-drift.com\/es\/?s={search_term_string}"},"query-input":{"@type":"PropertyValueSpecification","valueRequired":true,"valueName":"search_term_string"}}],"inLanguage":"es"}]}},"_links":{"self":[{"href":"https:\/\/nordic-drift.com\/es\/wp-json\/wp\/v2\/product\/3666","targetHints":{"allow":["GET"]}}],"collection":[{"href":"https:\/\/nordic-drift.com\/es\/wp-json\/wp\/v2\/product"}],"about":[{"href":"https:\/\/nordic-drift.com\/es\/wp-json\/wp\/v2\/types\/product"}],"replies":[{"embeddable":true,"href":"https:\/\/nordic-drift.com\/es\/wp-json\/wp\/v2\/comments?post=3666"}],"wp:featuredmedia":[{"embeddable":true,"href":"https:\/\/nordic-drift.com\/es\/wp-json\/wp\/v2\/media\/3667"}],"wp:attachment":[{"href":"https:\/\/nordic-drift.com\/es\/wp-json\/wp\/v2\/media?parent=3666"}],"wp:term":[{"taxonomy":"product_cat","embeddable":true,"href":"https:\/\/nordic-drift.com\/es\/wp-json\/wp\/v2\/product_cat?post=3666"},{"taxonomy":"product_tag","embeddable":true,"href":"https:\/\/nordic-drift.com\/es\/wp-json\/wp\/v2\/product_tag?post=3666"}],"curies":[{"name":"wp","href":"https:\/\/api.w.org\/{rel}","templated":true}]}}