{"id":3640,"date":"2026-01-27T14:00:28","date_gmt":"2026-01-27T14:00:28","guid":{"rendered":"https:\/\/nordic-drift.com\/product\/paraguas-nordic-drift-23-rpet-aware-upf50-negro\/"},"modified":"2026-03-19T09:34:08","modified_gmt":"2026-03-19T09:34:08","slug":"paraguas-nordic-drift-23-rpet-aware-upf50-negro","status":"publish","type":"product","link":"https:\/\/nordic-drift.com\/es\/product\/paraguas-nordic-drift-23-rpet-aware-upf50-negro\/","title":{"rendered":"Paraguas Nordic Drift 23\u201d RPET AWARE\u2122 UPF50+, negro"},"content":{"rendered":"<p>El paraguas Nordic Drift Trail de 23&#8243;\u00bb AWARE\u2122 RPET ofrece protecci\u00f3n solar y contra tormentas con factor UPF 50+ en un dise\u00f1o duradero y ecol\u00f3gico. Est\u00e1 fabricado con 100% rPET 190T con trazador AWARE\u2122, varilla de acero, varillas de fibra de vidrio (8 paneles) y funci\u00f3n de apertura y cierre autom\u00e1tico.<\/p>\n<p>Compacto (31,5\u00d7\u00d87\u202fcm plegado, dosel \u00d8116\u202fcm, 376\u202fg), cuenta con mango EVA, correa ajustable, punta de metal y logo reflectante de Nordic Drift. Incluye funda de transporte y total trazabilidad mediante c\u00f3digos QR DPP.<\/p>\n<p>Cada paraguas incluye etiqueta colgante premium certificada FSC\u00ae con informaci\u00f3n detallada, convirti\u00e9ndolo en una elecci\u00f3n responsable para ti y para el planeta. Todos los productos Nordic Drift son probados en calidad, y cada art\u00edculo cuenta con garant\u00eda de 5 a\u00f1os por defectos de fabricaci\u00f3n. Para m\u00e1s informaci\u00f3n, visita www.nordic-drift.com.<\/p>\n","protected":false},"excerpt":{"rendered":"<p>El paraguas Nordic Drift Trail de 23&#8243;\u00bb AWARE\u2122 RPET ofrece protecci\u00f3n solar y contra tormentas con factor UPF 50+ en un dise\u00f1o duradero y ecol\u00f3gico. Est\u00e1 fabricado con 100% rPET 190T con trazador AWARE\u2122, varilla de acero, varillas de fibra de vidrio (8 paneles) y funci\u00f3n de apertura y cierre autom\u00e1tico. Compacto (31,5\u00d7\u00d87\u202fcm plegado, dosel [&hellip;]<\/p>\n","protected":false},"featured_media":3641,"comment_status":"closed","ping_status":"closed","template":"","meta":{"_acf_changed":false},"product_cat":[93,99],"product_tag":[],"class_list":["post-3640","product","type-product","status-publish","has-post-thumbnail","hentry","product_cat-accesorios","product_cat-aware","pa_color-black"],"acf":[],"yoast_head":"<!-- This site is optimized with the Yoast SEO plugin v27.0 - https:\/\/yoast.com\/product\/yoast-seo-wordpress\/ -->\n<title>Paraguas Nordic Drift 23\u201d RPET AWARE\u2122 UPF50+, negro - Nordic Drift<\/title>\n<meta name=\"robots\" content=\"index, follow, max-snippet:-1, max-image-preview:large, max-video-preview:-1\" \/>\n<link rel=\"canonical\" href=\"https:\/\/nordic-drift.com\/es\/product\/paraguas-nordic-drift-23-rpet-aware-upf50-negro\/\" \/>\n<meta property=\"og:locale\" content=\"es_ES\" \/>\n<meta property=\"og:type\" content=\"article\" \/>\n<meta property=\"og:title\" content=\"Paraguas Nordic Drift 23\u201d RPET AWARE\u2122 UPF50+, negro - Nordic Drift\" \/>\n<meta property=\"og:description\" content=\"El paraguas Nordic Drift Trail de 23&#8243;\u00bb AWARE\u2122 RPET ofrece protecci\u00f3n solar y contra tormentas con factor UPF 50+ en un dise\u00f1o duradero y ecol\u00f3gico. Est\u00e1 fabricado con 100% rPET 190T con trazador AWARE\u2122, varilla de acero, varillas de fibra de vidrio (8 paneles) y funci\u00f3n de apertura y cierre autom\u00e1tico. Compacto (31,5\u00d7\u00d87\u202fcm plegado, dosel [&hellip;]\" \/>\n<meta property=\"og:url\" content=\"https:\/\/nordic-drift.com\/es\/product\/paraguas-nordic-drift-23-rpet-aware-upf50-negro\/\" \/>\n<meta property=\"og:site_name\" content=\"Nordic Drift\" \/>\n<meta property=\"article:modified_time\" content=\"2026-03-19T09:34:08+00:00\" \/>\n<meta property=\"og:image\" content=\"https:\/\/nordic-drift.com\/wp-content\/uploads\/sites\/14\/2026\/02\/ND160.0001__S_0__d2a33f455f5a440b84da1a1b8e33dbca.jpg\" \/>\n\t<meta property=\"og:image:width\" content=\"1024\" \/>\n\t<meta property=\"og:image:height\" content=\"1024\" \/>\n\t<meta property=\"og:image:type\" content=\"image\/jpeg\" \/>\n<meta name=\"twitter:card\" content=\"summary_large_image\" \/>\n<meta name=\"twitter:label1\" content=\"Tiempo de lectura\" \/>\n\t<meta name=\"twitter:data1\" content=\"1 minuto\" \/>\n<script type=\"application\/ld+json\" class=\"yoast-schema-graph\">{\"@context\":\"https:\/\/schema.org\",\"@graph\":[{\"@type\":\"WebPage\",\"@id\":\"https:\/\/nordic-drift.com\/es\/product\/paraguas-nordic-drift-23-rpet-aware-upf50-negro\/\",\"url\":\"https:\/\/nordic-drift.com\/es\/product\/paraguas-nordic-drift-23-rpet-aware-upf50-negro\/\",\"name\":\"Paraguas Nordic Drift 23\u201d RPET AWARE\u2122 UPF50+, negro - Nordic Drift\",\"isPartOf\":{\"@id\":\"https:\/\/nordic-drift.com\/es\/#website\"},\"primaryImageOfPage\":{\"@id\":\"https:\/\/nordic-drift.com\/es\/product\/paraguas-nordic-drift-23-rpet-aware-upf50-negro\/#primaryimage\"},\"image\":{\"@id\":\"https:\/\/nordic-drift.com\/es\/product\/paraguas-nordic-drift-23-rpet-aware-upf50-negro\/#primaryimage\"},\"thumbnailUrl\":\"https:\/\/nordic-drift.com\/wp-content\/uploads\/sites\/14\/2026\/02\/ND160.0001__S_0__d2a33f455f5a440b84da1a1b8e33dbca.jpg\",\"datePublished\":\"2026-01-27T14:00:28+00:00\",\"dateModified\":\"2026-03-19T09:34:08+00:00\",\"breadcrumb\":{\"@id\":\"https:\/\/nordic-drift.com\/es\/product\/paraguas-nordic-drift-23-rpet-aware-upf50-negro\/#breadcrumb\"},\"inLanguage\":\"es\",\"potentialAction\":[{\"@type\":\"ReadAction\",\"target\":[\"https:\/\/nordic-drift.com\/es\/product\/paraguas-nordic-drift-23-rpet-aware-upf50-negro\/\"]}]},{\"@type\":\"ImageObject\",\"inLanguage\":\"es\",\"@id\":\"https:\/\/nordic-drift.com\/es\/product\/paraguas-nordic-drift-23-rpet-aware-upf50-negro\/#primaryimage\",\"url\":\"https:\/\/nordic-drift.com\/wp-content\/uploads\/sites\/14\/2026\/02\/ND160.0001__S_0__d2a33f455f5a440b84da1a1b8e33dbca.jpg\",\"contentUrl\":\"https:\/\/nordic-drift.com\/wp-content\/uploads\/sites\/14\/2026\/02\/ND160.0001__S_0__d2a33f455f5a440b84da1a1b8e33dbca.jpg\",\"width\":1024,\"height\":1024},{\"@type\":\"BreadcrumbList\",\"@id\":\"https:\/\/nordic-drift.com\/es\/product\/paraguas-nordic-drift-23-rpet-aware-upf50-negro\/#breadcrumb\",\"itemListElement\":[{\"@type\":\"ListItem\",\"position\":1,\"name\":\"Home\",\"item\":\"https:\/\/nordic-drift.com\/es\/\"},{\"@type\":\"ListItem\",\"position\":2,\"name\":\"Colecci\u00f3n\",\"item\":\"https:\/\/nordic-drift.com\/es\/coleccion\/\"},{\"@type\":\"ListItem\",\"position\":3,\"name\":\"Paraguas Nordic Drift 23\u201d RPET AWARE\u2122 UPF50+, negro\"}]},{\"@type\":\"WebSite\",\"@id\":\"https:\/\/nordic-drift.com\/es\/#website\",\"url\":\"https:\/\/nordic-drift.com\/es\/\",\"name\":\"Nordic Drift\",\"description\":\"Built to Last, Made to Explore.\",\"potentialAction\":[{\"@type\":\"SearchAction\",\"target\":{\"@type\":\"EntryPoint\",\"urlTemplate\":\"https:\/\/nordic-drift.com\/es\/?s={search_term_string}\"},\"query-input\":{\"@type\":\"PropertyValueSpecification\",\"valueRequired\":true,\"valueName\":\"search_term_string\"}}],\"inLanguage\":\"es\"}]}<\/script>\n<!-- \/ Yoast SEO plugin. -->","yoast_head_json":{"title":"Paraguas Nordic Drift 23\u201d RPET AWARE\u2122 UPF50+, negro - Nordic Drift","robots":{"index":"index","follow":"follow","max-snippet":"max-snippet:-1","max-image-preview":"max-image-preview:large","max-video-preview":"max-video-preview:-1"},"canonical":"https:\/\/nordic-drift.com\/es\/product\/paraguas-nordic-drift-23-rpet-aware-upf50-negro\/","og_locale":"es_ES","og_type":"article","og_title":"Paraguas Nordic Drift 23\u201d RPET AWARE\u2122 UPF50+, negro - Nordic Drift","og_description":"El paraguas Nordic Drift Trail de 23&#8243;\u00bb AWARE\u2122 RPET ofrece protecci\u00f3n solar y contra tormentas con factor UPF 50+ en un dise\u00f1o duradero y ecol\u00f3gico. Est\u00e1 fabricado con 100% rPET 190T con trazador AWARE\u2122, varilla de acero, varillas de fibra de vidrio (8 paneles) y funci\u00f3n de apertura y cierre autom\u00e1tico. Compacto (31,5\u00d7\u00d87\u202fcm plegado, dosel [&hellip;]","og_url":"https:\/\/nordic-drift.com\/es\/product\/paraguas-nordic-drift-23-rpet-aware-upf50-negro\/","og_site_name":"Nordic Drift","article_modified_time":"2026-03-19T09:34:08+00:00","og_image":[{"width":1024,"height":1024,"url":"https:\/\/nordic-drift.com\/wp-content\/uploads\/sites\/14\/2026\/02\/ND160.0001__S_0__d2a33f455f5a440b84da1a1b8e33dbca.jpg","type":"image\/jpeg"}],"twitter_card":"summary_large_image","twitter_misc":{"Tiempo de lectura":"1 minuto"},"schema":{"@context":"https:\/\/schema.org","@graph":[{"@type":"WebPage","@id":"https:\/\/nordic-drift.com\/es\/product\/paraguas-nordic-drift-23-rpet-aware-upf50-negro\/","url":"https:\/\/nordic-drift.com\/es\/product\/paraguas-nordic-drift-23-rpet-aware-upf50-negro\/","name":"Paraguas Nordic Drift 23\u201d RPET AWARE\u2122 UPF50+, negro - Nordic Drift","isPartOf":{"@id":"https:\/\/nordic-drift.com\/es\/#website"},"primaryImageOfPage":{"@id":"https:\/\/nordic-drift.com\/es\/product\/paraguas-nordic-drift-23-rpet-aware-upf50-negro\/#primaryimage"},"image":{"@id":"https:\/\/nordic-drift.com\/es\/product\/paraguas-nordic-drift-23-rpet-aware-upf50-negro\/#primaryimage"},"thumbnailUrl":"https:\/\/nordic-drift.com\/wp-content\/uploads\/sites\/14\/2026\/02\/ND160.0001__S_0__d2a33f455f5a440b84da1a1b8e33dbca.jpg","datePublished":"2026-01-27T14:00:28+00:00","dateModified":"2026-03-19T09:34:08+00:00","breadcrumb":{"@id":"https:\/\/nordic-drift.com\/es\/product\/paraguas-nordic-drift-23-rpet-aware-upf50-negro\/#breadcrumb"},"inLanguage":"es","potentialAction":[{"@type":"ReadAction","target":["https:\/\/nordic-drift.com\/es\/product\/paraguas-nordic-drift-23-rpet-aware-upf50-negro\/"]}]},{"@type":"ImageObject","inLanguage":"es","@id":"https:\/\/nordic-drift.com\/es\/product\/paraguas-nordic-drift-23-rpet-aware-upf50-negro\/#primaryimage","url":"https:\/\/nordic-drift.com\/wp-content\/uploads\/sites\/14\/2026\/02\/ND160.0001__S_0__d2a33f455f5a440b84da1a1b8e33dbca.jpg","contentUrl":"https:\/\/nordic-drift.com\/wp-content\/uploads\/sites\/14\/2026\/02\/ND160.0001__S_0__d2a33f455f5a440b84da1a1b8e33dbca.jpg","width":1024,"height":1024},{"@type":"BreadcrumbList","@id":"https:\/\/nordic-drift.com\/es\/product\/paraguas-nordic-drift-23-rpet-aware-upf50-negro\/#breadcrumb","itemListElement":[{"@type":"ListItem","position":1,"name":"Home","item":"https:\/\/nordic-drift.com\/es\/"},{"@type":"ListItem","position":2,"name":"Colecci\u00f3n","item":"https:\/\/nordic-drift.com\/es\/coleccion\/"},{"@type":"ListItem","position":3,"name":"Paraguas Nordic Drift 23\u201d RPET AWARE\u2122 UPF50+, negro"}]},{"@type":"WebSite","@id":"https:\/\/nordic-drift.com\/es\/#website","url":"https:\/\/nordic-drift.com\/es\/","name":"Nordic Drift","description":"Built to Last, Made to Explore.","potentialAction":[{"@type":"SearchAction","target":{"@type":"EntryPoint","urlTemplate":"https:\/\/nordic-drift.com\/es\/?s={search_term_string}"},"query-input":{"@type":"PropertyValueSpecification","valueRequired":true,"valueName":"search_term_string"}}],"inLanguage":"es"}]}},"_links":{"self":[{"href":"https:\/\/nordic-drift.com\/es\/wp-json\/wp\/v2\/product\/3640","targetHints":{"allow":["GET"]}}],"collection":[{"href":"https:\/\/nordic-drift.com\/es\/wp-json\/wp\/v2\/product"}],"about":[{"href":"https:\/\/nordic-drift.com\/es\/wp-json\/wp\/v2\/types\/product"}],"replies":[{"embeddable":true,"href":"https:\/\/nordic-drift.com\/es\/wp-json\/wp\/v2\/comments?post=3640"}],"wp:featuredmedia":[{"embeddable":true,"href":"https:\/\/nordic-drift.com\/es\/wp-json\/wp\/v2\/media\/3641"}],"wp:attachment":[{"href":"https:\/\/nordic-drift.com\/es\/wp-json\/wp\/v2\/media?parent=3640"}],"wp:term":[{"taxonomy":"product_cat","embeddable":true,"href":"https:\/\/nordic-drift.com\/es\/wp-json\/wp\/v2\/product_cat?post=3640"},{"taxonomy":"product_tag","embeddable":true,"href":"https:\/\/nordic-drift.com\/es\/wp-json\/wp\/v2\/product_tag?post=3640"}],"curies":[{"name":"wp","href":"https:\/\/api.w.org\/{rel}","templated":true}]}}