{"id":2995,"date":"2026-01-27T14:00:40","date_gmt":"2026-01-27T14:00:40","guid":{"rendered":"https:\/\/nordic-drift.com\/product\/nordic-drift-rcs-horizon-upf-50-bucket-hat-navy-blau\/"},"modified":"2026-03-26T10:01:38","modified_gmt":"2026-03-26T10:01:38","slug":"nordic-drift-rcs-horizon-upf-50-bucket-hat-navy-blau","status":"publish","type":"product","link":"https:\/\/nordic-drift.com\/de\/product\/nordic-drift-rcs-horizon-upf-50-bucket-hat-navy-blau\/","title":{"rendered":"RCS Horizon UPF 50+ Bucket-Hat, navy blau"},"content":{"rendered":"<p>Komfort, w\u00e4hrend das faltbare und verstaubare Design es einfach macht, ihn zusammenzurollen oder in Deiner Tasche zu verstauen. Er ist der perfekte Begleiter f\u00fcr Reisen, Wanderungen oder Outdoor-Aktivit\u00e4ten. Mit seiner flexiblen Passform und einem Kinnband f\u00fcr windresistente Stabilit\u00e4t kombiniert dieser Bucket-Hat Stil, Funktionalit\u00e4t und abenteuertaugliche Leistung. Alle Produkte von Nordic Drift werden auf ihre Qualit\u00e4t gepr\u00fcft. Da wir von der Leistung und Langlebigkeit unserer Ausr\u00fcstung \u00fcberzeugt sind, gew\u00e4hren wir auf jeden Artikel eine 5-j\u00e4hrige Garantie auf Herstellungsfehler.<\/p>\n","protected":false},"excerpt":{"rendered":"<p>Komfort, w\u00e4hrend das faltbare und verstaubare Design es einfach macht, ihn zusammenzurollen oder in Deiner Tasche zu verstauen. Er ist der perfekte Begleiter f\u00fcr Reisen, Wanderungen oder Outdoor-Aktivit\u00e4ten. Mit seiner flexiblen Passform und einem Kinnband f\u00fcr windresistente Stabilit\u00e4t kombiniert dieser Bucket-Hat Stil, Funktionalit\u00e4t und abenteuertaugliche Leistung. Alle Produkte von Nordic Drift werden auf ihre Qualit\u00e4t [&hellip;]<\/p>\n","protected":false},"featured_media":2996,"comment_status":"closed","ping_status":"closed","template":"","meta":{"_acf_changed":false},"product_cat":[96,91],"product_tag":[],"class_list":["post-2995","product","type-product","status-publish","has-post-thumbnail","hentry","product_cat-aware","product_cat-zubehor","pa_color-navy"],"acf":[],"yoast_head":"<!-- This site is optimized with the Yoast SEO plugin v27.0 - https:\/\/yoast.com\/product\/yoast-seo-wordpress\/ -->\n<title>RCS Horizon UPF 50+ Bucket-Hat, navy blau - Nordic Drift<\/title>\n<meta name=\"robots\" content=\"index, follow, max-snippet:-1, max-image-preview:large, max-video-preview:-1\" \/>\n<link rel=\"canonical\" href=\"https:\/\/nordic-drift.com\/de\/product\/nordic-drift-rcs-horizon-upf-50-bucket-hat-navy-blau\/\" \/>\n<meta property=\"og:locale\" content=\"de_DE\" \/>\n<meta property=\"og:type\" content=\"article\" \/>\n<meta property=\"og:title\" content=\"RCS Horizon UPF 50+ Bucket-Hat, navy blau - Nordic Drift\" \/>\n<meta property=\"og:description\" content=\"Komfort, w\u00e4hrend das faltbare und verstaubare Design es einfach macht, ihn zusammenzurollen oder in Deiner Tasche zu verstauen. Er ist der perfekte Begleiter f\u00fcr Reisen, Wanderungen oder Outdoor-Aktivit\u00e4ten. Mit seiner flexiblen Passform und einem Kinnband f\u00fcr windresistente Stabilit\u00e4t kombiniert dieser Bucket-Hat Stil, Funktionalit\u00e4t und abenteuertaugliche Leistung. Alle Produkte von Nordic Drift werden auf ihre Qualit\u00e4t [&hellip;]\" \/>\n<meta property=\"og:url\" content=\"https:\/\/nordic-drift.com\/de\/product\/nordic-drift-rcs-horizon-upf-50-bucket-hat-navy-blau\/\" \/>\n<meta property=\"og:site_name\" content=\"Nordic Drift\" \/>\n<meta property=\"article:modified_time\" content=\"2026-03-26T10:01:38+00:00\" \/>\n<meta property=\"og:image\" content=\"https:\/\/nordic-drift.com\/wp-content\/uploads\/sites\/14\/2026\/02\/ND630.0125__S_0__29df7671945a4c29b7ec675ba7e81145.jpg\" \/>\n\t<meta property=\"og:image:width\" content=\"1024\" \/>\n\t<meta property=\"og:image:height\" content=\"1024\" \/>\n\t<meta property=\"og:image:type\" content=\"image\/jpeg\" \/>\n<meta name=\"twitter:card\" content=\"summary_large_image\" \/>\n<script type=\"application\/ld+json\" class=\"yoast-schema-graph\">{\"@context\":\"https:\/\/schema.org\",\"@graph\":[{\"@type\":\"WebPage\",\"@id\":\"https:\/\/nordic-drift.com\/de\/product\/nordic-drift-rcs-horizon-upf-50-bucket-hat-navy-blau\/\",\"url\":\"https:\/\/nordic-drift.com\/de\/product\/nordic-drift-rcs-horizon-upf-50-bucket-hat-navy-blau\/\",\"name\":\"RCS Horizon UPF 50+ Bucket-Hat, navy blau - Nordic Drift\",\"isPartOf\":{\"@id\":\"https:\/\/nordic-drift.com\/de\/#website\"},\"primaryImageOfPage\":{\"@id\":\"https:\/\/nordic-drift.com\/de\/product\/nordic-drift-rcs-horizon-upf-50-bucket-hat-navy-blau\/#primaryimage\"},\"image\":{\"@id\":\"https:\/\/nordic-drift.com\/de\/product\/nordic-drift-rcs-horizon-upf-50-bucket-hat-navy-blau\/#primaryimage\"},\"thumbnailUrl\":\"https:\/\/nordic-drift.com\/wp-content\/uploads\/sites\/14\/2026\/02\/ND630.0125__S_0__29df7671945a4c29b7ec675ba7e81145.jpg\",\"datePublished\":\"2026-01-27T14:00:40+00:00\",\"dateModified\":\"2026-03-26T10:01:38+00:00\",\"breadcrumb\":{\"@id\":\"https:\/\/nordic-drift.com\/de\/product\/nordic-drift-rcs-horizon-upf-50-bucket-hat-navy-blau\/#breadcrumb\"},\"inLanguage\":\"de\",\"potentialAction\":[{\"@type\":\"ReadAction\",\"target\":[\"https:\/\/nordic-drift.com\/de\/product\/nordic-drift-rcs-horizon-upf-50-bucket-hat-navy-blau\/\"]}]},{\"@type\":\"ImageObject\",\"inLanguage\":\"de\",\"@id\":\"https:\/\/nordic-drift.com\/de\/product\/nordic-drift-rcs-horizon-upf-50-bucket-hat-navy-blau\/#primaryimage\",\"url\":\"https:\/\/nordic-drift.com\/wp-content\/uploads\/sites\/14\/2026\/02\/ND630.0125__S_0__29df7671945a4c29b7ec675ba7e81145.jpg\",\"contentUrl\":\"https:\/\/nordic-drift.com\/wp-content\/uploads\/sites\/14\/2026\/02\/ND630.0125__S_0__29df7671945a4c29b7ec675ba7e81145.jpg\",\"width\":1024,\"height\":1024},{\"@type\":\"BreadcrumbList\",\"@id\":\"https:\/\/nordic-drift.com\/de\/product\/nordic-drift-rcs-horizon-upf-50-bucket-hat-navy-blau\/#breadcrumb\",\"itemListElement\":[{\"@type\":\"ListItem\",\"position\":1,\"name\":\"Home\",\"item\":\"https:\/\/nordic-drift.com\/de\/\"},{\"@type\":\"ListItem\",\"position\":2,\"name\":\"Kollektion\",\"item\":\"https:\/\/nordic-drift.com\/de\/kollektion\/\"},{\"@type\":\"ListItem\",\"position\":3,\"name\":\"RCS Horizon UPF 50+ Bucket-Hat, navy blau\"}]},{\"@type\":\"WebSite\",\"@id\":\"https:\/\/nordic-drift.com\/de\/#website\",\"url\":\"https:\/\/nordic-drift.com\/de\/\",\"name\":\"Nordic Drift\",\"description\":\"Built to Last, Made to Explore.\",\"potentialAction\":[{\"@type\":\"SearchAction\",\"target\":{\"@type\":\"EntryPoint\",\"urlTemplate\":\"https:\/\/nordic-drift.com\/de\/?s={search_term_string}\"},\"query-input\":{\"@type\":\"PropertyValueSpecification\",\"valueRequired\":true,\"valueName\":\"search_term_string\"}}],\"inLanguage\":\"de\"}]}<\/script>\n<!-- \/ Yoast SEO plugin. -->","yoast_head_json":{"title":"RCS Horizon UPF 50+ Bucket-Hat, navy blau - Nordic Drift","robots":{"index":"index","follow":"follow","max-snippet":"max-snippet:-1","max-image-preview":"max-image-preview:large","max-video-preview":"max-video-preview:-1"},"canonical":"https:\/\/nordic-drift.com\/de\/product\/nordic-drift-rcs-horizon-upf-50-bucket-hat-navy-blau\/","og_locale":"de_DE","og_type":"article","og_title":"RCS Horizon UPF 50+ Bucket-Hat, navy blau - Nordic Drift","og_description":"Komfort, w\u00e4hrend das faltbare und verstaubare Design es einfach macht, ihn zusammenzurollen oder in Deiner Tasche zu verstauen. Er ist der perfekte Begleiter f\u00fcr Reisen, Wanderungen oder Outdoor-Aktivit\u00e4ten. Mit seiner flexiblen Passform und einem Kinnband f\u00fcr windresistente Stabilit\u00e4t kombiniert dieser Bucket-Hat Stil, Funktionalit\u00e4t und abenteuertaugliche Leistung. Alle Produkte von Nordic Drift werden auf ihre Qualit\u00e4t [&hellip;]","og_url":"https:\/\/nordic-drift.com\/de\/product\/nordic-drift-rcs-horizon-upf-50-bucket-hat-navy-blau\/","og_site_name":"Nordic Drift","article_modified_time":"2026-03-26T10:01:38+00:00","og_image":[{"width":1024,"height":1024,"url":"https:\/\/nordic-drift.com\/wp-content\/uploads\/sites\/14\/2026\/02\/ND630.0125__S_0__29df7671945a4c29b7ec675ba7e81145.jpg","type":"image\/jpeg"}],"twitter_card":"summary_large_image","schema":{"@context":"https:\/\/schema.org","@graph":[{"@type":"WebPage","@id":"https:\/\/nordic-drift.com\/de\/product\/nordic-drift-rcs-horizon-upf-50-bucket-hat-navy-blau\/","url":"https:\/\/nordic-drift.com\/de\/product\/nordic-drift-rcs-horizon-upf-50-bucket-hat-navy-blau\/","name":"RCS Horizon UPF 50+ Bucket-Hat, navy blau - Nordic Drift","isPartOf":{"@id":"https:\/\/nordic-drift.com\/de\/#website"},"primaryImageOfPage":{"@id":"https:\/\/nordic-drift.com\/de\/product\/nordic-drift-rcs-horizon-upf-50-bucket-hat-navy-blau\/#primaryimage"},"image":{"@id":"https:\/\/nordic-drift.com\/de\/product\/nordic-drift-rcs-horizon-upf-50-bucket-hat-navy-blau\/#primaryimage"},"thumbnailUrl":"https:\/\/nordic-drift.com\/wp-content\/uploads\/sites\/14\/2026\/02\/ND630.0125__S_0__29df7671945a4c29b7ec675ba7e81145.jpg","datePublished":"2026-01-27T14:00:40+00:00","dateModified":"2026-03-26T10:01:38+00:00","breadcrumb":{"@id":"https:\/\/nordic-drift.com\/de\/product\/nordic-drift-rcs-horizon-upf-50-bucket-hat-navy-blau\/#breadcrumb"},"inLanguage":"de","potentialAction":[{"@type":"ReadAction","target":["https:\/\/nordic-drift.com\/de\/product\/nordic-drift-rcs-horizon-upf-50-bucket-hat-navy-blau\/"]}]},{"@type":"ImageObject","inLanguage":"de","@id":"https:\/\/nordic-drift.com\/de\/product\/nordic-drift-rcs-horizon-upf-50-bucket-hat-navy-blau\/#primaryimage","url":"https:\/\/nordic-drift.com\/wp-content\/uploads\/sites\/14\/2026\/02\/ND630.0125__S_0__29df7671945a4c29b7ec675ba7e81145.jpg","contentUrl":"https:\/\/nordic-drift.com\/wp-content\/uploads\/sites\/14\/2026\/02\/ND630.0125__S_0__29df7671945a4c29b7ec675ba7e81145.jpg","width":1024,"height":1024},{"@type":"BreadcrumbList","@id":"https:\/\/nordic-drift.com\/de\/product\/nordic-drift-rcs-horizon-upf-50-bucket-hat-navy-blau\/#breadcrumb","itemListElement":[{"@type":"ListItem","position":1,"name":"Home","item":"https:\/\/nordic-drift.com\/de\/"},{"@type":"ListItem","position":2,"name":"Kollektion","item":"https:\/\/nordic-drift.com\/de\/kollektion\/"},{"@type":"ListItem","position":3,"name":"RCS Horizon UPF 50+ Bucket-Hat, navy blau"}]},{"@type":"WebSite","@id":"https:\/\/nordic-drift.com\/de\/#website","url":"https:\/\/nordic-drift.com\/de\/","name":"Nordic Drift","description":"Built to Last, Made to Explore.","potentialAction":[{"@type":"SearchAction","target":{"@type":"EntryPoint","urlTemplate":"https:\/\/nordic-drift.com\/de\/?s={search_term_string}"},"query-input":{"@type":"PropertyValueSpecification","valueRequired":true,"valueName":"search_term_string"}}],"inLanguage":"de"}]}},"_links":{"self":[{"href":"https:\/\/nordic-drift.com\/de\/wp-json\/wp\/v2\/product\/2995","targetHints":{"allow":["GET"]}}],"collection":[{"href":"https:\/\/nordic-drift.com\/de\/wp-json\/wp\/v2\/product"}],"about":[{"href":"https:\/\/nordic-drift.com\/de\/wp-json\/wp\/v2\/types\/product"}],"replies":[{"embeddable":true,"href":"https:\/\/nordic-drift.com\/de\/wp-json\/wp\/v2\/comments?post=2995"}],"wp:featuredmedia":[{"embeddable":true,"href":"https:\/\/nordic-drift.com\/de\/wp-json\/wp\/v2\/media\/2996"}],"wp:attachment":[{"href":"https:\/\/nordic-drift.com\/de\/wp-json\/wp\/v2\/media?parent=2995"}],"wp:term":[{"taxonomy":"product_cat","embeddable":true,"href":"https:\/\/nordic-drift.com\/de\/wp-json\/wp\/v2\/product_cat?post=2995"},{"taxonomy":"product_tag","embeddable":true,"href":"https:\/\/nordic-drift.com\/de\/wp-json\/wp\/v2\/product_tag?post=2995"}],"curies":[{"name":"wp","href":"https:\/\/api.w.org\/{rel}","templated":true}]}}