{"id":2953,"date":"2026-01-27T14:00:40","date_gmt":"2026-01-27T14:00:40","guid":{"rendered":"https:\/\/nordic-drift.com\/product\/nordic-drift-rcs-aero-upf-50-kappe-beige\/"},"modified":"2026-03-26T10:01:34","modified_gmt":"2026-03-26T10:01:34","slug":"nordic-drift-rcs-aero-upf-50-kappe-beige","status":"publish","type":"product","link":"https:\/\/nordic-drift.com\/de\/product\/nordic-drift-rcs-aero-upf-50-kappe-beige\/","title":{"rendered":"RCS Aero UPF 50+ Kappe, beige"},"content":{"rendered":"<p>Eine leichte, atmungsaktive und vielseitige 5-Panel Kappe f\u00fcr jedes Abenteuer. Sie besteht zu 46% aus RCS zertifiziert recyceltem Nylon. Die UPF 50+ sch\u00fctzt dich vor den sch\u00e4dlichen UVA- und UVB-Strahlen der Sonne. Sie ist faltbar und passt so problemlos in deine Tasche oder Hosentasche, sodass sie sich perfekt f\u00fcr Reisen oder Outdoor-Aktivit\u00e4ten eignet. Die verstellbare Passform sorgt f\u00fcr individuellen Komfort und h\u00e4lt die Kappe sicher und stabil, egal wohin dich dein Tag f\u00fchrt. Stilvoll, funktional und bereit f\u00fcr Abenteuer. Alle Produkte von Nordic Drift werden auf ihre Qualit\u00e4t gepr\u00fcft. Da wir von der Leistungsf\u00e4higkeit und Langlebigkeit unserer Ausr\u00fcstung \u00fcberzeugt sind, gew\u00e4hren wir auf alle Artikel eine 5-j\u00e4hrige Garantie auf Herstellungsfehler.<\/p>\n","protected":false},"excerpt":{"rendered":"<p>Eine leichte, atmungsaktive und vielseitige 5-Panel Kappe f\u00fcr jedes Abenteuer. Sie besteht zu 46% aus RCS zertifiziert recyceltem Nylon. Die UPF 50+ sch\u00fctzt dich vor den sch\u00e4dlichen UVA- und UVB-Strahlen der Sonne. Sie ist faltbar und passt so problemlos in deine Tasche oder Hosentasche, sodass sie sich perfekt f\u00fcr Reisen oder Outdoor-Aktivit\u00e4ten eignet. Die verstellbare [&hellip;]<\/p>\n","protected":false},"featured_media":2954,"comment_status":"closed","ping_status":"closed","template":"","meta":{"_acf_changed":false},"product_cat":[96,91],"product_tag":[],"class_list":["post-2953","product","type-product","status-publish","has-post-thumbnail","hentry","product_cat-aware","product_cat-zubehor","pa_color-beige"],"acf":[],"yoast_head":"<!-- This site is optimized with the Yoast SEO plugin v27.0 - https:\/\/yoast.com\/product\/yoast-seo-wordpress\/ -->\n<title>RCS Aero UPF 50+ Kappe, beige - Nordic Drift<\/title>\n<meta name=\"robots\" content=\"index, follow, max-snippet:-1, max-image-preview:large, max-video-preview:-1\" \/>\n<link rel=\"canonical\" href=\"https:\/\/nordic-drift.com\/de\/product\/nordic-drift-rcs-aero-upf-50-kappe-beige\/\" \/>\n<meta property=\"og:locale\" content=\"de_DE\" \/>\n<meta property=\"og:type\" content=\"article\" \/>\n<meta property=\"og:title\" content=\"RCS Aero UPF 50+ Kappe, beige - Nordic Drift\" \/>\n<meta property=\"og:description\" content=\"Eine leichte, atmungsaktive und vielseitige 5-Panel Kappe f\u00fcr jedes Abenteuer. Sie besteht zu 46% aus RCS zertifiziert recyceltem Nylon. Die UPF 50+ sch\u00fctzt dich vor den sch\u00e4dlichen UVA- und UVB-Strahlen der Sonne. Sie ist faltbar und passt so problemlos in deine Tasche oder Hosentasche, sodass sie sich perfekt f\u00fcr Reisen oder Outdoor-Aktivit\u00e4ten eignet. Die verstellbare [&hellip;]\" \/>\n<meta property=\"og:url\" content=\"https:\/\/nordic-drift.com\/de\/product\/nordic-drift-rcs-aero-upf-50-kappe-beige\/\" \/>\n<meta property=\"og:site_name\" content=\"Nordic Drift\" \/>\n<meta property=\"article:modified_time\" content=\"2026-03-26T10:01:34+00:00\" \/>\n<meta property=\"og:image\" content=\"https:\/\/nordic-drift.com\/wp-content\/uploads\/sites\/14\/2026\/02\/ND630.0019__S_0__8689daa40a014001ac89d8eb49c480f9.jpg\" \/>\n\t<meta property=\"og:image:width\" content=\"1024\" \/>\n\t<meta property=\"og:image:height\" content=\"1024\" \/>\n\t<meta property=\"og:image:type\" content=\"image\/jpeg\" \/>\n<meta name=\"twitter:card\" content=\"summary_large_image\" \/>\n<meta name=\"twitter:label1\" content=\"Gesch\u00e4tzte Lesezeit\" \/>\n\t<meta name=\"twitter:data1\" content=\"1\u00a0Minute\" \/>\n<script type=\"application\/ld+json\" class=\"yoast-schema-graph\">{\"@context\":\"https:\/\/schema.org\",\"@graph\":[{\"@type\":\"WebPage\",\"@id\":\"https:\/\/nordic-drift.com\/de\/product\/nordic-drift-rcs-aero-upf-50-kappe-beige\/\",\"url\":\"https:\/\/nordic-drift.com\/de\/product\/nordic-drift-rcs-aero-upf-50-kappe-beige\/\",\"name\":\"RCS Aero UPF 50+ Kappe, beige - Nordic Drift\",\"isPartOf\":{\"@id\":\"https:\/\/nordic-drift.com\/de\/#website\"},\"primaryImageOfPage\":{\"@id\":\"https:\/\/nordic-drift.com\/de\/product\/nordic-drift-rcs-aero-upf-50-kappe-beige\/#primaryimage\"},\"image\":{\"@id\":\"https:\/\/nordic-drift.com\/de\/product\/nordic-drift-rcs-aero-upf-50-kappe-beige\/#primaryimage\"},\"thumbnailUrl\":\"https:\/\/nordic-drift.com\/wp-content\/uploads\/sites\/14\/2026\/02\/ND630.0019__S_0__8689daa40a014001ac89d8eb49c480f9.jpg\",\"datePublished\":\"2026-01-27T14:00:40+00:00\",\"dateModified\":\"2026-03-26T10:01:34+00:00\",\"breadcrumb\":{\"@id\":\"https:\/\/nordic-drift.com\/de\/product\/nordic-drift-rcs-aero-upf-50-kappe-beige\/#breadcrumb\"},\"inLanguage\":\"de\",\"potentialAction\":[{\"@type\":\"ReadAction\",\"target\":[\"https:\/\/nordic-drift.com\/de\/product\/nordic-drift-rcs-aero-upf-50-kappe-beige\/\"]}]},{\"@type\":\"ImageObject\",\"inLanguage\":\"de\",\"@id\":\"https:\/\/nordic-drift.com\/de\/product\/nordic-drift-rcs-aero-upf-50-kappe-beige\/#primaryimage\",\"url\":\"https:\/\/nordic-drift.com\/wp-content\/uploads\/sites\/14\/2026\/02\/ND630.0019__S_0__8689daa40a014001ac89d8eb49c480f9.jpg\",\"contentUrl\":\"https:\/\/nordic-drift.com\/wp-content\/uploads\/sites\/14\/2026\/02\/ND630.0019__S_0__8689daa40a014001ac89d8eb49c480f9.jpg\",\"width\":1024,\"height\":1024},{\"@type\":\"BreadcrumbList\",\"@id\":\"https:\/\/nordic-drift.com\/de\/product\/nordic-drift-rcs-aero-upf-50-kappe-beige\/#breadcrumb\",\"itemListElement\":[{\"@type\":\"ListItem\",\"position\":1,\"name\":\"Home\",\"item\":\"https:\/\/nordic-drift.com\/de\/\"},{\"@type\":\"ListItem\",\"position\":2,\"name\":\"Kollektion\",\"item\":\"https:\/\/nordic-drift.com\/de\/kollektion\/\"},{\"@type\":\"ListItem\",\"position\":3,\"name\":\"RCS Aero UPF 50+ Kappe, beige\"}]},{\"@type\":\"WebSite\",\"@id\":\"https:\/\/nordic-drift.com\/de\/#website\",\"url\":\"https:\/\/nordic-drift.com\/de\/\",\"name\":\"Nordic Drift\",\"description\":\"Built to Last, Made to Explore.\",\"potentialAction\":[{\"@type\":\"SearchAction\",\"target\":{\"@type\":\"EntryPoint\",\"urlTemplate\":\"https:\/\/nordic-drift.com\/de\/?s={search_term_string}\"},\"query-input\":{\"@type\":\"PropertyValueSpecification\",\"valueRequired\":true,\"valueName\":\"search_term_string\"}}],\"inLanguage\":\"de\"}]}<\/script>\n<!-- \/ Yoast SEO plugin. -->","yoast_head_json":{"title":"RCS Aero UPF 50+ Kappe, beige - Nordic Drift","robots":{"index":"index","follow":"follow","max-snippet":"max-snippet:-1","max-image-preview":"max-image-preview:large","max-video-preview":"max-video-preview:-1"},"canonical":"https:\/\/nordic-drift.com\/de\/product\/nordic-drift-rcs-aero-upf-50-kappe-beige\/","og_locale":"de_DE","og_type":"article","og_title":"RCS Aero UPF 50+ Kappe, beige - Nordic Drift","og_description":"Eine leichte, atmungsaktive und vielseitige 5-Panel Kappe f\u00fcr jedes Abenteuer. Sie besteht zu 46% aus RCS zertifiziert recyceltem Nylon. Die UPF 50+ sch\u00fctzt dich vor den sch\u00e4dlichen UVA- und UVB-Strahlen der Sonne. Sie ist faltbar und passt so problemlos in deine Tasche oder Hosentasche, sodass sie sich perfekt f\u00fcr Reisen oder Outdoor-Aktivit\u00e4ten eignet. Die verstellbare [&hellip;]","og_url":"https:\/\/nordic-drift.com\/de\/product\/nordic-drift-rcs-aero-upf-50-kappe-beige\/","og_site_name":"Nordic Drift","article_modified_time":"2026-03-26T10:01:34+00:00","og_image":[{"width":1024,"height":1024,"url":"https:\/\/nordic-drift.com\/wp-content\/uploads\/sites\/14\/2026\/02\/ND630.0019__S_0__8689daa40a014001ac89d8eb49c480f9.jpg","type":"image\/jpeg"}],"twitter_card":"summary_large_image","twitter_misc":{"Gesch\u00e4tzte Lesezeit":"1\u00a0Minute"},"schema":{"@context":"https:\/\/schema.org","@graph":[{"@type":"WebPage","@id":"https:\/\/nordic-drift.com\/de\/product\/nordic-drift-rcs-aero-upf-50-kappe-beige\/","url":"https:\/\/nordic-drift.com\/de\/product\/nordic-drift-rcs-aero-upf-50-kappe-beige\/","name":"RCS Aero UPF 50+ Kappe, beige - Nordic Drift","isPartOf":{"@id":"https:\/\/nordic-drift.com\/de\/#website"},"primaryImageOfPage":{"@id":"https:\/\/nordic-drift.com\/de\/product\/nordic-drift-rcs-aero-upf-50-kappe-beige\/#primaryimage"},"image":{"@id":"https:\/\/nordic-drift.com\/de\/product\/nordic-drift-rcs-aero-upf-50-kappe-beige\/#primaryimage"},"thumbnailUrl":"https:\/\/nordic-drift.com\/wp-content\/uploads\/sites\/14\/2026\/02\/ND630.0019__S_0__8689daa40a014001ac89d8eb49c480f9.jpg","datePublished":"2026-01-27T14:00:40+00:00","dateModified":"2026-03-26T10:01:34+00:00","breadcrumb":{"@id":"https:\/\/nordic-drift.com\/de\/product\/nordic-drift-rcs-aero-upf-50-kappe-beige\/#breadcrumb"},"inLanguage":"de","potentialAction":[{"@type":"ReadAction","target":["https:\/\/nordic-drift.com\/de\/product\/nordic-drift-rcs-aero-upf-50-kappe-beige\/"]}]},{"@type":"ImageObject","inLanguage":"de","@id":"https:\/\/nordic-drift.com\/de\/product\/nordic-drift-rcs-aero-upf-50-kappe-beige\/#primaryimage","url":"https:\/\/nordic-drift.com\/wp-content\/uploads\/sites\/14\/2026\/02\/ND630.0019__S_0__8689daa40a014001ac89d8eb49c480f9.jpg","contentUrl":"https:\/\/nordic-drift.com\/wp-content\/uploads\/sites\/14\/2026\/02\/ND630.0019__S_0__8689daa40a014001ac89d8eb49c480f9.jpg","width":1024,"height":1024},{"@type":"BreadcrumbList","@id":"https:\/\/nordic-drift.com\/de\/product\/nordic-drift-rcs-aero-upf-50-kappe-beige\/#breadcrumb","itemListElement":[{"@type":"ListItem","position":1,"name":"Home","item":"https:\/\/nordic-drift.com\/de\/"},{"@type":"ListItem","position":2,"name":"Kollektion","item":"https:\/\/nordic-drift.com\/de\/kollektion\/"},{"@type":"ListItem","position":3,"name":"RCS Aero UPF 50+ Kappe, beige"}]},{"@type":"WebSite","@id":"https:\/\/nordic-drift.com\/de\/#website","url":"https:\/\/nordic-drift.com\/de\/","name":"Nordic Drift","description":"Built to Last, Made to Explore.","potentialAction":[{"@type":"SearchAction","target":{"@type":"EntryPoint","urlTemplate":"https:\/\/nordic-drift.com\/de\/?s={search_term_string}"},"query-input":{"@type":"PropertyValueSpecification","valueRequired":true,"valueName":"search_term_string"}}],"inLanguage":"de"}]}},"_links":{"self":[{"href":"https:\/\/nordic-drift.com\/de\/wp-json\/wp\/v2\/product\/2953","targetHints":{"allow":["GET"]}}],"collection":[{"href":"https:\/\/nordic-drift.com\/de\/wp-json\/wp\/v2\/product"}],"about":[{"href":"https:\/\/nordic-drift.com\/de\/wp-json\/wp\/v2\/types\/product"}],"replies":[{"embeddable":true,"href":"https:\/\/nordic-drift.com\/de\/wp-json\/wp\/v2\/comments?post=2953"}],"wp:featuredmedia":[{"embeddable":true,"href":"https:\/\/nordic-drift.com\/de\/wp-json\/wp\/v2\/media\/2954"}],"wp:attachment":[{"href":"https:\/\/nordic-drift.com\/de\/wp-json\/wp\/v2\/media?parent=2953"}],"wp:term":[{"taxonomy":"product_cat","embeddable":true,"href":"https:\/\/nordic-drift.com\/de\/wp-json\/wp\/v2\/product_cat?post=2953"},{"taxonomy":"product_tag","embeddable":true,"href":"https:\/\/nordic-drift.com\/de\/wp-json\/wp\/v2\/product_tag?post=2953"}],"curies":[{"name":"wp","href":"https:\/\/api.w.org\/{rel}","templated":true}]}}