{"id":2930,"date":"2026-01-27T14:00:40","date_gmt":"2026-01-27T14:00:40","guid":{"rendered":"https:\/\/nordic-drift.com\/product\/nordic-drift-grs-3-in-1-abenteuerdecke-schwarz\/"},"modified":"2026-03-26T10:01:32","modified_gmt":"2026-03-26T10:01:32","slug":"nordic-drift-grs-3-in-1-abenteuerdecke-schwarz","status":"publish","type":"product","link":"https:\/\/nordic-drift.com\/de\/product\/nordic-drift-grs-3-in-1-abenteuerdecke-schwarz\/","title":{"rendered":"GRS 3-in-1 Abenteuerdecke, schwarz"},"content":{"rendered":"<p>Bequemlichkeit im Freien. Hergestellt aus 25% GRS zertifiziert recyceltem Nylon und 72% GRS zertifiziert recyceltem Polyester. Gr\u00f6\u00dfe:140 x 175cm. Diese Decke eignet sich perfekt f\u00fcr Camping, Wandern, Festivals oder Strandtage und passt sich Ihren Bed\u00fcrfnissen an, indem sie \u00c4sthetik, Praktikabilit\u00e4t und abenteuertaugliche Leistung in einem bietet. Alle Produkte von Nordic Drift werden auf ihre Qualit\u00e4t gepr\u00fcft. Da wir von der Leistungsf\u00e4higkeit und Langlebigkeit unserer Ausr\u00fcstung \u00fcberzeugt sind, gew\u00e4hren wir auf alle Artikel eine 5-j\u00e4hrige Garantie auf Herstellungsfehler.<\/p>\n","protected":false},"excerpt":{"rendered":"<p>Bequemlichkeit im Freien. Hergestellt aus 25% GRS zertifiziert recyceltem Nylon und 72% GRS zertifiziert recyceltem Polyester. Gr\u00f6\u00dfe:140 x 175cm. Diese Decke eignet sich perfekt f\u00fcr Camping, Wandern, Festivals oder Strandtage und passt sich Ihren Bed\u00fcrfnissen an, indem sie \u00c4sthetik, Praktikabilit\u00e4t und abenteuertaugliche Leistung in einem bietet. Alle Produkte von Nordic Drift werden auf ihre Qualit\u00e4t [&hellip;]<\/p>\n","protected":false},"featured_media":2932,"comment_status":"closed","ping_status":"closed","template":"","meta":{"_acf_changed":false},"product_cat":[91],"product_tag":[],"class_list":["post-2930","product","type-product","status-publish","has-post-thumbnail","hentry","product_cat-zubehor","pa_color-black"],"acf":[],"yoast_head":"<!-- This site is optimized with the Yoast SEO plugin v27.0 - https:\/\/yoast.com\/product\/yoast-seo-wordpress\/ -->\n<title>GRS 3-in-1 Abenteuerdecke, schwarz - Nordic Drift<\/title>\n<meta name=\"robots\" content=\"index, follow, max-snippet:-1, max-image-preview:large, max-video-preview:-1\" \/>\n<link rel=\"canonical\" href=\"https:\/\/nordic-drift.com\/de\/product\/nordic-drift-grs-3-in-1-abenteuerdecke-schwarz\/\" \/>\n<meta property=\"og:locale\" content=\"de_DE\" \/>\n<meta property=\"og:type\" content=\"article\" \/>\n<meta property=\"og:title\" content=\"GRS 3-in-1 Abenteuerdecke, schwarz - Nordic Drift\" \/>\n<meta property=\"og:description\" content=\"Bequemlichkeit im Freien. Hergestellt aus 25% GRS zertifiziert recyceltem Nylon und 72% GRS zertifiziert recyceltem Polyester. Gr\u00f6\u00dfe:140 x 175cm. Diese Decke eignet sich perfekt f\u00fcr Camping, Wandern, Festivals oder Strandtage und passt sich Ihren Bed\u00fcrfnissen an, indem sie \u00c4sthetik, Praktikabilit\u00e4t und abenteuertaugliche Leistung in einem bietet. Alle Produkte von Nordic Drift werden auf ihre Qualit\u00e4t [&hellip;]\" \/>\n<meta property=\"og:url\" content=\"https:\/\/nordic-drift.com\/de\/product\/nordic-drift-grs-3-in-1-abenteuerdecke-schwarz\/\" \/>\n<meta property=\"og:site_name\" content=\"Nordic Drift\" \/>\n<meta property=\"article:modified_time\" content=\"2026-03-26T10:01:32+00:00\" \/>\n<meta property=\"og:image\" content=\"https:\/\/nordic-drift.com\/wp-content\/uploads\/sites\/14\/2026\/02\/ND610.0001__S_0__c061fe6714af4a099430385c29c4fb3b.jpg\" \/>\n\t<meta property=\"og:image:width\" content=\"1024\" \/>\n\t<meta property=\"og:image:height\" content=\"1024\" \/>\n\t<meta property=\"og:image:type\" content=\"image\/jpeg\" \/>\n<meta name=\"twitter:card\" content=\"summary_large_image\" \/>\n<script type=\"application\/ld+json\" class=\"yoast-schema-graph\">{\"@context\":\"https:\/\/schema.org\",\"@graph\":[{\"@type\":\"WebPage\",\"@id\":\"https:\/\/nordic-drift.com\/de\/product\/nordic-drift-grs-3-in-1-abenteuerdecke-schwarz\/\",\"url\":\"https:\/\/nordic-drift.com\/de\/product\/nordic-drift-grs-3-in-1-abenteuerdecke-schwarz\/\",\"name\":\"GRS 3-in-1 Abenteuerdecke, schwarz - Nordic Drift\",\"isPartOf\":{\"@id\":\"https:\/\/nordic-drift.com\/de\/#website\"},\"primaryImageOfPage\":{\"@id\":\"https:\/\/nordic-drift.com\/de\/product\/nordic-drift-grs-3-in-1-abenteuerdecke-schwarz\/#primaryimage\"},\"image\":{\"@id\":\"https:\/\/nordic-drift.com\/de\/product\/nordic-drift-grs-3-in-1-abenteuerdecke-schwarz\/#primaryimage\"},\"thumbnailUrl\":\"https:\/\/nordic-drift.com\/wp-content\/uploads\/sites\/14\/2026\/02\/ND610.0001__S_0__c061fe6714af4a099430385c29c4fb3b.jpg\",\"datePublished\":\"2026-01-27T14:00:40+00:00\",\"dateModified\":\"2026-03-26T10:01:32+00:00\",\"breadcrumb\":{\"@id\":\"https:\/\/nordic-drift.com\/de\/product\/nordic-drift-grs-3-in-1-abenteuerdecke-schwarz\/#breadcrumb\"},\"inLanguage\":\"de\",\"potentialAction\":[{\"@type\":\"ReadAction\",\"target\":[\"https:\/\/nordic-drift.com\/de\/product\/nordic-drift-grs-3-in-1-abenteuerdecke-schwarz\/\"]}]},{\"@type\":\"ImageObject\",\"inLanguage\":\"de\",\"@id\":\"https:\/\/nordic-drift.com\/de\/product\/nordic-drift-grs-3-in-1-abenteuerdecke-schwarz\/#primaryimage\",\"url\":\"https:\/\/nordic-drift.com\/wp-content\/uploads\/sites\/14\/2026\/02\/ND610.0001__S_0__c061fe6714af4a099430385c29c4fb3b.jpg\",\"contentUrl\":\"https:\/\/nordic-drift.com\/wp-content\/uploads\/sites\/14\/2026\/02\/ND610.0001__S_0__c061fe6714af4a099430385c29c4fb3b.jpg\",\"width\":1024,\"height\":1024},{\"@type\":\"BreadcrumbList\",\"@id\":\"https:\/\/nordic-drift.com\/de\/product\/nordic-drift-grs-3-in-1-abenteuerdecke-schwarz\/#breadcrumb\",\"itemListElement\":[{\"@type\":\"ListItem\",\"position\":1,\"name\":\"Home\",\"item\":\"https:\/\/nordic-drift.com\/de\/\"},{\"@type\":\"ListItem\",\"position\":2,\"name\":\"Kollektion\",\"item\":\"https:\/\/nordic-drift.com\/de\/kollektion\/\"},{\"@type\":\"ListItem\",\"position\":3,\"name\":\"GRS 3-in-1 Abenteuerdecke, schwarz\"}]},{\"@type\":\"WebSite\",\"@id\":\"https:\/\/nordic-drift.com\/de\/#website\",\"url\":\"https:\/\/nordic-drift.com\/de\/\",\"name\":\"Nordic Drift\",\"description\":\"Built to Last, Made to Explore.\",\"potentialAction\":[{\"@type\":\"SearchAction\",\"target\":{\"@type\":\"EntryPoint\",\"urlTemplate\":\"https:\/\/nordic-drift.com\/de\/?s={search_term_string}\"},\"query-input\":{\"@type\":\"PropertyValueSpecification\",\"valueRequired\":true,\"valueName\":\"search_term_string\"}}],\"inLanguage\":\"de\"}]}<\/script>\n<!-- \/ Yoast SEO plugin. -->","yoast_head_json":{"title":"GRS 3-in-1 Abenteuerdecke, schwarz - Nordic Drift","robots":{"index":"index","follow":"follow","max-snippet":"max-snippet:-1","max-image-preview":"max-image-preview:large","max-video-preview":"max-video-preview:-1"},"canonical":"https:\/\/nordic-drift.com\/de\/product\/nordic-drift-grs-3-in-1-abenteuerdecke-schwarz\/","og_locale":"de_DE","og_type":"article","og_title":"GRS 3-in-1 Abenteuerdecke, schwarz - Nordic Drift","og_description":"Bequemlichkeit im Freien. Hergestellt aus 25% GRS zertifiziert recyceltem Nylon und 72% GRS zertifiziert recyceltem Polyester. Gr\u00f6\u00dfe:140 x 175cm. Diese Decke eignet sich perfekt f\u00fcr Camping, Wandern, Festivals oder Strandtage und passt sich Ihren Bed\u00fcrfnissen an, indem sie \u00c4sthetik, Praktikabilit\u00e4t und abenteuertaugliche Leistung in einem bietet. Alle Produkte von Nordic Drift werden auf ihre Qualit\u00e4t [&hellip;]","og_url":"https:\/\/nordic-drift.com\/de\/product\/nordic-drift-grs-3-in-1-abenteuerdecke-schwarz\/","og_site_name":"Nordic Drift","article_modified_time":"2026-03-26T10:01:32+00:00","og_image":[{"width":1024,"height":1024,"url":"https:\/\/nordic-drift.com\/wp-content\/uploads\/sites\/14\/2026\/02\/ND610.0001__S_0__c061fe6714af4a099430385c29c4fb3b.jpg","type":"image\/jpeg"}],"twitter_card":"summary_large_image","schema":{"@context":"https:\/\/schema.org","@graph":[{"@type":"WebPage","@id":"https:\/\/nordic-drift.com\/de\/product\/nordic-drift-grs-3-in-1-abenteuerdecke-schwarz\/","url":"https:\/\/nordic-drift.com\/de\/product\/nordic-drift-grs-3-in-1-abenteuerdecke-schwarz\/","name":"GRS 3-in-1 Abenteuerdecke, schwarz - Nordic Drift","isPartOf":{"@id":"https:\/\/nordic-drift.com\/de\/#website"},"primaryImageOfPage":{"@id":"https:\/\/nordic-drift.com\/de\/product\/nordic-drift-grs-3-in-1-abenteuerdecke-schwarz\/#primaryimage"},"image":{"@id":"https:\/\/nordic-drift.com\/de\/product\/nordic-drift-grs-3-in-1-abenteuerdecke-schwarz\/#primaryimage"},"thumbnailUrl":"https:\/\/nordic-drift.com\/wp-content\/uploads\/sites\/14\/2026\/02\/ND610.0001__S_0__c061fe6714af4a099430385c29c4fb3b.jpg","datePublished":"2026-01-27T14:00:40+00:00","dateModified":"2026-03-26T10:01:32+00:00","breadcrumb":{"@id":"https:\/\/nordic-drift.com\/de\/product\/nordic-drift-grs-3-in-1-abenteuerdecke-schwarz\/#breadcrumb"},"inLanguage":"de","potentialAction":[{"@type":"ReadAction","target":["https:\/\/nordic-drift.com\/de\/product\/nordic-drift-grs-3-in-1-abenteuerdecke-schwarz\/"]}]},{"@type":"ImageObject","inLanguage":"de","@id":"https:\/\/nordic-drift.com\/de\/product\/nordic-drift-grs-3-in-1-abenteuerdecke-schwarz\/#primaryimage","url":"https:\/\/nordic-drift.com\/wp-content\/uploads\/sites\/14\/2026\/02\/ND610.0001__S_0__c061fe6714af4a099430385c29c4fb3b.jpg","contentUrl":"https:\/\/nordic-drift.com\/wp-content\/uploads\/sites\/14\/2026\/02\/ND610.0001__S_0__c061fe6714af4a099430385c29c4fb3b.jpg","width":1024,"height":1024},{"@type":"BreadcrumbList","@id":"https:\/\/nordic-drift.com\/de\/product\/nordic-drift-grs-3-in-1-abenteuerdecke-schwarz\/#breadcrumb","itemListElement":[{"@type":"ListItem","position":1,"name":"Home","item":"https:\/\/nordic-drift.com\/de\/"},{"@type":"ListItem","position":2,"name":"Kollektion","item":"https:\/\/nordic-drift.com\/de\/kollektion\/"},{"@type":"ListItem","position":3,"name":"GRS 3-in-1 Abenteuerdecke, schwarz"}]},{"@type":"WebSite","@id":"https:\/\/nordic-drift.com\/de\/#website","url":"https:\/\/nordic-drift.com\/de\/","name":"Nordic Drift","description":"Built to Last, Made to Explore.","potentialAction":[{"@type":"SearchAction","target":{"@type":"EntryPoint","urlTemplate":"https:\/\/nordic-drift.com\/de\/?s={search_term_string}"},"query-input":{"@type":"PropertyValueSpecification","valueRequired":true,"valueName":"search_term_string"}}],"inLanguage":"de"}]}},"_links":{"self":[{"href":"https:\/\/nordic-drift.com\/de\/wp-json\/wp\/v2\/product\/2930","targetHints":{"allow":["GET"]}}],"collection":[{"href":"https:\/\/nordic-drift.com\/de\/wp-json\/wp\/v2\/product"}],"about":[{"href":"https:\/\/nordic-drift.com\/de\/wp-json\/wp\/v2\/types\/product"}],"replies":[{"embeddable":true,"href":"https:\/\/nordic-drift.com\/de\/wp-json\/wp\/v2\/comments?post=2930"}],"wp:featuredmedia":[{"embeddable":true,"href":"https:\/\/nordic-drift.com\/de\/wp-json\/wp\/v2\/media\/2932"}],"wp:attachment":[{"href":"https:\/\/nordic-drift.com\/de\/wp-json\/wp\/v2\/media?parent=2930"}],"wp:term":[{"taxonomy":"product_cat","embeddable":true,"href":"https:\/\/nordic-drift.com\/de\/wp-json\/wp\/v2\/product_cat?post=2930"},{"taxonomy":"product_tag","embeddable":true,"href":"https:\/\/nordic-drift.com\/de\/wp-json\/wp\/v2\/product_tag?post=2930"}],"curies":[{"name":"wp","href":"https:\/\/api.w.org\/{rel}","templated":true}]}}