{"id":2920,"date":"2026-01-27T14:00:40","date_gmt":"2026-01-27T14:00:40","guid":{"rendered":"https:\/\/nordic-drift.com\/product\/nordic-drift-grs-aero-sport-handtuch-schwarz\/"},"modified":"2026-03-26T10:01:31","modified_gmt":"2026-03-26T10:01:31","slug":"nordic-drift-grs-aero-sport-handtuch-schwarz","status":"publish","type":"product","link":"https:\/\/nordic-drift.com\/de\/product\/nordic-drift-grs-aero-sport-handtuch-schwarz\/","title":{"rendered":"GRS Aero Sport-Handtuch, schwarz"},"content":{"rendered":"<p>Nehmen Sie dieses Sport-Handtuch mit auf jedes Abenteuer. Es besteht zu 54% aus GRS zertifiziert recyceltem Polyester und ist ein atmungsaktiver Begleiter, der Schwei\u00df schnell absorbiert und so Hautirritationen reduziert. Praktisch verpackt in einer reisefreundlichen Tasche mit Karabinerhaken zum Befestigen an Ihrer Tasche usw. Mit einer Gr\u00f6\u00dfe von 70 x 140cm, einer Aufh\u00e4ngeschlaufe und einem leichten, weichen Stoff ist das Handtuch einfach und bequem zu verwenden. Alle Produkte von Nordic Drift werden auf ihre Qualit\u00e4t gepr\u00fcft. Da wir von der Leistungsf\u00e4higkeit und Langlebigkeit unserer Ausr\u00fcstung \u00fcberzeugt sind, gew\u00e4hren wir auf jeden Artikel eine 5-j\u00e4hrige Garantie auf Herstellungsfehler.<\/p>\n","protected":false},"excerpt":{"rendered":"<p>Nehmen Sie dieses Sport-Handtuch mit auf jedes Abenteuer. Es besteht zu 54% aus GRS zertifiziert recyceltem Polyester und ist ein atmungsaktiver Begleiter, der Schwei\u00df schnell absorbiert und so Hautirritationen reduziert. Praktisch verpackt in einer reisefreundlichen Tasche mit Karabinerhaken zum Befestigen an Ihrer Tasche usw. Mit einer Gr\u00f6\u00dfe von 70 x 140cm, einer Aufh\u00e4ngeschlaufe und einem [&hellip;]<\/p>\n","protected":false},"featured_media":2921,"comment_status":"closed","ping_status":"closed","template":"","meta":{"_acf_changed":false},"product_cat":[91],"product_tag":[],"class_list":["post-2920","product","type-product","status-publish","has-post-thumbnail","hentry","product_cat-zubehor","pa_color-black"],"acf":[],"yoast_head":"<!-- This site is optimized with the Yoast SEO plugin v27.0 - https:\/\/yoast.com\/product\/yoast-seo-wordpress\/ -->\n<title>GRS Aero Sport-Handtuch, schwarz - Nordic Drift<\/title>\n<meta name=\"robots\" content=\"index, follow, max-snippet:-1, max-image-preview:large, max-video-preview:-1\" \/>\n<link rel=\"canonical\" href=\"https:\/\/nordic-drift.com\/de\/product\/nordic-drift-grs-aero-sport-handtuch-schwarz\/\" \/>\n<meta property=\"og:locale\" content=\"de_DE\" \/>\n<meta property=\"og:type\" content=\"article\" \/>\n<meta property=\"og:title\" content=\"GRS Aero Sport-Handtuch, schwarz - Nordic Drift\" \/>\n<meta property=\"og:description\" content=\"Nehmen Sie dieses Sport-Handtuch mit auf jedes Abenteuer. Es besteht zu 54% aus GRS zertifiziert recyceltem Polyester und ist ein atmungsaktiver Begleiter, der Schwei\u00df schnell absorbiert und so Hautirritationen reduziert. Praktisch verpackt in einer reisefreundlichen Tasche mit Karabinerhaken zum Befestigen an Ihrer Tasche usw. Mit einer Gr\u00f6\u00dfe von 70 x 140cm, einer Aufh\u00e4ngeschlaufe und einem [&hellip;]\" \/>\n<meta property=\"og:url\" content=\"https:\/\/nordic-drift.com\/de\/product\/nordic-drift-grs-aero-sport-handtuch-schwarz\/\" \/>\n<meta property=\"og:site_name\" content=\"Nordic Drift\" \/>\n<meta property=\"article:modified_time\" content=\"2026-03-26T10:01:31+00:00\" \/>\n<meta property=\"og:image\" content=\"https:\/\/nordic-drift.com\/wp-content\/uploads\/sites\/14\/2026\/02\/ND600.0001__S_0__11e46b40bcd54d359e3c86262f5905b1.jpg\" \/>\n\t<meta property=\"og:image:width\" content=\"1024\" \/>\n\t<meta property=\"og:image:height\" content=\"1024\" \/>\n\t<meta property=\"og:image:type\" content=\"image\/jpeg\" \/>\n<meta name=\"twitter:card\" content=\"summary_large_image\" \/>\n<meta name=\"twitter:label1\" content=\"Gesch\u00e4tzte Lesezeit\" \/>\n\t<meta name=\"twitter:data1\" content=\"1\u00a0Minute\" \/>\n<script type=\"application\/ld+json\" class=\"yoast-schema-graph\">{\"@context\":\"https:\/\/schema.org\",\"@graph\":[{\"@type\":\"WebPage\",\"@id\":\"https:\/\/nordic-drift.com\/de\/product\/nordic-drift-grs-aero-sport-handtuch-schwarz\/\",\"url\":\"https:\/\/nordic-drift.com\/de\/product\/nordic-drift-grs-aero-sport-handtuch-schwarz\/\",\"name\":\"GRS Aero Sport-Handtuch, schwarz - Nordic Drift\",\"isPartOf\":{\"@id\":\"https:\/\/nordic-drift.com\/de\/#website\"},\"primaryImageOfPage\":{\"@id\":\"https:\/\/nordic-drift.com\/de\/product\/nordic-drift-grs-aero-sport-handtuch-schwarz\/#primaryimage\"},\"image\":{\"@id\":\"https:\/\/nordic-drift.com\/de\/product\/nordic-drift-grs-aero-sport-handtuch-schwarz\/#primaryimage\"},\"thumbnailUrl\":\"https:\/\/nordic-drift.com\/wp-content\/uploads\/sites\/14\/2026\/02\/ND600.0001__S_0__11e46b40bcd54d359e3c86262f5905b1.jpg\",\"datePublished\":\"2026-01-27T14:00:40+00:00\",\"dateModified\":\"2026-03-26T10:01:31+00:00\",\"breadcrumb\":{\"@id\":\"https:\/\/nordic-drift.com\/de\/product\/nordic-drift-grs-aero-sport-handtuch-schwarz\/#breadcrumb\"},\"inLanguage\":\"de\",\"potentialAction\":[{\"@type\":\"ReadAction\",\"target\":[\"https:\/\/nordic-drift.com\/de\/product\/nordic-drift-grs-aero-sport-handtuch-schwarz\/\"]}]},{\"@type\":\"ImageObject\",\"inLanguage\":\"de\",\"@id\":\"https:\/\/nordic-drift.com\/de\/product\/nordic-drift-grs-aero-sport-handtuch-schwarz\/#primaryimage\",\"url\":\"https:\/\/nordic-drift.com\/wp-content\/uploads\/sites\/14\/2026\/02\/ND600.0001__S_0__11e46b40bcd54d359e3c86262f5905b1.jpg\",\"contentUrl\":\"https:\/\/nordic-drift.com\/wp-content\/uploads\/sites\/14\/2026\/02\/ND600.0001__S_0__11e46b40bcd54d359e3c86262f5905b1.jpg\",\"width\":1024,\"height\":1024},{\"@type\":\"BreadcrumbList\",\"@id\":\"https:\/\/nordic-drift.com\/de\/product\/nordic-drift-grs-aero-sport-handtuch-schwarz\/#breadcrumb\",\"itemListElement\":[{\"@type\":\"ListItem\",\"position\":1,\"name\":\"Home\",\"item\":\"https:\/\/nordic-drift.com\/de\/\"},{\"@type\":\"ListItem\",\"position\":2,\"name\":\"Kollektion\",\"item\":\"https:\/\/nordic-drift.com\/de\/kollektion\/\"},{\"@type\":\"ListItem\",\"position\":3,\"name\":\"GRS Aero Sport-Handtuch, schwarz\"}]},{\"@type\":\"WebSite\",\"@id\":\"https:\/\/nordic-drift.com\/de\/#website\",\"url\":\"https:\/\/nordic-drift.com\/de\/\",\"name\":\"Nordic Drift\",\"description\":\"Built to Last, Made to Explore.\",\"potentialAction\":[{\"@type\":\"SearchAction\",\"target\":{\"@type\":\"EntryPoint\",\"urlTemplate\":\"https:\/\/nordic-drift.com\/de\/?s={search_term_string}\"},\"query-input\":{\"@type\":\"PropertyValueSpecification\",\"valueRequired\":true,\"valueName\":\"search_term_string\"}}],\"inLanguage\":\"de\"}]}<\/script>\n<!-- \/ Yoast SEO plugin. -->","yoast_head_json":{"title":"GRS Aero Sport-Handtuch, schwarz - Nordic Drift","robots":{"index":"index","follow":"follow","max-snippet":"max-snippet:-1","max-image-preview":"max-image-preview:large","max-video-preview":"max-video-preview:-1"},"canonical":"https:\/\/nordic-drift.com\/de\/product\/nordic-drift-grs-aero-sport-handtuch-schwarz\/","og_locale":"de_DE","og_type":"article","og_title":"GRS Aero Sport-Handtuch, schwarz - Nordic Drift","og_description":"Nehmen Sie dieses Sport-Handtuch mit auf jedes Abenteuer. Es besteht zu 54% aus GRS zertifiziert recyceltem Polyester und ist ein atmungsaktiver Begleiter, der Schwei\u00df schnell absorbiert und so Hautirritationen reduziert. Praktisch verpackt in einer reisefreundlichen Tasche mit Karabinerhaken zum Befestigen an Ihrer Tasche usw. Mit einer Gr\u00f6\u00dfe von 70 x 140cm, einer Aufh\u00e4ngeschlaufe und einem [&hellip;]","og_url":"https:\/\/nordic-drift.com\/de\/product\/nordic-drift-grs-aero-sport-handtuch-schwarz\/","og_site_name":"Nordic Drift","article_modified_time":"2026-03-26T10:01:31+00:00","og_image":[{"width":1024,"height":1024,"url":"https:\/\/nordic-drift.com\/wp-content\/uploads\/sites\/14\/2026\/02\/ND600.0001__S_0__11e46b40bcd54d359e3c86262f5905b1.jpg","type":"image\/jpeg"}],"twitter_card":"summary_large_image","twitter_misc":{"Gesch\u00e4tzte Lesezeit":"1\u00a0Minute"},"schema":{"@context":"https:\/\/schema.org","@graph":[{"@type":"WebPage","@id":"https:\/\/nordic-drift.com\/de\/product\/nordic-drift-grs-aero-sport-handtuch-schwarz\/","url":"https:\/\/nordic-drift.com\/de\/product\/nordic-drift-grs-aero-sport-handtuch-schwarz\/","name":"GRS Aero Sport-Handtuch, schwarz - Nordic Drift","isPartOf":{"@id":"https:\/\/nordic-drift.com\/de\/#website"},"primaryImageOfPage":{"@id":"https:\/\/nordic-drift.com\/de\/product\/nordic-drift-grs-aero-sport-handtuch-schwarz\/#primaryimage"},"image":{"@id":"https:\/\/nordic-drift.com\/de\/product\/nordic-drift-grs-aero-sport-handtuch-schwarz\/#primaryimage"},"thumbnailUrl":"https:\/\/nordic-drift.com\/wp-content\/uploads\/sites\/14\/2026\/02\/ND600.0001__S_0__11e46b40bcd54d359e3c86262f5905b1.jpg","datePublished":"2026-01-27T14:00:40+00:00","dateModified":"2026-03-26T10:01:31+00:00","breadcrumb":{"@id":"https:\/\/nordic-drift.com\/de\/product\/nordic-drift-grs-aero-sport-handtuch-schwarz\/#breadcrumb"},"inLanguage":"de","potentialAction":[{"@type":"ReadAction","target":["https:\/\/nordic-drift.com\/de\/product\/nordic-drift-grs-aero-sport-handtuch-schwarz\/"]}]},{"@type":"ImageObject","inLanguage":"de","@id":"https:\/\/nordic-drift.com\/de\/product\/nordic-drift-grs-aero-sport-handtuch-schwarz\/#primaryimage","url":"https:\/\/nordic-drift.com\/wp-content\/uploads\/sites\/14\/2026\/02\/ND600.0001__S_0__11e46b40bcd54d359e3c86262f5905b1.jpg","contentUrl":"https:\/\/nordic-drift.com\/wp-content\/uploads\/sites\/14\/2026\/02\/ND600.0001__S_0__11e46b40bcd54d359e3c86262f5905b1.jpg","width":1024,"height":1024},{"@type":"BreadcrumbList","@id":"https:\/\/nordic-drift.com\/de\/product\/nordic-drift-grs-aero-sport-handtuch-schwarz\/#breadcrumb","itemListElement":[{"@type":"ListItem","position":1,"name":"Home","item":"https:\/\/nordic-drift.com\/de\/"},{"@type":"ListItem","position":2,"name":"Kollektion","item":"https:\/\/nordic-drift.com\/de\/kollektion\/"},{"@type":"ListItem","position":3,"name":"GRS Aero Sport-Handtuch, schwarz"}]},{"@type":"WebSite","@id":"https:\/\/nordic-drift.com\/de\/#website","url":"https:\/\/nordic-drift.com\/de\/","name":"Nordic Drift","description":"Built to Last, Made to Explore.","potentialAction":[{"@type":"SearchAction","target":{"@type":"EntryPoint","urlTemplate":"https:\/\/nordic-drift.com\/de\/?s={search_term_string}"},"query-input":{"@type":"PropertyValueSpecification","valueRequired":true,"valueName":"search_term_string"}}],"inLanguage":"de"}]}},"_links":{"self":[{"href":"https:\/\/nordic-drift.com\/de\/wp-json\/wp\/v2\/product\/2920","targetHints":{"allow":["GET"]}}],"collection":[{"href":"https:\/\/nordic-drift.com\/de\/wp-json\/wp\/v2\/product"}],"about":[{"href":"https:\/\/nordic-drift.com\/de\/wp-json\/wp\/v2\/types\/product"}],"replies":[{"embeddable":true,"href":"https:\/\/nordic-drift.com\/de\/wp-json\/wp\/v2\/comments?post=2920"}],"wp:featuredmedia":[{"embeddable":true,"href":"https:\/\/nordic-drift.com\/de\/wp-json\/wp\/v2\/media\/2921"}],"wp:attachment":[{"href":"https:\/\/nordic-drift.com\/de\/wp-json\/wp\/v2\/media?parent=2920"}],"wp:term":[{"taxonomy":"product_cat","embeddable":true,"href":"https:\/\/nordic-drift.com\/de\/wp-json\/wp\/v2\/product_cat?post=2920"},{"taxonomy":"product_tag","embeddable":true,"href":"https:\/\/nordic-drift.com\/de\/wp-json\/wp\/v2\/product_tag?post=2920"}],"curies":[{"name":"wp","href":"https:\/\/api.w.org\/{rel}","templated":true}]}}