{"id":2910,"date":"2026-01-27T14:00:40","date_gmt":"2026-01-27T14:00:40","guid":{"rendered":"https:\/\/nordic-drift.com\/product\/nordic-drift-trial-rcs-infinity-pocket-pen-mit-kompass-schwarz\/"},"modified":"2026-03-26T10:01:30","modified_gmt":"2026-03-26T10:01:30","slug":"nordic-drift-trial-rcs-infinity-pocket-pen-mit-kompass-schwarz","status":"publish","type":"product","link":"https:\/\/nordic-drift.com\/de\/product\/nordic-drift-trial-rcs-infinity-pocket-pen-mit-kompass-schwarz\/","title":{"rendered":"Nordic Drift Trial RCS Infinity Pocket-Pen mit Kompass, schwarz"},"content":{"rendered":"<p>Der Nordic Drift Trial Infinity Pocket Pen hat eine Graphitspitze, die sich zum Schreiben mit dem orangefarbenen Knopf herausziehen und zum Schutz wieder in den Schaft zur\u00fcckziehen l\u00e4sst . Mit einer Schlaufe an der Oberseite um ihn an einem Rucksack befestigt zu k\u00f6nnen. Herk\u00f6mmlichen Holzstifte schreiben etwa 200m, doch reicht die Graphitspitze dieses Infinity-Stifts schreibt f\u00fcr etwa 20.000m. Er schreibt wie ein normaler Bleistift und die Graphitmarkierungen k\u00f6nnen radiert werden, w\u00e4hrend sich die Spitze nur sehr langsam abnutzt. Der Stift besteht aus RCS-zertifiziert recyceltem ABS und hat einen kleinen Kompass. Der Stift ist in einer FSC\u00ae-zertifizierten Verpackung ohne Kunststoff verpackt. Alle Produkte von Nordic Drift werden auf ihre Qualit\u00e4t gepr\u00fcft. Da wir von der Leistungsf\u00e4higkeit &#038; Langlebigkeit unserer Produkte \u00fcberzeugt sind, gew\u00e4hren wir auf jeden Artikel eine 5-j\u00e4hrige Garantie auf Herstellungsfehler. Ausf\u00fchrliche Informationen finden Sie unter www.nordic-drift.com.<\/p>\n","protected":false},"excerpt":{"rendered":"<p>Der Nordic Drift Trial Infinity Pocket Pen hat eine Graphitspitze, die sich zum Schreiben mit dem orangefarbenen Knopf herausziehen und zum Schutz wieder in den Schaft zur\u00fcckziehen l\u00e4sst . Mit einer Schlaufe an der Oberseite um ihn an einem Rucksack befestigt zu k\u00f6nnen. Herk\u00f6mmlichen Holzstifte schreiben etwa 200m, doch reicht die Graphitspitze dieses Infinity-Stifts schreibt [&hellip;]<\/p>\n","protected":false},"featured_media":2911,"comment_status":"closed","ping_status":"closed","template":"","meta":{"_acf_changed":false},"product_cat":[91],"product_tag":[],"class_list":["post-2910","product","type-product","status-publish","has-post-thumbnail","hentry","product_cat-zubehor","pa_color-black"],"acf":[],"yoast_head":"<!-- This site is optimized with the Yoast SEO plugin v27.0 - https:\/\/yoast.com\/product\/yoast-seo-wordpress\/ -->\n<title>Nordic Drift Trial RCS Infinity Pocket-Pen mit Kompass, schwarz - Nordic Drift<\/title>\n<meta name=\"robots\" content=\"index, follow, max-snippet:-1, max-image-preview:large, max-video-preview:-1\" \/>\n<link rel=\"canonical\" href=\"https:\/\/nordic-drift.com\/de\/product\/nordic-drift-trial-rcs-infinity-pocket-pen-mit-kompass-schwarz\/\" \/>\n<meta property=\"og:locale\" content=\"de_DE\" \/>\n<meta property=\"og:type\" content=\"article\" \/>\n<meta property=\"og:title\" content=\"Nordic Drift Trial RCS Infinity Pocket-Pen mit Kompass, schwarz - Nordic Drift\" \/>\n<meta property=\"og:description\" content=\"Der Nordic Drift Trial Infinity Pocket Pen hat eine Graphitspitze, die sich zum Schreiben mit dem orangefarbenen Knopf herausziehen und zum Schutz wieder in den Schaft zur\u00fcckziehen l\u00e4sst . Mit einer Schlaufe an der Oberseite um ihn an einem Rucksack befestigt zu k\u00f6nnen. Herk\u00f6mmlichen Holzstifte schreiben etwa 200m, doch reicht die Graphitspitze dieses Infinity-Stifts schreibt [&hellip;]\" \/>\n<meta property=\"og:url\" content=\"https:\/\/nordic-drift.com\/de\/product\/nordic-drift-trial-rcs-infinity-pocket-pen-mit-kompass-schwarz\/\" \/>\n<meta property=\"og:site_name\" content=\"Nordic Drift\" \/>\n<meta property=\"article:modified_time\" content=\"2026-03-26T10:01:30+00:00\" \/>\n<meta property=\"og:image\" content=\"https:\/\/nordic-drift.com\/wp-content\/uploads\/sites\/14\/2026\/02\/ND540.0001__S_0__cd54506830804607956948ccc4b49d0d.jpg\" \/>\n\t<meta property=\"og:image:width\" content=\"1024\" \/>\n\t<meta property=\"og:image:height\" content=\"1024\" \/>\n\t<meta property=\"og:image:type\" content=\"image\/jpeg\" \/>\n<meta name=\"twitter:card\" content=\"summary_large_image\" \/>\n<meta name=\"twitter:label1\" content=\"Gesch\u00e4tzte Lesezeit\" \/>\n\t<meta name=\"twitter:data1\" content=\"1\u00a0Minute\" \/>\n<script type=\"application\/ld+json\" class=\"yoast-schema-graph\">{\"@context\":\"https:\/\/schema.org\",\"@graph\":[{\"@type\":\"WebPage\",\"@id\":\"https:\/\/nordic-drift.com\/de\/product\/nordic-drift-trial-rcs-infinity-pocket-pen-mit-kompass-schwarz\/\",\"url\":\"https:\/\/nordic-drift.com\/de\/product\/nordic-drift-trial-rcs-infinity-pocket-pen-mit-kompass-schwarz\/\",\"name\":\"Nordic Drift Trial RCS Infinity Pocket-Pen mit Kompass, schwarz - Nordic Drift\",\"isPartOf\":{\"@id\":\"https:\/\/nordic-drift.com\/de\/#website\"},\"primaryImageOfPage\":{\"@id\":\"https:\/\/nordic-drift.com\/de\/product\/nordic-drift-trial-rcs-infinity-pocket-pen-mit-kompass-schwarz\/#primaryimage\"},\"image\":{\"@id\":\"https:\/\/nordic-drift.com\/de\/product\/nordic-drift-trial-rcs-infinity-pocket-pen-mit-kompass-schwarz\/#primaryimage\"},\"thumbnailUrl\":\"https:\/\/nordic-drift.com\/wp-content\/uploads\/sites\/14\/2026\/02\/ND540.0001__S_0__cd54506830804607956948ccc4b49d0d.jpg\",\"datePublished\":\"2026-01-27T14:00:40+00:00\",\"dateModified\":\"2026-03-26T10:01:30+00:00\",\"breadcrumb\":{\"@id\":\"https:\/\/nordic-drift.com\/de\/product\/nordic-drift-trial-rcs-infinity-pocket-pen-mit-kompass-schwarz\/#breadcrumb\"},\"inLanguage\":\"de\",\"potentialAction\":[{\"@type\":\"ReadAction\",\"target\":[\"https:\/\/nordic-drift.com\/de\/product\/nordic-drift-trial-rcs-infinity-pocket-pen-mit-kompass-schwarz\/\"]}]},{\"@type\":\"ImageObject\",\"inLanguage\":\"de\",\"@id\":\"https:\/\/nordic-drift.com\/de\/product\/nordic-drift-trial-rcs-infinity-pocket-pen-mit-kompass-schwarz\/#primaryimage\",\"url\":\"https:\/\/nordic-drift.com\/wp-content\/uploads\/sites\/14\/2026\/02\/ND540.0001__S_0__cd54506830804607956948ccc4b49d0d.jpg\",\"contentUrl\":\"https:\/\/nordic-drift.com\/wp-content\/uploads\/sites\/14\/2026\/02\/ND540.0001__S_0__cd54506830804607956948ccc4b49d0d.jpg\",\"width\":1024,\"height\":1024},{\"@type\":\"BreadcrumbList\",\"@id\":\"https:\/\/nordic-drift.com\/de\/product\/nordic-drift-trial-rcs-infinity-pocket-pen-mit-kompass-schwarz\/#breadcrumb\",\"itemListElement\":[{\"@type\":\"ListItem\",\"position\":1,\"name\":\"Home\",\"item\":\"https:\/\/nordic-drift.com\/de\/\"},{\"@type\":\"ListItem\",\"position\":2,\"name\":\"Kollektion\",\"item\":\"https:\/\/nordic-drift.com\/de\/kollektion\/\"},{\"@type\":\"ListItem\",\"position\":3,\"name\":\"Nordic Drift Trial RCS Infinity Pocket-Pen mit Kompass, schwarz\"}]},{\"@type\":\"WebSite\",\"@id\":\"https:\/\/nordic-drift.com\/de\/#website\",\"url\":\"https:\/\/nordic-drift.com\/de\/\",\"name\":\"Nordic Drift\",\"description\":\"Built to Last, Made to Explore.\",\"potentialAction\":[{\"@type\":\"SearchAction\",\"target\":{\"@type\":\"EntryPoint\",\"urlTemplate\":\"https:\/\/nordic-drift.com\/de\/?s={search_term_string}\"},\"query-input\":{\"@type\":\"PropertyValueSpecification\",\"valueRequired\":true,\"valueName\":\"search_term_string\"}}],\"inLanguage\":\"de\"}]}<\/script>\n<!-- \/ Yoast SEO plugin. -->","yoast_head_json":{"title":"Nordic Drift Trial RCS Infinity Pocket-Pen mit Kompass, schwarz - Nordic Drift","robots":{"index":"index","follow":"follow","max-snippet":"max-snippet:-1","max-image-preview":"max-image-preview:large","max-video-preview":"max-video-preview:-1"},"canonical":"https:\/\/nordic-drift.com\/de\/product\/nordic-drift-trial-rcs-infinity-pocket-pen-mit-kompass-schwarz\/","og_locale":"de_DE","og_type":"article","og_title":"Nordic Drift Trial RCS Infinity Pocket-Pen mit Kompass, schwarz - Nordic Drift","og_description":"Der Nordic Drift Trial Infinity Pocket Pen hat eine Graphitspitze, die sich zum Schreiben mit dem orangefarbenen Knopf herausziehen und zum Schutz wieder in den Schaft zur\u00fcckziehen l\u00e4sst . Mit einer Schlaufe an der Oberseite um ihn an einem Rucksack befestigt zu k\u00f6nnen. Herk\u00f6mmlichen Holzstifte schreiben etwa 200m, doch reicht die Graphitspitze dieses Infinity-Stifts schreibt [&hellip;]","og_url":"https:\/\/nordic-drift.com\/de\/product\/nordic-drift-trial-rcs-infinity-pocket-pen-mit-kompass-schwarz\/","og_site_name":"Nordic Drift","article_modified_time":"2026-03-26T10:01:30+00:00","og_image":[{"width":1024,"height":1024,"url":"https:\/\/nordic-drift.com\/wp-content\/uploads\/sites\/14\/2026\/02\/ND540.0001__S_0__cd54506830804607956948ccc4b49d0d.jpg","type":"image\/jpeg"}],"twitter_card":"summary_large_image","twitter_misc":{"Gesch\u00e4tzte Lesezeit":"1\u00a0Minute"},"schema":{"@context":"https:\/\/schema.org","@graph":[{"@type":"WebPage","@id":"https:\/\/nordic-drift.com\/de\/product\/nordic-drift-trial-rcs-infinity-pocket-pen-mit-kompass-schwarz\/","url":"https:\/\/nordic-drift.com\/de\/product\/nordic-drift-trial-rcs-infinity-pocket-pen-mit-kompass-schwarz\/","name":"Nordic Drift Trial RCS Infinity Pocket-Pen mit Kompass, schwarz - Nordic Drift","isPartOf":{"@id":"https:\/\/nordic-drift.com\/de\/#website"},"primaryImageOfPage":{"@id":"https:\/\/nordic-drift.com\/de\/product\/nordic-drift-trial-rcs-infinity-pocket-pen-mit-kompass-schwarz\/#primaryimage"},"image":{"@id":"https:\/\/nordic-drift.com\/de\/product\/nordic-drift-trial-rcs-infinity-pocket-pen-mit-kompass-schwarz\/#primaryimage"},"thumbnailUrl":"https:\/\/nordic-drift.com\/wp-content\/uploads\/sites\/14\/2026\/02\/ND540.0001__S_0__cd54506830804607956948ccc4b49d0d.jpg","datePublished":"2026-01-27T14:00:40+00:00","dateModified":"2026-03-26T10:01:30+00:00","breadcrumb":{"@id":"https:\/\/nordic-drift.com\/de\/product\/nordic-drift-trial-rcs-infinity-pocket-pen-mit-kompass-schwarz\/#breadcrumb"},"inLanguage":"de","potentialAction":[{"@type":"ReadAction","target":["https:\/\/nordic-drift.com\/de\/product\/nordic-drift-trial-rcs-infinity-pocket-pen-mit-kompass-schwarz\/"]}]},{"@type":"ImageObject","inLanguage":"de","@id":"https:\/\/nordic-drift.com\/de\/product\/nordic-drift-trial-rcs-infinity-pocket-pen-mit-kompass-schwarz\/#primaryimage","url":"https:\/\/nordic-drift.com\/wp-content\/uploads\/sites\/14\/2026\/02\/ND540.0001__S_0__cd54506830804607956948ccc4b49d0d.jpg","contentUrl":"https:\/\/nordic-drift.com\/wp-content\/uploads\/sites\/14\/2026\/02\/ND540.0001__S_0__cd54506830804607956948ccc4b49d0d.jpg","width":1024,"height":1024},{"@type":"BreadcrumbList","@id":"https:\/\/nordic-drift.com\/de\/product\/nordic-drift-trial-rcs-infinity-pocket-pen-mit-kompass-schwarz\/#breadcrumb","itemListElement":[{"@type":"ListItem","position":1,"name":"Home","item":"https:\/\/nordic-drift.com\/de\/"},{"@type":"ListItem","position":2,"name":"Kollektion","item":"https:\/\/nordic-drift.com\/de\/kollektion\/"},{"@type":"ListItem","position":3,"name":"Nordic Drift Trial RCS Infinity Pocket-Pen mit Kompass, schwarz"}]},{"@type":"WebSite","@id":"https:\/\/nordic-drift.com\/de\/#website","url":"https:\/\/nordic-drift.com\/de\/","name":"Nordic Drift","description":"Built to Last, Made to Explore.","potentialAction":[{"@type":"SearchAction","target":{"@type":"EntryPoint","urlTemplate":"https:\/\/nordic-drift.com\/de\/?s={search_term_string}"},"query-input":{"@type":"PropertyValueSpecification","valueRequired":true,"valueName":"search_term_string"}}],"inLanguage":"de"}]}},"_links":{"self":[{"href":"https:\/\/nordic-drift.com\/de\/wp-json\/wp\/v2\/product\/2910","targetHints":{"allow":["GET"]}}],"collection":[{"href":"https:\/\/nordic-drift.com\/de\/wp-json\/wp\/v2\/product"}],"about":[{"href":"https:\/\/nordic-drift.com\/de\/wp-json\/wp\/v2\/types\/product"}],"replies":[{"embeddable":true,"href":"https:\/\/nordic-drift.com\/de\/wp-json\/wp\/v2\/comments?post=2910"}],"wp:featuredmedia":[{"embeddable":true,"href":"https:\/\/nordic-drift.com\/de\/wp-json\/wp\/v2\/media\/2911"}],"wp:attachment":[{"href":"https:\/\/nordic-drift.com\/de\/wp-json\/wp\/v2\/media?parent=2910"}],"wp:term":[{"taxonomy":"product_cat","embeddable":true,"href":"https:\/\/nordic-drift.com\/de\/wp-json\/wp\/v2\/product_cat?post=2910"},{"taxonomy":"product_tag","embeddable":true,"href":"https:\/\/nordic-drift.com\/de\/wp-json\/wp\/v2\/product_tag?post=2910"}],"curies":[{"name":"wp","href":"https:\/\/api.w.org\/{rel}","templated":true}]}}