{"id":2896,"date":"2026-01-27T14:00:40","date_gmt":"2026-01-27T14:00:40","guid":{"rendered":"https:\/\/nordic-drift.com\/product\/nordic-drift-adventure-multifunktionszange-schwarz\/"},"modified":"2026-03-26T10:01:26","modified_gmt":"2026-03-26T10:01:26","slug":"nordic-drift-adventure-multifunktionszange-schwarz","status":"publish","type":"product","link":"https:\/\/nordic-drift.com\/de\/product\/nordic-drift-adventure-multifunktionszange-schwarz\/","title":{"rendered":"Adventure Multifunktionszange, schwarz"},"content":{"rendered":"<p>Built to Last, Made to Explore. Die Nordic Drift Adventure Multifunktionszange ist eine hochwertige, abenteuertaugliche Zange, die f\u00fcr den anspruchsvollen Outdoor-Einsatz und den t\u00e4glichen Einsatz entwickelt wurde. Sie besteht aus hochwertigem Edelstahl und bietet dauerhafte, langlebige Leistung in einem kompakten und zuverl\u00e4ssigen Design. Mit 16 integrierten Funktionen \u2013 Spitzzange, Standardzange, Drahtschneider, Karabiner, Flaschen\u00f6ffner, Feile, Messer, S\u00e4ge, Zeltwerkzeug, Lineal, gezackte Klinge, Cutter, Brecheisen, Dosen\u00f6ffner, Kreuzschlitzschraubendreher und einem integrierten Feuerstein um ein Feuer in Notf\u00e4llen zu machen \u2013 bietet dieses Werkzeug maximale Vielseitigkeit ohne Kompromisse. Alle Produkte von Nordic Drift werden intensiv auf ihre Qualit\u00e4t getestet. Da wir von der Leistung und Langlebigkeit unserer Ausr\u00fcstung \u00fcberzeugt sind, gew\u00e4hren wir auf alle Artikel eine 5-j\u00e4hrige Garantie auf Herstellungsfehler.<\/p>\n","protected":false},"excerpt":{"rendered":"<p>Built to Last, Made to Explore. Die Nordic Drift Adventure Multifunktionszange ist eine hochwertige, abenteuertaugliche Zange, die f\u00fcr den anspruchsvollen Outdoor-Einsatz und den t\u00e4glichen Einsatz entwickelt wurde. Sie besteht aus hochwertigem Edelstahl und bietet dauerhafte, langlebige Leistung in einem kompakten und zuverl\u00e4ssigen Design. Mit 16 integrierten Funktionen \u2013 Spitzzange, Standardzange, Drahtschneider, Karabiner, Flaschen\u00f6ffner, Feile, Messer, [&hellip;]<\/p>\n","protected":false},"featured_media":2897,"comment_status":"closed","ping_status":"closed","template":"","meta":{"_acf_changed":false},"product_cat":[91],"product_tag":[],"class_list":["post-2896","product","type-product","status-publish","has-post-thumbnail","hentry","product_cat-zubehor","pa_color-black"],"acf":[],"yoast_head":"<!-- This site is optimized with the Yoast SEO plugin v27.0 - https:\/\/yoast.com\/product\/yoast-seo-wordpress\/ -->\n<title>Adventure Multifunktionszange, schwarz - Nordic Drift<\/title>\n<meta name=\"robots\" content=\"index, follow, max-snippet:-1, max-image-preview:large, max-video-preview:-1\" \/>\n<link rel=\"canonical\" href=\"https:\/\/nordic-drift.com\/de\/product\/nordic-drift-adventure-multifunktionszange-schwarz\/\" \/>\n<meta property=\"og:locale\" content=\"de_DE\" \/>\n<meta property=\"og:type\" content=\"article\" \/>\n<meta property=\"og:title\" content=\"Adventure Multifunktionszange, schwarz - Nordic Drift\" \/>\n<meta property=\"og:description\" content=\"Built to Last, Made to Explore. Die Nordic Drift Adventure Multifunktionszange ist eine hochwertige, abenteuertaugliche Zange, die f\u00fcr den anspruchsvollen Outdoor-Einsatz und den t\u00e4glichen Einsatz entwickelt wurde. Sie besteht aus hochwertigem Edelstahl und bietet dauerhafte, langlebige Leistung in einem kompakten und zuverl\u00e4ssigen Design. Mit 16 integrierten Funktionen \u2013 Spitzzange, Standardzange, Drahtschneider, Karabiner, Flaschen\u00f6ffner, Feile, Messer, [&hellip;]\" \/>\n<meta property=\"og:url\" content=\"https:\/\/nordic-drift.com\/de\/product\/nordic-drift-adventure-multifunktionszange-schwarz\/\" \/>\n<meta property=\"og:site_name\" content=\"Nordic Drift\" \/>\n<meta property=\"article:modified_time\" content=\"2026-03-26T10:01:26+00:00\" \/>\n<meta property=\"og:image\" content=\"https:\/\/nordic-drift.com\/wp-content\/uploads\/sites\/14\/2026\/02\/ND500.0401__S_0__2908f0130550481aa6718c018c4ce181.jpg\" \/>\n\t<meta property=\"og:image:width\" content=\"1024\" \/>\n\t<meta property=\"og:image:height\" content=\"1024\" \/>\n\t<meta property=\"og:image:type\" content=\"image\/jpeg\" \/>\n<meta name=\"twitter:card\" content=\"summary_large_image\" \/>\n<meta name=\"twitter:label1\" content=\"Gesch\u00e4tzte Lesezeit\" \/>\n\t<meta name=\"twitter:data1\" content=\"1\u00a0Minute\" \/>\n<script type=\"application\/ld+json\" class=\"yoast-schema-graph\">{\"@context\":\"https:\/\/schema.org\",\"@graph\":[{\"@type\":\"WebPage\",\"@id\":\"https:\/\/nordic-drift.com\/de\/product\/nordic-drift-adventure-multifunktionszange-schwarz\/\",\"url\":\"https:\/\/nordic-drift.com\/de\/product\/nordic-drift-adventure-multifunktionszange-schwarz\/\",\"name\":\"Adventure Multifunktionszange, schwarz - Nordic Drift\",\"isPartOf\":{\"@id\":\"https:\/\/nordic-drift.com\/de\/#website\"},\"primaryImageOfPage\":{\"@id\":\"https:\/\/nordic-drift.com\/de\/product\/nordic-drift-adventure-multifunktionszange-schwarz\/#primaryimage\"},\"image\":{\"@id\":\"https:\/\/nordic-drift.com\/de\/product\/nordic-drift-adventure-multifunktionszange-schwarz\/#primaryimage\"},\"thumbnailUrl\":\"https:\/\/nordic-drift.com\/wp-content\/uploads\/sites\/14\/2026\/02\/ND500.0401__S_0__2908f0130550481aa6718c018c4ce181.jpg\",\"datePublished\":\"2026-01-27T14:00:40+00:00\",\"dateModified\":\"2026-03-26T10:01:26+00:00\",\"breadcrumb\":{\"@id\":\"https:\/\/nordic-drift.com\/de\/product\/nordic-drift-adventure-multifunktionszange-schwarz\/#breadcrumb\"},\"inLanguage\":\"de\",\"potentialAction\":[{\"@type\":\"ReadAction\",\"target\":[\"https:\/\/nordic-drift.com\/de\/product\/nordic-drift-adventure-multifunktionszange-schwarz\/\"]}]},{\"@type\":\"ImageObject\",\"inLanguage\":\"de\",\"@id\":\"https:\/\/nordic-drift.com\/de\/product\/nordic-drift-adventure-multifunktionszange-schwarz\/#primaryimage\",\"url\":\"https:\/\/nordic-drift.com\/wp-content\/uploads\/sites\/14\/2026\/02\/ND500.0401__S_0__2908f0130550481aa6718c018c4ce181.jpg\",\"contentUrl\":\"https:\/\/nordic-drift.com\/wp-content\/uploads\/sites\/14\/2026\/02\/ND500.0401__S_0__2908f0130550481aa6718c018c4ce181.jpg\",\"width\":1024,\"height\":1024},{\"@type\":\"BreadcrumbList\",\"@id\":\"https:\/\/nordic-drift.com\/de\/product\/nordic-drift-adventure-multifunktionszange-schwarz\/#breadcrumb\",\"itemListElement\":[{\"@type\":\"ListItem\",\"position\":1,\"name\":\"Home\",\"item\":\"https:\/\/nordic-drift.com\/de\/\"},{\"@type\":\"ListItem\",\"position\":2,\"name\":\"Kollektion\",\"item\":\"https:\/\/nordic-drift.com\/de\/kollektion\/\"},{\"@type\":\"ListItem\",\"position\":3,\"name\":\"Adventure Multifunktionszange, schwarz\"}]},{\"@type\":\"WebSite\",\"@id\":\"https:\/\/nordic-drift.com\/de\/#website\",\"url\":\"https:\/\/nordic-drift.com\/de\/\",\"name\":\"Nordic Drift\",\"description\":\"Built to Last, Made to Explore.\",\"potentialAction\":[{\"@type\":\"SearchAction\",\"target\":{\"@type\":\"EntryPoint\",\"urlTemplate\":\"https:\/\/nordic-drift.com\/de\/?s={search_term_string}\"},\"query-input\":{\"@type\":\"PropertyValueSpecification\",\"valueRequired\":true,\"valueName\":\"search_term_string\"}}],\"inLanguage\":\"de\"}]}<\/script>\n<!-- \/ Yoast SEO plugin. -->","yoast_head_json":{"title":"Adventure Multifunktionszange, schwarz - Nordic Drift","robots":{"index":"index","follow":"follow","max-snippet":"max-snippet:-1","max-image-preview":"max-image-preview:large","max-video-preview":"max-video-preview:-1"},"canonical":"https:\/\/nordic-drift.com\/de\/product\/nordic-drift-adventure-multifunktionszange-schwarz\/","og_locale":"de_DE","og_type":"article","og_title":"Adventure Multifunktionszange, schwarz - Nordic Drift","og_description":"Built to Last, Made to Explore. Die Nordic Drift Adventure Multifunktionszange ist eine hochwertige, abenteuertaugliche Zange, die f\u00fcr den anspruchsvollen Outdoor-Einsatz und den t\u00e4glichen Einsatz entwickelt wurde. Sie besteht aus hochwertigem Edelstahl und bietet dauerhafte, langlebige Leistung in einem kompakten und zuverl\u00e4ssigen Design. Mit 16 integrierten Funktionen \u2013 Spitzzange, Standardzange, Drahtschneider, Karabiner, Flaschen\u00f6ffner, Feile, Messer, [&hellip;]","og_url":"https:\/\/nordic-drift.com\/de\/product\/nordic-drift-adventure-multifunktionszange-schwarz\/","og_site_name":"Nordic Drift","article_modified_time":"2026-03-26T10:01:26+00:00","og_image":[{"width":1024,"height":1024,"url":"https:\/\/nordic-drift.com\/wp-content\/uploads\/sites\/14\/2026\/02\/ND500.0401__S_0__2908f0130550481aa6718c018c4ce181.jpg","type":"image\/jpeg"}],"twitter_card":"summary_large_image","twitter_misc":{"Gesch\u00e4tzte Lesezeit":"1\u00a0Minute"},"schema":{"@context":"https:\/\/schema.org","@graph":[{"@type":"WebPage","@id":"https:\/\/nordic-drift.com\/de\/product\/nordic-drift-adventure-multifunktionszange-schwarz\/","url":"https:\/\/nordic-drift.com\/de\/product\/nordic-drift-adventure-multifunktionszange-schwarz\/","name":"Adventure Multifunktionszange, schwarz - Nordic Drift","isPartOf":{"@id":"https:\/\/nordic-drift.com\/de\/#website"},"primaryImageOfPage":{"@id":"https:\/\/nordic-drift.com\/de\/product\/nordic-drift-adventure-multifunktionszange-schwarz\/#primaryimage"},"image":{"@id":"https:\/\/nordic-drift.com\/de\/product\/nordic-drift-adventure-multifunktionszange-schwarz\/#primaryimage"},"thumbnailUrl":"https:\/\/nordic-drift.com\/wp-content\/uploads\/sites\/14\/2026\/02\/ND500.0401__S_0__2908f0130550481aa6718c018c4ce181.jpg","datePublished":"2026-01-27T14:00:40+00:00","dateModified":"2026-03-26T10:01:26+00:00","breadcrumb":{"@id":"https:\/\/nordic-drift.com\/de\/product\/nordic-drift-adventure-multifunktionszange-schwarz\/#breadcrumb"},"inLanguage":"de","potentialAction":[{"@type":"ReadAction","target":["https:\/\/nordic-drift.com\/de\/product\/nordic-drift-adventure-multifunktionszange-schwarz\/"]}]},{"@type":"ImageObject","inLanguage":"de","@id":"https:\/\/nordic-drift.com\/de\/product\/nordic-drift-adventure-multifunktionszange-schwarz\/#primaryimage","url":"https:\/\/nordic-drift.com\/wp-content\/uploads\/sites\/14\/2026\/02\/ND500.0401__S_0__2908f0130550481aa6718c018c4ce181.jpg","contentUrl":"https:\/\/nordic-drift.com\/wp-content\/uploads\/sites\/14\/2026\/02\/ND500.0401__S_0__2908f0130550481aa6718c018c4ce181.jpg","width":1024,"height":1024},{"@type":"BreadcrumbList","@id":"https:\/\/nordic-drift.com\/de\/product\/nordic-drift-adventure-multifunktionszange-schwarz\/#breadcrumb","itemListElement":[{"@type":"ListItem","position":1,"name":"Home","item":"https:\/\/nordic-drift.com\/de\/"},{"@type":"ListItem","position":2,"name":"Kollektion","item":"https:\/\/nordic-drift.com\/de\/kollektion\/"},{"@type":"ListItem","position":3,"name":"Adventure Multifunktionszange, schwarz"}]},{"@type":"WebSite","@id":"https:\/\/nordic-drift.com\/de\/#website","url":"https:\/\/nordic-drift.com\/de\/","name":"Nordic Drift","description":"Built to Last, Made to Explore.","potentialAction":[{"@type":"SearchAction","target":{"@type":"EntryPoint","urlTemplate":"https:\/\/nordic-drift.com\/de\/?s={search_term_string}"},"query-input":{"@type":"PropertyValueSpecification","valueRequired":true,"valueName":"search_term_string"}}],"inLanguage":"de"}]}},"_links":{"self":[{"href":"https:\/\/nordic-drift.com\/de\/wp-json\/wp\/v2\/product\/2896","targetHints":{"allow":["GET"]}}],"collection":[{"href":"https:\/\/nordic-drift.com\/de\/wp-json\/wp\/v2\/product"}],"about":[{"href":"https:\/\/nordic-drift.com\/de\/wp-json\/wp\/v2\/types\/product"}],"replies":[{"embeddable":true,"href":"https:\/\/nordic-drift.com\/de\/wp-json\/wp\/v2\/comments?post=2896"}],"wp:featuredmedia":[{"embeddable":true,"href":"https:\/\/nordic-drift.com\/de\/wp-json\/wp\/v2\/media\/2897"}],"wp:attachment":[{"href":"https:\/\/nordic-drift.com\/de\/wp-json\/wp\/v2\/media?parent=2896"}],"wp:term":[{"taxonomy":"product_cat","embeddable":true,"href":"https:\/\/nordic-drift.com\/de\/wp-json\/wp\/v2\/product_cat?post=2896"},{"taxonomy":"product_tag","embeddable":true,"href":"https:\/\/nordic-drift.com\/de\/wp-json\/wp\/v2\/product_tag?post=2896"}],"curies":[{"name":"wp","href":"https:\/\/api.w.org\/{rel}","templated":true}]}}