{"id":2883,"date":"2026-01-27T14:00:36","date_gmt":"2026-01-27T14:00:36","guid":{"rendered":"https:\/\/nordic-drift.com\/product\/nordic-drift-adventure-multitool-schwarz\/"},"modified":"2026-03-26T10:01:25","modified_gmt":"2026-03-26T10:01:25","slug":"nordic-drift-adventure-multitool-schwarz","status":"publish","type":"product","link":"https:\/\/nordic-drift.com\/de\/product\/nordic-drift-adventure-multitool-schwarz\/","title":{"rendered":"Adventure Multitool, schwarz"},"content":{"rendered":"<p>Built to Last, Made to Explore. Das Nordic Drift Adventure Multitool ist ein robustes, abenteuertaugliches Werkzeug, das f\u00fcr den Outdoor-Einsatz und den t\u00e4glichen Einsatz entwickelt wurde. Es besteht aus hochwertigem Edelstahl und bietet auch unter anspruchsvollen Bedingungen eine dauerhafte, langlebige Leistung. Mit 12 praktischen Funktionen \u2013 darunter Karabiner, Messer, Schere, S\u00e4ge, Cutter, Flaschen\u00f6ffner, Dosen\u00f6ffner, Feile, Zeltwerkzeug, Schlitzschraubendreher, Ahle und Lineal \u2013 bietet es Vielseitigkeit ohne Kompromisse. Dieses kompakte und zuverl\u00e4ssige Multitool ist so konstruiert, dass es immer einsatzbereit ist, wenn Sie es brauchen. Alle Produkte von Nordic Drift werden intensiv auf ihre Qualit\u00e4t getestet. Da wir von der Leistung und Langlebigkeit unserer Ausr\u00fcstung \u00fcberzeugt sind, gew\u00e4hren wir auf alle Artikel eine 5-j\u00e4hrige Garantie auf Herstellungsfehler.<\/p>\n","protected":false},"excerpt":{"rendered":"<p>Built to Last, Made to Explore. Das Nordic Drift Adventure Multitool ist ein robustes, abenteuertaugliches Werkzeug, das f\u00fcr den Outdoor-Einsatz und den t\u00e4glichen Einsatz entwickelt wurde. Es besteht aus hochwertigem Edelstahl und bietet auch unter anspruchsvollen Bedingungen eine dauerhafte, langlebige Leistung. Mit 12 praktischen Funktionen \u2013 darunter Karabiner, Messer, Schere, S\u00e4ge, Cutter, Flaschen\u00f6ffner, Dosen\u00f6ffner, Feile, [&hellip;]<\/p>\n","protected":false},"featured_media":2884,"comment_status":"closed","ping_status":"closed","template":"","meta":{"_acf_changed":false},"product_cat":[91],"product_tag":[],"class_list":["post-2883","product","type-product","status-publish","has-post-thumbnail","hentry","product_cat-zubehor","pa_color-black"],"acf":[],"yoast_head":"<!-- This site is optimized with the Yoast SEO plugin v27.0 - https:\/\/yoast.com\/product\/yoast-seo-wordpress\/ -->\n<title>Adventure Multitool, schwarz - Nordic Drift<\/title>\n<meta name=\"robots\" content=\"index, follow, max-snippet:-1, max-image-preview:large, max-video-preview:-1\" \/>\n<link rel=\"canonical\" href=\"https:\/\/nordic-drift.com\/de\/product\/nordic-drift-adventure-multitool-schwarz\/\" \/>\n<meta property=\"og:locale\" content=\"de_DE\" \/>\n<meta property=\"og:type\" content=\"article\" \/>\n<meta property=\"og:title\" content=\"Adventure Multitool, schwarz - Nordic Drift\" \/>\n<meta property=\"og:description\" content=\"Built to Last, Made to Explore. Das Nordic Drift Adventure Multitool ist ein robustes, abenteuertaugliches Werkzeug, das f\u00fcr den Outdoor-Einsatz und den t\u00e4glichen Einsatz entwickelt wurde. Es besteht aus hochwertigem Edelstahl und bietet auch unter anspruchsvollen Bedingungen eine dauerhafte, langlebige Leistung. Mit 12 praktischen Funktionen \u2013 darunter Karabiner, Messer, Schere, S\u00e4ge, Cutter, Flaschen\u00f6ffner, Dosen\u00f6ffner, Feile, [&hellip;]\" \/>\n<meta property=\"og:url\" content=\"https:\/\/nordic-drift.com\/de\/product\/nordic-drift-adventure-multitool-schwarz\/\" \/>\n<meta property=\"og:site_name\" content=\"Nordic Drift\" \/>\n<meta property=\"article:modified_time\" content=\"2026-03-26T10:01:25+00:00\" \/>\n<meta property=\"og:image\" content=\"https:\/\/nordic-drift.com\/wp-content\/uploads\/sites\/14\/2026\/02\/ND500.0301__S_0__4760d35d9fde44348ddb08231cb877f9.jpg\" \/>\n\t<meta property=\"og:image:width\" content=\"1024\" \/>\n\t<meta property=\"og:image:height\" content=\"1024\" \/>\n\t<meta property=\"og:image:type\" content=\"image\/jpeg\" \/>\n<meta name=\"twitter:card\" content=\"summary_large_image\" \/>\n<meta name=\"twitter:label1\" content=\"Gesch\u00e4tzte Lesezeit\" \/>\n\t<meta name=\"twitter:data1\" content=\"1\u00a0Minute\" \/>\n<script type=\"application\/ld+json\" class=\"yoast-schema-graph\">{\"@context\":\"https:\/\/schema.org\",\"@graph\":[{\"@type\":\"WebPage\",\"@id\":\"https:\/\/nordic-drift.com\/de\/product\/nordic-drift-adventure-multitool-schwarz\/\",\"url\":\"https:\/\/nordic-drift.com\/de\/product\/nordic-drift-adventure-multitool-schwarz\/\",\"name\":\"Adventure Multitool, schwarz - Nordic Drift\",\"isPartOf\":{\"@id\":\"https:\/\/nordic-drift.com\/de\/#website\"},\"primaryImageOfPage\":{\"@id\":\"https:\/\/nordic-drift.com\/de\/product\/nordic-drift-adventure-multitool-schwarz\/#primaryimage\"},\"image\":{\"@id\":\"https:\/\/nordic-drift.com\/de\/product\/nordic-drift-adventure-multitool-schwarz\/#primaryimage\"},\"thumbnailUrl\":\"https:\/\/nordic-drift.com\/wp-content\/uploads\/sites\/14\/2026\/02\/ND500.0301__S_0__4760d35d9fde44348ddb08231cb877f9.jpg\",\"datePublished\":\"2026-01-27T14:00:36+00:00\",\"dateModified\":\"2026-03-26T10:01:25+00:00\",\"breadcrumb\":{\"@id\":\"https:\/\/nordic-drift.com\/de\/product\/nordic-drift-adventure-multitool-schwarz\/#breadcrumb\"},\"inLanguage\":\"de\",\"potentialAction\":[{\"@type\":\"ReadAction\",\"target\":[\"https:\/\/nordic-drift.com\/de\/product\/nordic-drift-adventure-multitool-schwarz\/\"]}]},{\"@type\":\"ImageObject\",\"inLanguage\":\"de\",\"@id\":\"https:\/\/nordic-drift.com\/de\/product\/nordic-drift-adventure-multitool-schwarz\/#primaryimage\",\"url\":\"https:\/\/nordic-drift.com\/wp-content\/uploads\/sites\/14\/2026\/02\/ND500.0301__S_0__4760d35d9fde44348ddb08231cb877f9.jpg\",\"contentUrl\":\"https:\/\/nordic-drift.com\/wp-content\/uploads\/sites\/14\/2026\/02\/ND500.0301__S_0__4760d35d9fde44348ddb08231cb877f9.jpg\",\"width\":1024,\"height\":1024},{\"@type\":\"BreadcrumbList\",\"@id\":\"https:\/\/nordic-drift.com\/de\/product\/nordic-drift-adventure-multitool-schwarz\/#breadcrumb\",\"itemListElement\":[{\"@type\":\"ListItem\",\"position\":1,\"name\":\"Home\",\"item\":\"https:\/\/nordic-drift.com\/de\/\"},{\"@type\":\"ListItem\",\"position\":2,\"name\":\"Kollektion\",\"item\":\"https:\/\/nordic-drift.com\/de\/kollektion\/\"},{\"@type\":\"ListItem\",\"position\":3,\"name\":\"Adventure Multitool, schwarz\"}]},{\"@type\":\"WebSite\",\"@id\":\"https:\/\/nordic-drift.com\/de\/#website\",\"url\":\"https:\/\/nordic-drift.com\/de\/\",\"name\":\"Nordic Drift\",\"description\":\"Built to Last, Made to Explore.\",\"potentialAction\":[{\"@type\":\"SearchAction\",\"target\":{\"@type\":\"EntryPoint\",\"urlTemplate\":\"https:\/\/nordic-drift.com\/de\/?s={search_term_string}\"},\"query-input\":{\"@type\":\"PropertyValueSpecification\",\"valueRequired\":true,\"valueName\":\"search_term_string\"}}],\"inLanguage\":\"de\"}]}<\/script>\n<!-- \/ Yoast SEO plugin. -->","yoast_head_json":{"title":"Adventure Multitool, schwarz - Nordic Drift","robots":{"index":"index","follow":"follow","max-snippet":"max-snippet:-1","max-image-preview":"max-image-preview:large","max-video-preview":"max-video-preview:-1"},"canonical":"https:\/\/nordic-drift.com\/de\/product\/nordic-drift-adventure-multitool-schwarz\/","og_locale":"de_DE","og_type":"article","og_title":"Adventure Multitool, schwarz - Nordic Drift","og_description":"Built to Last, Made to Explore. Das Nordic Drift Adventure Multitool ist ein robustes, abenteuertaugliches Werkzeug, das f\u00fcr den Outdoor-Einsatz und den t\u00e4glichen Einsatz entwickelt wurde. Es besteht aus hochwertigem Edelstahl und bietet auch unter anspruchsvollen Bedingungen eine dauerhafte, langlebige Leistung. Mit 12 praktischen Funktionen \u2013 darunter Karabiner, Messer, Schere, S\u00e4ge, Cutter, Flaschen\u00f6ffner, Dosen\u00f6ffner, Feile, [&hellip;]","og_url":"https:\/\/nordic-drift.com\/de\/product\/nordic-drift-adventure-multitool-schwarz\/","og_site_name":"Nordic Drift","article_modified_time":"2026-03-26T10:01:25+00:00","og_image":[{"width":1024,"height":1024,"url":"https:\/\/nordic-drift.com\/wp-content\/uploads\/sites\/14\/2026\/02\/ND500.0301__S_0__4760d35d9fde44348ddb08231cb877f9.jpg","type":"image\/jpeg"}],"twitter_card":"summary_large_image","twitter_misc":{"Gesch\u00e4tzte Lesezeit":"1\u00a0Minute"},"schema":{"@context":"https:\/\/schema.org","@graph":[{"@type":"WebPage","@id":"https:\/\/nordic-drift.com\/de\/product\/nordic-drift-adventure-multitool-schwarz\/","url":"https:\/\/nordic-drift.com\/de\/product\/nordic-drift-adventure-multitool-schwarz\/","name":"Adventure Multitool, schwarz - Nordic Drift","isPartOf":{"@id":"https:\/\/nordic-drift.com\/de\/#website"},"primaryImageOfPage":{"@id":"https:\/\/nordic-drift.com\/de\/product\/nordic-drift-adventure-multitool-schwarz\/#primaryimage"},"image":{"@id":"https:\/\/nordic-drift.com\/de\/product\/nordic-drift-adventure-multitool-schwarz\/#primaryimage"},"thumbnailUrl":"https:\/\/nordic-drift.com\/wp-content\/uploads\/sites\/14\/2026\/02\/ND500.0301__S_0__4760d35d9fde44348ddb08231cb877f9.jpg","datePublished":"2026-01-27T14:00:36+00:00","dateModified":"2026-03-26T10:01:25+00:00","breadcrumb":{"@id":"https:\/\/nordic-drift.com\/de\/product\/nordic-drift-adventure-multitool-schwarz\/#breadcrumb"},"inLanguage":"de","potentialAction":[{"@type":"ReadAction","target":["https:\/\/nordic-drift.com\/de\/product\/nordic-drift-adventure-multitool-schwarz\/"]}]},{"@type":"ImageObject","inLanguage":"de","@id":"https:\/\/nordic-drift.com\/de\/product\/nordic-drift-adventure-multitool-schwarz\/#primaryimage","url":"https:\/\/nordic-drift.com\/wp-content\/uploads\/sites\/14\/2026\/02\/ND500.0301__S_0__4760d35d9fde44348ddb08231cb877f9.jpg","contentUrl":"https:\/\/nordic-drift.com\/wp-content\/uploads\/sites\/14\/2026\/02\/ND500.0301__S_0__4760d35d9fde44348ddb08231cb877f9.jpg","width":1024,"height":1024},{"@type":"BreadcrumbList","@id":"https:\/\/nordic-drift.com\/de\/product\/nordic-drift-adventure-multitool-schwarz\/#breadcrumb","itemListElement":[{"@type":"ListItem","position":1,"name":"Home","item":"https:\/\/nordic-drift.com\/de\/"},{"@type":"ListItem","position":2,"name":"Kollektion","item":"https:\/\/nordic-drift.com\/de\/kollektion\/"},{"@type":"ListItem","position":3,"name":"Adventure Multitool, schwarz"}]},{"@type":"WebSite","@id":"https:\/\/nordic-drift.com\/de\/#website","url":"https:\/\/nordic-drift.com\/de\/","name":"Nordic Drift","description":"Built to Last, Made to Explore.","potentialAction":[{"@type":"SearchAction","target":{"@type":"EntryPoint","urlTemplate":"https:\/\/nordic-drift.com\/de\/?s={search_term_string}"},"query-input":{"@type":"PropertyValueSpecification","valueRequired":true,"valueName":"search_term_string"}}],"inLanguage":"de"}]}},"_links":{"self":[{"href":"https:\/\/nordic-drift.com\/de\/wp-json\/wp\/v2\/product\/2883","targetHints":{"allow":["GET"]}}],"collection":[{"href":"https:\/\/nordic-drift.com\/de\/wp-json\/wp\/v2\/product"}],"about":[{"href":"https:\/\/nordic-drift.com\/de\/wp-json\/wp\/v2\/types\/product"}],"replies":[{"embeddable":true,"href":"https:\/\/nordic-drift.com\/de\/wp-json\/wp\/v2\/comments?post=2883"}],"wp:featuredmedia":[{"embeddable":true,"href":"https:\/\/nordic-drift.com\/de\/wp-json\/wp\/v2\/media\/2884"}],"wp:attachment":[{"href":"https:\/\/nordic-drift.com\/de\/wp-json\/wp\/v2\/media?parent=2883"}],"wp:term":[{"taxonomy":"product_cat","embeddable":true,"href":"https:\/\/nordic-drift.com\/de\/wp-json\/wp\/v2\/product_cat?post=2883"},{"taxonomy":"product_tag","embeddable":true,"href":"https:\/\/nordic-drift.com\/de\/wp-json\/wp\/v2\/product_tag?post=2883"}],"curies":[{"name":"wp","href":"https:\/\/api.w.org\/{rel}","templated":true}]}}