{"id":2837,"date":"2026-01-27T14:00:36","date_gmt":"2026-01-27T14:00:36","guid":{"rendered":"https:\/\/nordic-drift.com\/product\/nordic-drift-titan-ip67-wasser-staubgeschuetzter-5w-speaker-schwarz\/"},"modified":"2026-03-26T10:01:21","modified_gmt":"2026-03-26T10:01:21","slug":"nordic-drift-titan-ip67-wasser-staubgeschuetzter-5w-speaker-schwarz","status":"publish","type":"product","link":"https:\/\/nordic-drift.com\/de\/product\/nordic-drift-titan-ip67-wasser-staubgeschuetzter-5w-speaker-schwarz\/","title":{"rendered":"Nordic Drift Titan IP67 wasser-&#038; staubgesch\u00fctzter 5W-Speaker, schwarz"},"content":{"rendered":"<p>Built to Last, Made to Explore. Der kabellose 5W Lautsprecher Nordic Drift Titan bietet einen kraftvollen Sound in einem kompakten, robusten Design. IP67 wasser- und staubgesch\u00fctzt, sodass er Regen, Schmutz, Sand und allt\u00e4glichen St\u00f6\u00dfen standh\u00e4lt. Das Geh\u00e4use besteht aus RCS-zertifiziert recyceltem ABS und TPE und ist vollst\u00e4ndig PVC-frei. Trotz seiner kompakten Gr\u00f6\u00dfe liefert der Titan einen erstklassigen, klaren Klang mit bis zu 10h Spielzeit mit einer einzigen Ladung. Sein tragbares Design macht ihn leicht zu transportieren oder zu verstauen.Mit USB-C-Ladeanschluss f\u00fcr ein schnelles und bequemes Aufladen. Ideal f\u00fcr Outdoor-Abenteuer, Reisen und den t\u00e4glichen Gebrauch. Alle Produkte von Nordic Drift werden intensiv auf ihre Qualit\u00e4t getestet. Da wir von der Leistung und Langlebigkeit unserer Produkte \u00fcberzeugt sind, gew\u00e4hren wir auf alle Artikel eine 5-j\u00e4hrige Garantie auf Herstellungsfehler.<\/p>\n","protected":false},"excerpt":{"rendered":"<p>Built to Last, Made to Explore. Der kabellose 5W Lautsprecher Nordic Drift Titan bietet einen kraftvollen Sound in einem kompakten, robusten Design. IP67 wasser- und staubgesch\u00fctzt, sodass er Regen, Schmutz, Sand und allt\u00e4glichen St\u00f6\u00dfen standh\u00e4lt. Das Geh\u00e4use besteht aus RCS-zertifiziert recyceltem ABS und TPE und ist vollst\u00e4ndig PVC-frei. Trotz seiner kompakten Gr\u00f6\u00dfe liefert der Titan [&hellip;]<\/p>\n","protected":false},"featured_media":2838,"comment_status":"closed","ping_status":"closed","template":"","meta":{"_acf_changed":false},"product_cat":[115],"product_tag":[],"class_list":["post-2837","product","type-product","status-publish","has-post-thumbnail","hentry","product_cat-technik","pa_color-black"],"acf":[],"yoast_head":"<!-- This site is optimized with the Yoast SEO plugin v27.0 - https:\/\/yoast.com\/product\/yoast-seo-wordpress\/ -->\n<title>Nordic Drift Titan IP67 wasser-&amp; staubgesch\u00fctzter 5W-Speaker, schwarz - Nordic Drift<\/title>\n<meta name=\"robots\" content=\"index, follow, max-snippet:-1, max-image-preview:large, max-video-preview:-1\" \/>\n<link rel=\"canonical\" href=\"https:\/\/nordic-drift.com\/de\/product\/nordic-drift-titan-ip67-wasser-staubgeschuetzter-5w-speaker-schwarz\/\" \/>\n<meta property=\"og:locale\" content=\"de_DE\" \/>\n<meta property=\"og:type\" content=\"article\" \/>\n<meta property=\"og:title\" content=\"Nordic Drift Titan IP67 wasser-&amp; staubgesch\u00fctzter 5W-Speaker, schwarz - Nordic Drift\" \/>\n<meta property=\"og:description\" content=\"Built to Last, Made to Explore. Der kabellose 5W Lautsprecher Nordic Drift Titan bietet einen kraftvollen Sound in einem kompakten, robusten Design. IP67 wasser- und staubgesch\u00fctzt, sodass er Regen, Schmutz, Sand und allt\u00e4glichen St\u00f6\u00dfen standh\u00e4lt. Das Geh\u00e4use besteht aus RCS-zertifiziert recyceltem ABS und TPE und ist vollst\u00e4ndig PVC-frei. Trotz seiner kompakten Gr\u00f6\u00dfe liefert der Titan [&hellip;]\" \/>\n<meta property=\"og:url\" content=\"https:\/\/nordic-drift.com\/de\/product\/nordic-drift-titan-ip67-wasser-staubgeschuetzter-5w-speaker-schwarz\/\" \/>\n<meta property=\"og:site_name\" content=\"Nordic Drift\" \/>\n<meta property=\"article:modified_time\" content=\"2026-03-26T10:01:21+00:00\" \/>\n<meta property=\"og:image\" content=\"https:\/\/nordic-drift.com\/wp-content\/uploads\/sites\/14\/2026\/02\/ND440.0001__S_0__1bc6530e11f34e5b901d6b095f8b2b84.jpg\" \/>\n\t<meta property=\"og:image:width\" content=\"1024\" \/>\n\t<meta property=\"og:image:height\" content=\"1024\" \/>\n\t<meta property=\"og:image:type\" content=\"image\/jpeg\" \/>\n<meta name=\"twitter:card\" content=\"summary_large_image\" \/>\n<meta name=\"twitter:label1\" content=\"Gesch\u00e4tzte Lesezeit\" \/>\n\t<meta name=\"twitter:data1\" content=\"1\u00a0Minute\" \/>\n<script type=\"application\/ld+json\" class=\"yoast-schema-graph\">{\"@context\":\"https:\/\/schema.org\",\"@graph\":[{\"@type\":\"WebPage\",\"@id\":\"https:\/\/nordic-drift.com\/de\/product\/nordic-drift-titan-ip67-wasser-staubgeschuetzter-5w-speaker-schwarz\/\",\"url\":\"https:\/\/nordic-drift.com\/de\/product\/nordic-drift-titan-ip67-wasser-staubgeschuetzter-5w-speaker-schwarz\/\",\"name\":\"Nordic Drift Titan IP67 wasser-& staubgesch\u00fctzter 5W-Speaker, schwarz - Nordic Drift\",\"isPartOf\":{\"@id\":\"https:\/\/nordic-drift.com\/de\/#website\"},\"primaryImageOfPage\":{\"@id\":\"https:\/\/nordic-drift.com\/de\/product\/nordic-drift-titan-ip67-wasser-staubgeschuetzter-5w-speaker-schwarz\/#primaryimage\"},\"image\":{\"@id\":\"https:\/\/nordic-drift.com\/de\/product\/nordic-drift-titan-ip67-wasser-staubgeschuetzter-5w-speaker-schwarz\/#primaryimage\"},\"thumbnailUrl\":\"https:\/\/nordic-drift.com\/wp-content\/uploads\/sites\/14\/2026\/02\/ND440.0001__S_0__1bc6530e11f34e5b901d6b095f8b2b84.jpg\",\"datePublished\":\"2026-01-27T14:00:36+00:00\",\"dateModified\":\"2026-03-26T10:01:21+00:00\",\"breadcrumb\":{\"@id\":\"https:\/\/nordic-drift.com\/de\/product\/nordic-drift-titan-ip67-wasser-staubgeschuetzter-5w-speaker-schwarz\/#breadcrumb\"},\"inLanguage\":\"de\",\"potentialAction\":[{\"@type\":\"ReadAction\",\"target\":[\"https:\/\/nordic-drift.com\/de\/product\/nordic-drift-titan-ip67-wasser-staubgeschuetzter-5w-speaker-schwarz\/\"]}]},{\"@type\":\"ImageObject\",\"inLanguage\":\"de\",\"@id\":\"https:\/\/nordic-drift.com\/de\/product\/nordic-drift-titan-ip67-wasser-staubgeschuetzter-5w-speaker-schwarz\/#primaryimage\",\"url\":\"https:\/\/nordic-drift.com\/wp-content\/uploads\/sites\/14\/2026\/02\/ND440.0001__S_0__1bc6530e11f34e5b901d6b095f8b2b84.jpg\",\"contentUrl\":\"https:\/\/nordic-drift.com\/wp-content\/uploads\/sites\/14\/2026\/02\/ND440.0001__S_0__1bc6530e11f34e5b901d6b095f8b2b84.jpg\",\"width\":1024,\"height\":1024},{\"@type\":\"BreadcrumbList\",\"@id\":\"https:\/\/nordic-drift.com\/de\/product\/nordic-drift-titan-ip67-wasser-staubgeschuetzter-5w-speaker-schwarz\/#breadcrumb\",\"itemListElement\":[{\"@type\":\"ListItem\",\"position\":1,\"name\":\"Home\",\"item\":\"https:\/\/nordic-drift.com\/de\/\"},{\"@type\":\"ListItem\",\"position\":2,\"name\":\"Kollektion\",\"item\":\"https:\/\/nordic-drift.com\/de\/kollektion\/\"},{\"@type\":\"ListItem\",\"position\":3,\"name\":\"Nordic Drift Titan IP67 wasser-&#038; staubgesch\u00fctzter 5W-Speaker, schwarz\"}]},{\"@type\":\"WebSite\",\"@id\":\"https:\/\/nordic-drift.com\/de\/#website\",\"url\":\"https:\/\/nordic-drift.com\/de\/\",\"name\":\"Nordic Drift\",\"description\":\"Built to Last, Made to Explore.\",\"potentialAction\":[{\"@type\":\"SearchAction\",\"target\":{\"@type\":\"EntryPoint\",\"urlTemplate\":\"https:\/\/nordic-drift.com\/de\/?s={search_term_string}\"},\"query-input\":{\"@type\":\"PropertyValueSpecification\",\"valueRequired\":true,\"valueName\":\"search_term_string\"}}],\"inLanguage\":\"de\"}]}<\/script>\n<!-- \/ Yoast SEO plugin. -->","yoast_head_json":{"title":"Nordic Drift Titan IP67 wasser-& staubgesch\u00fctzter 5W-Speaker, schwarz - Nordic Drift","robots":{"index":"index","follow":"follow","max-snippet":"max-snippet:-1","max-image-preview":"max-image-preview:large","max-video-preview":"max-video-preview:-1"},"canonical":"https:\/\/nordic-drift.com\/de\/product\/nordic-drift-titan-ip67-wasser-staubgeschuetzter-5w-speaker-schwarz\/","og_locale":"de_DE","og_type":"article","og_title":"Nordic Drift Titan IP67 wasser-& staubgesch\u00fctzter 5W-Speaker, schwarz - Nordic Drift","og_description":"Built to Last, Made to Explore. Der kabellose 5W Lautsprecher Nordic Drift Titan bietet einen kraftvollen Sound in einem kompakten, robusten Design. IP67 wasser- und staubgesch\u00fctzt, sodass er Regen, Schmutz, Sand und allt\u00e4glichen St\u00f6\u00dfen standh\u00e4lt. Das Geh\u00e4use besteht aus RCS-zertifiziert recyceltem ABS und TPE und ist vollst\u00e4ndig PVC-frei. Trotz seiner kompakten Gr\u00f6\u00dfe liefert der Titan [&hellip;]","og_url":"https:\/\/nordic-drift.com\/de\/product\/nordic-drift-titan-ip67-wasser-staubgeschuetzter-5w-speaker-schwarz\/","og_site_name":"Nordic Drift","article_modified_time":"2026-03-26T10:01:21+00:00","og_image":[{"width":1024,"height":1024,"url":"https:\/\/nordic-drift.com\/wp-content\/uploads\/sites\/14\/2026\/02\/ND440.0001__S_0__1bc6530e11f34e5b901d6b095f8b2b84.jpg","type":"image\/jpeg"}],"twitter_card":"summary_large_image","twitter_misc":{"Gesch\u00e4tzte Lesezeit":"1\u00a0Minute"},"schema":{"@context":"https:\/\/schema.org","@graph":[{"@type":"WebPage","@id":"https:\/\/nordic-drift.com\/de\/product\/nordic-drift-titan-ip67-wasser-staubgeschuetzter-5w-speaker-schwarz\/","url":"https:\/\/nordic-drift.com\/de\/product\/nordic-drift-titan-ip67-wasser-staubgeschuetzter-5w-speaker-schwarz\/","name":"Nordic Drift Titan IP67 wasser-& staubgesch\u00fctzter 5W-Speaker, schwarz - Nordic Drift","isPartOf":{"@id":"https:\/\/nordic-drift.com\/de\/#website"},"primaryImageOfPage":{"@id":"https:\/\/nordic-drift.com\/de\/product\/nordic-drift-titan-ip67-wasser-staubgeschuetzter-5w-speaker-schwarz\/#primaryimage"},"image":{"@id":"https:\/\/nordic-drift.com\/de\/product\/nordic-drift-titan-ip67-wasser-staubgeschuetzter-5w-speaker-schwarz\/#primaryimage"},"thumbnailUrl":"https:\/\/nordic-drift.com\/wp-content\/uploads\/sites\/14\/2026\/02\/ND440.0001__S_0__1bc6530e11f34e5b901d6b095f8b2b84.jpg","datePublished":"2026-01-27T14:00:36+00:00","dateModified":"2026-03-26T10:01:21+00:00","breadcrumb":{"@id":"https:\/\/nordic-drift.com\/de\/product\/nordic-drift-titan-ip67-wasser-staubgeschuetzter-5w-speaker-schwarz\/#breadcrumb"},"inLanguage":"de","potentialAction":[{"@type":"ReadAction","target":["https:\/\/nordic-drift.com\/de\/product\/nordic-drift-titan-ip67-wasser-staubgeschuetzter-5w-speaker-schwarz\/"]}]},{"@type":"ImageObject","inLanguage":"de","@id":"https:\/\/nordic-drift.com\/de\/product\/nordic-drift-titan-ip67-wasser-staubgeschuetzter-5w-speaker-schwarz\/#primaryimage","url":"https:\/\/nordic-drift.com\/wp-content\/uploads\/sites\/14\/2026\/02\/ND440.0001__S_0__1bc6530e11f34e5b901d6b095f8b2b84.jpg","contentUrl":"https:\/\/nordic-drift.com\/wp-content\/uploads\/sites\/14\/2026\/02\/ND440.0001__S_0__1bc6530e11f34e5b901d6b095f8b2b84.jpg","width":1024,"height":1024},{"@type":"BreadcrumbList","@id":"https:\/\/nordic-drift.com\/de\/product\/nordic-drift-titan-ip67-wasser-staubgeschuetzter-5w-speaker-schwarz\/#breadcrumb","itemListElement":[{"@type":"ListItem","position":1,"name":"Home","item":"https:\/\/nordic-drift.com\/de\/"},{"@type":"ListItem","position":2,"name":"Kollektion","item":"https:\/\/nordic-drift.com\/de\/kollektion\/"},{"@type":"ListItem","position":3,"name":"Nordic Drift Titan IP67 wasser-&#038; staubgesch\u00fctzter 5W-Speaker, schwarz"}]},{"@type":"WebSite","@id":"https:\/\/nordic-drift.com\/de\/#website","url":"https:\/\/nordic-drift.com\/de\/","name":"Nordic Drift","description":"Built to Last, Made to Explore.","potentialAction":[{"@type":"SearchAction","target":{"@type":"EntryPoint","urlTemplate":"https:\/\/nordic-drift.com\/de\/?s={search_term_string}"},"query-input":{"@type":"PropertyValueSpecification","valueRequired":true,"valueName":"search_term_string"}}],"inLanguage":"de"}]}},"_links":{"self":[{"href":"https:\/\/nordic-drift.com\/de\/wp-json\/wp\/v2\/product\/2837","targetHints":{"allow":["GET"]}}],"collection":[{"href":"https:\/\/nordic-drift.com\/de\/wp-json\/wp\/v2\/product"}],"about":[{"href":"https:\/\/nordic-drift.com\/de\/wp-json\/wp\/v2\/types\/product"}],"replies":[{"embeddable":true,"href":"https:\/\/nordic-drift.com\/de\/wp-json\/wp\/v2\/comments?post=2837"}],"wp:featuredmedia":[{"embeddable":true,"href":"https:\/\/nordic-drift.com\/de\/wp-json\/wp\/v2\/media\/2838"}],"wp:attachment":[{"href":"https:\/\/nordic-drift.com\/de\/wp-json\/wp\/v2\/media?parent=2837"}],"wp:term":[{"taxonomy":"product_cat","embeddable":true,"href":"https:\/\/nordic-drift.com\/de\/wp-json\/wp\/v2\/product_cat?post=2837"},{"taxonomy":"product_tag","embeddable":true,"href":"https:\/\/nordic-drift.com\/de\/wp-json\/wp\/v2\/product_tag?post=2837"}],"curies":[{"name":"wp","href":"https:\/\/api.w.org\/{rel}","templated":true}]}}