{"id":2817,"date":"2026-01-27T14:00:36","date_gmt":"2026-01-27T14:00:36","guid":{"rendered":"https:\/\/nordic-drift.com\/product\/nordic-drift-titan-tragbare-campinglampe-mit-mueckenschutz-schwarz\/"},"modified":"2026-03-26T10:01:20","modified_gmt":"2026-03-26T10:01:20","slug":"nordic-drift-titan-tragbare-campinglampe-mit-mueckenschutz-schwarz","status":"publish","type":"product","link":"https:\/\/nordic-drift.com\/de\/product\/nordic-drift-titan-tragbare-campinglampe-mit-mueckenschutz-schwarz\/","title":{"rendered":"Nordic Drift Titan tragbare Campinglampe mit M\u00fcckenschutz, schwarz"},"content":{"rendered":"<p>Built to Last, Made to Explore. Die tragbare Nordic Drift Titan Campinglampe mit M\u00fcckenschutz kombiniert Beleuchtung und Insektenschutz in einem kompakten, outdoor-tauglichen Design. Mit ihrem einzigartigen Campinglampendesign liefert sie bis zu 220 Lumen Lichtleistung f\u00fcr den Einsatz im Freien oder im Zelt. Die Campinglampe hat eine Betriebsdauer von bis zu 4 Stunden mit einer einzigen Ladung, w\u00e4hrend die M\u00fcckenlampe bis zu 20 Stunden lang genutzt werden kann. Die Lampe ist bequem \u00fcber USB-C aufladbar, PVC-frei und f\u00fcr den Au\u00dfenbereich konzipiert. Alle Produkte von Nordic Drift werden intensiv auf ihre Qualit\u00e4t getestet. Da wir von der Leistung und Langlebigkeit unserer Ausr\u00fcstung \u00fcberzeugt sind, gew\u00e4hren wir auf alle Artikel eine 5-j\u00e4hrige Garantie auf Herstellungsfehler.<\/p>\n","protected":false},"excerpt":{"rendered":"<p>Built to Last, Made to Explore. Die tragbare Nordic Drift Titan Campinglampe mit M\u00fcckenschutz kombiniert Beleuchtung und Insektenschutz in einem kompakten, outdoor-tauglichen Design. Mit ihrem einzigartigen Campinglampendesign liefert sie bis zu 220 Lumen Lichtleistung f\u00fcr den Einsatz im Freien oder im Zelt. Die Campinglampe hat eine Betriebsdauer von bis zu 4 Stunden mit einer einzigen [&hellip;]<\/p>\n","protected":false},"featured_media":2818,"comment_status":"closed","ping_status":"closed","template":"","meta":{"_acf_changed":false},"product_cat":[115],"product_tag":[],"class_list":["post-2817","product","type-product","status-publish","has-post-thumbnail","hentry","product_cat-technik","pa_color-black"],"acf":[],"yoast_head":"<!-- This site is optimized with the Yoast SEO plugin v27.0 - https:\/\/yoast.com\/product\/yoast-seo-wordpress\/ -->\n<title>Nordic Drift Titan tragbare Campinglampe mit M\u00fcckenschutz, schwarz - Nordic Drift<\/title>\n<meta name=\"robots\" content=\"index, follow, max-snippet:-1, max-image-preview:large, max-video-preview:-1\" \/>\n<link rel=\"canonical\" href=\"https:\/\/nordic-drift.com\/de\/product\/nordic-drift-titan-tragbare-campinglampe-mit-mueckenschutz-schwarz\/\" \/>\n<meta property=\"og:locale\" content=\"de_DE\" \/>\n<meta property=\"og:type\" content=\"article\" \/>\n<meta property=\"og:title\" content=\"Nordic Drift Titan tragbare Campinglampe mit M\u00fcckenschutz, schwarz - Nordic Drift\" \/>\n<meta property=\"og:description\" content=\"Built to Last, Made to Explore. Die tragbare Nordic Drift Titan Campinglampe mit M\u00fcckenschutz kombiniert Beleuchtung und Insektenschutz in einem kompakten, outdoor-tauglichen Design. Mit ihrem einzigartigen Campinglampendesign liefert sie bis zu 220 Lumen Lichtleistung f\u00fcr den Einsatz im Freien oder im Zelt. Die Campinglampe hat eine Betriebsdauer von bis zu 4 Stunden mit einer einzigen [&hellip;]\" \/>\n<meta property=\"og:url\" content=\"https:\/\/nordic-drift.com\/de\/product\/nordic-drift-titan-tragbare-campinglampe-mit-mueckenschutz-schwarz\/\" \/>\n<meta property=\"og:site_name\" content=\"Nordic Drift\" \/>\n<meta property=\"article:modified_time\" content=\"2026-03-26T10:01:20+00:00\" \/>\n<meta property=\"og:image\" content=\"https:\/\/nordic-drift.com\/wp-content\/uploads\/sites\/14\/2026\/02\/ND430.0301__S_0__2d7948c4719e41c3acf2ab133641ded5.jpg\" \/>\n\t<meta property=\"og:image:width\" content=\"1024\" \/>\n\t<meta property=\"og:image:height\" content=\"1024\" \/>\n\t<meta property=\"og:image:type\" content=\"image\/jpeg\" \/>\n<meta name=\"twitter:card\" content=\"summary_large_image\" \/>\n<meta name=\"twitter:label1\" content=\"Gesch\u00e4tzte Lesezeit\" \/>\n\t<meta name=\"twitter:data1\" content=\"1\u00a0Minute\" \/>\n<script type=\"application\/ld+json\" class=\"yoast-schema-graph\">{\"@context\":\"https:\/\/schema.org\",\"@graph\":[{\"@type\":\"WebPage\",\"@id\":\"https:\/\/nordic-drift.com\/de\/product\/nordic-drift-titan-tragbare-campinglampe-mit-mueckenschutz-schwarz\/\",\"url\":\"https:\/\/nordic-drift.com\/de\/product\/nordic-drift-titan-tragbare-campinglampe-mit-mueckenschutz-schwarz\/\",\"name\":\"Nordic Drift Titan tragbare Campinglampe mit M\u00fcckenschutz, schwarz - Nordic Drift\",\"isPartOf\":{\"@id\":\"https:\/\/nordic-drift.com\/de\/#website\"},\"primaryImageOfPage\":{\"@id\":\"https:\/\/nordic-drift.com\/de\/product\/nordic-drift-titan-tragbare-campinglampe-mit-mueckenschutz-schwarz\/#primaryimage\"},\"image\":{\"@id\":\"https:\/\/nordic-drift.com\/de\/product\/nordic-drift-titan-tragbare-campinglampe-mit-mueckenschutz-schwarz\/#primaryimage\"},\"thumbnailUrl\":\"https:\/\/nordic-drift.com\/wp-content\/uploads\/sites\/14\/2026\/02\/ND430.0301__S_0__2d7948c4719e41c3acf2ab133641ded5.jpg\",\"datePublished\":\"2026-01-27T14:00:36+00:00\",\"dateModified\":\"2026-03-26T10:01:20+00:00\",\"breadcrumb\":{\"@id\":\"https:\/\/nordic-drift.com\/de\/product\/nordic-drift-titan-tragbare-campinglampe-mit-mueckenschutz-schwarz\/#breadcrumb\"},\"inLanguage\":\"de\",\"potentialAction\":[{\"@type\":\"ReadAction\",\"target\":[\"https:\/\/nordic-drift.com\/de\/product\/nordic-drift-titan-tragbare-campinglampe-mit-mueckenschutz-schwarz\/\"]}]},{\"@type\":\"ImageObject\",\"inLanguage\":\"de\",\"@id\":\"https:\/\/nordic-drift.com\/de\/product\/nordic-drift-titan-tragbare-campinglampe-mit-mueckenschutz-schwarz\/#primaryimage\",\"url\":\"https:\/\/nordic-drift.com\/wp-content\/uploads\/sites\/14\/2026\/02\/ND430.0301__S_0__2d7948c4719e41c3acf2ab133641ded5.jpg\",\"contentUrl\":\"https:\/\/nordic-drift.com\/wp-content\/uploads\/sites\/14\/2026\/02\/ND430.0301__S_0__2d7948c4719e41c3acf2ab133641ded5.jpg\",\"width\":1024,\"height\":1024},{\"@type\":\"BreadcrumbList\",\"@id\":\"https:\/\/nordic-drift.com\/de\/product\/nordic-drift-titan-tragbare-campinglampe-mit-mueckenschutz-schwarz\/#breadcrumb\",\"itemListElement\":[{\"@type\":\"ListItem\",\"position\":1,\"name\":\"Home\",\"item\":\"https:\/\/nordic-drift.com\/de\/\"},{\"@type\":\"ListItem\",\"position\":2,\"name\":\"Kollektion\",\"item\":\"https:\/\/nordic-drift.com\/de\/kollektion\/\"},{\"@type\":\"ListItem\",\"position\":3,\"name\":\"Nordic Drift Titan tragbare Campinglampe mit M\u00fcckenschutz, schwarz\"}]},{\"@type\":\"WebSite\",\"@id\":\"https:\/\/nordic-drift.com\/de\/#website\",\"url\":\"https:\/\/nordic-drift.com\/de\/\",\"name\":\"Nordic Drift\",\"description\":\"Built to Last, Made to Explore.\",\"potentialAction\":[{\"@type\":\"SearchAction\",\"target\":{\"@type\":\"EntryPoint\",\"urlTemplate\":\"https:\/\/nordic-drift.com\/de\/?s={search_term_string}\"},\"query-input\":{\"@type\":\"PropertyValueSpecification\",\"valueRequired\":true,\"valueName\":\"search_term_string\"}}],\"inLanguage\":\"de\"}]}<\/script>\n<!-- \/ Yoast SEO plugin. -->","yoast_head_json":{"title":"Nordic Drift Titan tragbare Campinglampe mit M\u00fcckenschutz, schwarz - Nordic Drift","robots":{"index":"index","follow":"follow","max-snippet":"max-snippet:-1","max-image-preview":"max-image-preview:large","max-video-preview":"max-video-preview:-1"},"canonical":"https:\/\/nordic-drift.com\/de\/product\/nordic-drift-titan-tragbare-campinglampe-mit-mueckenschutz-schwarz\/","og_locale":"de_DE","og_type":"article","og_title":"Nordic Drift Titan tragbare Campinglampe mit M\u00fcckenschutz, schwarz - Nordic Drift","og_description":"Built to Last, Made to Explore. Die tragbare Nordic Drift Titan Campinglampe mit M\u00fcckenschutz kombiniert Beleuchtung und Insektenschutz in einem kompakten, outdoor-tauglichen Design. Mit ihrem einzigartigen Campinglampendesign liefert sie bis zu 220 Lumen Lichtleistung f\u00fcr den Einsatz im Freien oder im Zelt. Die Campinglampe hat eine Betriebsdauer von bis zu 4 Stunden mit einer einzigen [&hellip;]","og_url":"https:\/\/nordic-drift.com\/de\/product\/nordic-drift-titan-tragbare-campinglampe-mit-mueckenschutz-schwarz\/","og_site_name":"Nordic Drift","article_modified_time":"2026-03-26T10:01:20+00:00","og_image":[{"width":1024,"height":1024,"url":"https:\/\/nordic-drift.com\/wp-content\/uploads\/sites\/14\/2026\/02\/ND430.0301__S_0__2d7948c4719e41c3acf2ab133641ded5.jpg","type":"image\/jpeg"}],"twitter_card":"summary_large_image","twitter_misc":{"Gesch\u00e4tzte Lesezeit":"1\u00a0Minute"},"schema":{"@context":"https:\/\/schema.org","@graph":[{"@type":"WebPage","@id":"https:\/\/nordic-drift.com\/de\/product\/nordic-drift-titan-tragbare-campinglampe-mit-mueckenschutz-schwarz\/","url":"https:\/\/nordic-drift.com\/de\/product\/nordic-drift-titan-tragbare-campinglampe-mit-mueckenschutz-schwarz\/","name":"Nordic Drift Titan tragbare Campinglampe mit M\u00fcckenschutz, schwarz - Nordic Drift","isPartOf":{"@id":"https:\/\/nordic-drift.com\/de\/#website"},"primaryImageOfPage":{"@id":"https:\/\/nordic-drift.com\/de\/product\/nordic-drift-titan-tragbare-campinglampe-mit-mueckenschutz-schwarz\/#primaryimage"},"image":{"@id":"https:\/\/nordic-drift.com\/de\/product\/nordic-drift-titan-tragbare-campinglampe-mit-mueckenschutz-schwarz\/#primaryimage"},"thumbnailUrl":"https:\/\/nordic-drift.com\/wp-content\/uploads\/sites\/14\/2026\/02\/ND430.0301__S_0__2d7948c4719e41c3acf2ab133641ded5.jpg","datePublished":"2026-01-27T14:00:36+00:00","dateModified":"2026-03-26T10:01:20+00:00","breadcrumb":{"@id":"https:\/\/nordic-drift.com\/de\/product\/nordic-drift-titan-tragbare-campinglampe-mit-mueckenschutz-schwarz\/#breadcrumb"},"inLanguage":"de","potentialAction":[{"@type":"ReadAction","target":["https:\/\/nordic-drift.com\/de\/product\/nordic-drift-titan-tragbare-campinglampe-mit-mueckenschutz-schwarz\/"]}]},{"@type":"ImageObject","inLanguage":"de","@id":"https:\/\/nordic-drift.com\/de\/product\/nordic-drift-titan-tragbare-campinglampe-mit-mueckenschutz-schwarz\/#primaryimage","url":"https:\/\/nordic-drift.com\/wp-content\/uploads\/sites\/14\/2026\/02\/ND430.0301__S_0__2d7948c4719e41c3acf2ab133641ded5.jpg","contentUrl":"https:\/\/nordic-drift.com\/wp-content\/uploads\/sites\/14\/2026\/02\/ND430.0301__S_0__2d7948c4719e41c3acf2ab133641ded5.jpg","width":1024,"height":1024},{"@type":"BreadcrumbList","@id":"https:\/\/nordic-drift.com\/de\/product\/nordic-drift-titan-tragbare-campinglampe-mit-mueckenschutz-schwarz\/#breadcrumb","itemListElement":[{"@type":"ListItem","position":1,"name":"Home","item":"https:\/\/nordic-drift.com\/de\/"},{"@type":"ListItem","position":2,"name":"Kollektion","item":"https:\/\/nordic-drift.com\/de\/kollektion\/"},{"@type":"ListItem","position":3,"name":"Nordic Drift Titan tragbare Campinglampe mit M\u00fcckenschutz, schwarz"}]},{"@type":"WebSite","@id":"https:\/\/nordic-drift.com\/de\/#website","url":"https:\/\/nordic-drift.com\/de\/","name":"Nordic Drift","description":"Built to Last, Made to Explore.","potentialAction":[{"@type":"SearchAction","target":{"@type":"EntryPoint","urlTemplate":"https:\/\/nordic-drift.com\/de\/?s={search_term_string}"},"query-input":{"@type":"PropertyValueSpecification","valueRequired":true,"valueName":"search_term_string"}}],"inLanguage":"de"}]}},"_links":{"self":[{"href":"https:\/\/nordic-drift.com\/de\/wp-json\/wp\/v2\/product\/2817","targetHints":{"allow":["GET"]}}],"collection":[{"href":"https:\/\/nordic-drift.com\/de\/wp-json\/wp\/v2\/product"}],"about":[{"href":"https:\/\/nordic-drift.com\/de\/wp-json\/wp\/v2\/types\/product"}],"replies":[{"embeddable":true,"href":"https:\/\/nordic-drift.com\/de\/wp-json\/wp\/v2\/comments?post=2817"}],"wp:featuredmedia":[{"embeddable":true,"href":"https:\/\/nordic-drift.com\/de\/wp-json\/wp\/v2\/media\/2818"}],"wp:attachment":[{"href":"https:\/\/nordic-drift.com\/de\/wp-json\/wp\/v2\/media?parent=2817"}],"wp:term":[{"taxonomy":"product_cat","embeddable":true,"href":"https:\/\/nordic-drift.com\/de\/wp-json\/wp\/v2\/product_cat?post=2817"},{"taxonomy":"product_tag","embeddable":true,"href":"https:\/\/nordic-drift.com\/de\/wp-json\/wp\/v2\/product_tag?post=2817"}],"curies":[{"name":"wp","href":"https:\/\/api.w.org\/{rel}","templated":true}]}}