{"id":2805,"date":"2026-01-27T14:00:36","date_gmt":"2026-01-27T14:00:36","guid":{"rendered":"https:\/\/nordic-drift.com\/product\/nordic-drift-titan-2-in-1-luftpumpe-und-campinglampe-schwarz\/"},"modified":"2026-03-26T10:01:19","modified_gmt":"2026-03-26T10:01:19","slug":"nordic-drift-titan-2-in-1-luftpumpe-und-campinglampe-schwarz","status":"publish","type":"product","link":"https:\/\/nordic-drift.com\/de\/product\/nordic-drift-titan-2-in-1-luftpumpe-und-campinglampe-schwarz\/","title":{"rendered":"Nordic Drift Titan 2-in-1-Luftpumpe und Campinglampe, schwarz"},"content":{"rendered":"<p>Built to Last, Made to Explore. Die Nordic Drift 2-in-1-Luftpumpe und Campinglampe ist ein kompaktes, tragbares Ger\u00e4t f\u00fcr den Outdoor-Einsatz. Sie verf\u00fcgt \u00fcber eine praktisches Aufh\u00e4ngung f\u00fcr die Verwendung im Zelt oder die einfache Aufbewahrung an einer Tasche oder einem Rucksack. Sie wird von einem wiederaufladbaren 2000mAh-Akku gespeist und \u00fcber das mitgelieferte USB-C-Ladekabel aufgeladen. Die PVC-freie Luftpumpe verf\u00fcgt \u00fcber vier D\u00fcsen und einen 2-stufigen Motor f\u00fcr schnelles Aufpumpen und Entleeren mit einem maximalen Luftdruck von 4 kPa und einer Wasserdichtigkeit gem\u00e4\u00df IPX4. Die integrierte Campingleuchte mit 200 Lumen bietet f\u00fcnf einstellbare Lichtmodi f\u00fcr eine flexible Beleuchtung. Alle Produkte von Nordic Drift werden intensiv auf ihre Qualit\u00e4t getestet. Da wir von der Leistung und Langlebigkeit unserer Ausr\u00fcstung \u00fcberzeugt sind, gew\u00e4hren wir auf alle Artikel eine 5-j\u00e4hrige Garantie auf Herstellungsfehler.<\/p>\n","protected":false},"excerpt":{"rendered":"<p>Built to Last, Made to Explore. Die Nordic Drift 2-in-1-Luftpumpe und Campinglampe ist ein kompaktes, tragbares Ger\u00e4t f\u00fcr den Outdoor-Einsatz. Sie verf\u00fcgt \u00fcber eine praktisches Aufh\u00e4ngung f\u00fcr die Verwendung im Zelt oder die einfache Aufbewahrung an einer Tasche oder einem Rucksack. Sie wird von einem wiederaufladbaren 2000mAh-Akku gespeist und \u00fcber das mitgelieferte USB-C-Ladekabel aufgeladen. Die [&hellip;]<\/p>\n","protected":false},"featured_media":2806,"comment_status":"closed","ping_status":"closed","template":"","meta":{"_acf_changed":false},"product_cat":[115],"product_tag":[],"class_list":["post-2805","product","type-product","status-publish","has-post-thumbnail","hentry","product_cat-technik","pa_color-black"],"acf":[],"yoast_head":"<!-- This site is optimized with the Yoast SEO plugin v27.0 - https:\/\/yoast.com\/product\/yoast-seo-wordpress\/ -->\n<title>Nordic Drift Titan 2-in-1-Luftpumpe und Campinglampe, schwarz - Nordic Drift<\/title>\n<meta name=\"robots\" content=\"index, follow, max-snippet:-1, max-image-preview:large, max-video-preview:-1\" \/>\n<link rel=\"canonical\" href=\"https:\/\/nordic-drift.com\/de\/product\/nordic-drift-titan-2-in-1-luftpumpe-und-campinglampe-schwarz\/\" \/>\n<meta property=\"og:locale\" content=\"de_DE\" \/>\n<meta property=\"og:type\" content=\"article\" \/>\n<meta property=\"og:title\" content=\"Nordic Drift Titan 2-in-1-Luftpumpe und Campinglampe, schwarz - Nordic Drift\" \/>\n<meta property=\"og:description\" content=\"Built to Last, Made to Explore. Die Nordic Drift 2-in-1-Luftpumpe und Campinglampe ist ein kompaktes, tragbares Ger\u00e4t f\u00fcr den Outdoor-Einsatz. Sie verf\u00fcgt \u00fcber eine praktisches Aufh\u00e4ngung f\u00fcr die Verwendung im Zelt oder die einfache Aufbewahrung an einer Tasche oder einem Rucksack. Sie wird von einem wiederaufladbaren 2000mAh-Akku gespeist und \u00fcber das mitgelieferte USB-C-Ladekabel aufgeladen. Die [&hellip;]\" \/>\n<meta property=\"og:url\" content=\"https:\/\/nordic-drift.com\/de\/product\/nordic-drift-titan-2-in-1-luftpumpe-und-campinglampe-schwarz\/\" \/>\n<meta property=\"og:site_name\" content=\"Nordic Drift\" \/>\n<meta property=\"article:modified_time\" content=\"2026-03-26T10:01:19+00:00\" \/>\n<meta property=\"og:image\" content=\"https:\/\/nordic-drift.com\/wp-content\/uploads\/sites\/14\/2026\/02\/ND430.0101__S_0__af7252b484da42f88260acd7e207577b.jpg\" \/>\n\t<meta property=\"og:image:width\" content=\"1024\" \/>\n\t<meta property=\"og:image:height\" content=\"1024\" \/>\n\t<meta property=\"og:image:type\" content=\"image\/jpeg\" \/>\n<meta name=\"twitter:card\" content=\"summary_large_image\" \/>\n<meta name=\"twitter:label1\" content=\"Gesch\u00e4tzte Lesezeit\" \/>\n\t<meta name=\"twitter:data1\" content=\"1\u00a0Minute\" \/>\n<script type=\"application\/ld+json\" class=\"yoast-schema-graph\">{\"@context\":\"https:\/\/schema.org\",\"@graph\":[{\"@type\":\"WebPage\",\"@id\":\"https:\/\/nordic-drift.com\/de\/product\/nordic-drift-titan-2-in-1-luftpumpe-und-campinglampe-schwarz\/\",\"url\":\"https:\/\/nordic-drift.com\/de\/product\/nordic-drift-titan-2-in-1-luftpumpe-und-campinglampe-schwarz\/\",\"name\":\"Nordic Drift Titan 2-in-1-Luftpumpe und Campinglampe, schwarz - Nordic Drift\",\"isPartOf\":{\"@id\":\"https:\/\/nordic-drift.com\/de\/#website\"},\"primaryImageOfPage\":{\"@id\":\"https:\/\/nordic-drift.com\/de\/product\/nordic-drift-titan-2-in-1-luftpumpe-und-campinglampe-schwarz\/#primaryimage\"},\"image\":{\"@id\":\"https:\/\/nordic-drift.com\/de\/product\/nordic-drift-titan-2-in-1-luftpumpe-und-campinglampe-schwarz\/#primaryimage\"},\"thumbnailUrl\":\"https:\/\/nordic-drift.com\/wp-content\/uploads\/sites\/14\/2026\/02\/ND430.0101__S_0__af7252b484da42f88260acd7e207577b.jpg\",\"datePublished\":\"2026-01-27T14:00:36+00:00\",\"dateModified\":\"2026-03-26T10:01:19+00:00\",\"breadcrumb\":{\"@id\":\"https:\/\/nordic-drift.com\/de\/product\/nordic-drift-titan-2-in-1-luftpumpe-und-campinglampe-schwarz\/#breadcrumb\"},\"inLanguage\":\"de\",\"potentialAction\":[{\"@type\":\"ReadAction\",\"target\":[\"https:\/\/nordic-drift.com\/de\/product\/nordic-drift-titan-2-in-1-luftpumpe-und-campinglampe-schwarz\/\"]}]},{\"@type\":\"ImageObject\",\"inLanguage\":\"de\",\"@id\":\"https:\/\/nordic-drift.com\/de\/product\/nordic-drift-titan-2-in-1-luftpumpe-und-campinglampe-schwarz\/#primaryimage\",\"url\":\"https:\/\/nordic-drift.com\/wp-content\/uploads\/sites\/14\/2026\/02\/ND430.0101__S_0__af7252b484da42f88260acd7e207577b.jpg\",\"contentUrl\":\"https:\/\/nordic-drift.com\/wp-content\/uploads\/sites\/14\/2026\/02\/ND430.0101__S_0__af7252b484da42f88260acd7e207577b.jpg\",\"width\":1024,\"height\":1024},{\"@type\":\"BreadcrumbList\",\"@id\":\"https:\/\/nordic-drift.com\/de\/product\/nordic-drift-titan-2-in-1-luftpumpe-und-campinglampe-schwarz\/#breadcrumb\",\"itemListElement\":[{\"@type\":\"ListItem\",\"position\":1,\"name\":\"Home\",\"item\":\"https:\/\/nordic-drift.com\/de\/\"},{\"@type\":\"ListItem\",\"position\":2,\"name\":\"Kollektion\",\"item\":\"https:\/\/nordic-drift.com\/de\/kollektion\/\"},{\"@type\":\"ListItem\",\"position\":3,\"name\":\"Nordic Drift Titan 2-in-1-Luftpumpe und Campinglampe, schwarz\"}]},{\"@type\":\"WebSite\",\"@id\":\"https:\/\/nordic-drift.com\/de\/#website\",\"url\":\"https:\/\/nordic-drift.com\/de\/\",\"name\":\"Nordic Drift\",\"description\":\"Built to Last, Made to Explore.\",\"potentialAction\":[{\"@type\":\"SearchAction\",\"target\":{\"@type\":\"EntryPoint\",\"urlTemplate\":\"https:\/\/nordic-drift.com\/de\/?s={search_term_string}\"},\"query-input\":{\"@type\":\"PropertyValueSpecification\",\"valueRequired\":true,\"valueName\":\"search_term_string\"}}],\"inLanguage\":\"de\"}]}<\/script>\n<!-- \/ Yoast SEO plugin. -->","yoast_head_json":{"title":"Nordic Drift Titan 2-in-1-Luftpumpe und Campinglampe, schwarz - Nordic Drift","robots":{"index":"index","follow":"follow","max-snippet":"max-snippet:-1","max-image-preview":"max-image-preview:large","max-video-preview":"max-video-preview:-1"},"canonical":"https:\/\/nordic-drift.com\/de\/product\/nordic-drift-titan-2-in-1-luftpumpe-und-campinglampe-schwarz\/","og_locale":"de_DE","og_type":"article","og_title":"Nordic Drift Titan 2-in-1-Luftpumpe und Campinglampe, schwarz - Nordic Drift","og_description":"Built to Last, Made to Explore. Die Nordic Drift 2-in-1-Luftpumpe und Campinglampe ist ein kompaktes, tragbares Ger\u00e4t f\u00fcr den Outdoor-Einsatz. Sie verf\u00fcgt \u00fcber eine praktisches Aufh\u00e4ngung f\u00fcr die Verwendung im Zelt oder die einfache Aufbewahrung an einer Tasche oder einem Rucksack. Sie wird von einem wiederaufladbaren 2000mAh-Akku gespeist und \u00fcber das mitgelieferte USB-C-Ladekabel aufgeladen. Die [&hellip;]","og_url":"https:\/\/nordic-drift.com\/de\/product\/nordic-drift-titan-2-in-1-luftpumpe-und-campinglampe-schwarz\/","og_site_name":"Nordic Drift","article_modified_time":"2026-03-26T10:01:19+00:00","og_image":[{"width":1024,"height":1024,"url":"https:\/\/nordic-drift.com\/wp-content\/uploads\/sites\/14\/2026\/02\/ND430.0101__S_0__af7252b484da42f88260acd7e207577b.jpg","type":"image\/jpeg"}],"twitter_card":"summary_large_image","twitter_misc":{"Gesch\u00e4tzte Lesezeit":"1\u00a0Minute"},"schema":{"@context":"https:\/\/schema.org","@graph":[{"@type":"WebPage","@id":"https:\/\/nordic-drift.com\/de\/product\/nordic-drift-titan-2-in-1-luftpumpe-und-campinglampe-schwarz\/","url":"https:\/\/nordic-drift.com\/de\/product\/nordic-drift-titan-2-in-1-luftpumpe-und-campinglampe-schwarz\/","name":"Nordic Drift Titan 2-in-1-Luftpumpe und Campinglampe, schwarz - Nordic Drift","isPartOf":{"@id":"https:\/\/nordic-drift.com\/de\/#website"},"primaryImageOfPage":{"@id":"https:\/\/nordic-drift.com\/de\/product\/nordic-drift-titan-2-in-1-luftpumpe-und-campinglampe-schwarz\/#primaryimage"},"image":{"@id":"https:\/\/nordic-drift.com\/de\/product\/nordic-drift-titan-2-in-1-luftpumpe-und-campinglampe-schwarz\/#primaryimage"},"thumbnailUrl":"https:\/\/nordic-drift.com\/wp-content\/uploads\/sites\/14\/2026\/02\/ND430.0101__S_0__af7252b484da42f88260acd7e207577b.jpg","datePublished":"2026-01-27T14:00:36+00:00","dateModified":"2026-03-26T10:01:19+00:00","breadcrumb":{"@id":"https:\/\/nordic-drift.com\/de\/product\/nordic-drift-titan-2-in-1-luftpumpe-und-campinglampe-schwarz\/#breadcrumb"},"inLanguage":"de","potentialAction":[{"@type":"ReadAction","target":["https:\/\/nordic-drift.com\/de\/product\/nordic-drift-titan-2-in-1-luftpumpe-und-campinglampe-schwarz\/"]}]},{"@type":"ImageObject","inLanguage":"de","@id":"https:\/\/nordic-drift.com\/de\/product\/nordic-drift-titan-2-in-1-luftpumpe-und-campinglampe-schwarz\/#primaryimage","url":"https:\/\/nordic-drift.com\/wp-content\/uploads\/sites\/14\/2026\/02\/ND430.0101__S_0__af7252b484da42f88260acd7e207577b.jpg","contentUrl":"https:\/\/nordic-drift.com\/wp-content\/uploads\/sites\/14\/2026\/02\/ND430.0101__S_0__af7252b484da42f88260acd7e207577b.jpg","width":1024,"height":1024},{"@type":"BreadcrumbList","@id":"https:\/\/nordic-drift.com\/de\/product\/nordic-drift-titan-2-in-1-luftpumpe-und-campinglampe-schwarz\/#breadcrumb","itemListElement":[{"@type":"ListItem","position":1,"name":"Home","item":"https:\/\/nordic-drift.com\/de\/"},{"@type":"ListItem","position":2,"name":"Kollektion","item":"https:\/\/nordic-drift.com\/de\/kollektion\/"},{"@type":"ListItem","position":3,"name":"Nordic Drift Titan 2-in-1-Luftpumpe und Campinglampe, schwarz"}]},{"@type":"WebSite","@id":"https:\/\/nordic-drift.com\/de\/#website","url":"https:\/\/nordic-drift.com\/de\/","name":"Nordic Drift","description":"Built to Last, Made to Explore.","potentialAction":[{"@type":"SearchAction","target":{"@type":"EntryPoint","urlTemplate":"https:\/\/nordic-drift.com\/de\/?s={search_term_string}"},"query-input":{"@type":"PropertyValueSpecification","valueRequired":true,"valueName":"search_term_string"}}],"inLanguage":"de"}]}},"_links":{"self":[{"href":"https:\/\/nordic-drift.com\/de\/wp-json\/wp\/v2\/product\/2805","targetHints":{"allow":["GET"]}}],"collection":[{"href":"https:\/\/nordic-drift.com\/de\/wp-json\/wp\/v2\/product"}],"about":[{"href":"https:\/\/nordic-drift.com\/de\/wp-json\/wp\/v2\/types\/product"}],"replies":[{"embeddable":true,"href":"https:\/\/nordic-drift.com\/de\/wp-json\/wp\/v2\/comments?post=2805"}],"wp:featuredmedia":[{"embeddable":true,"href":"https:\/\/nordic-drift.com\/de\/wp-json\/wp\/v2\/media\/2806"}],"wp:attachment":[{"href":"https:\/\/nordic-drift.com\/de\/wp-json\/wp\/v2\/media?parent=2805"}],"wp:term":[{"taxonomy":"product_cat","embeddable":true,"href":"https:\/\/nordic-drift.com\/de\/wp-json\/wp\/v2\/product_cat?post=2805"},{"taxonomy":"product_tag","embeddable":true,"href":"https:\/\/nordic-drift.com\/de\/wp-json\/wp\/v2\/product_tag?post=2805"}],"curies":[{"name":"wp","href":"https:\/\/api.w.org\/{rel}","templated":true}]}}