{"id":2785,"date":"2026-01-27T14:00:36","date_gmt":"2026-01-27T14:00:36","guid":{"rendered":"https:\/\/nordic-drift.com\/product\/nordic-drift-titan-10-000mah-solar-powerbank-with-3-panels-schwarz\/"},"modified":"2026-03-26T10:01:16","modified_gmt":"2026-03-26T10:01:16","slug":"nordic-drift-titan-10-000mah-solar-powerbank-with-3-panels-schwarz","status":"publish","type":"product","link":"https:\/\/nordic-drift.com\/de\/product\/nordic-drift-titan-10-000mah-solar-powerbank-with-3-panels-schwarz\/","title":{"rendered":"Nordic Drift Titan 10.000mAh Solar Powerbank with 3 Panels, schwarz"},"content":{"rendered":"<p>Built to Last, Made to Explore. Die Nordic Drift Solar Powerbank 10.000 mAh ist mit einer hochwertigen A-Grade Lithium-Batterie und einem Geh\u00e4use aus RCS-zertifiziert recyceltem ABS\/PC f\u00fcr Langlebigkeit unterwegs ausgelegt. Drei faltbare, hocheffiziente Solarmodule erm\u00f6glichen das Laden ohne Netzanschluss. Bei starker Sonneneinstrahlung l\u00e4dt sich die Powerbank effizient auf und liefert nach nur 3h fast 2.000mAh. Mit 20W Schnellladung \u00fcber USB-C und 18 W \u00fcber USB-A sowie zwei integrierten Ladekabeln (Lightning und USB-C) f\u00fcr flexibls Laden. Schutzklasse IPX3 spritzwassergesch\u00fctzt &#8211; f\u00fcr den Einsatz im Freien und bei leichtem Regen geeignet. Mit integrierter Campingleuchte. Alle Produkte von Nordic Drift werden intensiv auf ihre Qualit\u00e4t getestet. Da wir von der Leistung und Langlebigkeit unserer Ausr\u00fcstung \u00fcberzeugt sind, gew\u00e4hren wir auf alle Artikel eine 5-j\u00e4hrige Garantie auf Herstellungsfehler.<\/p>\n","protected":false},"excerpt":{"rendered":"<p>Built to Last, Made to Explore. Die Nordic Drift Solar Powerbank 10.000 mAh ist mit einer hochwertigen A-Grade Lithium-Batterie und einem Geh\u00e4use aus RCS-zertifiziert recyceltem ABS\/PC f\u00fcr Langlebigkeit unterwegs ausgelegt. Drei faltbare, hocheffiziente Solarmodule erm\u00f6glichen das Laden ohne Netzanschluss. Bei starker Sonneneinstrahlung l\u00e4dt sich die Powerbank effizient auf und liefert nach nur 3h fast 2.000mAh. [&hellip;]<\/p>\n","protected":false},"featured_media":2786,"comment_status":"closed","ping_status":"closed","template":"","meta":{"_acf_changed":false},"product_cat":[115],"product_tag":[],"class_list":["post-2785","product","type-product","status-publish","has-post-thumbnail","hentry","product_cat-technik","pa_color-black"],"acf":[],"yoast_head":"<!-- This site is optimized with the Yoast SEO plugin v27.0 - https:\/\/yoast.com\/product\/yoast-seo-wordpress\/ -->\n<title>Nordic Drift Titan 10.000mAh Solar Powerbank with 3 Panels, schwarz - Nordic Drift<\/title>\n<meta name=\"robots\" content=\"index, follow, max-snippet:-1, max-image-preview:large, max-video-preview:-1\" \/>\n<link rel=\"canonical\" href=\"https:\/\/nordic-drift.com\/de\/product\/nordic-drift-titan-10-000mah-solar-powerbank-with-3-panels-schwarz\/\" \/>\n<meta property=\"og:locale\" content=\"de_DE\" \/>\n<meta property=\"og:type\" content=\"article\" \/>\n<meta property=\"og:title\" content=\"Nordic Drift Titan 10.000mAh Solar Powerbank with 3 Panels, schwarz - Nordic Drift\" \/>\n<meta property=\"og:description\" content=\"Built to Last, Made to Explore. Die Nordic Drift Solar Powerbank 10.000 mAh ist mit einer hochwertigen A-Grade Lithium-Batterie und einem Geh\u00e4use aus RCS-zertifiziert recyceltem ABS\/PC f\u00fcr Langlebigkeit unterwegs ausgelegt. Drei faltbare, hocheffiziente Solarmodule erm\u00f6glichen das Laden ohne Netzanschluss. Bei starker Sonneneinstrahlung l\u00e4dt sich die Powerbank effizient auf und liefert nach nur 3h fast 2.000mAh. [&hellip;]\" \/>\n<meta property=\"og:url\" content=\"https:\/\/nordic-drift.com\/de\/product\/nordic-drift-titan-10-000mah-solar-powerbank-with-3-panels-schwarz\/\" \/>\n<meta property=\"og:site_name\" content=\"Nordic Drift\" \/>\n<meta property=\"article:modified_time\" content=\"2026-03-26T10:01:16+00:00\" \/>\n<meta property=\"og:image\" content=\"https:\/\/nordic-drift.com\/wp-content\/uploads\/sites\/14\/2026\/02\/ND410.0001__S_0__e9e18f3c3f7745fba63a6f1288e7abd7.jpg\" \/>\n\t<meta property=\"og:image:width\" content=\"1024\" \/>\n\t<meta property=\"og:image:height\" content=\"1024\" \/>\n\t<meta property=\"og:image:type\" content=\"image\/jpeg\" \/>\n<meta name=\"twitter:card\" content=\"summary_large_image\" \/>\n<meta name=\"twitter:label1\" content=\"Gesch\u00e4tzte Lesezeit\" \/>\n\t<meta name=\"twitter:data1\" content=\"1\u00a0Minute\" \/>\n<script type=\"application\/ld+json\" class=\"yoast-schema-graph\">{\"@context\":\"https:\/\/schema.org\",\"@graph\":[{\"@type\":\"WebPage\",\"@id\":\"https:\/\/nordic-drift.com\/de\/product\/nordic-drift-titan-10-000mah-solar-powerbank-with-3-panels-schwarz\/\",\"url\":\"https:\/\/nordic-drift.com\/de\/product\/nordic-drift-titan-10-000mah-solar-powerbank-with-3-panels-schwarz\/\",\"name\":\"Nordic Drift Titan 10.000mAh Solar Powerbank with 3 Panels, schwarz - Nordic Drift\",\"isPartOf\":{\"@id\":\"https:\/\/nordic-drift.com\/de\/#website\"},\"primaryImageOfPage\":{\"@id\":\"https:\/\/nordic-drift.com\/de\/product\/nordic-drift-titan-10-000mah-solar-powerbank-with-3-panels-schwarz\/#primaryimage\"},\"image\":{\"@id\":\"https:\/\/nordic-drift.com\/de\/product\/nordic-drift-titan-10-000mah-solar-powerbank-with-3-panels-schwarz\/#primaryimage\"},\"thumbnailUrl\":\"https:\/\/nordic-drift.com\/wp-content\/uploads\/sites\/14\/2026\/02\/ND410.0001__S_0__e9e18f3c3f7745fba63a6f1288e7abd7.jpg\",\"datePublished\":\"2026-01-27T14:00:36+00:00\",\"dateModified\":\"2026-03-26T10:01:16+00:00\",\"breadcrumb\":{\"@id\":\"https:\/\/nordic-drift.com\/de\/product\/nordic-drift-titan-10-000mah-solar-powerbank-with-3-panels-schwarz\/#breadcrumb\"},\"inLanguage\":\"de\",\"potentialAction\":[{\"@type\":\"ReadAction\",\"target\":[\"https:\/\/nordic-drift.com\/de\/product\/nordic-drift-titan-10-000mah-solar-powerbank-with-3-panels-schwarz\/\"]}]},{\"@type\":\"ImageObject\",\"inLanguage\":\"de\",\"@id\":\"https:\/\/nordic-drift.com\/de\/product\/nordic-drift-titan-10-000mah-solar-powerbank-with-3-panels-schwarz\/#primaryimage\",\"url\":\"https:\/\/nordic-drift.com\/wp-content\/uploads\/sites\/14\/2026\/02\/ND410.0001__S_0__e9e18f3c3f7745fba63a6f1288e7abd7.jpg\",\"contentUrl\":\"https:\/\/nordic-drift.com\/wp-content\/uploads\/sites\/14\/2026\/02\/ND410.0001__S_0__e9e18f3c3f7745fba63a6f1288e7abd7.jpg\",\"width\":1024,\"height\":1024},{\"@type\":\"BreadcrumbList\",\"@id\":\"https:\/\/nordic-drift.com\/de\/product\/nordic-drift-titan-10-000mah-solar-powerbank-with-3-panels-schwarz\/#breadcrumb\",\"itemListElement\":[{\"@type\":\"ListItem\",\"position\":1,\"name\":\"Home\",\"item\":\"https:\/\/nordic-drift.com\/de\/\"},{\"@type\":\"ListItem\",\"position\":2,\"name\":\"Kollektion\",\"item\":\"https:\/\/nordic-drift.com\/de\/kollektion\/\"},{\"@type\":\"ListItem\",\"position\":3,\"name\":\"Nordic Drift Titan 10.000mAh Solar Powerbank with 3 Panels, schwarz\"}]},{\"@type\":\"WebSite\",\"@id\":\"https:\/\/nordic-drift.com\/de\/#website\",\"url\":\"https:\/\/nordic-drift.com\/de\/\",\"name\":\"Nordic Drift\",\"description\":\"Built to Last, Made to Explore.\",\"potentialAction\":[{\"@type\":\"SearchAction\",\"target\":{\"@type\":\"EntryPoint\",\"urlTemplate\":\"https:\/\/nordic-drift.com\/de\/?s={search_term_string}\"},\"query-input\":{\"@type\":\"PropertyValueSpecification\",\"valueRequired\":true,\"valueName\":\"search_term_string\"}}],\"inLanguage\":\"de\"}]}<\/script>\n<!-- \/ Yoast SEO plugin. -->","yoast_head_json":{"title":"Nordic Drift Titan 10.000mAh Solar Powerbank with 3 Panels, schwarz - Nordic Drift","robots":{"index":"index","follow":"follow","max-snippet":"max-snippet:-1","max-image-preview":"max-image-preview:large","max-video-preview":"max-video-preview:-1"},"canonical":"https:\/\/nordic-drift.com\/de\/product\/nordic-drift-titan-10-000mah-solar-powerbank-with-3-panels-schwarz\/","og_locale":"de_DE","og_type":"article","og_title":"Nordic Drift Titan 10.000mAh Solar Powerbank with 3 Panels, schwarz - Nordic Drift","og_description":"Built to Last, Made to Explore. Die Nordic Drift Solar Powerbank 10.000 mAh ist mit einer hochwertigen A-Grade Lithium-Batterie und einem Geh\u00e4use aus RCS-zertifiziert recyceltem ABS\/PC f\u00fcr Langlebigkeit unterwegs ausgelegt. Drei faltbare, hocheffiziente Solarmodule erm\u00f6glichen das Laden ohne Netzanschluss. Bei starker Sonneneinstrahlung l\u00e4dt sich die Powerbank effizient auf und liefert nach nur 3h fast 2.000mAh. [&hellip;]","og_url":"https:\/\/nordic-drift.com\/de\/product\/nordic-drift-titan-10-000mah-solar-powerbank-with-3-panels-schwarz\/","og_site_name":"Nordic Drift","article_modified_time":"2026-03-26T10:01:16+00:00","og_image":[{"width":1024,"height":1024,"url":"https:\/\/nordic-drift.com\/wp-content\/uploads\/sites\/14\/2026\/02\/ND410.0001__S_0__e9e18f3c3f7745fba63a6f1288e7abd7.jpg","type":"image\/jpeg"}],"twitter_card":"summary_large_image","twitter_misc":{"Gesch\u00e4tzte Lesezeit":"1\u00a0Minute"},"schema":{"@context":"https:\/\/schema.org","@graph":[{"@type":"WebPage","@id":"https:\/\/nordic-drift.com\/de\/product\/nordic-drift-titan-10-000mah-solar-powerbank-with-3-panels-schwarz\/","url":"https:\/\/nordic-drift.com\/de\/product\/nordic-drift-titan-10-000mah-solar-powerbank-with-3-panels-schwarz\/","name":"Nordic Drift Titan 10.000mAh Solar Powerbank with 3 Panels, schwarz - Nordic Drift","isPartOf":{"@id":"https:\/\/nordic-drift.com\/de\/#website"},"primaryImageOfPage":{"@id":"https:\/\/nordic-drift.com\/de\/product\/nordic-drift-titan-10-000mah-solar-powerbank-with-3-panels-schwarz\/#primaryimage"},"image":{"@id":"https:\/\/nordic-drift.com\/de\/product\/nordic-drift-titan-10-000mah-solar-powerbank-with-3-panels-schwarz\/#primaryimage"},"thumbnailUrl":"https:\/\/nordic-drift.com\/wp-content\/uploads\/sites\/14\/2026\/02\/ND410.0001__S_0__e9e18f3c3f7745fba63a6f1288e7abd7.jpg","datePublished":"2026-01-27T14:00:36+00:00","dateModified":"2026-03-26T10:01:16+00:00","breadcrumb":{"@id":"https:\/\/nordic-drift.com\/de\/product\/nordic-drift-titan-10-000mah-solar-powerbank-with-3-panels-schwarz\/#breadcrumb"},"inLanguage":"de","potentialAction":[{"@type":"ReadAction","target":["https:\/\/nordic-drift.com\/de\/product\/nordic-drift-titan-10-000mah-solar-powerbank-with-3-panels-schwarz\/"]}]},{"@type":"ImageObject","inLanguage":"de","@id":"https:\/\/nordic-drift.com\/de\/product\/nordic-drift-titan-10-000mah-solar-powerbank-with-3-panels-schwarz\/#primaryimage","url":"https:\/\/nordic-drift.com\/wp-content\/uploads\/sites\/14\/2026\/02\/ND410.0001__S_0__e9e18f3c3f7745fba63a6f1288e7abd7.jpg","contentUrl":"https:\/\/nordic-drift.com\/wp-content\/uploads\/sites\/14\/2026\/02\/ND410.0001__S_0__e9e18f3c3f7745fba63a6f1288e7abd7.jpg","width":1024,"height":1024},{"@type":"BreadcrumbList","@id":"https:\/\/nordic-drift.com\/de\/product\/nordic-drift-titan-10-000mah-solar-powerbank-with-3-panels-schwarz\/#breadcrumb","itemListElement":[{"@type":"ListItem","position":1,"name":"Home","item":"https:\/\/nordic-drift.com\/de\/"},{"@type":"ListItem","position":2,"name":"Kollektion","item":"https:\/\/nordic-drift.com\/de\/kollektion\/"},{"@type":"ListItem","position":3,"name":"Nordic Drift Titan 10.000mAh Solar Powerbank with 3 Panels, schwarz"}]},{"@type":"WebSite","@id":"https:\/\/nordic-drift.com\/de\/#website","url":"https:\/\/nordic-drift.com\/de\/","name":"Nordic Drift","description":"Built to Last, Made to Explore.","potentialAction":[{"@type":"SearchAction","target":{"@type":"EntryPoint","urlTemplate":"https:\/\/nordic-drift.com\/de\/?s={search_term_string}"},"query-input":{"@type":"PropertyValueSpecification","valueRequired":true,"valueName":"search_term_string"}}],"inLanguage":"de"}]}},"_links":{"self":[{"href":"https:\/\/nordic-drift.com\/de\/wp-json\/wp\/v2\/product\/2785","targetHints":{"allow":["GET"]}}],"collection":[{"href":"https:\/\/nordic-drift.com\/de\/wp-json\/wp\/v2\/product"}],"about":[{"href":"https:\/\/nordic-drift.com\/de\/wp-json\/wp\/v2\/types\/product"}],"replies":[{"embeddable":true,"href":"https:\/\/nordic-drift.com\/de\/wp-json\/wp\/v2\/comments?post=2785"}],"wp:featuredmedia":[{"embeddable":true,"href":"https:\/\/nordic-drift.com\/de\/wp-json\/wp\/v2\/media\/2786"}],"wp:attachment":[{"href":"https:\/\/nordic-drift.com\/de\/wp-json\/wp\/v2\/media?parent=2785"}],"wp:term":[{"taxonomy":"product_cat","embeddable":true,"href":"https:\/\/nordic-drift.com\/de\/wp-json\/wp\/v2\/product_cat?post=2785"},{"taxonomy":"product_tag","embeddable":true,"href":"https:\/\/nordic-drift.com\/de\/wp-json\/wp\/v2\/product_tag?post=2785"}],"curies":[{"name":"wp","href":"https:\/\/api.w.org\/{rel}","templated":true}]}}