{"id":2772,"date":"2026-01-27T14:00:32","date_gmt":"2026-01-27T14:00:32","guid":{"rendered":"https:\/\/nordic-drift.com\/product\/nordic-drift-trail-rcs-adventure-lunchbox-1200ml-schwarz\/"},"modified":"2026-03-26T10:01:13","modified_gmt":"2026-03-26T10:01:13","slug":"nordic-drift-trail-rcs-adventure-lunchbox-1200ml-schwarz","status":"publish","type":"product","link":"https:\/\/nordic-drift.com\/de\/product\/nordic-drift-trail-rcs-adventure-lunchbox-1200ml-schwarz\/","title":{"rendered":"Trail RCS Adventure Lunchbox 1200ml, schwarz"},"content":{"rendered":"<p>Built to Last, Made to Explore. Halten Sie Ihre Mahlzeiten frisch mit der Nordic Drift Single Wall Recycled Steel Lunchbox (1200ml). Sie besteht zu 80% aus RCS-zertifiziert recyceltem Edelstahl, ist leicht, hat eine strapazierf\u00e4hige Pulverbeschichtung und ist f\u00fcr den t\u00e4glichen Gebrauch konzipiert. Der sichere, auslaufsichere Deckel sorgt daf\u00fcr, dass Ihre Lebensmittel unterwegs sicher aufbewahrt werden, egal ob bei der Arbeit, in der Schule oder bei Outdoor-Abenteuern. Wird in FSC-Geschenkbox geliefert.Praktisch, nachhaltig und langlebig \u2013 diese 1200ml-Lunchbox ist der perfekte Begleiter f\u00fcr jede Mahlzeit. Alle Produkte von Nordic Drift werden auf ihre Qualit\u00e4t gepr\u00fcft. Da wir von der Leistungsf\u00e4higkeit und Langlebigkeit unserer Produkte \u00fcberzeugt sind, gew\u00e4hren wir auf alle Artikel eine 5-j\u00e4hrige Garantie auf Herstellungsfehler.<\/p>\n","protected":false},"excerpt":{"rendered":"<p>Built to Last, Made to Explore. Halten Sie Ihre Mahlzeiten frisch mit der Nordic Drift Single Wall Recycled Steel Lunchbox (1200ml). Sie besteht zu 80% aus RCS-zertifiziert recyceltem Edelstahl, ist leicht, hat eine strapazierf\u00e4hige Pulverbeschichtung und ist f\u00fcr den t\u00e4glichen Gebrauch konzipiert. Der sichere, auslaufsichere Deckel sorgt daf\u00fcr, dass Ihre Lebensmittel unterwegs sicher aufbewahrt werden, [&hellip;]<\/p>\n","protected":false},"featured_media":2773,"comment_status":"closed","ping_status":"closed","template":"","meta":{"_acf_changed":false},"product_cat":[106],"product_tag":[],"class_list":["post-2772","product","type-product","status-publish","has-post-thumbnail","hentry","product_cat-essen-trinken","pa_color-black"],"acf":[],"yoast_head":"<!-- This site is optimized with the Yoast SEO plugin v27.0 - https:\/\/yoast.com\/product\/yoast-seo-wordpress\/ -->\n<title>Trail RCS Adventure Lunchbox 1200ml, schwarz - Nordic Drift<\/title>\n<meta name=\"robots\" content=\"index, follow, max-snippet:-1, max-image-preview:large, max-video-preview:-1\" \/>\n<link rel=\"canonical\" href=\"https:\/\/nordic-drift.com\/de\/product\/nordic-drift-trail-rcs-adventure-lunchbox-1200ml-schwarz\/\" \/>\n<meta property=\"og:locale\" content=\"de_DE\" \/>\n<meta property=\"og:type\" content=\"article\" \/>\n<meta property=\"og:title\" content=\"Trail RCS Adventure Lunchbox 1200ml, schwarz - Nordic Drift\" \/>\n<meta property=\"og:description\" content=\"Built to Last, Made to Explore. Halten Sie Ihre Mahlzeiten frisch mit der Nordic Drift Single Wall Recycled Steel Lunchbox (1200ml). Sie besteht zu 80% aus RCS-zertifiziert recyceltem Edelstahl, ist leicht, hat eine strapazierf\u00e4hige Pulverbeschichtung und ist f\u00fcr den t\u00e4glichen Gebrauch konzipiert. Der sichere, auslaufsichere Deckel sorgt daf\u00fcr, dass Ihre Lebensmittel unterwegs sicher aufbewahrt werden, [&hellip;]\" \/>\n<meta property=\"og:url\" content=\"https:\/\/nordic-drift.com\/de\/product\/nordic-drift-trail-rcs-adventure-lunchbox-1200ml-schwarz\/\" \/>\n<meta property=\"og:site_name\" content=\"Nordic Drift\" \/>\n<meta property=\"article:modified_time\" content=\"2026-03-26T10:01:13+00:00\" \/>\n<meta property=\"og:image\" content=\"https:\/\/nordic-drift.com\/wp-content\/uploads\/sites\/14\/2026\/01\/ND350.0001__S_0__a458ceb10ff34c809cd109909dc27c87.jpg\" \/>\n\t<meta property=\"og:image:width\" content=\"1024\" \/>\n\t<meta property=\"og:image:height\" content=\"1024\" \/>\n\t<meta property=\"og:image:type\" content=\"image\/jpeg\" \/>\n<meta name=\"twitter:card\" content=\"summary_large_image\" \/>\n<meta name=\"twitter:label1\" content=\"Gesch\u00e4tzte Lesezeit\" \/>\n\t<meta name=\"twitter:data1\" content=\"1\u00a0Minute\" \/>\n<script type=\"application\/ld+json\" class=\"yoast-schema-graph\">{\"@context\":\"https:\/\/schema.org\",\"@graph\":[{\"@type\":\"WebPage\",\"@id\":\"https:\/\/nordic-drift.com\/de\/product\/nordic-drift-trail-rcs-adventure-lunchbox-1200ml-schwarz\/\",\"url\":\"https:\/\/nordic-drift.com\/de\/product\/nordic-drift-trail-rcs-adventure-lunchbox-1200ml-schwarz\/\",\"name\":\"Trail RCS Adventure Lunchbox 1200ml, schwarz - Nordic Drift\",\"isPartOf\":{\"@id\":\"https:\/\/nordic-drift.com\/de\/#website\"},\"primaryImageOfPage\":{\"@id\":\"https:\/\/nordic-drift.com\/de\/product\/nordic-drift-trail-rcs-adventure-lunchbox-1200ml-schwarz\/#primaryimage\"},\"image\":{\"@id\":\"https:\/\/nordic-drift.com\/de\/product\/nordic-drift-trail-rcs-adventure-lunchbox-1200ml-schwarz\/#primaryimage\"},\"thumbnailUrl\":\"https:\/\/nordic-drift.com\/wp-content\/uploads\/sites\/14\/2026\/01\/ND350.0001__S_0__a458ceb10ff34c809cd109909dc27c87.jpg\",\"datePublished\":\"2026-01-27T14:00:32+00:00\",\"dateModified\":\"2026-03-26T10:01:13+00:00\",\"breadcrumb\":{\"@id\":\"https:\/\/nordic-drift.com\/de\/product\/nordic-drift-trail-rcs-adventure-lunchbox-1200ml-schwarz\/#breadcrumb\"},\"inLanguage\":\"de\",\"potentialAction\":[{\"@type\":\"ReadAction\",\"target\":[\"https:\/\/nordic-drift.com\/de\/product\/nordic-drift-trail-rcs-adventure-lunchbox-1200ml-schwarz\/\"]}]},{\"@type\":\"ImageObject\",\"inLanguage\":\"de\",\"@id\":\"https:\/\/nordic-drift.com\/de\/product\/nordic-drift-trail-rcs-adventure-lunchbox-1200ml-schwarz\/#primaryimage\",\"url\":\"https:\/\/nordic-drift.com\/wp-content\/uploads\/sites\/14\/2026\/01\/ND350.0001__S_0__a458ceb10ff34c809cd109909dc27c87.jpg\",\"contentUrl\":\"https:\/\/nordic-drift.com\/wp-content\/uploads\/sites\/14\/2026\/01\/ND350.0001__S_0__a458ceb10ff34c809cd109909dc27c87.jpg\",\"width\":1024,\"height\":1024},{\"@type\":\"BreadcrumbList\",\"@id\":\"https:\/\/nordic-drift.com\/de\/product\/nordic-drift-trail-rcs-adventure-lunchbox-1200ml-schwarz\/#breadcrumb\",\"itemListElement\":[{\"@type\":\"ListItem\",\"position\":1,\"name\":\"Home\",\"item\":\"https:\/\/nordic-drift.com\/de\/\"},{\"@type\":\"ListItem\",\"position\":2,\"name\":\"Kollektion\",\"item\":\"https:\/\/nordic-drift.com\/de\/kollektion\/\"},{\"@type\":\"ListItem\",\"position\":3,\"name\":\"Trail RCS Adventure Lunchbox 1200ml, schwarz\"}]},{\"@type\":\"WebSite\",\"@id\":\"https:\/\/nordic-drift.com\/de\/#website\",\"url\":\"https:\/\/nordic-drift.com\/de\/\",\"name\":\"Nordic Drift\",\"description\":\"Built to Last, Made to Explore.\",\"potentialAction\":[{\"@type\":\"SearchAction\",\"target\":{\"@type\":\"EntryPoint\",\"urlTemplate\":\"https:\/\/nordic-drift.com\/de\/?s={search_term_string}\"},\"query-input\":{\"@type\":\"PropertyValueSpecification\",\"valueRequired\":true,\"valueName\":\"search_term_string\"}}],\"inLanguage\":\"de\"}]}<\/script>\n<!-- \/ Yoast SEO plugin. -->","yoast_head_json":{"title":"Trail RCS Adventure Lunchbox 1200ml, schwarz - Nordic Drift","robots":{"index":"index","follow":"follow","max-snippet":"max-snippet:-1","max-image-preview":"max-image-preview:large","max-video-preview":"max-video-preview:-1"},"canonical":"https:\/\/nordic-drift.com\/de\/product\/nordic-drift-trail-rcs-adventure-lunchbox-1200ml-schwarz\/","og_locale":"de_DE","og_type":"article","og_title":"Trail RCS Adventure Lunchbox 1200ml, schwarz - Nordic Drift","og_description":"Built to Last, Made to Explore. Halten Sie Ihre Mahlzeiten frisch mit der Nordic Drift Single Wall Recycled Steel Lunchbox (1200ml). Sie besteht zu 80% aus RCS-zertifiziert recyceltem Edelstahl, ist leicht, hat eine strapazierf\u00e4hige Pulverbeschichtung und ist f\u00fcr den t\u00e4glichen Gebrauch konzipiert. Der sichere, auslaufsichere Deckel sorgt daf\u00fcr, dass Ihre Lebensmittel unterwegs sicher aufbewahrt werden, [&hellip;]","og_url":"https:\/\/nordic-drift.com\/de\/product\/nordic-drift-trail-rcs-adventure-lunchbox-1200ml-schwarz\/","og_site_name":"Nordic Drift","article_modified_time":"2026-03-26T10:01:13+00:00","og_image":[{"width":1024,"height":1024,"url":"https:\/\/nordic-drift.com\/wp-content\/uploads\/sites\/14\/2026\/01\/ND350.0001__S_0__a458ceb10ff34c809cd109909dc27c87.jpg","type":"image\/jpeg"}],"twitter_card":"summary_large_image","twitter_misc":{"Gesch\u00e4tzte Lesezeit":"1\u00a0Minute"},"schema":{"@context":"https:\/\/schema.org","@graph":[{"@type":"WebPage","@id":"https:\/\/nordic-drift.com\/de\/product\/nordic-drift-trail-rcs-adventure-lunchbox-1200ml-schwarz\/","url":"https:\/\/nordic-drift.com\/de\/product\/nordic-drift-trail-rcs-adventure-lunchbox-1200ml-schwarz\/","name":"Trail RCS Adventure Lunchbox 1200ml, schwarz - Nordic Drift","isPartOf":{"@id":"https:\/\/nordic-drift.com\/de\/#website"},"primaryImageOfPage":{"@id":"https:\/\/nordic-drift.com\/de\/product\/nordic-drift-trail-rcs-adventure-lunchbox-1200ml-schwarz\/#primaryimage"},"image":{"@id":"https:\/\/nordic-drift.com\/de\/product\/nordic-drift-trail-rcs-adventure-lunchbox-1200ml-schwarz\/#primaryimage"},"thumbnailUrl":"https:\/\/nordic-drift.com\/wp-content\/uploads\/sites\/14\/2026\/01\/ND350.0001__S_0__a458ceb10ff34c809cd109909dc27c87.jpg","datePublished":"2026-01-27T14:00:32+00:00","dateModified":"2026-03-26T10:01:13+00:00","breadcrumb":{"@id":"https:\/\/nordic-drift.com\/de\/product\/nordic-drift-trail-rcs-adventure-lunchbox-1200ml-schwarz\/#breadcrumb"},"inLanguage":"de","potentialAction":[{"@type":"ReadAction","target":["https:\/\/nordic-drift.com\/de\/product\/nordic-drift-trail-rcs-adventure-lunchbox-1200ml-schwarz\/"]}]},{"@type":"ImageObject","inLanguage":"de","@id":"https:\/\/nordic-drift.com\/de\/product\/nordic-drift-trail-rcs-adventure-lunchbox-1200ml-schwarz\/#primaryimage","url":"https:\/\/nordic-drift.com\/wp-content\/uploads\/sites\/14\/2026\/01\/ND350.0001__S_0__a458ceb10ff34c809cd109909dc27c87.jpg","contentUrl":"https:\/\/nordic-drift.com\/wp-content\/uploads\/sites\/14\/2026\/01\/ND350.0001__S_0__a458ceb10ff34c809cd109909dc27c87.jpg","width":1024,"height":1024},{"@type":"BreadcrumbList","@id":"https:\/\/nordic-drift.com\/de\/product\/nordic-drift-trail-rcs-adventure-lunchbox-1200ml-schwarz\/#breadcrumb","itemListElement":[{"@type":"ListItem","position":1,"name":"Home","item":"https:\/\/nordic-drift.com\/de\/"},{"@type":"ListItem","position":2,"name":"Kollektion","item":"https:\/\/nordic-drift.com\/de\/kollektion\/"},{"@type":"ListItem","position":3,"name":"Trail RCS Adventure Lunchbox 1200ml, schwarz"}]},{"@type":"WebSite","@id":"https:\/\/nordic-drift.com\/de\/#website","url":"https:\/\/nordic-drift.com\/de\/","name":"Nordic Drift","description":"Built to Last, Made to Explore.","potentialAction":[{"@type":"SearchAction","target":{"@type":"EntryPoint","urlTemplate":"https:\/\/nordic-drift.com\/de\/?s={search_term_string}"},"query-input":{"@type":"PropertyValueSpecification","valueRequired":true,"valueName":"search_term_string"}}],"inLanguage":"de"}]}},"_links":{"self":[{"href":"https:\/\/nordic-drift.com\/de\/wp-json\/wp\/v2\/product\/2772","targetHints":{"allow":["GET"]}}],"collection":[{"href":"https:\/\/nordic-drift.com\/de\/wp-json\/wp\/v2\/product"}],"about":[{"href":"https:\/\/nordic-drift.com\/de\/wp-json\/wp\/v2\/types\/product"}],"replies":[{"embeddable":true,"href":"https:\/\/nordic-drift.com\/de\/wp-json\/wp\/v2\/comments?post=2772"}],"wp:featuredmedia":[{"embeddable":true,"href":"https:\/\/nordic-drift.com\/de\/wp-json\/wp\/v2\/media\/2773"}],"wp:attachment":[{"href":"https:\/\/nordic-drift.com\/de\/wp-json\/wp\/v2\/media?parent=2772"}],"wp:term":[{"taxonomy":"product_cat","embeddable":true,"href":"https:\/\/nordic-drift.com\/de\/wp-json\/wp\/v2\/product_cat?post=2772"},{"taxonomy":"product_tag","embeddable":true,"href":"https:\/\/nordic-drift.com\/de\/wp-json\/wp\/v2\/product_tag?post=2772"}],"curies":[{"name":"wp","href":"https:\/\/api.w.org\/{rel}","templated":true}]}}