{"id":2742,"date":"2026-01-27T14:00:32","date_gmt":"2026-01-27T14:00:32","guid":{"rendered":"https:\/\/nordic-drift.com\/product\/nordic-drift-trail-ultraleichte-titan-wasserflasche-600ml-silber\/"},"modified":"2026-03-26T10:01:11","modified_gmt":"2026-03-26T10:01:11","slug":"nordic-drift-trail-ultraleichte-titan-wasserflasche-600ml-silber","status":"publish","type":"product","link":"https:\/\/nordic-drift.com\/de\/product\/nordic-drift-trail-ultraleichte-titan-wasserflasche-600ml-silber\/","title":{"rendered":"Trail Ultraleichte Titan-Wasserflasche 600ml, silber"},"content":{"rendered":"<p>Built to Last, Made to Explore. Diese aus hochwertigem Titan gefertigte 600ml-Feldflasche ist ultraleicht, au\u00dfergew\u00f6hnlich langlebig und absolut rost- und geruchsneutral. Sie h\u00e4lt Ihr Getr\u00e4nk rein und frisch, ohne den urspr\u00fcnglichen Geschmack zu beeintr\u00e4chtigen. Mit einem robusten Schraubdeckel und einem Tragegriff f\u00fcr jedes Abenteuer ausgestattet \u2013 von anspruchsvollen Wanderungen bis hin zum t\u00e4glichen Pendeln. Verpackt in einer FSC-Geschenkbox.Alle Produkte von Nordic Drift werden auf ihre Qualit\u00e4t gepr\u00fcft. Da wir von der Leistungsf\u00e4higkeit und Langlebigkeit unserer Ausr\u00fcstung \u00fcberzeugt sind, gew\u00e4hren wir auf alle Artikel eine 5-j\u00e4hrige Garantie auf Herstellungsfehler.<\/p>\n","protected":false},"excerpt":{"rendered":"<p>Built to Last, Made to Explore. Diese aus hochwertigem Titan gefertigte 600ml-Feldflasche ist ultraleicht, au\u00dfergew\u00f6hnlich langlebig und absolut rost- und geruchsneutral. Sie h\u00e4lt Ihr Getr\u00e4nk rein und frisch, ohne den urspr\u00fcnglichen Geschmack zu beeintr\u00e4chtigen. Mit einem robusten Schraubdeckel und einem Tragegriff f\u00fcr jedes Abenteuer ausgestattet \u2013 von anspruchsvollen Wanderungen bis hin zum t\u00e4glichen Pendeln. Verpackt [&hellip;]<\/p>\n","protected":false},"featured_media":2743,"comment_status":"closed","ping_status":"closed","template":"","meta":{"_acf_changed":false},"product_cat":[106],"product_tag":[],"class_list":["post-2742","product","type-product","status-publish","has-post-thumbnail","hentry","product_cat-essen-trinken","pa_color-silver"],"acf":[],"yoast_head":"<!-- This site is optimized with the Yoast SEO plugin v27.0 - https:\/\/yoast.com\/product\/yoast-seo-wordpress\/ -->\n<title>Trail Ultraleichte Titan-Wasserflasche 600ml, silber - Nordic Drift<\/title>\n<meta name=\"robots\" content=\"index, follow, max-snippet:-1, max-image-preview:large, max-video-preview:-1\" \/>\n<link rel=\"canonical\" href=\"https:\/\/nordic-drift.com\/de\/product\/nordic-drift-trail-ultraleichte-titan-wasserflasche-600ml-silber\/\" \/>\n<meta property=\"og:locale\" content=\"de_DE\" \/>\n<meta property=\"og:type\" content=\"article\" \/>\n<meta property=\"og:title\" content=\"Trail Ultraleichte Titan-Wasserflasche 600ml, silber - Nordic Drift\" \/>\n<meta property=\"og:description\" content=\"Built to Last, Made to Explore. Diese aus hochwertigem Titan gefertigte 600ml-Feldflasche ist ultraleicht, au\u00dfergew\u00f6hnlich langlebig und absolut rost- und geruchsneutral. Sie h\u00e4lt Ihr Getr\u00e4nk rein und frisch, ohne den urspr\u00fcnglichen Geschmack zu beeintr\u00e4chtigen. Mit einem robusten Schraubdeckel und einem Tragegriff f\u00fcr jedes Abenteuer ausgestattet \u2013 von anspruchsvollen Wanderungen bis hin zum t\u00e4glichen Pendeln. Verpackt [&hellip;]\" \/>\n<meta property=\"og:url\" content=\"https:\/\/nordic-drift.com\/de\/product\/nordic-drift-trail-ultraleichte-titan-wasserflasche-600ml-silber\/\" \/>\n<meta property=\"og:site_name\" content=\"Nordic Drift\" \/>\n<meta property=\"article:modified_time\" content=\"2026-03-26T10:01:11+00:00\" \/>\n<meta property=\"og:image\" content=\"https:\/\/nordic-drift.com\/wp-content\/uploads\/sites\/14\/2026\/02\/ND340.0002__S_0__4ca571b1ba474be0a2a1ee58cd73536c.jpg\" \/>\n\t<meta property=\"og:image:width\" content=\"1024\" \/>\n\t<meta property=\"og:image:height\" content=\"1024\" \/>\n\t<meta property=\"og:image:type\" content=\"image\/jpeg\" \/>\n<meta name=\"twitter:card\" content=\"summary_large_image\" \/>\n<meta name=\"twitter:label1\" content=\"Gesch\u00e4tzte Lesezeit\" \/>\n\t<meta name=\"twitter:data1\" content=\"1\u00a0Minute\" \/>\n<script type=\"application\/ld+json\" class=\"yoast-schema-graph\">{\"@context\":\"https:\/\/schema.org\",\"@graph\":[{\"@type\":\"WebPage\",\"@id\":\"https:\/\/nordic-drift.com\/de\/product\/nordic-drift-trail-ultraleichte-titan-wasserflasche-600ml-silber\/\",\"url\":\"https:\/\/nordic-drift.com\/de\/product\/nordic-drift-trail-ultraleichte-titan-wasserflasche-600ml-silber\/\",\"name\":\"Trail Ultraleichte Titan-Wasserflasche 600ml, silber - Nordic Drift\",\"isPartOf\":{\"@id\":\"https:\/\/nordic-drift.com\/de\/#website\"},\"primaryImageOfPage\":{\"@id\":\"https:\/\/nordic-drift.com\/de\/product\/nordic-drift-trail-ultraleichte-titan-wasserflasche-600ml-silber\/#primaryimage\"},\"image\":{\"@id\":\"https:\/\/nordic-drift.com\/de\/product\/nordic-drift-trail-ultraleichte-titan-wasserflasche-600ml-silber\/#primaryimage\"},\"thumbnailUrl\":\"https:\/\/nordic-drift.com\/wp-content\/uploads\/sites\/14\/2026\/02\/ND340.0002__S_0__4ca571b1ba474be0a2a1ee58cd73536c.jpg\",\"datePublished\":\"2026-01-27T14:00:32+00:00\",\"dateModified\":\"2026-03-26T10:01:11+00:00\",\"breadcrumb\":{\"@id\":\"https:\/\/nordic-drift.com\/de\/product\/nordic-drift-trail-ultraleichte-titan-wasserflasche-600ml-silber\/#breadcrumb\"},\"inLanguage\":\"de\",\"potentialAction\":[{\"@type\":\"ReadAction\",\"target\":[\"https:\/\/nordic-drift.com\/de\/product\/nordic-drift-trail-ultraleichte-titan-wasserflasche-600ml-silber\/\"]}]},{\"@type\":\"ImageObject\",\"inLanguage\":\"de\",\"@id\":\"https:\/\/nordic-drift.com\/de\/product\/nordic-drift-trail-ultraleichte-titan-wasserflasche-600ml-silber\/#primaryimage\",\"url\":\"https:\/\/nordic-drift.com\/wp-content\/uploads\/sites\/14\/2026\/02\/ND340.0002__S_0__4ca571b1ba474be0a2a1ee58cd73536c.jpg\",\"contentUrl\":\"https:\/\/nordic-drift.com\/wp-content\/uploads\/sites\/14\/2026\/02\/ND340.0002__S_0__4ca571b1ba474be0a2a1ee58cd73536c.jpg\",\"width\":1024,\"height\":1024},{\"@type\":\"BreadcrumbList\",\"@id\":\"https:\/\/nordic-drift.com\/de\/product\/nordic-drift-trail-ultraleichte-titan-wasserflasche-600ml-silber\/#breadcrumb\",\"itemListElement\":[{\"@type\":\"ListItem\",\"position\":1,\"name\":\"Home\",\"item\":\"https:\/\/nordic-drift.com\/de\/\"},{\"@type\":\"ListItem\",\"position\":2,\"name\":\"Kollektion\",\"item\":\"https:\/\/nordic-drift.com\/de\/kollektion\/\"},{\"@type\":\"ListItem\",\"position\":3,\"name\":\"Trail Ultraleichte Titan-Wasserflasche 600ml, silber\"}]},{\"@type\":\"WebSite\",\"@id\":\"https:\/\/nordic-drift.com\/de\/#website\",\"url\":\"https:\/\/nordic-drift.com\/de\/\",\"name\":\"Nordic Drift\",\"description\":\"Built to Last, Made to Explore.\",\"potentialAction\":[{\"@type\":\"SearchAction\",\"target\":{\"@type\":\"EntryPoint\",\"urlTemplate\":\"https:\/\/nordic-drift.com\/de\/?s={search_term_string}\"},\"query-input\":{\"@type\":\"PropertyValueSpecification\",\"valueRequired\":true,\"valueName\":\"search_term_string\"}}],\"inLanguage\":\"de\"}]}<\/script>\n<!-- \/ Yoast SEO plugin. -->","yoast_head_json":{"title":"Trail Ultraleichte Titan-Wasserflasche 600ml, silber - Nordic Drift","robots":{"index":"index","follow":"follow","max-snippet":"max-snippet:-1","max-image-preview":"max-image-preview:large","max-video-preview":"max-video-preview:-1"},"canonical":"https:\/\/nordic-drift.com\/de\/product\/nordic-drift-trail-ultraleichte-titan-wasserflasche-600ml-silber\/","og_locale":"de_DE","og_type":"article","og_title":"Trail Ultraleichte Titan-Wasserflasche 600ml, silber - Nordic Drift","og_description":"Built to Last, Made to Explore. Diese aus hochwertigem Titan gefertigte 600ml-Feldflasche ist ultraleicht, au\u00dfergew\u00f6hnlich langlebig und absolut rost- und geruchsneutral. Sie h\u00e4lt Ihr Getr\u00e4nk rein und frisch, ohne den urspr\u00fcnglichen Geschmack zu beeintr\u00e4chtigen. Mit einem robusten Schraubdeckel und einem Tragegriff f\u00fcr jedes Abenteuer ausgestattet \u2013 von anspruchsvollen Wanderungen bis hin zum t\u00e4glichen Pendeln. Verpackt [&hellip;]","og_url":"https:\/\/nordic-drift.com\/de\/product\/nordic-drift-trail-ultraleichte-titan-wasserflasche-600ml-silber\/","og_site_name":"Nordic Drift","article_modified_time":"2026-03-26T10:01:11+00:00","og_image":[{"width":1024,"height":1024,"url":"https:\/\/nordic-drift.com\/wp-content\/uploads\/sites\/14\/2026\/02\/ND340.0002__S_0__4ca571b1ba474be0a2a1ee58cd73536c.jpg","type":"image\/jpeg"}],"twitter_card":"summary_large_image","twitter_misc":{"Gesch\u00e4tzte Lesezeit":"1\u00a0Minute"},"schema":{"@context":"https:\/\/schema.org","@graph":[{"@type":"WebPage","@id":"https:\/\/nordic-drift.com\/de\/product\/nordic-drift-trail-ultraleichte-titan-wasserflasche-600ml-silber\/","url":"https:\/\/nordic-drift.com\/de\/product\/nordic-drift-trail-ultraleichte-titan-wasserflasche-600ml-silber\/","name":"Trail Ultraleichte Titan-Wasserflasche 600ml, silber - Nordic Drift","isPartOf":{"@id":"https:\/\/nordic-drift.com\/de\/#website"},"primaryImageOfPage":{"@id":"https:\/\/nordic-drift.com\/de\/product\/nordic-drift-trail-ultraleichte-titan-wasserflasche-600ml-silber\/#primaryimage"},"image":{"@id":"https:\/\/nordic-drift.com\/de\/product\/nordic-drift-trail-ultraleichte-titan-wasserflasche-600ml-silber\/#primaryimage"},"thumbnailUrl":"https:\/\/nordic-drift.com\/wp-content\/uploads\/sites\/14\/2026\/02\/ND340.0002__S_0__4ca571b1ba474be0a2a1ee58cd73536c.jpg","datePublished":"2026-01-27T14:00:32+00:00","dateModified":"2026-03-26T10:01:11+00:00","breadcrumb":{"@id":"https:\/\/nordic-drift.com\/de\/product\/nordic-drift-trail-ultraleichte-titan-wasserflasche-600ml-silber\/#breadcrumb"},"inLanguage":"de","potentialAction":[{"@type":"ReadAction","target":["https:\/\/nordic-drift.com\/de\/product\/nordic-drift-trail-ultraleichte-titan-wasserflasche-600ml-silber\/"]}]},{"@type":"ImageObject","inLanguage":"de","@id":"https:\/\/nordic-drift.com\/de\/product\/nordic-drift-trail-ultraleichte-titan-wasserflasche-600ml-silber\/#primaryimage","url":"https:\/\/nordic-drift.com\/wp-content\/uploads\/sites\/14\/2026\/02\/ND340.0002__S_0__4ca571b1ba474be0a2a1ee58cd73536c.jpg","contentUrl":"https:\/\/nordic-drift.com\/wp-content\/uploads\/sites\/14\/2026\/02\/ND340.0002__S_0__4ca571b1ba474be0a2a1ee58cd73536c.jpg","width":1024,"height":1024},{"@type":"BreadcrumbList","@id":"https:\/\/nordic-drift.com\/de\/product\/nordic-drift-trail-ultraleichte-titan-wasserflasche-600ml-silber\/#breadcrumb","itemListElement":[{"@type":"ListItem","position":1,"name":"Home","item":"https:\/\/nordic-drift.com\/de\/"},{"@type":"ListItem","position":2,"name":"Kollektion","item":"https:\/\/nordic-drift.com\/de\/kollektion\/"},{"@type":"ListItem","position":3,"name":"Trail Ultraleichte Titan-Wasserflasche 600ml, silber"}]},{"@type":"WebSite","@id":"https:\/\/nordic-drift.com\/de\/#website","url":"https:\/\/nordic-drift.com\/de\/","name":"Nordic Drift","description":"Built to Last, Made to Explore.","potentialAction":[{"@type":"SearchAction","target":{"@type":"EntryPoint","urlTemplate":"https:\/\/nordic-drift.com\/de\/?s={search_term_string}"},"query-input":{"@type":"PropertyValueSpecification","valueRequired":true,"valueName":"search_term_string"}}],"inLanguage":"de"}]}},"_links":{"self":[{"href":"https:\/\/nordic-drift.com\/de\/wp-json\/wp\/v2\/product\/2742","targetHints":{"allow":["GET"]}}],"collection":[{"href":"https:\/\/nordic-drift.com\/de\/wp-json\/wp\/v2\/product"}],"about":[{"href":"https:\/\/nordic-drift.com\/de\/wp-json\/wp\/v2\/types\/product"}],"replies":[{"embeddable":true,"href":"https:\/\/nordic-drift.com\/de\/wp-json\/wp\/v2\/comments?post=2742"}],"wp:featuredmedia":[{"embeddable":true,"href":"https:\/\/nordic-drift.com\/de\/wp-json\/wp\/v2\/media\/2743"}],"wp:attachment":[{"href":"https:\/\/nordic-drift.com\/de\/wp-json\/wp\/v2\/media?parent=2742"}],"wp:term":[{"taxonomy":"product_cat","embeddable":true,"href":"https:\/\/nordic-drift.com\/de\/wp-json\/wp\/v2\/product_cat?post=2742"},{"taxonomy":"product_tag","embeddable":true,"href":"https:\/\/nordic-drift.com\/de\/wp-json\/wp\/v2\/product_tag?post=2742"}],"curies":[{"name":"wp","href":"https:\/\/api.w.org\/{rel}","templated":true}]}}