{"id":2727,"date":"2026-01-27T14:00:32","date_gmt":"2026-01-27T14:00:32","guid":{"rendered":"https:\/\/nordic-drift.com\/product\/nordic-drift-trail-einwandige-rcs-wasserflasche-750ml-schwarz\/"},"modified":"2026-03-26T10:01:10","modified_gmt":"2026-03-26T10:01:10","slug":"nordic-drift-trail-einwandige-rcs-wasserflasche-750ml-schwarz","status":"publish","type":"product","link":"https:\/\/nordic-drift.com\/de\/product\/nordic-drift-trail-einwandige-rcs-wasserflasche-750ml-schwarz\/","title":{"rendered":"Trail einwandige RCS Wasserflasche 750ml, schwarz"},"content":{"rendered":"<p>Built to Last, Made to Explore. Bleiben Sie bei jedem Abenteuer hydriert mit der Nordic Drift Single Wall Adventure Wasserflasche (750ml). Sie besteht zu 68% aus hochwertigem, RCS-zertifiziert recyceltem Edelstahl und verf\u00fcgt \u00fcber einen strapazierf\u00e4higen, pulverbeschichteten K\u00f6rper und einen Tragegriff, der gleichzeitig als Verschluss dient, sodass Ihre Flasche sicher und absolut auslaufsicher ist. Diese leichte und robuste 750ml-Flasche eignet sich perfekt f\u00fcr Wanderungen, Sport oder den t\u00e4glichen Gebrauch und vereint Funktionalit\u00e4t mit Langlebigkeit und Outdoor-tauglicher Leistung. Gro\u00dfpackung. Alle Produkte von Nordic Drift werden auf ihre Qualit\u00e4t gepr\u00fcft. Da wir von der Leistung und Langlebigkeit unserer Ausr\u00fcstung \u00fcberzeugt sind, gew\u00e4hren wir auf alle Artikel eine 5-j\u00e4hrige Garantie auf Herstellungsfehler.<\/p>\n","protected":false},"excerpt":{"rendered":"<p>Built to Last, Made to Explore. Bleiben Sie bei jedem Abenteuer hydriert mit der Nordic Drift Single Wall Adventure Wasserflasche (750ml). Sie besteht zu 68% aus hochwertigem, RCS-zertifiziert recyceltem Edelstahl und verf\u00fcgt \u00fcber einen strapazierf\u00e4higen, pulverbeschichteten K\u00f6rper und einen Tragegriff, der gleichzeitig als Verschluss dient, sodass Ihre Flasche sicher und absolut auslaufsicher ist. Diese leichte [&hellip;]<\/p>\n","protected":false},"featured_media":2728,"comment_status":"closed","ping_status":"closed","template":"","meta":{"_acf_changed":false},"product_cat":[106],"product_tag":[],"class_list":["post-2727","product","type-product","status-publish","has-post-thumbnail","hentry","product_cat-essen-trinken","pa_color-black"],"acf":[],"yoast_head":"<!-- This site is optimized with the Yoast SEO plugin v27.0 - https:\/\/yoast.com\/product\/yoast-seo-wordpress\/ -->\n<title>Trail einwandige RCS Wasserflasche 750ml, schwarz - Nordic Drift<\/title>\n<meta name=\"robots\" content=\"index, follow, max-snippet:-1, max-image-preview:large, max-video-preview:-1\" \/>\n<link rel=\"canonical\" href=\"https:\/\/nordic-drift.com\/de\/product\/nordic-drift-trail-einwandige-rcs-wasserflasche-750ml-schwarz\/\" \/>\n<meta property=\"og:locale\" content=\"de_DE\" \/>\n<meta property=\"og:type\" content=\"article\" \/>\n<meta property=\"og:title\" content=\"Trail einwandige RCS Wasserflasche 750ml, schwarz - Nordic Drift\" \/>\n<meta property=\"og:description\" content=\"Built to Last, Made to Explore. Bleiben Sie bei jedem Abenteuer hydriert mit der Nordic Drift Single Wall Adventure Wasserflasche (750ml). Sie besteht zu 68% aus hochwertigem, RCS-zertifiziert recyceltem Edelstahl und verf\u00fcgt \u00fcber einen strapazierf\u00e4higen, pulverbeschichteten K\u00f6rper und einen Tragegriff, der gleichzeitig als Verschluss dient, sodass Ihre Flasche sicher und absolut auslaufsicher ist. Diese leichte [&hellip;]\" \/>\n<meta property=\"og:url\" content=\"https:\/\/nordic-drift.com\/de\/product\/nordic-drift-trail-einwandige-rcs-wasserflasche-750ml-schwarz\/\" \/>\n<meta property=\"og:site_name\" content=\"Nordic Drift\" \/>\n<meta property=\"article:modified_time\" content=\"2026-03-26T10:01:10+00:00\" \/>\n<meta property=\"og:image\" content=\"https:\/\/nordic-drift.com\/wp-content\/uploads\/sites\/14\/2026\/01\/ND310.0301__S_0__3a66fd87a3cb44ad8af34bd188ef6492.jpg\" \/>\n\t<meta property=\"og:image:width\" content=\"1024\" \/>\n\t<meta property=\"og:image:height\" content=\"1024\" \/>\n\t<meta property=\"og:image:type\" content=\"image\/jpeg\" \/>\n<meta name=\"twitter:card\" content=\"summary_large_image\" \/>\n<meta name=\"twitter:label1\" content=\"Gesch\u00e4tzte Lesezeit\" \/>\n\t<meta name=\"twitter:data1\" content=\"1\u00a0Minute\" \/>\n<script type=\"application\/ld+json\" class=\"yoast-schema-graph\">{\"@context\":\"https:\/\/schema.org\",\"@graph\":[{\"@type\":\"WebPage\",\"@id\":\"https:\/\/nordic-drift.com\/de\/product\/nordic-drift-trail-einwandige-rcs-wasserflasche-750ml-schwarz\/\",\"url\":\"https:\/\/nordic-drift.com\/de\/product\/nordic-drift-trail-einwandige-rcs-wasserflasche-750ml-schwarz\/\",\"name\":\"Trail einwandige RCS Wasserflasche 750ml, schwarz - Nordic Drift\",\"isPartOf\":{\"@id\":\"https:\/\/nordic-drift.com\/de\/#website\"},\"primaryImageOfPage\":{\"@id\":\"https:\/\/nordic-drift.com\/de\/product\/nordic-drift-trail-einwandige-rcs-wasserflasche-750ml-schwarz\/#primaryimage\"},\"image\":{\"@id\":\"https:\/\/nordic-drift.com\/de\/product\/nordic-drift-trail-einwandige-rcs-wasserflasche-750ml-schwarz\/#primaryimage\"},\"thumbnailUrl\":\"https:\/\/nordic-drift.com\/wp-content\/uploads\/sites\/14\/2026\/01\/ND310.0301__S_0__3a66fd87a3cb44ad8af34bd188ef6492.jpg\",\"datePublished\":\"2026-01-27T14:00:32+00:00\",\"dateModified\":\"2026-03-26T10:01:10+00:00\",\"breadcrumb\":{\"@id\":\"https:\/\/nordic-drift.com\/de\/product\/nordic-drift-trail-einwandige-rcs-wasserflasche-750ml-schwarz\/#breadcrumb\"},\"inLanguage\":\"de\",\"potentialAction\":[{\"@type\":\"ReadAction\",\"target\":[\"https:\/\/nordic-drift.com\/de\/product\/nordic-drift-trail-einwandige-rcs-wasserflasche-750ml-schwarz\/\"]}]},{\"@type\":\"ImageObject\",\"inLanguage\":\"de\",\"@id\":\"https:\/\/nordic-drift.com\/de\/product\/nordic-drift-trail-einwandige-rcs-wasserflasche-750ml-schwarz\/#primaryimage\",\"url\":\"https:\/\/nordic-drift.com\/wp-content\/uploads\/sites\/14\/2026\/01\/ND310.0301__S_0__3a66fd87a3cb44ad8af34bd188ef6492.jpg\",\"contentUrl\":\"https:\/\/nordic-drift.com\/wp-content\/uploads\/sites\/14\/2026\/01\/ND310.0301__S_0__3a66fd87a3cb44ad8af34bd188ef6492.jpg\",\"width\":1024,\"height\":1024},{\"@type\":\"BreadcrumbList\",\"@id\":\"https:\/\/nordic-drift.com\/de\/product\/nordic-drift-trail-einwandige-rcs-wasserflasche-750ml-schwarz\/#breadcrumb\",\"itemListElement\":[{\"@type\":\"ListItem\",\"position\":1,\"name\":\"Home\",\"item\":\"https:\/\/nordic-drift.com\/de\/\"},{\"@type\":\"ListItem\",\"position\":2,\"name\":\"Kollektion\",\"item\":\"https:\/\/nordic-drift.com\/de\/kollektion\/\"},{\"@type\":\"ListItem\",\"position\":3,\"name\":\"Trail einwandige RCS Wasserflasche 750ml, schwarz\"}]},{\"@type\":\"WebSite\",\"@id\":\"https:\/\/nordic-drift.com\/de\/#website\",\"url\":\"https:\/\/nordic-drift.com\/de\/\",\"name\":\"Nordic Drift\",\"description\":\"Built to Last, Made to Explore.\",\"potentialAction\":[{\"@type\":\"SearchAction\",\"target\":{\"@type\":\"EntryPoint\",\"urlTemplate\":\"https:\/\/nordic-drift.com\/de\/?s={search_term_string}\"},\"query-input\":{\"@type\":\"PropertyValueSpecification\",\"valueRequired\":true,\"valueName\":\"search_term_string\"}}],\"inLanguage\":\"de\"}]}<\/script>\n<!-- \/ Yoast SEO plugin. -->","yoast_head_json":{"title":"Trail einwandige RCS Wasserflasche 750ml, schwarz - Nordic Drift","robots":{"index":"index","follow":"follow","max-snippet":"max-snippet:-1","max-image-preview":"max-image-preview:large","max-video-preview":"max-video-preview:-1"},"canonical":"https:\/\/nordic-drift.com\/de\/product\/nordic-drift-trail-einwandige-rcs-wasserflasche-750ml-schwarz\/","og_locale":"de_DE","og_type":"article","og_title":"Trail einwandige RCS Wasserflasche 750ml, schwarz - Nordic Drift","og_description":"Built to Last, Made to Explore. Bleiben Sie bei jedem Abenteuer hydriert mit der Nordic Drift Single Wall Adventure Wasserflasche (750ml). Sie besteht zu 68% aus hochwertigem, RCS-zertifiziert recyceltem Edelstahl und verf\u00fcgt \u00fcber einen strapazierf\u00e4higen, pulverbeschichteten K\u00f6rper und einen Tragegriff, der gleichzeitig als Verschluss dient, sodass Ihre Flasche sicher und absolut auslaufsicher ist. Diese leichte [&hellip;]","og_url":"https:\/\/nordic-drift.com\/de\/product\/nordic-drift-trail-einwandige-rcs-wasserflasche-750ml-schwarz\/","og_site_name":"Nordic Drift","article_modified_time":"2026-03-26T10:01:10+00:00","og_image":[{"width":1024,"height":1024,"url":"https:\/\/nordic-drift.com\/wp-content\/uploads\/sites\/14\/2026\/01\/ND310.0301__S_0__3a66fd87a3cb44ad8af34bd188ef6492.jpg","type":"image\/jpeg"}],"twitter_card":"summary_large_image","twitter_misc":{"Gesch\u00e4tzte Lesezeit":"1\u00a0Minute"},"schema":{"@context":"https:\/\/schema.org","@graph":[{"@type":"WebPage","@id":"https:\/\/nordic-drift.com\/de\/product\/nordic-drift-trail-einwandige-rcs-wasserflasche-750ml-schwarz\/","url":"https:\/\/nordic-drift.com\/de\/product\/nordic-drift-trail-einwandige-rcs-wasserflasche-750ml-schwarz\/","name":"Trail einwandige RCS Wasserflasche 750ml, schwarz - Nordic Drift","isPartOf":{"@id":"https:\/\/nordic-drift.com\/de\/#website"},"primaryImageOfPage":{"@id":"https:\/\/nordic-drift.com\/de\/product\/nordic-drift-trail-einwandige-rcs-wasserflasche-750ml-schwarz\/#primaryimage"},"image":{"@id":"https:\/\/nordic-drift.com\/de\/product\/nordic-drift-trail-einwandige-rcs-wasserflasche-750ml-schwarz\/#primaryimage"},"thumbnailUrl":"https:\/\/nordic-drift.com\/wp-content\/uploads\/sites\/14\/2026\/01\/ND310.0301__S_0__3a66fd87a3cb44ad8af34bd188ef6492.jpg","datePublished":"2026-01-27T14:00:32+00:00","dateModified":"2026-03-26T10:01:10+00:00","breadcrumb":{"@id":"https:\/\/nordic-drift.com\/de\/product\/nordic-drift-trail-einwandige-rcs-wasserflasche-750ml-schwarz\/#breadcrumb"},"inLanguage":"de","potentialAction":[{"@type":"ReadAction","target":["https:\/\/nordic-drift.com\/de\/product\/nordic-drift-trail-einwandige-rcs-wasserflasche-750ml-schwarz\/"]}]},{"@type":"ImageObject","inLanguage":"de","@id":"https:\/\/nordic-drift.com\/de\/product\/nordic-drift-trail-einwandige-rcs-wasserflasche-750ml-schwarz\/#primaryimage","url":"https:\/\/nordic-drift.com\/wp-content\/uploads\/sites\/14\/2026\/01\/ND310.0301__S_0__3a66fd87a3cb44ad8af34bd188ef6492.jpg","contentUrl":"https:\/\/nordic-drift.com\/wp-content\/uploads\/sites\/14\/2026\/01\/ND310.0301__S_0__3a66fd87a3cb44ad8af34bd188ef6492.jpg","width":1024,"height":1024},{"@type":"BreadcrumbList","@id":"https:\/\/nordic-drift.com\/de\/product\/nordic-drift-trail-einwandige-rcs-wasserflasche-750ml-schwarz\/#breadcrumb","itemListElement":[{"@type":"ListItem","position":1,"name":"Home","item":"https:\/\/nordic-drift.com\/de\/"},{"@type":"ListItem","position":2,"name":"Kollektion","item":"https:\/\/nordic-drift.com\/de\/kollektion\/"},{"@type":"ListItem","position":3,"name":"Trail einwandige RCS Wasserflasche 750ml, schwarz"}]},{"@type":"WebSite","@id":"https:\/\/nordic-drift.com\/de\/#website","url":"https:\/\/nordic-drift.com\/de\/","name":"Nordic Drift","description":"Built to Last, Made to Explore.","potentialAction":[{"@type":"SearchAction","target":{"@type":"EntryPoint","urlTemplate":"https:\/\/nordic-drift.com\/de\/?s={search_term_string}"},"query-input":{"@type":"PropertyValueSpecification","valueRequired":true,"valueName":"search_term_string"}}],"inLanguage":"de"}]}},"_links":{"self":[{"href":"https:\/\/nordic-drift.com\/de\/wp-json\/wp\/v2\/product\/2727","targetHints":{"allow":["GET"]}}],"collection":[{"href":"https:\/\/nordic-drift.com\/de\/wp-json\/wp\/v2\/product"}],"about":[{"href":"https:\/\/nordic-drift.com\/de\/wp-json\/wp\/v2\/types\/product"}],"replies":[{"embeddable":true,"href":"https:\/\/nordic-drift.com\/de\/wp-json\/wp\/v2\/comments?post=2727"}],"wp:featuredmedia":[{"embeddable":true,"href":"https:\/\/nordic-drift.com\/de\/wp-json\/wp\/v2\/media\/2728"}],"wp:attachment":[{"href":"https:\/\/nordic-drift.com\/de\/wp-json\/wp\/v2\/media?parent=2727"}],"wp:term":[{"taxonomy":"product_cat","embeddable":true,"href":"https:\/\/nordic-drift.com\/de\/wp-json\/wp\/v2\/product_cat?post=2727"},{"taxonomy":"product_tag","embeddable":true,"href":"https:\/\/nordic-drift.com\/de\/wp-json\/wp\/v2\/product_tag?post=2727"}],"curies":[{"name":"wp","href":"https:\/\/api.w.org\/{rel}","templated":true}]}}