{"id":2668,"date":"2026-01-27T14:00:32","date_gmt":"2026-01-27T14:00:32","guid":{"rendered":"https:\/\/nordic-drift.com\/product\/nordic-drift-storm-rcs-ipxx-wasserabw-lunch-kuehltasche-schwarz\/"},"modified":"2026-03-26T10:01:06","modified_gmt":"2026-03-26T10:01:06","slug":"nordic-drift-storm-rcs-ipxx-wasserabw-lunch-kuehltasche-schwarz","status":"publish","type":"product","link":"https:\/\/nordic-drift.com\/de\/product\/nordic-drift-storm-rcs-ipxx-wasserabw-lunch-kuehltasche-schwarz\/","title":{"rendered":"Storm RCS wasserabw. Lunch-K\u00fchltasche, schwarz"},"content":{"rendered":"<p>Eine praktische Lunch-K\u00fchltasche f\u00fcr den t\u00e4glichen Bedarf. Sie besteht zu 32% aus RCS zertifiziert recyceltem Polyester mit einer wasserabweisenden PU-Beschichtung, die vor Witterungseinfl\u00fcssen sch\u00fctzt und eine einfache Reinigung erm\u00f6glicht. Die PEVA-Isolierung h\u00e4lt den Inhalt \u00fcber einen l\u00e4ngeren Zeitraum auf der richtigen Temperatur und sorgt daf\u00fcr, dass Ihre Speisen und Getr\u00e4nke l\u00e4nger frisch bleiben. Eine gr\u00f6\u00dfere Au\u00dfentasche, ein praktischer Tragegriff und ein ger\u00e4umiger Innenraum, in den sowohl eine Lunchbox als auch kleinere wichtige Dinge passen, machen sie zur perfekten Tasche f\u00fcr unterwegs. Alle Produkte von Nordic Drift werden auf ihre Qualit\u00e4t gepr\u00fcft. Da wir von der Leistungsf\u00e4higkeit und Langlebigkeit unserer Ausr\u00fcstung \u00fcberzeugt sind, gew\u00e4hren wir auf alle Artikel eine 5-j\u00e4hrige Garantie auf Herstellungsfehler.<\/p>\n","protected":false},"excerpt":{"rendered":"<p>Eine praktische Lunch-K\u00fchltasche f\u00fcr den t\u00e4glichen Bedarf. Sie besteht zu 32% aus RCS zertifiziert recyceltem Polyester mit einer wasserabweisenden PU-Beschichtung, die vor Witterungseinfl\u00fcssen sch\u00fctzt und eine einfache Reinigung erm\u00f6glicht. Die PEVA-Isolierung h\u00e4lt den Inhalt \u00fcber einen l\u00e4ngeren Zeitraum auf der richtigen Temperatur und sorgt daf\u00fcr, dass Ihre Speisen und Getr\u00e4nke l\u00e4nger frisch bleiben. Eine gr\u00f6\u00dfere [&hellip;]<\/p>\n","protected":false},"featured_media":2669,"comment_status":"closed","ping_status":"closed","template":"","meta":{"_acf_changed":false},"product_cat":[96,102],"product_tag":[],"class_list":["post-2668","product","type-product","status-publish","has-post-thumbnail","hentry","product_cat-aware","product_cat-taschen","pa_color-black"],"acf":[],"yoast_head":"<!-- This site is optimized with the Yoast SEO plugin v27.0 - https:\/\/yoast.com\/product\/yoast-seo-wordpress\/ -->\n<title>Storm RCS wasserabw. Lunch-K\u00fchltasche, schwarz - Nordic Drift<\/title>\n<meta name=\"robots\" content=\"index, follow, max-snippet:-1, max-image-preview:large, max-video-preview:-1\" \/>\n<link rel=\"canonical\" href=\"https:\/\/nordic-drift.com\/de\/product\/nordic-drift-storm-rcs-ipxx-wasserabw-lunch-kuehltasche-schwarz\/\" \/>\n<meta property=\"og:locale\" content=\"de_DE\" \/>\n<meta property=\"og:type\" content=\"article\" \/>\n<meta property=\"og:title\" content=\"Storm RCS wasserabw. Lunch-K\u00fchltasche, schwarz - Nordic Drift\" \/>\n<meta property=\"og:description\" content=\"Eine praktische Lunch-K\u00fchltasche f\u00fcr den t\u00e4glichen Bedarf. Sie besteht zu 32% aus RCS zertifiziert recyceltem Polyester mit einer wasserabweisenden PU-Beschichtung, die vor Witterungseinfl\u00fcssen sch\u00fctzt und eine einfache Reinigung erm\u00f6glicht. Die PEVA-Isolierung h\u00e4lt den Inhalt \u00fcber einen l\u00e4ngeren Zeitraum auf der richtigen Temperatur und sorgt daf\u00fcr, dass Ihre Speisen und Getr\u00e4nke l\u00e4nger frisch bleiben. Eine gr\u00f6\u00dfere [&hellip;]\" \/>\n<meta property=\"og:url\" content=\"https:\/\/nordic-drift.com\/de\/product\/nordic-drift-storm-rcs-ipxx-wasserabw-lunch-kuehltasche-schwarz\/\" \/>\n<meta property=\"og:site_name\" content=\"Nordic Drift\" \/>\n<meta property=\"article:modified_time\" content=\"2026-03-26T10:01:06+00:00\" \/>\n<meta property=\"og:image\" content=\"https:\/\/nordic-drift.com\/wp-content\/uploads\/sites\/14\/2026\/01\/ND210.0501__S_0__fc084ae64e664326974e282ad3b0191e.jpg\" \/>\n\t<meta property=\"og:image:width\" content=\"1024\" \/>\n\t<meta property=\"og:image:height\" content=\"1024\" \/>\n\t<meta property=\"og:image:type\" content=\"image\/jpeg\" \/>\n<meta name=\"twitter:card\" content=\"summary_large_image\" \/>\n<meta name=\"twitter:label1\" content=\"Gesch\u00e4tzte Lesezeit\" \/>\n\t<meta name=\"twitter:data1\" content=\"1\u00a0Minute\" \/>\n<script type=\"application\/ld+json\" class=\"yoast-schema-graph\">{\"@context\":\"https:\/\/schema.org\",\"@graph\":[{\"@type\":\"WebPage\",\"@id\":\"https:\/\/nordic-drift.com\/de\/product\/nordic-drift-storm-rcs-ipxx-wasserabw-lunch-kuehltasche-schwarz\/\",\"url\":\"https:\/\/nordic-drift.com\/de\/product\/nordic-drift-storm-rcs-ipxx-wasserabw-lunch-kuehltasche-schwarz\/\",\"name\":\"Storm RCS wasserabw. Lunch-K\u00fchltasche, schwarz - Nordic Drift\",\"isPartOf\":{\"@id\":\"https:\/\/nordic-drift.com\/de\/#website\"},\"primaryImageOfPage\":{\"@id\":\"https:\/\/nordic-drift.com\/de\/product\/nordic-drift-storm-rcs-ipxx-wasserabw-lunch-kuehltasche-schwarz\/#primaryimage\"},\"image\":{\"@id\":\"https:\/\/nordic-drift.com\/de\/product\/nordic-drift-storm-rcs-ipxx-wasserabw-lunch-kuehltasche-schwarz\/#primaryimage\"},\"thumbnailUrl\":\"https:\/\/nordic-drift.com\/wp-content\/uploads\/sites\/14\/2026\/01\/ND210.0501__S_0__fc084ae64e664326974e282ad3b0191e.jpg\",\"datePublished\":\"2026-01-27T14:00:32+00:00\",\"dateModified\":\"2026-03-26T10:01:06+00:00\",\"breadcrumb\":{\"@id\":\"https:\/\/nordic-drift.com\/de\/product\/nordic-drift-storm-rcs-ipxx-wasserabw-lunch-kuehltasche-schwarz\/#breadcrumb\"},\"inLanguage\":\"de\",\"potentialAction\":[{\"@type\":\"ReadAction\",\"target\":[\"https:\/\/nordic-drift.com\/de\/product\/nordic-drift-storm-rcs-ipxx-wasserabw-lunch-kuehltasche-schwarz\/\"]}]},{\"@type\":\"ImageObject\",\"inLanguage\":\"de\",\"@id\":\"https:\/\/nordic-drift.com\/de\/product\/nordic-drift-storm-rcs-ipxx-wasserabw-lunch-kuehltasche-schwarz\/#primaryimage\",\"url\":\"https:\/\/nordic-drift.com\/wp-content\/uploads\/sites\/14\/2026\/01\/ND210.0501__S_0__fc084ae64e664326974e282ad3b0191e.jpg\",\"contentUrl\":\"https:\/\/nordic-drift.com\/wp-content\/uploads\/sites\/14\/2026\/01\/ND210.0501__S_0__fc084ae64e664326974e282ad3b0191e.jpg\",\"width\":1024,\"height\":1024},{\"@type\":\"BreadcrumbList\",\"@id\":\"https:\/\/nordic-drift.com\/de\/product\/nordic-drift-storm-rcs-ipxx-wasserabw-lunch-kuehltasche-schwarz\/#breadcrumb\",\"itemListElement\":[{\"@type\":\"ListItem\",\"position\":1,\"name\":\"Home\",\"item\":\"https:\/\/nordic-drift.com\/de\/\"},{\"@type\":\"ListItem\",\"position\":2,\"name\":\"Kollektion\",\"item\":\"https:\/\/nordic-drift.com\/de\/kollektion\/\"},{\"@type\":\"ListItem\",\"position\":3,\"name\":\"Storm RCS wasserabw. Lunch-K\u00fchltasche, schwarz\"}]},{\"@type\":\"WebSite\",\"@id\":\"https:\/\/nordic-drift.com\/de\/#website\",\"url\":\"https:\/\/nordic-drift.com\/de\/\",\"name\":\"Nordic Drift\",\"description\":\"Built to Last, Made to Explore.\",\"potentialAction\":[{\"@type\":\"SearchAction\",\"target\":{\"@type\":\"EntryPoint\",\"urlTemplate\":\"https:\/\/nordic-drift.com\/de\/?s={search_term_string}\"},\"query-input\":{\"@type\":\"PropertyValueSpecification\",\"valueRequired\":true,\"valueName\":\"search_term_string\"}}],\"inLanguage\":\"de\"}]}<\/script>\n<!-- \/ Yoast SEO plugin. -->","yoast_head_json":{"title":"Storm RCS wasserabw. Lunch-K\u00fchltasche, schwarz - Nordic Drift","robots":{"index":"index","follow":"follow","max-snippet":"max-snippet:-1","max-image-preview":"max-image-preview:large","max-video-preview":"max-video-preview:-1"},"canonical":"https:\/\/nordic-drift.com\/de\/product\/nordic-drift-storm-rcs-ipxx-wasserabw-lunch-kuehltasche-schwarz\/","og_locale":"de_DE","og_type":"article","og_title":"Storm RCS wasserabw. Lunch-K\u00fchltasche, schwarz - Nordic Drift","og_description":"Eine praktische Lunch-K\u00fchltasche f\u00fcr den t\u00e4glichen Bedarf. Sie besteht zu 32% aus RCS zertifiziert recyceltem Polyester mit einer wasserabweisenden PU-Beschichtung, die vor Witterungseinfl\u00fcssen sch\u00fctzt und eine einfache Reinigung erm\u00f6glicht. Die PEVA-Isolierung h\u00e4lt den Inhalt \u00fcber einen l\u00e4ngeren Zeitraum auf der richtigen Temperatur und sorgt daf\u00fcr, dass Ihre Speisen und Getr\u00e4nke l\u00e4nger frisch bleiben. Eine gr\u00f6\u00dfere [&hellip;]","og_url":"https:\/\/nordic-drift.com\/de\/product\/nordic-drift-storm-rcs-ipxx-wasserabw-lunch-kuehltasche-schwarz\/","og_site_name":"Nordic Drift","article_modified_time":"2026-03-26T10:01:06+00:00","og_image":[{"width":1024,"height":1024,"url":"https:\/\/nordic-drift.com\/wp-content\/uploads\/sites\/14\/2026\/01\/ND210.0501__S_0__fc084ae64e664326974e282ad3b0191e.jpg","type":"image\/jpeg"}],"twitter_card":"summary_large_image","twitter_misc":{"Gesch\u00e4tzte Lesezeit":"1\u00a0Minute"},"schema":{"@context":"https:\/\/schema.org","@graph":[{"@type":"WebPage","@id":"https:\/\/nordic-drift.com\/de\/product\/nordic-drift-storm-rcs-ipxx-wasserabw-lunch-kuehltasche-schwarz\/","url":"https:\/\/nordic-drift.com\/de\/product\/nordic-drift-storm-rcs-ipxx-wasserabw-lunch-kuehltasche-schwarz\/","name":"Storm RCS wasserabw. Lunch-K\u00fchltasche, schwarz - Nordic Drift","isPartOf":{"@id":"https:\/\/nordic-drift.com\/de\/#website"},"primaryImageOfPage":{"@id":"https:\/\/nordic-drift.com\/de\/product\/nordic-drift-storm-rcs-ipxx-wasserabw-lunch-kuehltasche-schwarz\/#primaryimage"},"image":{"@id":"https:\/\/nordic-drift.com\/de\/product\/nordic-drift-storm-rcs-ipxx-wasserabw-lunch-kuehltasche-schwarz\/#primaryimage"},"thumbnailUrl":"https:\/\/nordic-drift.com\/wp-content\/uploads\/sites\/14\/2026\/01\/ND210.0501__S_0__fc084ae64e664326974e282ad3b0191e.jpg","datePublished":"2026-01-27T14:00:32+00:00","dateModified":"2026-03-26T10:01:06+00:00","breadcrumb":{"@id":"https:\/\/nordic-drift.com\/de\/product\/nordic-drift-storm-rcs-ipxx-wasserabw-lunch-kuehltasche-schwarz\/#breadcrumb"},"inLanguage":"de","potentialAction":[{"@type":"ReadAction","target":["https:\/\/nordic-drift.com\/de\/product\/nordic-drift-storm-rcs-ipxx-wasserabw-lunch-kuehltasche-schwarz\/"]}]},{"@type":"ImageObject","inLanguage":"de","@id":"https:\/\/nordic-drift.com\/de\/product\/nordic-drift-storm-rcs-ipxx-wasserabw-lunch-kuehltasche-schwarz\/#primaryimage","url":"https:\/\/nordic-drift.com\/wp-content\/uploads\/sites\/14\/2026\/01\/ND210.0501__S_0__fc084ae64e664326974e282ad3b0191e.jpg","contentUrl":"https:\/\/nordic-drift.com\/wp-content\/uploads\/sites\/14\/2026\/01\/ND210.0501__S_0__fc084ae64e664326974e282ad3b0191e.jpg","width":1024,"height":1024},{"@type":"BreadcrumbList","@id":"https:\/\/nordic-drift.com\/de\/product\/nordic-drift-storm-rcs-ipxx-wasserabw-lunch-kuehltasche-schwarz\/#breadcrumb","itemListElement":[{"@type":"ListItem","position":1,"name":"Home","item":"https:\/\/nordic-drift.com\/de\/"},{"@type":"ListItem","position":2,"name":"Kollektion","item":"https:\/\/nordic-drift.com\/de\/kollektion\/"},{"@type":"ListItem","position":3,"name":"Storm RCS wasserabw. Lunch-K\u00fchltasche, schwarz"}]},{"@type":"WebSite","@id":"https:\/\/nordic-drift.com\/de\/#website","url":"https:\/\/nordic-drift.com\/de\/","name":"Nordic Drift","description":"Built to Last, Made to Explore.","potentialAction":[{"@type":"SearchAction","target":{"@type":"EntryPoint","urlTemplate":"https:\/\/nordic-drift.com\/de\/?s={search_term_string}"},"query-input":{"@type":"PropertyValueSpecification","valueRequired":true,"valueName":"search_term_string"}}],"inLanguage":"de"}]}},"_links":{"self":[{"href":"https:\/\/nordic-drift.com\/de\/wp-json\/wp\/v2\/product\/2668","targetHints":{"allow":["GET"]}}],"collection":[{"href":"https:\/\/nordic-drift.com\/de\/wp-json\/wp\/v2\/product"}],"about":[{"href":"https:\/\/nordic-drift.com\/de\/wp-json\/wp\/v2\/types\/product"}],"replies":[{"embeddable":true,"href":"https:\/\/nordic-drift.com\/de\/wp-json\/wp\/v2\/comments?post=2668"}],"wp:featuredmedia":[{"embeddable":true,"href":"https:\/\/nordic-drift.com\/de\/wp-json\/wp\/v2\/media\/2669"}],"wp:attachment":[{"href":"https:\/\/nordic-drift.com\/de\/wp-json\/wp\/v2\/media?parent=2668"}],"wp:term":[{"taxonomy":"product_cat","embeddable":true,"href":"https:\/\/nordic-drift.com\/de\/wp-json\/wp\/v2\/product_cat?post=2668"},{"taxonomy":"product_tag","embeddable":true,"href":"https:\/\/nordic-drift.com\/de\/wp-json\/wp\/v2\/product_tag?post=2668"}],"curies":[{"name":"wp","href":"https:\/\/api.w.org\/{rel}","templated":true}]}}