{"id":2638,"date":"2026-01-27T14:00:28","date_gmt":"2026-01-27T14:00:28","guid":{"rendered":"https:\/\/nordic-drift.com\/product\/nordic-drift-rcs-ipxx-wasserdichte-kuehltasche-22-liter-schwarz\/"},"modified":"2026-03-26T10:01:01","modified_gmt":"2026-03-26T10:01:01","slug":"nordic-drift-rcs-ipxx-wasserdichte-kuehltasche-22-liter-schwarz","status":"publish","type":"product","link":"https:\/\/nordic-drift.com\/de\/product\/nordic-drift-rcs-ipxx-wasserdichte-kuehltasche-22-liter-schwarz\/","title":{"rendered":"RCS wasserdichte K\u00fchltasche 22 Liter, schwarz"},"content":{"rendered":"<p>Eine ger\u00e4umige K\u00fchltasche mit flexiblem Rollverschluss, die 15\u201322 l verstellbaren Stauraum bietet. Hergestellt aus 34% RCS zertifiziert recyceltem Polyester mit einer wasserabweisenden PU-Beschichtung. Die extra dicke PEVA-Isolierung h\u00e4lt den Inhalt \u00fcber einen l\u00e4ngeren Zeitraum auf der richtigen Temperatur und sorgt daf\u00fcr, dass Ihre Lebensmittel und Getr\u00e4nke l\u00e4nger frisch bleiben. Das 2-in-1-Tragesystem bietet sowohl bequeme Griffe als auch einen verstellbaren, abnehmbaren Schultergurt. Mit Karabinerhaken-Schlaufen zum einfachen Befestigen von wichtigen Utensilien, einer offenen Au\u00dfentasche und einem integrierten Flaschen\u00f6ffner. Alle Produkte von Nordic Drift werden auf ihre Qualit\u00e4t gepr\u00fcft. Da wir von der Leistungsf\u00e4higkeit und Langlebigkeit unserer Ausr\u00fcstung \u00fcberzeugt sind, gew\u00e4hren wir auf alle Artikel eine 5-j\u00e4hrige Garantie auf Herstellungsfehler. Certified by Control Union, CU1162221.<\/p>\n","protected":false},"excerpt":{"rendered":"<p>Eine ger\u00e4umige K\u00fchltasche mit flexiblem Rollverschluss, die 15\u201322 l verstellbaren Stauraum bietet. Hergestellt aus 34% RCS zertifiziert recyceltem Polyester mit einer wasserabweisenden PU-Beschichtung. Die extra dicke PEVA-Isolierung h\u00e4lt den Inhalt \u00fcber einen l\u00e4ngeren Zeitraum auf der richtigen Temperatur und sorgt daf\u00fcr, dass Ihre Lebensmittel und Getr\u00e4nke l\u00e4nger frisch bleiben. Das 2-in-1-Tragesystem bietet sowohl bequeme Griffe [&hellip;]<\/p>\n","protected":false},"featured_media":2639,"comment_status":"closed","ping_status":"closed","template":"","meta":{"_acf_changed":false},"product_cat":[102],"product_tag":[],"class_list":["post-2638","product","type-product","status-publish","has-post-thumbnail","hentry","product_cat-taschen","pa_color-black"],"acf":[],"yoast_head":"<!-- This site is optimized with the Yoast SEO plugin v27.0 - https:\/\/yoast.com\/product\/yoast-seo-wordpress\/ -->\n<title>RCS wasserdichte K\u00fchltasche 22 Liter, schwarz - Nordic Drift<\/title>\n<meta name=\"robots\" content=\"index, follow, max-snippet:-1, max-image-preview:large, max-video-preview:-1\" \/>\n<link rel=\"canonical\" href=\"https:\/\/nordic-drift.com\/de\/product\/nordic-drift-rcs-ipxx-wasserdichte-kuehltasche-22-liter-schwarz\/\" \/>\n<meta property=\"og:locale\" content=\"de_DE\" \/>\n<meta property=\"og:type\" content=\"article\" \/>\n<meta property=\"og:title\" content=\"RCS wasserdichte K\u00fchltasche 22 Liter, schwarz - Nordic Drift\" \/>\n<meta property=\"og:description\" content=\"Eine ger\u00e4umige K\u00fchltasche mit flexiblem Rollverschluss, die 15\u201322 l verstellbaren Stauraum bietet. Hergestellt aus 34% RCS zertifiziert recyceltem Polyester mit einer wasserabweisenden PU-Beschichtung. Die extra dicke PEVA-Isolierung h\u00e4lt den Inhalt \u00fcber einen l\u00e4ngeren Zeitraum auf der richtigen Temperatur und sorgt daf\u00fcr, dass Ihre Lebensmittel und Getr\u00e4nke l\u00e4nger frisch bleiben. Das 2-in-1-Tragesystem bietet sowohl bequeme Griffe [&hellip;]\" \/>\n<meta property=\"og:url\" content=\"https:\/\/nordic-drift.com\/de\/product\/nordic-drift-rcs-ipxx-wasserdichte-kuehltasche-22-liter-schwarz\/\" \/>\n<meta property=\"og:site_name\" content=\"Nordic Drift\" \/>\n<meta property=\"article:modified_time\" content=\"2026-03-26T10:01:01+00:00\" \/>\n<meta property=\"og:image\" content=\"https:\/\/nordic-drift.com\/wp-content\/uploads\/sites\/14\/2026\/01\/ND210.0201__S_0__4c3bd3fe36694f51bbb8ccaa54834fd5.jpg\" \/>\n\t<meta property=\"og:image:width\" content=\"1024\" \/>\n\t<meta property=\"og:image:height\" content=\"1024\" \/>\n\t<meta property=\"og:image:type\" content=\"image\/jpeg\" \/>\n<meta name=\"twitter:card\" content=\"summary_large_image\" \/>\n<meta name=\"twitter:label1\" content=\"Gesch\u00e4tzte Lesezeit\" \/>\n\t<meta name=\"twitter:data1\" content=\"1\u00a0Minute\" \/>\n<script type=\"application\/ld+json\" class=\"yoast-schema-graph\">{\"@context\":\"https:\/\/schema.org\",\"@graph\":[{\"@type\":\"WebPage\",\"@id\":\"https:\/\/nordic-drift.com\/de\/product\/nordic-drift-rcs-ipxx-wasserdichte-kuehltasche-22-liter-schwarz\/\",\"url\":\"https:\/\/nordic-drift.com\/de\/product\/nordic-drift-rcs-ipxx-wasserdichte-kuehltasche-22-liter-schwarz\/\",\"name\":\"RCS wasserdichte K\u00fchltasche 22 Liter, schwarz - Nordic Drift\",\"isPartOf\":{\"@id\":\"https:\/\/nordic-drift.com\/de\/#website\"},\"primaryImageOfPage\":{\"@id\":\"https:\/\/nordic-drift.com\/de\/product\/nordic-drift-rcs-ipxx-wasserdichte-kuehltasche-22-liter-schwarz\/#primaryimage\"},\"image\":{\"@id\":\"https:\/\/nordic-drift.com\/de\/product\/nordic-drift-rcs-ipxx-wasserdichte-kuehltasche-22-liter-schwarz\/#primaryimage\"},\"thumbnailUrl\":\"https:\/\/nordic-drift.com\/wp-content\/uploads\/sites\/14\/2026\/01\/ND210.0201__S_0__4c3bd3fe36694f51bbb8ccaa54834fd5.jpg\",\"datePublished\":\"2026-01-27T14:00:28+00:00\",\"dateModified\":\"2026-03-26T10:01:01+00:00\",\"breadcrumb\":{\"@id\":\"https:\/\/nordic-drift.com\/de\/product\/nordic-drift-rcs-ipxx-wasserdichte-kuehltasche-22-liter-schwarz\/#breadcrumb\"},\"inLanguage\":\"de\",\"potentialAction\":[{\"@type\":\"ReadAction\",\"target\":[\"https:\/\/nordic-drift.com\/de\/product\/nordic-drift-rcs-ipxx-wasserdichte-kuehltasche-22-liter-schwarz\/\"]}]},{\"@type\":\"ImageObject\",\"inLanguage\":\"de\",\"@id\":\"https:\/\/nordic-drift.com\/de\/product\/nordic-drift-rcs-ipxx-wasserdichte-kuehltasche-22-liter-schwarz\/#primaryimage\",\"url\":\"https:\/\/nordic-drift.com\/wp-content\/uploads\/sites\/14\/2026\/01\/ND210.0201__S_0__4c3bd3fe36694f51bbb8ccaa54834fd5.jpg\",\"contentUrl\":\"https:\/\/nordic-drift.com\/wp-content\/uploads\/sites\/14\/2026\/01\/ND210.0201__S_0__4c3bd3fe36694f51bbb8ccaa54834fd5.jpg\",\"width\":1024,\"height\":1024},{\"@type\":\"BreadcrumbList\",\"@id\":\"https:\/\/nordic-drift.com\/de\/product\/nordic-drift-rcs-ipxx-wasserdichte-kuehltasche-22-liter-schwarz\/#breadcrumb\",\"itemListElement\":[{\"@type\":\"ListItem\",\"position\":1,\"name\":\"Home\",\"item\":\"https:\/\/nordic-drift.com\/de\/\"},{\"@type\":\"ListItem\",\"position\":2,\"name\":\"Kollektion\",\"item\":\"https:\/\/nordic-drift.com\/de\/kollektion\/\"},{\"@type\":\"ListItem\",\"position\":3,\"name\":\"RCS wasserdichte K\u00fchltasche 22 Liter, schwarz\"}]},{\"@type\":\"WebSite\",\"@id\":\"https:\/\/nordic-drift.com\/de\/#website\",\"url\":\"https:\/\/nordic-drift.com\/de\/\",\"name\":\"Nordic Drift\",\"description\":\"Built to Last, Made to Explore.\",\"potentialAction\":[{\"@type\":\"SearchAction\",\"target\":{\"@type\":\"EntryPoint\",\"urlTemplate\":\"https:\/\/nordic-drift.com\/de\/?s={search_term_string}\"},\"query-input\":{\"@type\":\"PropertyValueSpecification\",\"valueRequired\":true,\"valueName\":\"search_term_string\"}}],\"inLanguage\":\"de\"}]}<\/script>\n<!-- \/ Yoast SEO plugin. -->","yoast_head_json":{"title":"RCS wasserdichte K\u00fchltasche 22 Liter, schwarz - Nordic Drift","robots":{"index":"index","follow":"follow","max-snippet":"max-snippet:-1","max-image-preview":"max-image-preview:large","max-video-preview":"max-video-preview:-1"},"canonical":"https:\/\/nordic-drift.com\/de\/product\/nordic-drift-rcs-ipxx-wasserdichte-kuehltasche-22-liter-schwarz\/","og_locale":"de_DE","og_type":"article","og_title":"RCS wasserdichte K\u00fchltasche 22 Liter, schwarz - Nordic Drift","og_description":"Eine ger\u00e4umige K\u00fchltasche mit flexiblem Rollverschluss, die 15\u201322 l verstellbaren Stauraum bietet. Hergestellt aus 34% RCS zertifiziert recyceltem Polyester mit einer wasserabweisenden PU-Beschichtung. Die extra dicke PEVA-Isolierung h\u00e4lt den Inhalt \u00fcber einen l\u00e4ngeren Zeitraum auf der richtigen Temperatur und sorgt daf\u00fcr, dass Ihre Lebensmittel und Getr\u00e4nke l\u00e4nger frisch bleiben. Das 2-in-1-Tragesystem bietet sowohl bequeme Griffe [&hellip;]","og_url":"https:\/\/nordic-drift.com\/de\/product\/nordic-drift-rcs-ipxx-wasserdichte-kuehltasche-22-liter-schwarz\/","og_site_name":"Nordic Drift","article_modified_time":"2026-03-26T10:01:01+00:00","og_image":[{"width":1024,"height":1024,"url":"https:\/\/nordic-drift.com\/wp-content\/uploads\/sites\/14\/2026\/01\/ND210.0201__S_0__4c3bd3fe36694f51bbb8ccaa54834fd5.jpg","type":"image\/jpeg"}],"twitter_card":"summary_large_image","twitter_misc":{"Gesch\u00e4tzte Lesezeit":"1\u00a0Minute"},"schema":{"@context":"https:\/\/schema.org","@graph":[{"@type":"WebPage","@id":"https:\/\/nordic-drift.com\/de\/product\/nordic-drift-rcs-ipxx-wasserdichte-kuehltasche-22-liter-schwarz\/","url":"https:\/\/nordic-drift.com\/de\/product\/nordic-drift-rcs-ipxx-wasserdichte-kuehltasche-22-liter-schwarz\/","name":"RCS wasserdichte K\u00fchltasche 22 Liter, schwarz - Nordic Drift","isPartOf":{"@id":"https:\/\/nordic-drift.com\/de\/#website"},"primaryImageOfPage":{"@id":"https:\/\/nordic-drift.com\/de\/product\/nordic-drift-rcs-ipxx-wasserdichte-kuehltasche-22-liter-schwarz\/#primaryimage"},"image":{"@id":"https:\/\/nordic-drift.com\/de\/product\/nordic-drift-rcs-ipxx-wasserdichte-kuehltasche-22-liter-schwarz\/#primaryimage"},"thumbnailUrl":"https:\/\/nordic-drift.com\/wp-content\/uploads\/sites\/14\/2026\/01\/ND210.0201__S_0__4c3bd3fe36694f51bbb8ccaa54834fd5.jpg","datePublished":"2026-01-27T14:00:28+00:00","dateModified":"2026-03-26T10:01:01+00:00","breadcrumb":{"@id":"https:\/\/nordic-drift.com\/de\/product\/nordic-drift-rcs-ipxx-wasserdichte-kuehltasche-22-liter-schwarz\/#breadcrumb"},"inLanguage":"de","potentialAction":[{"@type":"ReadAction","target":["https:\/\/nordic-drift.com\/de\/product\/nordic-drift-rcs-ipxx-wasserdichte-kuehltasche-22-liter-schwarz\/"]}]},{"@type":"ImageObject","inLanguage":"de","@id":"https:\/\/nordic-drift.com\/de\/product\/nordic-drift-rcs-ipxx-wasserdichte-kuehltasche-22-liter-schwarz\/#primaryimage","url":"https:\/\/nordic-drift.com\/wp-content\/uploads\/sites\/14\/2026\/01\/ND210.0201__S_0__4c3bd3fe36694f51bbb8ccaa54834fd5.jpg","contentUrl":"https:\/\/nordic-drift.com\/wp-content\/uploads\/sites\/14\/2026\/01\/ND210.0201__S_0__4c3bd3fe36694f51bbb8ccaa54834fd5.jpg","width":1024,"height":1024},{"@type":"BreadcrumbList","@id":"https:\/\/nordic-drift.com\/de\/product\/nordic-drift-rcs-ipxx-wasserdichte-kuehltasche-22-liter-schwarz\/#breadcrumb","itemListElement":[{"@type":"ListItem","position":1,"name":"Home","item":"https:\/\/nordic-drift.com\/de\/"},{"@type":"ListItem","position":2,"name":"Kollektion","item":"https:\/\/nordic-drift.com\/de\/kollektion\/"},{"@type":"ListItem","position":3,"name":"RCS wasserdichte K\u00fchltasche 22 Liter, schwarz"}]},{"@type":"WebSite","@id":"https:\/\/nordic-drift.com\/de\/#website","url":"https:\/\/nordic-drift.com\/de\/","name":"Nordic Drift","description":"Built to Last, Made to Explore.","potentialAction":[{"@type":"SearchAction","target":{"@type":"EntryPoint","urlTemplate":"https:\/\/nordic-drift.com\/de\/?s={search_term_string}"},"query-input":{"@type":"PropertyValueSpecification","valueRequired":true,"valueName":"search_term_string"}}],"inLanguage":"de"}]}},"_links":{"self":[{"href":"https:\/\/nordic-drift.com\/de\/wp-json\/wp\/v2\/product\/2638","targetHints":{"allow":["GET"]}}],"collection":[{"href":"https:\/\/nordic-drift.com\/de\/wp-json\/wp\/v2\/product"}],"about":[{"href":"https:\/\/nordic-drift.com\/de\/wp-json\/wp\/v2\/types\/product"}],"replies":[{"embeddable":true,"href":"https:\/\/nordic-drift.com\/de\/wp-json\/wp\/v2\/comments?post=2638"}],"wp:featuredmedia":[{"embeddable":true,"href":"https:\/\/nordic-drift.com\/de\/wp-json\/wp\/v2\/media\/2639"}],"wp:attachment":[{"href":"https:\/\/nordic-drift.com\/de\/wp-json\/wp\/v2\/media?parent=2638"}],"wp:term":[{"taxonomy":"product_cat","embeddable":true,"href":"https:\/\/nordic-drift.com\/de\/wp-json\/wp\/v2\/product_cat?post=2638"},{"taxonomy":"product_tag","embeddable":true,"href":"https:\/\/nordic-drift.com\/de\/wp-json\/wp\/v2\/product_tag?post=2638"}],"curies":[{"name":"wp","href":"https:\/\/api.w.org\/{rel}","templated":true}]}}