{"id":2621,"date":"2026-01-27T14:00:28","date_gmt":"2026-01-27T14:00:28","guid":{"rendered":"https:\/\/nordic-drift.com\/product\/nordic-drift-rcs-traveling-rucksack-25l-schwarz\/"},"modified":"2026-03-26T10:01:00","modified_gmt":"2026-03-26T10:01:00","slug":"nordic-drift-rcs-traveling-rucksack-25l-schwarz","status":"publish","type":"product","link":"https:\/\/nordic-drift.com\/de\/product\/nordic-drift-rcs-traveling-rucksack-25l-schwarz\/","title":{"rendered":"Nordic Drift RCS Traveling Rucksack 25L, schwarz"},"content":{"rendered":"<p>Der Nordic Drift RCS Traveling Backpack 25L sorgt f\u00fcr Ordnung auf Reisen und \u00fcberzeugt durch sein PVC-freies, leichtes Design (32,5x10x49,5cm, 807 g). Hergestellt aus RCS-zertifiziert recyceltem Polyester mit schwarzer Oberfl\u00e4che und orangefarbenen Akzenten. Verf\u00fcgt \u00fcber ein Hauptfach im Trolley-Stil mit Riemen und Netz-Rei\u00dfverschlusstasche, ein 15,6-Zoll-Laptopfach mit elastischen Netztaschen, eine obere Tasche, ein reflektierendes Logo und verstellbare Kompressionsriemen. Ergonomischer Netzr\u00fccken mit verstellbaren Schulter- und Brustgurten. Vollst\u00e4ndig r\u00fcckverfolgbar \u00fcber DPP-QR-Codes. Jede Tasche enth\u00e4lt ein hochwertiges FSC\u00ae-zertifiziertes Hangtag mit detaillierten Informationen. Alle Produkte von Nordic Drift werden auf ihre Qualit\u00e4t gepr\u00fcft. Da wir von der Leistungsf\u00e4higkeit und Langlebigkeit unserer Ausr\u00fcstung \u00fcberzeugt sind, gew\u00e4hren wir auf alle Artikel eine 5-j\u00e4hrige Garantie auf Herstellungsfehler.<\/p>\n","protected":false},"excerpt":{"rendered":"<p>Der Nordic Drift RCS Traveling Backpack 25L sorgt f\u00fcr Ordnung auf Reisen und \u00fcberzeugt durch sein PVC-freies, leichtes Design (32,5x10x49,5cm, 807 g). Hergestellt aus RCS-zertifiziert recyceltem Polyester mit schwarzer Oberfl\u00e4che und orangefarbenen Akzenten. Verf\u00fcgt \u00fcber ein Hauptfach im Trolley-Stil mit Riemen und Netz-Rei\u00dfverschlusstasche, ein 15,6-Zoll-Laptopfach mit elastischen Netztaschen, eine obere Tasche, ein reflektierendes Logo und [&hellip;]<\/p>\n","protected":false},"featured_media":2622,"comment_status":"closed","ping_status":"closed","template":"","meta":{"_acf_changed":false},"product_cat":[96,102],"product_tag":[],"class_list":["post-2621","product","type-product","status-publish","has-post-thumbnail","hentry","product_cat-aware","product_cat-taschen","pa_color-black","pa_color-orange"],"acf":[],"yoast_head":"<!-- This site is optimized with the Yoast SEO plugin v27.0 - https:\/\/yoast.com\/product\/yoast-seo-wordpress\/ -->\n<title>Nordic Drift RCS Traveling Rucksack 25L, schwarz - Nordic Drift<\/title>\n<meta name=\"robots\" content=\"index, follow, max-snippet:-1, max-image-preview:large, max-video-preview:-1\" \/>\n<link rel=\"canonical\" href=\"https:\/\/nordic-drift.com\/de\/product\/nordic-drift-rcs-traveling-rucksack-25l-schwarz\/\" \/>\n<meta property=\"og:locale\" content=\"de_DE\" \/>\n<meta property=\"og:type\" content=\"article\" \/>\n<meta property=\"og:title\" content=\"Nordic Drift RCS Traveling Rucksack 25L, schwarz - Nordic Drift\" \/>\n<meta property=\"og:description\" content=\"Der Nordic Drift RCS Traveling Backpack 25L sorgt f\u00fcr Ordnung auf Reisen und \u00fcberzeugt durch sein PVC-freies, leichtes Design (32,5x10x49,5cm, 807 g). Hergestellt aus RCS-zertifiziert recyceltem Polyester mit schwarzer Oberfl\u00e4che und orangefarbenen Akzenten. Verf\u00fcgt \u00fcber ein Hauptfach im Trolley-Stil mit Riemen und Netz-Rei\u00dfverschlusstasche, ein 15,6-Zoll-Laptopfach mit elastischen Netztaschen, eine obere Tasche, ein reflektierendes Logo und [&hellip;]\" \/>\n<meta property=\"og:url\" content=\"https:\/\/nordic-drift.com\/de\/product\/nordic-drift-rcs-traveling-rucksack-25l-schwarz\/\" \/>\n<meta property=\"og:site_name\" content=\"Nordic Drift\" \/>\n<meta property=\"article:modified_time\" content=\"2026-03-26T10:01:00+00:00\" \/>\n<meta property=\"og:image\" content=\"https:\/\/nordic-drift.com\/wp-content\/uploads\/sites\/14\/2026\/01\/ND200.0501__S_0__c5ae06a4852d4c779ceed02a3b1bd71f.jpg\" \/>\n\t<meta property=\"og:image:width\" content=\"1024\" \/>\n\t<meta property=\"og:image:height\" content=\"1024\" \/>\n\t<meta property=\"og:image:type\" content=\"image\/jpeg\" \/>\n<meta name=\"twitter:card\" content=\"summary_large_image\" \/>\n<meta name=\"twitter:label1\" content=\"Gesch\u00e4tzte Lesezeit\" \/>\n\t<meta name=\"twitter:data1\" content=\"1\u00a0Minute\" \/>\n<script type=\"application\/ld+json\" class=\"yoast-schema-graph\">{\"@context\":\"https:\/\/schema.org\",\"@graph\":[{\"@type\":\"WebPage\",\"@id\":\"https:\/\/nordic-drift.com\/de\/product\/nordic-drift-rcs-traveling-rucksack-25l-schwarz\/\",\"url\":\"https:\/\/nordic-drift.com\/de\/product\/nordic-drift-rcs-traveling-rucksack-25l-schwarz\/\",\"name\":\"Nordic Drift RCS Traveling Rucksack 25L, schwarz - Nordic Drift\",\"isPartOf\":{\"@id\":\"https:\/\/nordic-drift.com\/de\/#website\"},\"primaryImageOfPage\":{\"@id\":\"https:\/\/nordic-drift.com\/de\/product\/nordic-drift-rcs-traveling-rucksack-25l-schwarz\/#primaryimage\"},\"image\":{\"@id\":\"https:\/\/nordic-drift.com\/de\/product\/nordic-drift-rcs-traveling-rucksack-25l-schwarz\/#primaryimage\"},\"thumbnailUrl\":\"https:\/\/nordic-drift.com\/wp-content\/uploads\/sites\/14\/2026\/01\/ND200.0501__S_0__c5ae06a4852d4c779ceed02a3b1bd71f.jpg\",\"datePublished\":\"2026-01-27T14:00:28+00:00\",\"dateModified\":\"2026-03-26T10:01:00+00:00\",\"breadcrumb\":{\"@id\":\"https:\/\/nordic-drift.com\/de\/product\/nordic-drift-rcs-traveling-rucksack-25l-schwarz\/#breadcrumb\"},\"inLanguage\":\"de\",\"potentialAction\":[{\"@type\":\"ReadAction\",\"target\":[\"https:\/\/nordic-drift.com\/de\/product\/nordic-drift-rcs-traveling-rucksack-25l-schwarz\/\"]}]},{\"@type\":\"ImageObject\",\"inLanguage\":\"de\",\"@id\":\"https:\/\/nordic-drift.com\/de\/product\/nordic-drift-rcs-traveling-rucksack-25l-schwarz\/#primaryimage\",\"url\":\"https:\/\/nordic-drift.com\/wp-content\/uploads\/sites\/14\/2026\/01\/ND200.0501__S_0__c5ae06a4852d4c779ceed02a3b1bd71f.jpg\",\"contentUrl\":\"https:\/\/nordic-drift.com\/wp-content\/uploads\/sites\/14\/2026\/01\/ND200.0501__S_0__c5ae06a4852d4c779ceed02a3b1bd71f.jpg\",\"width\":1024,\"height\":1024},{\"@type\":\"BreadcrumbList\",\"@id\":\"https:\/\/nordic-drift.com\/de\/product\/nordic-drift-rcs-traveling-rucksack-25l-schwarz\/#breadcrumb\",\"itemListElement\":[{\"@type\":\"ListItem\",\"position\":1,\"name\":\"Home\",\"item\":\"https:\/\/nordic-drift.com\/de\/\"},{\"@type\":\"ListItem\",\"position\":2,\"name\":\"Kollektion\",\"item\":\"https:\/\/nordic-drift.com\/de\/kollektion\/\"},{\"@type\":\"ListItem\",\"position\":3,\"name\":\"Nordic Drift RCS Traveling Rucksack 25L, schwarz\"}]},{\"@type\":\"WebSite\",\"@id\":\"https:\/\/nordic-drift.com\/de\/#website\",\"url\":\"https:\/\/nordic-drift.com\/de\/\",\"name\":\"Nordic Drift\",\"description\":\"Built to Last, Made to Explore.\",\"potentialAction\":[{\"@type\":\"SearchAction\",\"target\":{\"@type\":\"EntryPoint\",\"urlTemplate\":\"https:\/\/nordic-drift.com\/de\/?s={search_term_string}\"},\"query-input\":{\"@type\":\"PropertyValueSpecification\",\"valueRequired\":true,\"valueName\":\"search_term_string\"}}],\"inLanguage\":\"de\"}]}<\/script>\n<!-- \/ Yoast SEO plugin. -->","yoast_head_json":{"title":"Nordic Drift RCS Traveling Rucksack 25L, schwarz - Nordic Drift","robots":{"index":"index","follow":"follow","max-snippet":"max-snippet:-1","max-image-preview":"max-image-preview:large","max-video-preview":"max-video-preview:-1"},"canonical":"https:\/\/nordic-drift.com\/de\/product\/nordic-drift-rcs-traveling-rucksack-25l-schwarz\/","og_locale":"de_DE","og_type":"article","og_title":"Nordic Drift RCS Traveling Rucksack 25L, schwarz - Nordic Drift","og_description":"Der Nordic Drift RCS Traveling Backpack 25L sorgt f\u00fcr Ordnung auf Reisen und \u00fcberzeugt durch sein PVC-freies, leichtes Design (32,5x10x49,5cm, 807 g). Hergestellt aus RCS-zertifiziert recyceltem Polyester mit schwarzer Oberfl\u00e4che und orangefarbenen Akzenten. Verf\u00fcgt \u00fcber ein Hauptfach im Trolley-Stil mit Riemen und Netz-Rei\u00dfverschlusstasche, ein 15,6-Zoll-Laptopfach mit elastischen Netztaschen, eine obere Tasche, ein reflektierendes Logo und [&hellip;]","og_url":"https:\/\/nordic-drift.com\/de\/product\/nordic-drift-rcs-traveling-rucksack-25l-schwarz\/","og_site_name":"Nordic Drift","article_modified_time":"2026-03-26T10:01:00+00:00","og_image":[{"width":1024,"height":1024,"url":"https:\/\/nordic-drift.com\/wp-content\/uploads\/sites\/14\/2026\/01\/ND200.0501__S_0__c5ae06a4852d4c779ceed02a3b1bd71f.jpg","type":"image\/jpeg"}],"twitter_card":"summary_large_image","twitter_misc":{"Gesch\u00e4tzte Lesezeit":"1\u00a0Minute"},"schema":{"@context":"https:\/\/schema.org","@graph":[{"@type":"WebPage","@id":"https:\/\/nordic-drift.com\/de\/product\/nordic-drift-rcs-traveling-rucksack-25l-schwarz\/","url":"https:\/\/nordic-drift.com\/de\/product\/nordic-drift-rcs-traveling-rucksack-25l-schwarz\/","name":"Nordic Drift RCS Traveling Rucksack 25L, schwarz - Nordic Drift","isPartOf":{"@id":"https:\/\/nordic-drift.com\/de\/#website"},"primaryImageOfPage":{"@id":"https:\/\/nordic-drift.com\/de\/product\/nordic-drift-rcs-traveling-rucksack-25l-schwarz\/#primaryimage"},"image":{"@id":"https:\/\/nordic-drift.com\/de\/product\/nordic-drift-rcs-traveling-rucksack-25l-schwarz\/#primaryimage"},"thumbnailUrl":"https:\/\/nordic-drift.com\/wp-content\/uploads\/sites\/14\/2026\/01\/ND200.0501__S_0__c5ae06a4852d4c779ceed02a3b1bd71f.jpg","datePublished":"2026-01-27T14:00:28+00:00","dateModified":"2026-03-26T10:01:00+00:00","breadcrumb":{"@id":"https:\/\/nordic-drift.com\/de\/product\/nordic-drift-rcs-traveling-rucksack-25l-schwarz\/#breadcrumb"},"inLanguage":"de","potentialAction":[{"@type":"ReadAction","target":["https:\/\/nordic-drift.com\/de\/product\/nordic-drift-rcs-traveling-rucksack-25l-schwarz\/"]}]},{"@type":"ImageObject","inLanguage":"de","@id":"https:\/\/nordic-drift.com\/de\/product\/nordic-drift-rcs-traveling-rucksack-25l-schwarz\/#primaryimage","url":"https:\/\/nordic-drift.com\/wp-content\/uploads\/sites\/14\/2026\/01\/ND200.0501__S_0__c5ae06a4852d4c779ceed02a3b1bd71f.jpg","contentUrl":"https:\/\/nordic-drift.com\/wp-content\/uploads\/sites\/14\/2026\/01\/ND200.0501__S_0__c5ae06a4852d4c779ceed02a3b1bd71f.jpg","width":1024,"height":1024},{"@type":"BreadcrumbList","@id":"https:\/\/nordic-drift.com\/de\/product\/nordic-drift-rcs-traveling-rucksack-25l-schwarz\/#breadcrumb","itemListElement":[{"@type":"ListItem","position":1,"name":"Home","item":"https:\/\/nordic-drift.com\/de\/"},{"@type":"ListItem","position":2,"name":"Kollektion","item":"https:\/\/nordic-drift.com\/de\/kollektion\/"},{"@type":"ListItem","position":3,"name":"Nordic Drift RCS Traveling Rucksack 25L, schwarz"}]},{"@type":"WebSite","@id":"https:\/\/nordic-drift.com\/de\/#website","url":"https:\/\/nordic-drift.com\/de\/","name":"Nordic Drift","description":"Built to Last, Made to Explore.","potentialAction":[{"@type":"SearchAction","target":{"@type":"EntryPoint","urlTemplate":"https:\/\/nordic-drift.com\/de\/?s={search_term_string}"},"query-input":{"@type":"PropertyValueSpecification","valueRequired":true,"valueName":"search_term_string"}}],"inLanguage":"de"}]}},"_links":{"self":[{"href":"https:\/\/nordic-drift.com\/de\/wp-json\/wp\/v2\/product\/2621","targetHints":{"allow":["GET"]}}],"collection":[{"href":"https:\/\/nordic-drift.com\/de\/wp-json\/wp\/v2\/product"}],"about":[{"href":"https:\/\/nordic-drift.com\/de\/wp-json\/wp\/v2\/types\/product"}],"replies":[{"embeddable":true,"href":"https:\/\/nordic-drift.com\/de\/wp-json\/wp\/v2\/comments?post=2621"}],"wp:featuredmedia":[{"embeddable":true,"href":"https:\/\/nordic-drift.com\/de\/wp-json\/wp\/v2\/media\/2622"}],"wp:attachment":[{"href":"https:\/\/nordic-drift.com\/de\/wp-json\/wp\/v2\/media?parent=2621"}],"wp:term":[{"taxonomy":"product_cat","embeddable":true,"href":"https:\/\/nordic-drift.com\/de\/wp-json\/wp\/v2\/product_cat?post=2621"},{"taxonomy":"product_tag","embeddable":true,"href":"https:\/\/nordic-drift.com\/de\/wp-json\/wp\/v2\/product_tag?post=2621"}],"curies":[{"name":"wp","href":"https:\/\/api.w.org\/{rel}","templated":true}]}}