{"id":2612,"date":"2026-01-27T14:00:28","date_gmt":"2026-01-27T14:00:28","guid":{"rendered":"https:\/\/nordic-drift.com\/product\/nordic-drift-trail-rcs-crossbody-bag-4l-schwarz\/"},"modified":"2026-03-26T10:00:59","modified_gmt":"2026-03-26T10:00:59","slug":"nordic-drift-trail-rcs-crossbody-bag-4l-schwarz","status":"publish","type":"product","link":"https:\/\/nordic-drift.com\/de\/product\/nordic-drift-trail-rcs-crossbody-bag-4l-schwarz\/","title":{"rendered":"Nordic Drift Trail RCS Crossbody-Bag 4L, schwarz"},"content":{"rendered":"<p>Die Nordic Drift Trail RCS Crossbody Bag 4L kombiniert intelligente Organisation mit einem leichten, PVC-freien Design (21x8x22cm, 184 g). Hergestellt aus RCS-zertifiziert recyceltem Polyester mit schwarzer Oberfl\u00e4che &#038; orangefarbenen Akzenten. Mit Hauptfach mit Netz- und elastischen Taschen, Schl\u00fcsselhaken, wasserdichter Fronttasche, reflektierendem Logo &#038; ergonomischer Netzr\u00fcckseite. Mit verstellbarem 120cm-Gurt und vollst\u00e4ndiger R\u00fcckverfolgbarkeit \u00fcber DPP-QR-Codes. Jede Tasche enth\u00e4lt ein hochwertiges FSC\u00ae-zertifiziertes Hangtag mit detaillierten Informationen, was sie zu einer verantwortungsbewussten Wahl macht \u2013 f\u00fcr Sie und den Planeten. Alle Produkte von Nordic Drift werden auf ihre Qualit\u00e4t gepr\u00fcft. Da wir von der Leistungsf\u00e4higkeit und Langlebigkeit unserer Ausr\u00fcstung \u00fcberzeugt sind, gew\u00e4hren wir auf alle Artikel eine 5-j\u00e4hrige Garantie auf Herstellungsfehler.<\/p>\n","protected":false},"excerpt":{"rendered":"<p>Die Nordic Drift Trail RCS Crossbody Bag 4L kombiniert intelligente Organisation mit einem leichten, PVC-freien Design (21x8x22cm, 184 g). Hergestellt aus RCS-zertifiziert recyceltem Polyester mit schwarzer Oberfl\u00e4che &#038; orangefarbenen Akzenten. Mit Hauptfach mit Netz- und elastischen Taschen, Schl\u00fcsselhaken, wasserdichter Fronttasche, reflektierendem Logo &#038; ergonomischer Netzr\u00fcckseite. Mit verstellbarem 120cm-Gurt und vollst\u00e4ndiger R\u00fcckverfolgbarkeit \u00fcber DPP-QR-Codes. Jede Tasche [&hellip;]<\/p>\n","protected":false},"featured_media":2613,"comment_status":"closed","ping_status":"closed","template":"","meta":{"_acf_changed":false},"product_cat":[96,102],"product_tag":[],"class_list":["post-2612","product","type-product","status-publish","has-post-thumbnail","hentry","product_cat-aware","product_cat-taschen","pa_color-black","pa_color-orange"],"acf":[],"yoast_head":"<!-- This site is optimized with the Yoast SEO plugin v27.0 - https:\/\/yoast.com\/product\/yoast-seo-wordpress\/ -->\n<title>Nordic Drift Trail RCS Crossbody-Bag 4L, schwarz - Nordic Drift<\/title>\n<meta name=\"robots\" content=\"index, follow, max-snippet:-1, max-image-preview:large, max-video-preview:-1\" \/>\n<link rel=\"canonical\" href=\"https:\/\/nordic-drift.com\/de\/product\/nordic-drift-trail-rcs-crossbody-bag-4l-schwarz\/\" \/>\n<meta property=\"og:locale\" content=\"de_DE\" \/>\n<meta property=\"og:type\" content=\"article\" \/>\n<meta property=\"og:title\" content=\"Nordic Drift Trail RCS Crossbody-Bag 4L, schwarz - Nordic Drift\" \/>\n<meta property=\"og:description\" content=\"Die Nordic Drift Trail RCS Crossbody Bag 4L kombiniert intelligente Organisation mit einem leichten, PVC-freien Design (21x8x22cm, 184 g). Hergestellt aus RCS-zertifiziert recyceltem Polyester mit schwarzer Oberfl\u00e4che &#038; orangefarbenen Akzenten. Mit Hauptfach mit Netz- und elastischen Taschen, Schl\u00fcsselhaken, wasserdichter Fronttasche, reflektierendem Logo &#038; ergonomischer Netzr\u00fcckseite. Mit verstellbarem 120cm-Gurt und vollst\u00e4ndiger R\u00fcckverfolgbarkeit \u00fcber DPP-QR-Codes. Jede Tasche [&hellip;]\" \/>\n<meta property=\"og:url\" content=\"https:\/\/nordic-drift.com\/de\/product\/nordic-drift-trail-rcs-crossbody-bag-4l-schwarz\/\" \/>\n<meta property=\"og:site_name\" content=\"Nordic Drift\" \/>\n<meta property=\"article:modified_time\" content=\"2026-03-26T10:00:59+00:00\" \/>\n<meta property=\"og:image\" content=\"https:\/\/nordic-drift.com\/wp-content\/uploads\/sites\/14\/2026\/01\/ND200.0401__S_0__425f691f78574154b77220e223097cea.jpg\" \/>\n\t<meta property=\"og:image:width\" content=\"1024\" \/>\n\t<meta property=\"og:image:height\" content=\"1024\" \/>\n\t<meta property=\"og:image:type\" content=\"image\/jpeg\" \/>\n<meta name=\"twitter:card\" content=\"summary_large_image\" \/>\n<meta name=\"twitter:label1\" content=\"Gesch\u00e4tzte Lesezeit\" \/>\n\t<meta name=\"twitter:data1\" content=\"1\u00a0Minute\" \/>\n<script type=\"application\/ld+json\" class=\"yoast-schema-graph\">{\"@context\":\"https:\/\/schema.org\",\"@graph\":[{\"@type\":\"WebPage\",\"@id\":\"https:\/\/nordic-drift.com\/de\/product\/nordic-drift-trail-rcs-crossbody-bag-4l-schwarz\/\",\"url\":\"https:\/\/nordic-drift.com\/de\/product\/nordic-drift-trail-rcs-crossbody-bag-4l-schwarz\/\",\"name\":\"Nordic Drift Trail RCS Crossbody-Bag 4L, schwarz - Nordic Drift\",\"isPartOf\":{\"@id\":\"https:\/\/nordic-drift.com\/de\/#website\"},\"primaryImageOfPage\":{\"@id\":\"https:\/\/nordic-drift.com\/de\/product\/nordic-drift-trail-rcs-crossbody-bag-4l-schwarz\/#primaryimage\"},\"image\":{\"@id\":\"https:\/\/nordic-drift.com\/de\/product\/nordic-drift-trail-rcs-crossbody-bag-4l-schwarz\/#primaryimage\"},\"thumbnailUrl\":\"https:\/\/nordic-drift.com\/wp-content\/uploads\/sites\/14\/2026\/01\/ND200.0401__S_0__425f691f78574154b77220e223097cea.jpg\",\"datePublished\":\"2026-01-27T14:00:28+00:00\",\"dateModified\":\"2026-03-26T10:00:59+00:00\",\"breadcrumb\":{\"@id\":\"https:\/\/nordic-drift.com\/de\/product\/nordic-drift-trail-rcs-crossbody-bag-4l-schwarz\/#breadcrumb\"},\"inLanguage\":\"de\",\"potentialAction\":[{\"@type\":\"ReadAction\",\"target\":[\"https:\/\/nordic-drift.com\/de\/product\/nordic-drift-trail-rcs-crossbody-bag-4l-schwarz\/\"]}]},{\"@type\":\"ImageObject\",\"inLanguage\":\"de\",\"@id\":\"https:\/\/nordic-drift.com\/de\/product\/nordic-drift-trail-rcs-crossbody-bag-4l-schwarz\/#primaryimage\",\"url\":\"https:\/\/nordic-drift.com\/wp-content\/uploads\/sites\/14\/2026\/01\/ND200.0401__S_0__425f691f78574154b77220e223097cea.jpg\",\"contentUrl\":\"https:\/\/nordic-drift.com\/wp-content\/uploads\/sites\/14\/2026\/01\/ND200.0401__S_0__425f691f78574154b77220e223097cea.jpg\",\"width\":1024,\"height\":1024},{\"@type\":\"BreadcrumbList\",\"@id\":\"https:\/\/nordic-drift.com\/de\/product\/nordic-drift-trail-rcs-crossbody-bag-4l-schwarz\/#breadcrumb\",\"itemListElement\":[{\"@type\":\"ListItem\",\"position\":1,\"name\":\"Home\",\"item\":\"https:\/\/nordic-drift.com\/de\/\"},{\"@type\":\"ListItem\",\"position\":2,\"name\":\"Kollektion\",\"item\":\"https:\/\/nordic-drift.com\/de\/kollektion\/\"},{\"@type\":\"ListItem\",\"position\":3,\"name\":\"Nordic Drift Trail RCS Crossbody-Bag 4L, schwarz\"}]},{\"@type\":\"WebSite\",\"@id\":\"https:\/\/nordic-drift.com\/de\/#website\",\"url\":\"https:\/\/nordic-drift.com\/de\/\",\"name\":\"Nordic Drift\",\"description\":\"Built to Last, Made to Explore.\",\"potentialAction\":[{\"@type\":\"SearchAction\",\"target\":{\"@type\":\"EntryPoint\",\"urlTemplate\":\"https:\/\/nordic-drift.com\/de\/?s={search_term_string}\"},\"query-input\":{\"@type\":\"PropertyValueSpecification\",\"valueRequired\":true,\"valueName\":\"search_term_string\"}}],\"inLanguage\":\"de\"}]}<\/script>\n<!-- \/ Yoast SEO plugin. -->","yoast_head_json":{"title":"Nordic Drift Trail RCS Crossbody-Bag 4L, schwarz - Nordic Drift","robots":{"index":"index","follow":"follow","max-snippet":"max-snippet:-1","max-image-preview":"max-image-preview:large","max-video-preview":"max-video-preview:-1"},"canonical":"https:\/\/nordic-drift.com\/de\/product\/nordic-drift-trail-rcs-crossbody-bag-4l-schwarz\/","og_locale":"de_DE","og_type":"article","og_title":"Nordic Drift Trail RCS Crossbody-Bag 4L, schwarz - Nordic Drift","og_description":"Die Nordic Drift Trail RCS Crossbody Bag 4L kombiniert intelligente Organisation mit einem leichten, PVC-freien Design (21x8x22cm, 184 g). Hergestellt aus RCS-zertifiziert recyceltem Polyester mit schwarzer Oberfl\u00e4che &#038; orangefarbenen Akzenten. Mit Hauptfach mit Netz- und elastischen Taschen, Schl\u00fcsselhaken, wasserdichter Fronttasche, reflektierendem Logo &#038; ergonomischer Netzr\u00fcckseite. Mit verstellbarem 120cm-Gurt und vollst\u00e4ndiger R\u00fcckverfolgbarkeit \u00fcber DPP-QR-Codes. Jede Tasche [&hellip;]","og_url":"https:\/\/nordic-drift.com\/de\/product\/nordic-drift-trail-rcs-crossbody-bag-4l-schwarz\/","og_site_name":"Nordic Drift","article_modified_time":"2026-03-26T10:00:59+00:00","og_image":[{"width":1024,"height":1024,"url":"https:\/\/nordic-drift.com\/wp-content\/uploads\/sites\/14\/2026\/01\/ND200.0401__S_0__425f691f78574154b77220e223097cea.jpg","type":"image\/jpeg"}],"twitter_card":"summary_large_image","twitter_misc":{"Gesch\u00e4tzte Lesezeit":"1\u00a0Minute"},"schema":{"@context":"https:\/\/schema.org","@graph":[{"@type":"WebPage","@id":"https:\/\/nordic-drift.com\/de\/product\/nordic-drift-trail-rcs-crossbody-bag-4l-schwarz\/","url":"https:\/\/nordic-drift.com\/de\/product\/nordic-drift-trail-rcs-crossbody-bag-4l-schwarz\/","name":"Nordic Drift Trail RCS Crossbody-Bag 4L, schwarz - Nordic Drift","isPartOf":{"@id":"https:\/\/nordic-drift.com\/de\/#website"},"primaryImageOfPage":{"@id":"https:\/\/nordic-drift.com\/de\/product\/nordic-drift-trail-rcs-crossbody-bag-4l-schwarz\/#primaryimage"},"image":{"@id":"https:\/\/nordic-drift.com\/de\/product\/nordic-drift-trail-rcs-crossbody-bag-4l-schwarz\/#primaryimage"},"thumbnailUrl":"https:\/\/nordic-drift.com\/wp-content\/uploads\/sites\/14\/2026\/01\/ND200.0401__S_0__425f691f78574154b77220e223097cea.jpg","datePublished":"2026-01-27T14:00:28+00:00","dateModified":"2026-03-26T10:00:59+00:00","breadcrumb":{"@id":"https:\/\/nordic-drift.com\/de\/product\/nordic-drift-trail-rcs-crossbody-bag-4l-schwarz\/#breadcrumb"},"inLanguage":"de","potentialAction":[{"@type":"ReadAction","target":["https:\/\/nordic-drift.com\/de\/product\/nordic-drift-trail-rcs-crossbody-bag-4l-schwarz\/"]}]},{"@type":"ImageObject","inLanguage":"de","@id":"https:\/\/nordic-drift.com\/de\/product\/nordic-drift-trail-rcs-crossbody-bag-4l-schwarz\/#primaryimage","url":"https:\/\/nordic-drift.com\/wp-content\/uploads\/sites\/14\/2026\/01\/ND200.0401__S_0__425f691f78574154b77220e223097cea.jpg","contentUrl":"https:\/\/nordic-drift.com\/wp-content\/uploads\/sites\/14\/2026\/01\/ND200.0401__S_0__425f691f78574154b77220e223097cea.jpg","width":1024,"height":1024},{"@type":"BreadcrumbList","@id":"https:\/\/nordic-drift.com\/de\/product\/nordic-drift-trail-rcs-crossbody-bag-4l-schwarz\/#breadcrumb","itemListElement":[{"@type":"ListItem","position":1,"name":"Home","item":"https:\/\/nordic-drift.com\/de\/"},{"@type":"ListItem","position":2,"name":"Kollektion","item":"https:\/\/nordic-drift.com\/de\/kollektion\/"},{"@type":"ListItem","position":3,"name":"Nordic Drift Trail RCS Crossbody-Bag 4L, schwarz"}]},{"@type":"WebSite","@id":"https:\/\/nordic-drift.com\/de\/#website","url":"https:\/\/nordic-drift.com\/de\/","name":"Nordic Drift","description":"Built to Last, Made to Explore.","potentialAction":[{"@type":"SearchAction","target":{"@type":"EntryPoint","urlTemplate":"https:\/\/nordic-drift.com\/de\/?s={search_term_string}"},"query-input":{"@type":"PropertyValueSpecification","valueRequired":true,"valueName":"search_term_string"}}],"inLanguage":"de"}]}},"_links":{"self":[{"href":"https:\/\/nordic-drift.com\/de\/wp-json\/wp\/v2\/product\/2612","targetHints":{"allow":["GET"]}}],"collection":[{"href":"https:\/\/nordic-drift.com\/de\/wp-json\/wp\/v2\/product"}],"about":[{"href":"https:\/\/nordic-drift.com\/de\/wp-json\/wp\/v2\/types\/product"}],"replies":[{"embeddable":true,"href":"https:\/\/nordic-drift.com\/de\/wp-json\/wp\/v2\/comments?post=2612"}],"wp:featuredmedia":[{"embeddable":true,"href":"https:\/\/nordic-drift.com\/de\/wp-json\/wp\/v2\/media\/2613"}],"wp:attachment":[{"href":"https:\/\/nordic-drift.com\/de\/wp-json\/wp\/v2\/media?parent=2612"}],"wp:term":[{"taxonomy":"product_cat","embeddable":true,"href":"https:\/\/nordic-drift.com\/de\/wp-json\/wp\/v2\/product_cat?post=2612"},{"taxonomy":"product_tag","embeddable":true,"href":"https:\/\/nordic-drift.com\/de\/wp-json\/wp\/v2\/product_tag?post=2612"}],"curies":[{"name":"wp","href":"https:\/\/api.w.org\/{rel}","templated":true}]}}