{"id":2503,"date":"2026-03-26T08:22:36","date_gmt":"2026-03-26T08:22:36","guid":{"rendered":"https:\/\/nordic-drift.com\/product\/nordic-drift-grs-trail-outdoor-haengematte-schwarz\/"},"modified":"2026-03-26T10:00:52","modified_gmt":"2026-03-26T10:00:52","slug":"nordic-drift-grs-trail-outdoor-haengematte-schwarz","status":"publish","type":"product","link":"https:\/\/nordic-drift.com\/de\/product\/nordic-drift-grs-trail-outdoor-haengematte-schwarz\/","title":{"rendered":"GRS Trail Outdoor-H\u00e4ngematte, schwarz"},"content":{"rendered":"<p>Die Outdoor-H\u00e4ngematte von Nordic Drift ist ein leichter &#038; kompakter Begleiter f\u00fcr all Ihre Abenteuer. Sie besteht zu 44% aus GRS zertifiziert recyceltem Nylon und l\u00e4sst sich bequem in der praktischen integrierten Tasche verstauen, sodass Sie sie leicht transportieren &#038; aufbewahren k\u00f6nnen. Mit ihrer Gr\u00f6\u00dfe von 140 \u00d7 270cm und einer Tragkraft von bis zu 180kg eignet sie sich perfekt zum Teilen oder zum Entspannen allein. In der integrierten Tasche lassen sich die H\u00e4ngematte zusammen mit eingen\u00e4hten Karabinerhaken und zwei strapazierf\u00e4higen Befestigungsgurten ordentlich verstauen. Bedienungsanleitung im Lieferumfang enthalten. Alle Produkte von Nordic Drift werden auf ihre Qualit\u00e4t gepr\u00fcft. Da wir von der Leistungsf\u00e4higkeit und Langlebigkeit unserer Ausr\u00fcstung \u00fcberzeugt sind, gew\u00e4hren wir auf alle Artikel eine 5-j\u00e4hrige Garantie auf Herstellungsfehler.<\/p>\n","protected":false},"excerpt":{"rendered":"<p>Die Outdoor-H\u00e4ngematte von Nordic Drift ist ein leichter &#038; kompakter Begleiter f\u00fcr all Ihre Abenteuer. Sie besteht zu 44% aus GRS zertifiziert recyceltem Nylon und l\u00e4sst sich bequem in der praktischen integrierten Tasche verstauen, sodass Sie sie leicht transportieren &#038; aufbewahren k\u00f6nnen. Mit ihrer Gr\u00f6\u00dfe von 140 \u00d7 270cm und einer Tragkraft von bis zu [&hellip;]<\/p>\n","protected":false},"featured_media":6089,"comment_status":"closed","ping_status":"closed","template":"","meta":{"_acf_changed":false},"product_cat":[91],"product_tag":[],"class_list":["post-2503","product","type-product","status-publish","has-post-thumbnail","hentry","product_cat-zubehor","pa_color-black"],"acf":[],"yoast_head":"<!-- This site is optimized with the Yoast SEO plugin v27.0 - https:\/\/yoast.com\/product\/yoast-seo-wordpress\/ -->\n<title>GRS Trail Outdoor-H\u00e4ngematte, schwarz - Nordic Drift<\/title>\n<meta name=\"robots\" content=\"index, follow, max-snippet:-1, max-image-preview:large, max-video-preview:-1\" \/>\n<link rel=\"canonical\" href=\"https:\/\/nordic-drift.com\/de\/product\/nordic-drift-grs-trail-outdoor-haengematte-schwarz\/\" \/>\n<meta property=\"og:locale\" content=\"de_DE\" \/>\n<meta property=\"og:type\" content=\"article\" \/>\n<meta property=\"og:title\" content=\"GRS Trail Outdoor-H\u00e4ngematte, schwarz - Nordic Drift\" \/>\n<meta property=\"og:description\" content=\"Die Outdoor-H\u00e4ngematte von Nordic Drift ist ein leichter &#038; kompakter Begleiter f\u00fcr all Ihre Abenteuer. Sie besteht zu 44% aus GRS zertifiziert recyceltem Nylon und l\u00e4sst sich bequem in der praktischen integrierten Tasche verstauen, sodass Sie sie leicht transportieren &#038; aufbewahren k\u00f6nnen. Mit ihrer Gr\u00f6\u00dfe von 140 \u00d7 270cm und einer Tragkraft von bis zu [&hellip;]\" \/>\n<meta property=\"og:url\" content=\"https:\/\/nordic-drift.com\/de\/product\/nordic-drift-grs-trail-outdoor-haengematte-schwarz\/\" \/>\n<meta property=\"og:site_name\" content=\"Nordic Drift\" \/>\n<meta property=\"article:modified_time\" content=\"2026-03-26T10:00:52+00:00\" \/>\n<meta property=\"og:image\" content=\"https:\/\/nordic-drift.com\/wp-content\/uploads\/sites\/14\/2026\/03\/ND150.0101__S_0__6f2d0a7855964ed4b334168fe001ef7b.jpg\" \/>\n\t<meta property=\"og:image:width\" content=\"1024\" \/>\n\t<meta property=\"og:image:height\" content=\"1024\" \/>\n\t<meta property=\"og:image:type\" content=\"image\/jpeg\" \/>\n<meta name=\"twitter:card\" content=\"summary_large_image\" \/>\n<meta name=\"twitter:label1\" content=\"Gesch\u00e4tzte Lesezeit\" \/>\n\t<meta name=\"twitter:data1\" content=\"1\u00a0Minute\" \/>\n<script type=\"application\/ld+json\" class=\"yoast-schema-graph\">{\"@context\":\"https:\/\/schema.org\",\"@graph\":[{\"@type\":\"WebPage\",\"@id\":\"https:\/\/nordic-drift.com\/de\/product\/nordic-drift-grs-trail-outdoor-haengematte-schwarz\/\",\"url\":\"https:\/\/nordic-drift.com\/de\/product\/nordic-drift-grs-trail-outdoor-haengematte-schwarz\/\",\"name\":\"GRS Trail Outdoor-H\u00e4ngematte, schwarz - Nordic Drift\",\"isPartOf\":{\"@id\":\"https:\/\/nordic-drift.com\/de\/#website\"},\"primaryImageOfPage\":{\"@id\":\"https:\/\/nordic-drift.com\/de\/product\/nordic-drift-grs-trail-outdoor-haengematte-schwarz\/#primaryimage\"},\"image\":{\"@id\":\"https:\/\/nordic-drift.com\/de\/product\/nordic-drift-grs-trail-outdoor-haengematte-schwarz\/#primaryimage\"},\"thumbnailUrl\":\"https:\/\/nordic-drift.com\/wp-content\/uploads\/sites\/14\/2026\/03\/ND150.0101__S_0__6f2d0a7855964ed4b334168fe001ef7b.jpg\",\"datePublished\":\"2026-03-26T08:22:36+00:00\",\"dateModified\":\"2026-03-26T10:00:52+00:00\",\"breadcrumb\":{\"@id\":\"https:\/\/nordic-drift.com\/de\/product\/nordic-drift-grs-trail-outdoor-haengematte-schwarz\/#breadcrumb\"},\"inLanguage\":\"de\",\"potentialAction\":[{\"@type\":\"ReadAction\",\"target\":[\"https:\/\/nordic-drift.com\/de\/product\/nordic-drift-grs-trail-outdoor-haengematte-schwarz\/\"]}]},{\"@type\":\"ImageObject\",\"inLanguage\":\"de\",\"@id\":\"https:\/\/nordic-drift.com\/de\/product\/nordic-drift-grs-trail-outdoor-haengematte-schwarz\/#primaryimage\",\"url\":\"https:\/\/nordic-drift.com\/wp-content\/uploads\/sites\/14\/2026\/03\/ND150.0101__S_0__6f2d0a7855964ed4b334168fe001ef7b.jpg\",\"contentUrl\":\"https:\/\/nordic-drift.com\/wp-content\/uploads\/sites\/14\/2026\/03\/ND150.0101__S_0__6f2d0a7855964ed4b334168fe001ef7b.jpg\",\"width\":1024,\"height\":1024},{\"@type\":\"BreadcrumbList\",\"@id\":\"https:\/\/nordic-drift.com\/de\/product\/nordic-drift-grs-trail-outdoor-haengematte-schwarz\/#breadcrumb\",\"itemListElement\":[{\"@type\":\"ListItem\",\"position\":1,\"name\":\"Home\",\"item\":\"https:\/\/nordic-drift.com\/de\/\"},{\"@type\":\"ListItem\",\"position\":2,\"name\":\"Kollektion\",\"item\":\"https:\/\/nordic-drift.com\/de\/kollektion\/\"},{\"@type\":\"ListItem\",\"position\":3,\"name\":\"GRS Trail Outdoor-H\u00e4ngematte, schwarz\"}]},{\"@type\":\"WebSite\",\"@id\":\"https:\/\/nordic-drift.com\/de\/#website\",\"url\":\"https:\/\/nordic-drift.com\/de\/\",\"name\":\"Nordic Drift\",\"description\":\"Built to Last, Made to Explore.\",\"potentialAction\":[{\"@type\":\"SearchAction\",\"target\":{\"@type\":\"EntryPoint\",\"urlTemplate\":\"https:\/\/nordic-drift.com\/de\/?s={search_term_string}\"},\"query-input\":{\"@type\":\"PropertyValueSpecification\",\"valueRequired\":true,\"valueName\":\"search_term_string\"}}],\"inLanguage\":\"de\"}]}<\/script>\n<!-- \/ Yoast SEO plugin. -->","yoast_head_json":{"title":"GRS Trail Outdoor-H\u00e4ngematte, schwarz - Nordic Drift","robots":{"index":"index","follow":"follow","max-snippet":"max-snippet:-1","max-image-preview":"max-image-preview:large","max-video-preview":"max-video-preview:-1"},"canonical":"https:\/\/nordic-drift.com\/de\/product\/nordic-drift-grs-trail-outdoor-haengematte-schwarz\/","og_locale":"de_DE","og_type":"article","og_title":"GRS Trail Outdoor-H\u00e4ngematte, schwarz - Nordic Drift","og_description":"Die Outdoor-H\u00e4ngematte von Nordic Drift ist ein leichter &#038; kompakter Begleiter f\u00fcr all Ihre Abenteuer. Sie besteht zu 44% aus GRS zertifiziert recyceltem Nylon und l\u00e4sst sich bequem in der praktischen integrierten Tasche verstauen, sodass Sie sie leicht transportieren &#038; aufbewahren k\u00f6nnen. Mit ihrer Gr\u00f6\u00dfe von 140 \u00d7 270cm und einer Tragkraft von bis zu [&hellip;]","og_url":"https:\/\/nordic-drift.com\/de\/product\/nordic-drift-grs-trail-outdoor-haengematte-schwarz\/","og_site_name":"Nordic Drift","article_modified_time":"2026-03-26T10:00:52+00:00","og_image":[{"width":1024,"height":1024,"url":"https:\/\/nordic-drift.com\/wp-content\/uploads\/sites\/14\/2026\/03\/ND150.0101__S_0__6f2d0a7855964ed4b334168fe001ef7b.jpg","type":"image\/jpeg"}],"twitter_card":"summary_large_image","twitter_misc":{"Gesch\u00e4tzte Lesezeit":"1\u00a0Minute"},"schema":{"@context":"https:\/\/schema.org","@graph":[{"@type":"WebPage","@id":"https:\/\/nordic-drift.com\/de\/product\/nordic-drift-grs-trail-outdoor-haengematte-schwarz\/","url":"https:\/\/nordic-drift.com\/de\/product\/nordic-drift-grs-trail-outdoor-haengematte-schwarz\/","name":"GRS Trail Outdoor-H\u00e4ngematte, schwarz - Nordic Drift","isPartOf":{"@id":"https:\/\/nordic-drift.com\/de\/#website"},"primaryImageOfPage":{"@id":"https:\/\/nordic-drift.com\/de\/product\/nordic-drift-grs-trail-outdoor-haengematte-schwarz\/#primaryimage"},"image":{"@id":"https:\/\/nordic-drift.com\/de\/product\/nordic-drift-grs-trail-outdoor-haengematte-schwarz\/#primaryimage"},"thumbnailUrl":"https:\/\/nordic-drift.com\/wp-content\/uploads\/sites\/14\/2026\/03\/ND150.0101__S_0__6f2d0a7855964ed4b334168fe001ef7b.jpg","datePublished":"2026-03-26T08:22:36+00:00","dateModified":"2026-03-26T10:00:52+00:00","breadcrumb":{"@id":"https:\/\/nordic-drift.com\/de\/product\/nordic-drift-grs-trail-outdoor-haengematte-schwarz\/#breadcrumb"},"inLanguage":"de","potentialAction":[{"@type":"ReadAction","target":["https:\/\/nordic-drift.com\/de\/product\/nordic-drift-grs-trail-outdoor-haengematte-schwarz\/"]}]},{"@type":"ImageObject","inLanguage":"de","@id":"https:\/\/nordic-drift.com\/de\/product\/nordic-drift-grs-trail-outdoor-haengematte-schwarz\/#primaryimage","url":"https:\/\/nordic-drift.com\/wp-content\/uploads\/sites\/14\/2026\/03\/ND150.0101__S_0__6f2d0a7855964ed4b334168fe001ef7b.jpg","contentUrl":"https:\/\/nordic-drift.com\/wp-content\/uploads\/sites\/14\/2026\/03\/ND150.0101__S_0__6f2d0a7855964ed4b334168fe001ef7b.jpg","width":1024,"height":1024},{"@type":"BreadcrumbList","@id":"https:\/\/nordic-drift.com\/de\/product\/nordic-drift-grs-trail-outdoor-haengematte-schwarz\/#breadcrumb","itemListElement":[{"@type":"ListItem","position":1,"name":"Home","item":"https:\/\/nordic-drift.com\/de\/"},{"@type":"ListItem","position":2,"name":"Kollektion","item":"https:\/\/nordic-drift.com\/de\/kollektion\/"},{"@type":"ListItem","position":3,"name":"GRS Trail Outdoor-H\u00e4ngematte, schwarz"}]},{"@type":"WebSite","@id":"https:\/\/nordic-drift.com\/de\/#website","url":"https:\/\/nordic-drift.com\/de\/","name":"Nordic Drift","description":"Built to Last, Made to Explore.","potentialAction":[{"@type":"SearchAction","target":{"@type":"EntryPoint","urlTemplate":"https:\/\/nordic-drift.com\/de\/?s={search_term_string}"},"query-input":{"@type":"PropertyValueSpecification","valueRequired":true,"valueName":"search_term_string"}}],"inLanguage":"de"}]}},"_links":{"self":[{"href":"https:\/\/nordic-drift.com\/de\/wp-json\/wp\/v2\/product\/2503","targetHints":{"allow":["GET"]}}],"collection":[{"href":"https:\/\/nordic-drift.com\/de\/wp-json\/wp\/v2\/product"}],"about":[{"href":"https:\/\/nordic-drift.com\/de\/wp-json\/wp\/v2\/types\/product"}],"replies":[{"embeddable":true,"href":"https:\/\/nordic-drift.com\/de\/wp-json\/wp\/v2\/comments?post=2503"}],"wp:featuredmedia":[{"embeddable":true,"href":"https:\/\/nordic-drift.com\/de\/wp-json\/wp\/v2\/media\/6089"}],"wp:attachment":[{"href":"https:\/\/nordic-drift.com\/de\/wp-json\/wp\/v2\/media?parent=2503"}],"wp:term":[{"taxonomy":"product_cat","embeddable":true,"href":"https:\/\/nordic-drift.com\/de\/wp-json\/wp\/v2\/product_cat?post=2503"},{"taxonomy":"product_tag","embeddable":true,"href":"https:\/\/nordic-drift.com\/de\/wp-json\/wp\/v2\/product_tag?post=2503"}],"curies":[{"name":"wp","href":"https:\/\/api.w.org\/{rel}","templated":true}]}}